{"id":6561,"date":"2024-02-22T06:45:32","date_gmt":"2024-02-22T06:45:32","guid":{"rendered":"https:\/\/wpachem.com\/?post_type=product&#038;p=6561"},"modified":"2024-02-22T06:51:08","modified_gmt":"2024-02-22T06:51:08","slug":"tibtm-cas-204376-00-1-nnnn-tetrakis2-methylpropyl","status":"publish","type":"product","link":"https:\/\/wpachem.com\/vi\/product\/tibtm-cas-204376-00-1-nnnn-tetrakis2-methylpropyl\/","title":{"rendered":"TIBTM CAS 204376-00-1 N,N,N&#039;,N&#039;-tetrakis(2-methylpropyl)"},"content":{"rendered":"<p><strong>\u0110\u1eb7c \u0111i\u1ec3m<\/strong><\/p>\n<p>Ch\u1ea5t r\u1eafn k\u1ebft tinh m\u00e0u tr\u1eafng<\/p>\n<p><strong>\u1ee8ng d\u1ee5ng:<\/strong><\/p>\n<p>N\u00f3 \u0111\u01b0\u1ee3c s\u1eed d\u1ee5ng r\u1ed9ng r\u00e3i nh\u01b0 m\u1ed9t ch\u1ea5t t\u0103ng t\u1ed1c trong ng\u00e0nh c\u00f4ng nghi\u1ec7p cao su. N\u00f3 c\u00f3 th\u1ec3 \u0111\u01b0\u1ee3c s\u1eed d\u1ee5ng nh\u01b0 m\u1ed9t ch\u1ea5t l\u01b0u h\u00f3a t\u1ed1c \u0111\u1ed9 trung b\u00ecnh v\u1edbi th\u1eddi gian tr\u1ec5 d\u00e0i \u0111\u1ec3 c\u1ea3i thi\u1ec7n kh\u1ea3 n\u0103ng ch\u1ed1ng m\u00e0i m\u00f2n, ch\u1ed1ng l\u00e3o h\u00f3a v\u00e0 ch\u1ed1ng ch\u1ecbu th\u1eddi ti\u1ebft c\u1ee7a cao su trong qu\u00e1 tr\u00ecnh ch\u1ebf bi\u1ebfn cao su, \u0111\u1ed3ng th\u1eddi c\u0169ng c\u1ea3i thi\u1ec7n \u0111\u1ed9 b\u1ec1n v\u00e0 \u0111\u1ed9 \u0111\u00e0n h\u1ed3i c\u1ee7a c\u00e1c s\u1ea3n ph\u1ea9m cao su.<\/p>","protected":false},"excerpt":{"rendered":"<p>T\u00ean s\u1ea3n ph\u1ea9m: TIBTM<\/p>\n<p>CAS\uff1a204376-00-1<\/p>\n<p>M\u00e3 s\u1ed1: C18H36N2S3<\/p>\n<p>Ngo\u1ea1i quan: Ch\u1ea5t r\u1eafn k\u1ebft tinh m\u00e0u tr\u1eafng<\/p>","protected":false},"featured_media":5182,"template":"","meta":{"_acf_changed":false,"_gspb_post_css":""},"product_brand":[],"product_cat":[62,73],"product_tag":[],"class_list":{"0":"post-6561","1":"product","2":"type-product","3":"status-publish","4":"has-post-thumbnail","6":"product_cat-rubberplastic-ingredients","7":"product_cat-rubber-antioxidant","9":"first","10":"instock","11":"shipping-taxable","12":"product-type-simple"},"acf":[],"_links":{"self":[{"href":"https:\/\/wpachem.com\/vi\/wp-json\/wp\/v2\/product\/6561","targetHints":{"allow":["GET"]}}],"collection":[{"href":"https:\/\/wpachem.com\/vi\/wp-json\/wp\/v2\/product"}],"about":[{"href":"https:\/\/wpachem.com\/vi\/wp-json\/wp\/v2\/types\/product"}],"version-history":[{"count":0,"href":"https:\/\/wpachem.com\/vi\/wp-json\/wp\/v2\/product\/6561\/revisions"}],"wp:featuredmedia":[{"embeddable":true,"href":"https:\/\/wpachem.com\/vi\/wp-json\/wp\/v2\/media\/5182"}],"wp:attachment":[{"href":"https:\/\/wpachem.com\/vi\/wp-json\/wp\/v2\/media?parent=6561"}],"wp:term":[{"taxonomy":"product_brand","embeddable":true,"href":"https:\/\/wpachem.com\/vi\/wp-json\/wp\/v2\/product_brand?post=6561"},{"taxonomy":"product_cat","embeddable":true,"href":"https:\/\/wpachem.com\/vi\/wp-json\/wp\/v2\/product_cat?post=6561"},{"taxonomy":"product_tag","embeddable":true,"href":"https:\/\/wpachem.com\/vi\/wp-json\/wp\/v2\/product_tag?post=6561"}],"curies":[{"name":"wp","href":"https:\/\/api.w.org\/{rel}","templated":true}]}}