{"id":6566,"date":"2024-02-22T06:52:03","date_gmt":"2024-02-22T06:52:03","guid":{"rendered":"https:\/\/wpachem.com\/?post_type=product&#038;p=6566"},"modified":"2024-02-22T06:53:56","modified_gmt":"2024-02-22T06:53:56","slug":"tbztd-cas-10591-85-2-tetrabenzylthiuramdisulfide","status":"publish","type":"product","link":"https:\/\/wpachem.com\/vi\/product\/tbztd-cas-10591-85-2-tetrabenzylthiuramdisulfide\/","title":{"rendered":"TBZTD CAS 10591-85-2 Tetrabenzylthiuramdisulfide"},"content":{"rendered":"<p><strong>\u0110\u1eb7c \u0111i\u1ec3m<\/strong><\/p>\n<p>Ch\u1ea5t r\u1eafn kh\u00f4ng m\u00e0u \u0111\u1ebfn v\u00e0ng nh\u1ea1t<\/p>\n<p><strong>\u1ee8ng d\u1ee5ng:<\/strong><\/p>\n<p>Do c\u00f3 ch\u1ee9a l\u01b0u hu\u1ef3nh n\u00ean n\u00f3 c\u00f3 th\u1ec3 \u0111\u01b0\u1ee3c s\u1eed d\u1ee5ng l\u00e0m ch\u1ea5t ch\u1ed1ng ch\u00e1y, ch\u1ea5t \u1ed5n \u0111\u1ecbnh nh\u1ef1a v\u00e0 ch\u1ea5t \u1ed5n \u0111\u1ecbnh cao su.<\/p>","protected":false},"excerpt":{"rendered":"<p>T\u00ean s\u1ea3n ph\u1ea9m: TBZTD<\/p>\n<p>CAS\uff1a10591-85-2<\/p>\n<p>M\u00e3 s\u1ed1: C30H28N2S4<\/p>\n<p>Ngo\u1ea1i quan: Ch\u1ea5t r\u1eafn kh\u00f4ng m\u00e0u \u0111\u1ebfn v\u00e0ng nh\u1ea1t<\/p>","protected":false},"featured_media":6483,"template":"","meta":{"_acf_changed":false,"_gspb_post_css":""},"product_brand":[],"product_cat":[62,73],"product_tag":[],"class_list":{"0":"post-6566","1":"product","2":"type-product","3":"status-publish","4":"has-post-thumbnail","6":"product_cat-rubberplastic-ingredients","7":"product_cat-rubber-antioxidant","9":"first","10":"instock","11":"shipping-taxable","12":"product-type-simple"},"acf":[],"_links":{"self":[{"href":"https:\/\/wpachem.com\/vi\/wp-json\/wp\/v2\/product\/6566","targetHints":{"allow":["GET"]}}],"collection":[{"href":"https:\/\/wpachem.com\/vi\/wp-json\/wp\/v2\/product"}],"about":[{"href":"https:\/\/wpachem.com\/vi\/wp-json\/wp\/v2\/types\/product"}],"version-history":[{"count":0,"href":"https:\/\/wpachem.com\/vi\/wp-json\/wp\/v2\/product\/6566\/revisions"}],"wp:featuredmedia":[{"embeddable":true,"href":"https:\/\/wpachem.com\/vi\/wp-json\/wp\/v2\/media\/6483"}],"wp:attachment":[{"href":"https:\/\/wpachem.com\/vi\/wp-json\/wp\/v2\/media?parent=6566"}],"wp:term":[{"taxonomy":"product_brand","embeddable":true,"href":"https:\/\/wpachem.com\/vi\/wp-json\/wp\/v2\/product_brand?post=6566"},{"taxonomy":"product_cat","embeddable":true,"href":"https:\/\/wpachem.com\/vi\/wp-json\/wp\/v2\/product_cat?post=6566"},{"taxonomy":"product_tag","embeddable":true,"href":"https:\/\/wpachem.com\/vi\/wp-json\/wp\/v2\/product_tag?post=6566"}],"curies":[{"name":"wp","href":"https:\/\/api.w.org\/{rel}","templated":true}]}}