{"id":6682,"date":"2024-02-26T01:57:26","date_gmt":"2024-02-26T01:57:26","guid":{"rendered":"https:\/\/wpachem.com\/?post_type=product&#038;p=6682"},"modified":"2024-02-26T02:00:57","modified_gmt":"2024-02-26T02:00:57","slug":"calcium-aspartate-cas-10389-09-0","status":"publish","type":"product","link":"https:\/\/wpachem.com\/vi\/product\/calcium-aspartate-cas-10389-09-0\/","title":{"rendered":"Canxi Aspartat CAS 10389-09-0"},"content":{"rendered":"<h3 class=\"magic-2\" data-spm-anchor-id=\"a2700.details.0.i21.5c9d52f0Rx0oYu\">V\u1ebb b\u1ec1 ngo\u00e0i:<\/h3>\n<p>B\u1ed9t tr\u1eafng<\/p>\n<div class=\"magic-5\">\n<div class=\"magic-6\">\n<div class=\"magic-7\">\n<div><span class=\"magic-4\" style=\"font-family: Verdana\"><b>\u1ee8ng d\u1ee5ng s\u1ea3n ph\u1ea9m:<\/b><\/span><\/div>\n<div>\n<p>Canxi aspartat l\u00e0 m\u1ed9t ch\u1ea5t b\u1ed5 sung dinh d\u01b0\u1ee1ng quan tr\u1ecdng th\u01b0\u1eddng \u0111\u01b0\u1ee3c s\u1eed d\u1ee5ng trong th\u1ef1c ph\u1ea9m, \u0111\u1ed3 u\u1ed1ng v\u00e0 thu\u1ed1c. N\u00f3 c\u00f3 ch\u1ee9c n\u0103ng t\u0103ng c\u01b0\u1eddng h\u01b0\u01a1ng v\u1ecb, t\u0103ng gi\u00e1 tr\u1ecb dinh d\u01b0\u1ee1ng v\u00e0 \u0111i\u1ec1u ch\u1ec9nh v\u1ecb gi\u00e1c.<\/p>\n<p>Canxi aspartat c\u0169ng \u0111\u01b0\u1ee3c s\u1eed d\u1ee5ng r\u1ed9ng r\u00e3i trong l\u0129nh v\u1ef1c d\u01b0\u1ee3c ph\u1ea9m. N\u00f3 c\u00f3 th\u1ec3 \u0111\u01b0\u1ee3c s\u1eed d\u1ee5ng nh\u01b0 m\u1ed9t lo\u1ea1i thu\u1ed1c gi\u1ea3m \u0111au v\u00e0 c\u00f3 m\u1ed9t s\u1ed1 t\u00e1c d\u1ee5ng nh\u1ea5t \u0111\u1ecbnh trong vi\u1ec7c l\u00e0m gi\u1ea3m \u0111au \u0111\u1ea7u, \u0111au n\u1eeda \u0111\u1ea7u, v.v. Ngo\u00e0i ra, n\u00f3 c\u00f2n c\u00f3 t\u00e1c d\u1ee5ng ch\u1ed1ng lo \u00e2u, ch\u1ed1ng tr\u1ea7m c\u1ea3m v\u00e0 c\u1ea3i thi\u1ec7n gi\u1ea5c ng\u1ee7.<\/p>\n<\/div>\n<\/div>\n<\/div>\n<\/div>","protected":false},"excerpt":{"rendered":"<p>T\u00ean s\u1ea3n ph\u1ea9m:Canxi Aspartat<br \/>\nS\u1ed1 CAS: 10389-09-0<br \/>\nMF:C4H5CaNO4<br \/>\nNgo\u1ea1i quan: B\u1ed9t m\u00e0u tr\u1eafng<\/p>","protected":false},"featured_media":2161,"template":"","meta":{"_acf_changed":false,"_gspb_post_css":""},"product_brand":[],"product_cat":[55,103],"product_tag":[],"class_list":{"0":"post-6682","1":"product","2":"type-product","3":"status-publish","4":"has-post-thumbnail","6":"product_cat-food-additives","7":"product_cat-nutrition-enhancer","9":"first","10":"instock","11":"shipping-taxable","12":"product-type-simple"},"acf":[],"_links":{"self":[{"href":"https:\/\/wpachem.com\/vi\/wp-json\/wp\/v2\/product\/6682","targetHints":{"allow":["GET"]}}],"collection":[{"href":"https:\/\/wpachem.com\/vi\/wp-json\/wp\/v2\/product"}],"about":[{"href":"https:\/\/wpachem.com\/vi\/wp-json\/wp\/v2\/types\/product"}],"version-history":[{"count":0,"href":"https:\/\/wpachem.com\/vi\/wp-json\/wp\/v2\/product\/6682\/revisions"}],"wp:featuredmedia":[{"embeddable":true,"href":"https:\/\/wpachem.com\/vi\/wp-json\/wp\/v2\/media\/2161"}],"wp:attachment":[{"href":"https:\/\/wpachem.com\/vi\/wp-json\/wp\/v2\/media?parent=6682"}],"wp:term":[{"taxonomy":"product_brand","embeddable":true,"href":"https:\/\/wpachem.com\/vi\/wp-json\/wp\/v2\/product_brand?post=6682"},{"taxonomy":"product_cat","embeddable":true,"href":"https:\/\/wpachem.com\/vi\/wp-json\/wp\/v2\/product_cat?post=6682"},{"taxonomy":"product_tag","embeddable":true,"href":"https:\/\/wpachem.com\/vi\/wp-json\/wp\/v2\/product_tag?post=6682"}],"curies":[{"name":"wp","href":"https:\/\/api.w.org\/{rel}","templated":true}]}}