{"id":6683,"date":"2024-02-26T01:59:46","date_gmt":"2024-02-26T01:59:46","guid":{"rendered":"https:\/\/wpachem.com\/?post_type=product&#038;p=6683"},"modified":"2024-02-26T02:03:44","modified_gmt":"2024-02-26T02:03:44","slug":"calcium-hydrogen-phosphate-cas-7757-93-9","status":"publish","type":"product","link":"https:\/\/wpachem.com\/vi\/product\/calcium-hydrogen-phosphate-cas-7757-93-9\/","title":{"rendered":"Canxi Hydro Phosphate CAS 7757-93-9"},"content":{"rendered":"<h3 class=\"magic-2\" data-spm-anchor-id=\"a2700.details.0.i21.5c9d52f0Rx0oYu\">V\u1ebb b\u1ec1 ngo\u00e0i:<\/h3>\n<p>Ch\u1ea5t r\u1eafn k\u1ebft tinh m\u00e0u tr\u1eafng, kh\u00f4ng m\u00f9i<\/p>\n<div class=\"magic-5\">\n<div class=\"magic-6\">\n<div class=\"magic-7\">\n<div><span class=\"magic-4\" style=\"font-family: Verdana\"><b>\u1ee8ng d\u1ee5ng s\u1ea3n ph\u1ea9m:<\/b><\/span><\/div>\n<div>\n<p>\u0110\u00e2y l\u00e0 m\u1ed9t lo\u1ea1i ph\u1ee5 gia th\u1ee9c \u0103n th\u01b0\u1eddng \u0111\u01b0\u1ee3c s\u1eed d\u1ee5ng \u0111\u1ec3 cung c\u1ea5p c\u00e1c nguy\u00ean t\u1ed1 ph\u1ed1t pho v\u00e0 canxi c\u1ea7n thi\u1ebft cho \u0111\u1ed9ng v\u1eadt nh\u1eb1m th\u00fac \u0111\u1ea9y t\u0103ng tr\u01b0\u1edfng v\u00e0 hi\u1ec7u qu\u1ea3 th\u1ee9c \u0103n.<\/p>\n<p>N\u00f3 c\u0169ng \u0111\u01b0\u1ee3c s\u1eed d\u1ee5ng r\u1ed9ng r\u00e3i trong s\u1ea3n xu\u1ea5t c\u00f4ng nghi\u1ec7p, ch\u1eb3ng h\u1ea1n nh\u01b0 ch\u1ebf bi\u1ebfn th\u1ef1c ph\u1ea9m, s\u1ea3n xu\u1ea5t \u0111\u1ed3 u\u1ed1ng v\u00e0 s\u1ea3n xu\u1ea5t ph\u00e2n b\u00f3n phosphate.<\/p>\n<p>N\u00f3 c\u0169ng c\u00f3 th\u1ec3 \u0111\u01b0\u1ee3c s\u1eed d\u1ee5ng nh\u01b0 m\u1ed9t t\u00e1c nh\u00e2n x\u1eed l\u00fd n\u01b0\u1edbc, ch\u1ea5t \u0111i\u1ec1u ch\u1ec9nh \u0111\u1ed9 pH v\u00e0 ch\u1ea5t \u0111\u1ec7m.<\/p>\n<\/div>\n<\/div>\n<\/div>\n<\/div>","protected":false},"excerpt":{"rendered":"<p>T\u00ean s\u1ea3n ph\u1ea9m:Canxi Hydrogen Phosphate<br \/>\nS\u1ed1 CAS: 7757-93-9<br \/>\nMF: CaHO4P<br \/>\nNgo\u1ea1i quan: Ch\u1ea5t r\u1eafn k\u1ebft tinh m\u00e0u tr\u1eafng<\/p>","protected":false},"featured_media":2161,"template":"","meta":{"_acf_changed":false,"_gspb_post_css":""},"product_brand":[],"product_cat":[55,103],"product_tag":[],"class_list":{"0":"post-6683","1":"product","2":"type-product","3":"status-publish","4":"has-post-thumbnail","6":"product_cat-food-additives","7":"product_cat-nutrition-enhancer","9":"first","10":"instock","11":"shipping-taxable","12":"product-type-simple"},"acf":[],"_links":{"self":[{"href":"https:\/\/wpachem.com\/vi\/wp-json\/wp\/v2\/product\/6683","targetHints":{"allow":["GET"]}}],"collection":[{"href":"https:\/\/wpachem.com\/vi\/wp-json\/wp\/v2\/product"}],"about":[{"href":"https:\/\/wpachem.com\/vi\/wp-json\/wp\/v2\/types\/product"}],"version-history":[{"count":0,"href":"https:\/\/wpachem.com\/vi\/wp-json\/wp\/v2\/product\/6683\/revisions"}],"wp:featuredmedia":[{"embeddable":true,"href":"https:\/\/wpachem.com\/vi\/wp-json\/wp\/v2\/media\/2161"}],"wp:attachment":[{"href":"https:\/\/wpachem.com\/vi\/wp-json\/wp\/v2\/media?parent=6683"}],"wp:term":[{"taxonomy":"product_brand","embeddable":true,"href":"https:\/\/wpachem.com\/vi\/wp-json\/wp\/v2\/product_brand?post=6683"},{"taxonomy":"product_cat","embeddable":true,"href":"https:\/\/wpachem.com\/vi\/wp-json\/wp\/v2\/product_cat?post=6683"},{"taxonomy":"product_tag","embeddable":true,"href":"https:\/\/wpachem.com\/vi\/wp-json\/wp\/v2\/product_tag?post=6683"}],"curies":[{"name":"wp","href":"https:\/\/api.w.org\/{rel}","templated":true}]}}