{"id":6689,"date":"2024-02-26T02:08:22","date_gmt":"2024-02-26T02:08:22","guid":{"rendered":"https:\/\/wpachem.com\/?post_type=product&#038;p=6689"},"modified":"2024-02-26T02:24:09","modified_gmt":"2024-02-26T02:24:09","slug":"ferrous-lactate-cas-5905-52-2","status":"publish","type":"product","link":"https:\/\/wpachem.com\/vi\/product\/ferrous-lactate-cas-5905-52-2\/","title":{"rendered":"S\u1eaft Lactat CAS 5905-52-2"},"content":{"rendered":"<h3 class=\"magic-2\" data-spm-anchor-id=\"a2700.details.0.i21.5c9d52f0Rx0oYu\">V\u1ebb b\u1ec1 ngo\u00e0i:<\/h3>\n<p>B\u1ed9t tinh th\u1ec3 m\u00e0u xanh l\u00e1 c\u00e2y-tr\u1eafng ho\u1eb7c tinh th\u1ec3<\/p>\n<div class=\"magic-5\">\n<div class=\"magic-6\">\n<div class=\"magic-7\">\n<div><span class=\"magic-4\" style=\"font-family: Verdana\"><b>\u1ee8ng d\u1ee5ng s\u1ea3n ph\u1ea9m:<\/b><\/span><\/div>\n<div>1. S\u1eaft lactat \u0111\u01b0\u1ee3c s\u1eed d\u1ee5ng r\u1ed9ng r\u00e3i trong th\u1ef1c ph\u1ea9m, \u0111\u1ed3 u\u1ed1ng, s\u1ea3n ph\u1ea9m t\u1eeb s\u1eefa, mu\u1ed1i, dung d\u1ecbch dinh d\u01b0\u1ee1ng, thu\u1ed1c, v.v.<br \/>\n2. Th\u1ef1c ph\u1ea9m b\u1ed5 sung dinh d\u01b0\u1ee1ng (ch\u1ea5t b\u1ed5 sung s\u1eaft). Nhu c\u1ea7u h\u00e0ng ng\u00e0y \u0111\u1ed1i v\u1edbi ng\u01b0\u1eddi l\u1edbn l\u00e0 16 mg, v\u00e0 \u0111\u1ed1i v\u1edbi tr\u1ebb s\u01a1 sinh l\u00e0 6 mg (ti\u00eau chu\u1ea9n Nh\u1eadt B\u1ea3n). Khi s\u1eed d\u1ee5ng \u0111\u1ec3 b\u1ed5 sung s\u1eaft trong s\u1eefa b\u1ed9t, l\u01b0\u1ee3ng b\u1ed5 sung l\u00e0 kho\u1ea3ng 6mg\/100g. Khi s\u1eed d\u1ee5ng trong b\u1ed9t m\u00ec, b\u00e1nh quy v\u00e0 b\u00e1nh m\u00ec, li\u1ec1u l\u01b0\u1ee3ng l\u00e0 2 \u0111\u1ebfn 3 mg\/100g. Chu\u1ed9t c\u00f3 t\u1ef7 l\u1ec7 h\u1ea5p th\u1ee5 (\u0111\u1ed1i v\u1edbi s\u1eaft) r\u1ea5t m\u1ea1nh \u0111\u1ed1i v\u1edbi s\u1eefa \u0111\u1eadu n\u00e0nh b\u1ed5 sung c\u1ee7a s\u1ea3n ph\u1ea9m n\u00e0y. Ch\u1ea5t \u0111i\u1ec1u ch\u1ec9nh m\u00e0u.<br \/>\n3. L\u00e0 th\u1ef1c ph\u1ea9m b\u1ed5 sung s\u1eaft t\u1ed1t, hi\u1ec7u qu\u1ea3 h\u1ea5p thu t\u1ed1t h\u01a1n s\u1eaft v\u00f4 c\u01a1. Li\u1ec1u l\u01b0\u1ee3ng l\u00e0 600-1200mg\/kg (t\u00ednh theo s\u1eaft, t\u01b0\u01a1ng t\u1ef1 nh\u01b0 b\u00ean d\u01b0\u1edbi); c\u0169ng c\u00f3 th\u1ec3 d\u00f9ng trong c\u00e1c s\u1ea3n ph\u1ea9m t\u1eeb s\u1eefa v\u00e0 th\u1ee9c \u0103n cho tr\u1ebb s\u01a1 sinh, li\u1ec1u l\u01b0\u1ee3ng l\u00e0 60-100mg\/kg; c\u0169ng c\u00f3 th\u1ec3 d\u00f9ng trong ng\u0169 c\u1ed1c v\u00e0 c\u00e1c s\u1ea3n ph\u1ea9m c\u1ee7a ng\u0169 c\u1ed1c, li\u1ec1u l\u01b0\u1ee3ng l\u00e0 24-48mg\/kg; c\u0169ng c\u00f3 th\u1ec3 d\u00f9ng trong \u0111\u1ed3 u\u1ed1ng, li\u1ec1u l\u01b0\u1ee3ng l\u00e0 10-20 mg\/kg.<br \/>\n4. S\u1eaft lactat l\u00e0 th\u1ef1c ph\u1ea9m v\u00e0 thu\u1ed1c \u0111i\u1ec1u tr\u1ecb thi\u1ebfu m\u00e1u. Nhu c\u1ea7u h\u00e0ng ng\u00e0y l\u00e0 16 mg \u0111\u1ed1i v\u1edbi ng\u01b0\u1eddi l\u1edbn v\u00e0 6 mg \u0111\u1ed1i v\u1edbi tr\u1ebb s\u01a1 sinh. L\u00e0 ch\u1ea5t b\u1ed5 sung s\u1eaft, Hoa K\u1ef3 quy \u0111\u1ecbnh li\u1ec1u l\u01b0\u1ee3ng trong b\u1ed9t l\u00e0 3mg\/100g, trong b\u00e1nh m\u00ec l\u00e0 2mg\/100g v\u00e0 trong s\u1eefa b\u1ed9t l\u00e0 6mg\/100g. S\u1eaft l\u00e0 nguy\u00ean t\u1ed1 kh\u00f4ng th\u1ec3 thi\u1ebfu \u0111\u1ed1i v\u1edbi c\u01a1 th\u1ec3 v\u00e0 l\u00e0 th\u00e0nh ph\u1ea7n quan tr\u1ecdng c\u1ee7a hemoglobin, myoglobin v\u00e0 nhi\u1ec1u lo\u1ea1i enzyme m\u00f4. Thi\u1ebfu s\u1eaft trong c\u01a1 th\u1ec3 c\u00f3 th\u1ec3 g\u00e2y ra t\u00ecnh tr\u1ea1ng thi\u1ebfu m\u00e1u do thi\u1ebfu s\u1eaft ho\u1eb7c nhi\u1ec1u b\u1ec7nh thi\u1ebfu s\u1eaft kh\u00e1c. S\u1eaft lactat c\u00f3 t\u1ef7 l\u1ec7 h\u1ea5p th\u1ee5 cao v\u00e0 c\u00f3 th\u1ec3 \u0111\u01b0\u1ee3c s\u1eed d\u1ee5ng nh\u01b0 m\u1ed9t ch\u1ea5t b\u1ed5 sung s\u1eaft<\/div>\n<\/div>\n<\/div>\n<\/div>","protected":false},"excerpt":{"rendered":"<p>T\u00ean s\u1ea3n ph\u1ea9m: S\u1eaft Lactat<br \/>\nS\u1ed1 CAS: 5905-52-2<br \/>\nMF:C6H10FeO6<br \/>\nNgo\u1ea1i quan: B\u1ed9t tinh th\u1ec3 m\u00e0u xanh l\u00e1 c\u00e2y-tr\u1eafng ho\u1eb7c tinh th\u1ec3<\/p>","protected":false},"featured_media":6690,"template":"","meta":{"_acf_changed":false,"_gspb_post_css":""},"product_brand":[],"product_cat":[55,103],"product_tag":[],"class_list":{"0":"post-6689","1":"product","2":"type-product","3":"status-publish","4":"has-post-thumbnail","6":"product_cat-food-additives","7":"product_cat-nutrition-enhancer","9":"first","10":"instock","11":"shipping-taxable","12":"product-type-simple"},"acf":[],"_links":{"self":[{"href":"https:\/\/wpachem.com\/vi\/wp-json\/wp\/v2\/product\/6689","targetHints":{"allow":["GET"]}}],"collection":[{"href":"https:\/\/wpachem.com\/vi\/wp-json\/wp\/v2\/product"}],"about":[{"href":"https:\/\/wpachem.com\/vi\/wp-json\/wp\/v2\/types\/product"}],"version-history":[{"count":0,"href":"https:\/\/wpachem.com\/vi\/wp-json\/wp\/v2\/product\/6689\/revisions"}],"wp:featuredmedia":[{"embeddable":true,"href":"https:\/\/wpachem.com\/vi\/wp-json\/wp\/v2\/media\/6690"}],"wp:attachment":[{"href":"https:\/\/wpachem.com\/vi\/wp-json\/wp\/v2\/media?parent=6689"}],"wp:term":[{"taxonomy":"product_brand","embeddable":true,"href":"https:\/\/wpachem.com\/vi\/wp-json\/wp\/v2\/product_brand?post=6689"},{"taxonomy":"product_cat","embeddable":true,"href":"https:\/\/wpachem.com\/vi\/wp-json\/wp\/v2\/product_cat?post=6689"},{"taxonomy":"product_tag","embeddable":true,"href":"https:\/\/wpachem.com\/vi\/wp-json\/wp\/v2\/product_tag?post=6689"}],"curies":[{"name":"wp","href":"https:\/\/api.w.org\/{rel}","templated":true}]}}