{"id":6692,"date":"2024-02-26T02:16:05","date_gmt":"2024-02-26T02:16:05","guid":{"rendered":"https:\/\/wpachem.com\/?post_type=product&#038;p=6692"},"modified":"2024-02-26T02:23:22","modified_gmt":"2024-02-26T02:23:22","slug":"ferric-ammonium-citrate-cas-1185-57-5","status":"publish","type":"product","link":"https:\/\/wpachem.com\/vi\/product\/ferric-ammonium-citrate-cas-1185-57-5\/","title":{"rendered":"S\u1eaft Amoni Citrate CAS 1185-57-5"},"content":{"rendered":"<h3 class=\"magic-2\" data-spm-anchor-id=\"a2700.details.0.i21.5c9d52f0Rx0oYu\">V\u1ebb b\u1ec1 ngo\u00e0i:<\/h3>\n<p>Hai m\u00e0u: n\u00e2u v\u00e0 xanh l\u00e1 c\u00e2y<\/p>\n<div class=\"magic-5\">\n<div class=\"magic-6\">\n<div class=\"magic-7\">\n<div><span class=\"magic-4\" style=\"font-family: Verdana\"><b>\u1ee8ng d\u1ee5ng s\u1ea3n ph\u1ea9m:<\/b><\/span><\/div>\n<div>S\u1eaft amoni citrat l\u00e0 m\u1ed9t ch\u1ea5t b\u1ed5 sung dinh d\u01b0\u1ee1ng tuy\u1ec7t v\u1eddi c\u00f3 th\u1ec3 \u0111\u01b0\u1ee3c s\u1eed d\u1ee5ng nh\u01b0 m\u1ed9t lo\u1ea1i thu\u1ed1c b\u1ed5 m\u00e1u \u0111\u1ec3 \u0111i\u1ec1u tr\u1ecb thi\u1ebfu m\u00e1u do thi\u1ebfu s\u1eaft. N\u00f3 \u0111\u01b0\u1ee3c s\u1eed d\u1ee5ng r\u1ed9ng r\u00e3i trong c\u00e1c ch\u1ea5t ph\u1ee5 gia th\u1ef1c ph\u1ea9m, y h\u1ecdc v\u00e0 nhi\u1ec1u l\u0129nh v\u1ef1c kh\u00e1c. S\u1eaft amoni citrat v\u1ea3y n\u00e2u c\u00f3 h\u00e0m l\u01b0\u1ee3ng s\u1eaft cao h\u01a1n, trong khi s\u1eaft amoni citrat v\u1ea3y xanh c\u00f3 h\u00e0m l\u01b0\u1ee3ng s\u1eaft th\u1ea5p h\u01a1n.<\/div>\n<\/div>\n<\/div>\n<\/div>","protected":false},"excerpt":{"rendered":"<p>T\u00ean s\u1ea3n ph\u1ea9m: S\u1eaft Amoni Citrate<br \/>\nS\u1ed1 CAS: 1185-57-5<br \/>\nMF:C6H11FeNO7<br \/>\nNgo\u1ea1i h\u00ecnh: N\u00e2u v\u00e0 xanh l\u00e1 c\u00e2y<\/p>","protected":false},"featured_media":6693,"template":"","meta":{"_acf_changed":false,"_gspb_post_css":""},"product_brand":[],"product_cat":[55,103],"product_tag":[],"class_list":{"0":"post-6692","1":"product","2":"type-product","3":"status-publish","4":"has-post-thumbnail","6":"product_cat-food-additives","7":"product_cat-nutrition-enhancer","9":"first","10":"instock","11":"shipping-taxable","12":"product-type-simple"},"acf":[],"_links":{"self":[{"href":"https:\/\/wpachem.com\/vi\/wp-json\/wp\/v2\/product\/6692","targetHints":{"allow":["GET"]}}],"collection":[{"href":"https:\/\/wpachem.com\/vi\/wp-json\/wp\/v2\/product"}],"about":[{"href":"https:\/\/wpachem.com\/vi\/wp-json\/wp\/v2\/types\/product"}],"version-history":[{"count":0,"href":"https:\/\/wpachem.com\/vi\/wp-json\/wp\/v2\/product\/6692\/revisions"}],"wp:featuredmedia":[{"embeddable":true,"href":"https:\/\/wpachem.com\/vi\/wp-json\/wp\/v2\/media\/6693"}],"wp:attachment":[{"href":"https:\/\/wpachem.com\/vi\/wp-json\/wp\/v2\/media?parent=6692"}],"wp:term":[{"taxonomy":"product_brand","embeddable":true,"href":"https:\/\/wpachem.com\/vi\/wp-json\/wp\/v2\/product_brand?post=6692"},{"taxonomy":"product_cat","embeddable":true,"href":"https:\/\/wpachem.com\/vi\/wp-json\/wp\/v2\/product_cat?post=6692"},{"taxonomy":"product_tag","embeddable":true,"href":"https:\/\/wpachem.com\/vi\/wp-json\/wp\/v2\/product_tag?post=6692"}],"curies":[{"name":"wp","href":"https:\/\/api.w.org\/{rel}","templated":true}]}}