{"id":6696,"date":"2024-02-26T02:24:19","date_gmt":"2024-02-26T02:24:19","guid":{"rendered":"https:\/\/wpachem.com\/?post_type=product&#038;p=6696"},"modified":"2024-02-26T02:27:35","modified_gmt":"2024-02-26T02:27:35","slug":"ferrous-glycinate-cas-20150-34-9","status":"publish","type":"product","link":"https:\/\/wpachem.com\/vi\/product\/ferrous-glycinate-cas-20150-34-9\/","title":{"rendered":"S\u1eaft Glycinate CAS 20150-34-9"},"content":{"rendered":"<h3 class=\"magic-2\" data-spm-anchor-id=\"a2700.details.0.i21.5c9d52f0Rx0oYu\">V\u1ebb b\u1ec1 ngo\u00e0i:<\/h3>\n<p>B\u1ed9t tinh th\u1ec3 m\u00e0u xanh l\u00e1 c\u00e2y n\u00e2u v\u00e0ng nh\u1ea1t<\/p>\n<div class=\"magic-5\">\n<div class=\"magic-6\">\n<div class=\"magic-7\">\n<div><span class=\"magic-4\" style=\"font-family: Verdana\"><b>\u1ee8ng d\u1ee5ng s\u1ea3n ph\u1ea9m:<\/b><\/span><\/div>\n<div>S\u1eaft glycinate l\u00e0 m\u1ed9t lo\u1ea1i chelate axit amin. Nh\u00f3m ph\u00e2n t\u1eed nh\u1ecf \u0111\u1ed9c \u0111\u00e1o c\u1ee7a n\u00f3 c\u00f3 th\u1ec3 \u0111i qua ni\u00eam m\u1ea1c \u0111\u01b0\u1eddng ti\u00eau h\u00f3a nguy\u00ean v\u1eb9n. So v\u1edbi c\u00e1c ch\u1ea5t b\u1ed5 sung s\u1eaft kh\u00e1c, n\u00f3 c\u00f3 \u0111\u1eb7c \u0111i\u1ec3m l\u00e0 ngon mi\u1ec7ng, t\u00e1c d\u1ee5ng ph\u1ee5 th\u1ea5p v\u00e0 t\u1ef7 l\u1ec7 h\u1ea5p th\u1ee5 cao. N\u00f3 d\u1ec5 h\u1ea5p th\u1ee5. \u0110\u00e2y l\u00e0 ch\u1ea5t b\u1ed5 sung dinh d\u01b0\u1ee1ng s\u1eaft l\u00fd t\u01b0\u1edfng c\u00f3 th\u1ec3 \u0111\u01b0\u1ee3c c\u01a1 th\u1ec3 con ng\u01b0\u1eddi h\u1ea5p th\u1ee5 v\u00e0 c\u00f3 \u00fd ngh\u0129a to l\u1edbn trong vi\u1ec7c ng\u0103n ng\u1eeba t\u00ecnh tr\u1ea1ng thi\u1ebfu h\u1ee5t dinh d\u01b0\u1ee1ng s\u1eaft v\u00e0 c\u1ea3i thi\u1ec7n s\u1ee9c kh\u1ecfe. \u0110\u1ed3ng th\u1eddi, n\u00f3 t\u1ed3n t\u1ea1i d\u01b0\u1edbi d\u1ea1ng s\u1eaft chelate, \u0111\u01b0\u1ee3c h\u1ea5p th\u1ee5 \u0111\u1ed9c l\u1eadp trong c\u01a1 th\u1ec3 v\u00e0 kh\u00f4ng t\u01b0\u01a1ng t\u00e1c v\u1edbi c\u00e1c th\u1ef1c ph\u1ea9m kh\u00e1c. N\u00f3 an to\u00e0n, \u1ed5n \u0111\u1ecbnh v\u00e0 hi\u1ec7u qu\u1ea3.<\/div>\n<\/div>\n<\/div>\n<\/div>","protected":false},"excerpt":{"rendered":"<p>T\u00ean s\u1ea3n ph\u1ea9m: S\u1eaft Glycinate<br \/>\nS\u1ed1 CAS: 20150-34-9<br \/>\nMF:C4H8FeN2O4<br \/>\nNgo\u1ea1i quan: B\u1ed9t tinh th\u1ec3 m\u00e0u xanh l\u00e1 c\u00e2y n\u00e2u v\u00e0ng nh\u1ea1t<\/p>","protected":false},"featured_media":6697,"template":"","meta":{"_acf_changed":false,"_gspb_post_css":""},"product_brand":[],"product_cat":[55,103],"product_tag":[],"class_list":{"0":"post-6696","1":"product","2":"type-product","3":"status-publish","4":"has-post-thumbnail","6":"product_cat-food-additives","7":"product_cat-nutrition-enhancer","9":"first","10":"instock","11":"shipping-taxable","12":"product-type-simple"},"acf":[],"_links":{"self":[{"href":"https:\/\/wpachem.com\/vi\/wp-json\/wp\/v2\/product\/6696","targetHints":{"allow":["GET"]}}],"collection":[{"href":"https:\/\/wpachem.com\/vi\/wp-json\/wp\/v2\/product"}],"about":[{"href":"https:\/\/wpachem.com\/vi\/wp-json\/wp\/v2\/types\/product"}],"version-history":[{"count":0,"href":"https:\/\/wpachem.com\/vi\/wp-json\/wp\/v2\/product\/6696\/revisions"}],"wp:featuredmedia":[{"embeddable":true,"href":"https:\/\/wpachem.com\/vi\/wp-json\/wp\/v2\/media\/6697"}],"wp:attachment":[{"href":"https:\/\/wpachem.com\/vi\/wp-json\/wp\/v2\/media?parent=6696"}],"wp:term":[{"taxonomy":"product_brand","embeddable":true,"href":"https:\/\/wpachem.com\/vi\/wp-json\/wp\/v2\/product_brand?post=6696"},{"taxonomy":"product_cat","embeddable":true,"href":"https:\/\/wpachem.com\/vi\/wp-json\/wp\/v2\/product_cat?post=6696"},{"taxonomy":"product_tag","embeddable":true,"href":"https:\/\/wpachem.com\/vi\/wp-json\/wp\/v2\/product_tag?post=6696"}],"curies":[{"name":"wp","href":"https:\/\/api.w.org\/{rel}","templated":true}]}}