{"id":6699,"date":"2024-02-26T02:27:44","date_gmt":"2024-02-26T02:27:44","guid":{"rendered":"https:\/\/wpachem.com\/?post_type=product&#038;p=6699"},"modified":"2024-02-26T02:32:15","modified_gmt":"2024-02-26T02:32:15","slug":"ferrous-fumarate-cas-141-01-5","status":"publish","type":"product","link":"https:\/\/wpachem.com\/vi\/product\/ferrous-fumarate-cas-141-01-5\/","title":{"rendered":"S\u1eaft Fumarate CAS 141-01-5"},"content":{"rendered":"<h3 class=\"magic-2\" data-spm-anchor-id=\"a2700.details.0.i21.5c9d52f0Rx0oYu\">V\u1ebb b\u1ec1 ngo\u00e0i:<\/h3>\n<p>M\u00e0u \u0111\u1ecf s\u1eabm \u0111\u1ebfn n\u00e2u s\u1eabm r\u1eafn<\/p>\n<div class=\"magic-5\">\n<div class=\"magic-6\">\n<div class=\"magic-7\">\n<div><span class=\"magic-4\" style=\"font-family: Verdana\"><b>\u1ee8ng d\u1ee5ng s\u1ea3n ph\u1ea9m:<\/b><\/span><\/div>\n<div>S\u1eaft fumarate, c\u00f2n \u0111\u01b0\u1ee3c g\u1ecdi l\u00e0 s\u1eaft fumarate, l\u00e0 m\u1ed9t ch\u1ea5t b\u1ed5 sung s\u1eaft h\u1eefu c\u01a1 an to\u00e0n v\u00e0 hi\u1ec7u qu\u1ea3. N\u00f3 l\u00e0 m\u1ed9t lo\u1ea1i s\u1eaft axit h\u1eefu c\u01a1 (bao g\u1ed3m: s\u1eaft lysine, s\u1eaft glycinate, s\u1eaft methionine, v.v.). H\u00e0m l\u01b0\u1ee3ng s\u1eaft h\u1eefu c\u01a1 c\u1ee7a n\u00f3 L\u00ean \u0111\u1ebfn h\u01a1n 30%, s\u1eaft fumarate d\u1ec5 d\u00e0ng b\u1ecb ph\u00e2n h\u1ee7y sau khi \u0111\u01b0\u1ee3c h\u1ea5p th\u1ee5. N\u00f3 kh\u00f4ng \u0111\u00f2i h\u1ecfi n\u0103ng l\u01b0\u1ee3ng b\u1ed5 sung \u0111\u1ec3 \u0111i v\u00e0o c\u00e1c t\u1ebf b\u00e0o h\u1ed3ng c\u1ea7u v\u00e0 kh\u00f4ng g\u00e2y k\u00edch \u1ee9ng \u0111\u01b0\u1eddng ti\u00eau h\u00f3a. N\u00f3 c\u00f3 th\u1ec3 l\u00e0m t\u0103ng v\u00e0 duy tr\u00ec m\u1ee9c heme b\u00ecnh th\u01b0\u1eddng v\u00e0 c\u00f3 th\u1ec3 \u0111\u01b0\u1ee3c s\u1eed d\u1ee5ng nh\u01b0 m\u1ed9t ch\u1ea5t ph\u1ee5 gia dinh d\u01b0\u1ee1ng trong m\u1ed9t th\u1eddi gian d\u00e0i. \u0110\u01b0\u1ee3c s\u1eed d\u1ee5ng l\u00e2m s\u00e0ng \u0111\u1ec3 \u0111i\u1ec1u tr\u1ecb thi\u1ebfu m\u00e1u do thi\u1ebfu s\u1eaft.<\/div>\n<\/div>\n<\/div>\n<\/div>","protected":false},"excerpt":{"rendered":"<p>T\u00ean s\u1ea3n ph\u1ea9m: S\u1eaft Fumarate<br \/>\nS\u1ed1 CAS: 141-01-5<br \/>\nMF:C4H2FeO4<br \/>\nNgo\u1ea1i h\u00ecnh: Ch\u1ea5t r\u1eafn m\u00e0u \u0111\u1ecf s\u1eabm \u0111\u1ebfn n\u00e2u s\u1eabm<\/p>","protected":false},"featured_media":6700,"template":"","meta":{"_acf_changed":false,"_gspb_post_css":""},"product_brand":[],"product_cat":[55,103],"product_tag":[],"class_list":{"0":"post-6699","1":"product","2":"type-product","3":"status-publish","4":"has-post-thumbnail","6":"product_cat-food-additives","7":"product_cat-nutrition-enhancer","9":"first","10":"instock","11":"shipping-taxable","12":"product-type-simple"},"acf":[],"_links":{"self":[{"href":"https:\/\/wpachem.com\/vi\/wp-json\/wp\/v2\/product\/6699","targetHints":{"allow":["GET"]}}],"collection":[{"href":"https:\/\/wpachem.com\/vi\/wp-json\/wp\/v2\/product"}],"about":[{"href":"https:\/\/wpachem.com\/vi\/wp-json\/wp\/v2\/types\/product"}],"version-history":[{"count":0,"href":"https:\/\/wpachem.com\/vi\/wp-json\/wp\/v2\/product\/6699\/revisions"}],"wp:featuredmedia":[{"embeddable":true,"href":"https:\/\/wpachem.com\/vi\/wp-json\/wp\/v2\/media\/6700"}],"wp:attachment":[{"href":"https:\/\/wpachem.com\/vi\/wp-json\/wp\/v2\/media?parent=6699"}],"wp:term":[{"taxonomy":"product_brand","embeddable":true,"href":"https:\/\/wpachem.com\/vi\/wp-json\/wp\/v2\/product_brand?post=6699"},{"taxonomy":"product_cat","embeddable":true,"href":"https:\/\/wpachem.com\/vi\/wp-json\/wp\/v2\/product_cat?post=6699"},{"taxonomy":"product_tag","embeddable":true,"href":"https:\/\/wpachem.com\/vi\/wp-json\/wp\/v2\/product_tag?post=6699"}],"curies":[{"name":"wp","href":"https:\/\/api.w.org\/{rel}","templated":true}]}}