{"id":6703,"date":"2024-02-26T02:32:38","date_gmt":"2024-02-26T02:32:38","guid":{"rendered":"https:\/\/wpachem.com\/?post_type=product&#038;p=6703"},"modified":"2024-02-26T02:35:50","modified_gmt":"2024-02-26T02:35:50","slug":"zinc-lactate-cas-16039-53-5","status":"publish","type":"product","link":"https:\/\/wpachem.com\/vi\/product\/zinc-lactate-cas-16039-53-5\/","title":{"rendered":"K\u1ebdm Lactat CAS 16039-53-5"},"content":{"rendered":"<h3 class=\"magic-2\" data-spm-anchor-id=\"a2700.details.0.i21.5c9d52f0Rx0oYu\">V\u1ebb b\u1ec1 ngo\u00e0i:<\/h3>\n<p>B\u1ed9t tinh th\u1ec3 tr\u1ef1c thoi m\u00e0u tr\u1eafng<\/p>\n<div class=\"magic-5\">\n<div class=\"magic-6\">\n<div class=\"magic-7\">\n<div><span class=\"magic-4\" style=\"font-family: Verdana\"><b>\u1ee8ng d\u1ee5ng s\u1ea3n ph\u1ea9m:<\/b><\/span><\/div>\n<div>\n<p>K\u1ebdm lactat c\u00f3 th\u1ec3 \u0111\u01b0\u1ee3c s\u1eed d\u1ee5ng trong s\u1ea3n xu\u1ea5t th\u1ef1c ph\u1ea9m b\u1ed5 sung k\u1ebdm, ch\u1ea5t l\u1ecfng dinh d\u01b0\u1ee1ng u\u1ed1ng, vi\u00ean n\u00e9n v\u00e0 h\u1ea1t b\u1ed5 sung k\u1ebdm cho tr\u1ebb em. \u0110\u00e2y l\u00e0 ch\u1ea5t b\u1ed5 sung k\u1ebdm th\u1ef1c ph\u1ea9m t\u1ed1t v\u00e0 \u0111\u01b0\u1ee3c s\u1eed d\u1ee5ng r\u1ed9ng r\u00e3i trong b\u00e1nh ng\u1ecdt, \u0111\u1ed3 u\u1ed1ng, c\u00e1c dung d\u1ecbch dinh d\u01b0\u1ee1ng kh\u00e1c nhau, b\u1ed9t m\u00ec, dinh d\u01b0\u1ee1ng Trong s\u1ed1 c\u00e1c lo\u1ea1i mu\u1ed1i, s\u1ea3n ph\u1ea9m t\u1eeb s\u1eefa v\u00e0 s\u1ea3n ph\u1ea9m t\u1eeb \u0111\u1eadu n\u00e0nh, n\u00f3 \u0111\u00f3ng vai tr\u00f2 quan tr\u1ecdng trong s\u1ef1 ph\u00e1t tri\u1ec3n tr\u00ed tu\u1ec7 v\u00e0 th\u1ec3 ch\u1ea5t c\u1ee7a tr\u1ebb s\u01a1 sinh v\u00e0 thanh thi\u1ebfu ni\u00ean, v\u00e0 hi\u1ec7u qu\u1ea3 h\u1ea5p th\u1ee5 c\u1ee7a n\u00f3 t\u1ed1t h\u01a1n k\u1ebdm v\u00f4 c\u01a1.<\/p>\n<p>Trong c\u00e1c s\u1ea3n ph\u1ea9m thu\u1ed1c l\u00e1, k\u1ebdm lactat c\u0169ng c\u00f3 th\u1ec3 thay th\u1ebf glycerin l\u00e0m ch\u1ea5t t\u1ea1o h\u01b0\u01a1ng v\u1ecb, ch\u1ea5t ch\u1ed1ng \u0111\u00f4ng v\u00e0 ch\u1ea5t gi\u1eef \u1ea9m cho thu\u1ed1c l\u00e1 \u0111\u00e3 c\u1eaft.<\/p>\n<p>Trong m\u1ef9 ph\u1ea9m, n\u00f3 c\u0169ng c\u00f3 th\u1ec3 \u0111\u01b0\u1ee3c s\u1eed d\u1ee5ng trong s\u1eefa r\u1eeda m\u1eb7t, kem l\u00e0m \u0111\u1eb9p, kem d\u01b0\u1ee1ng da, d\u1ea7u g\u1ed9i v\u00e0 m\u1eb7t n\u1ea1 d\u01b0\u1ee1ng da.<\/p>\n<\/div>\n<\/div>\n<\/div>\n<\/div>","protected":false},"excerpt":{"rendered":"<p>T\u00ean s\u1ea3n ph\u1ea9m: K\u1ebdm Lactate<br \/>\nS\u1ed1 CAS: 16039-53-5<br \/>\nMF:C4H2FeO4<br \/>\nNgo\u1ea1i quan: B\u1ed9t tinh th\u1ec3 tr\u1ef1c thoi m\u00e0u tr\u1eafng<\/p>","protected":false},"featured_media":2161,"template":"","meta":{"_acf_changed":false,"_gspb_post_css":""},"product_brand":[],"product_cat":[55,103],"product_tag":[],"class_list":{"0":"post-6703","1":"product","2":"type-product","3":"status-publish","4":"has-post-thumbnail","6":"product_cat-food-additives","7":"product_cat-nutrition-enhancer","9":"first","10":"instock","11":"shipping-taxable","12":"product-type-simple"},"acf":[],"_links":{"self":[{"href":"https:\/\/wpachem.com\/vi\/wp-json\/wp\/v2\/product\/6703","targetHints":{"allow":["GET"]}}],"collection":[{"href":"https:\/\/wpachem.com\/vi\/wp-json\/wp\/v2\/product"}],"about":[{"href":"https:\/\/wpachem.com\/vi\/wp-json\/wp\/v2\/types\/product"}],"version-history":[{"count":0,"href":"https:\/\/wpachem.com\/vi\/wp-json\/wp\/v2\/product\/6703\/revisions"}],"wp:featuredmedia":[{"embeddable":true,"href":"https:\/\/wpachem.com\/vi\/wp-json\/wp\/v2\/media\/2161"}],"wp:attachment":[{"href":"https:\/\/wpachem.com\/vi\/wp-json\/wp\/v2\/media?parent=6703"}],"wp:term":[{"taxonomy":"product_brand","embeddable":true,"href":"https:\/\/wpachem.com\/vi\/wp-json\/wp\/v2\/product_brand?post=6703"},{"taxonomy":"product_cat","embeddable":true,"href":"https:\/\/wpachem.com\/vi\/wp-json\/wp\/v2\/product_cat?post=6703"},{"taxonomy":"product_tag","embeddable":true,"href":"https:\/\/wpachem.com\/vi\/wp-json\/wp\/v2\/product_tag?post=6703"}],"curies":[{"name":"wp","href":"https:\/\/api.w.org\/{rel}","templated":true}]}}