{"id":6705,"date":"2024-02-26T02:35:57","date_gmt":"2024-02-26T02:35:57","guid":{"rendered":"https:\/\/wpachem.com\/?post_type=product&#038;p=6705"},"modified":"2024-02-26T02:38:36","modified_gmt":"2024-02-26T02:38:36","slug":"zinc-gluconate-cas-4468-02-4","status":"publish","type":"product","link":"https:\/\/wpachem.com\/vi\/product\/zinc-gluconate-cas-4468-02-4\/","title":{"rendered":"K\u1ebdm Gluconat CAS 4468-02-4"},"content":{"rendered":"<h3 class=\"magic-2\" data-spm-anchor-id=\"a2700.details.0.i21.5c9d52f0Rx0oYu\">V\u1ebb b\u1ec1 ngo\u00e0i:<\/h3>\n<p>B\u1ed9t m\u00e0u tr\u1eafng \u0111\u1ebfn g\u1ea7n nh\u01b0 tr\u1eafng<\/p>\n<div class=\"magic-5\">\n<div class=\"magic-6\">\n<div class=\"magic-7\">\n<div><span class=\"magic-4\" style=\"font-family: Verdana\"><b>\u1ee8ng d\u1ee5ng s\u1ea3n ph\u1ea9m:<\/b><\/span><\/div>\n<div>\n<p>K\u1ebdm gluconat th\u01b0\u1eddng \u0111\u01b0\u1ee3c d\u00f9ng l\u00e0m ch\u1ea5t ph\u1ee5 gia trong ng\u00e0nh d\u01b0\u1ee3c ph\u1ea9m v\u00e0 c\u00f3 t\u00e1c d\u1ee5ng t\u0103ng c\u01b0\u1eddng c\u00e1c nguy\u00ean t\u1ed1 vi l\u01b0\u1ee3ng trong c\u01a1 th\u1ec3 trong m\u1ed9t s\u1ed1 lo\u1ea1i thu\u1ed1c.<br \/>\nTrong ng\u00e0nh th\u1ef1c ph\u1ea9m, k\u1ebdm gluconat \u0111\u01b0\u1ee3c s\u1eed d\u1ee5ng nh\u01b0 m\u1ed9t ch\u1ea5t b\u1ed5 sung dinh d\u01b0\u1ee1ng.<br \/>\nTrong qu\u00e1 tr\u00ecnh s\u1ea3n xu\u1ea5t m\u1ef9 ph\u1ea9m, k\u1ebdm gluconat \u0111\u01b0\u1ee3c s\u1eed d\u1ee5ng nh\u01b0 m\u1ed9t ch\u1ea5t gi\u1eef \u1ea9m v\u00e0 b\u1ea3o qu\u1ea3n.<\/p>\n<\/div>\n<\/div>\n<\/div>\n<\/div>","protected":false},"excerpt":{"rendered":"<p>T\u00ean s\u1ea3n ph\u1ea9m: K\u1ebdm Gluconate<br \/>\nS\u1ed1 CAS: 4468-02-4<br \/>\nMF: C12H22O14Zn<br \/>\nNgo\u1ea1i quan: B\u1ed9t m\u00e0u tr\u1eafng \u0111\u1ebfn g\u1ea7n nh\u01b0 tr\u1eafng<\/p>","protected":false},"featured_media":2161,"template":"","meta":{"_acf_changed":false,"_gspb_post_css":""},"product_brand":[],"product_cat":[55,103],"product_tag":[],"class_list":{"0":"post-6705","1":"product","2":"type-product","3":"status-publish","4":"has-post-thumbnail","6":"product_cat-food-additives","7":"product_cat-nutrition-enhancer","9":"first","10":"instock","11":"shipping-taxable","12":"product-type-simple"},"acf":[],"_links":{"self":[{"href":"https:\/\/wpachem.com\/vi\/wp-json\/wp\/v2\/product\/6705","targetHints":{"allow":["GET"]}}],"collection":[{"href":"https:\/\/wpachem.com\/vi\/wp-json\/wp\/v2\/product"}],"about":[{"href":"https:\/\/wpachem.com\/vi\/wp-json\/wp\/v2\/types\/product"}],"version-history":[{"count":0,"href":"https:\/\/wpachem.com\/vi\/wp-json\/wp\/v2\/product\/6705\/revisions"}],"wp:featuredmedia":[{"embeddable":true,"href":"https:\/\/wpachem.com\/vi\/wp-json\/wp\/v2\/media\/2161"}],"wp:attachment":[{"href":"https:\/\/wpachem.com\/vi\/wp-json\/wp\/v2\/media?parent=6705"}],"wp:term":[{"taxonomy":"product_brand","embeddable":true,"href":"https:\/\/wpachem.com\/vi\/wp-json\/wp\/v2\/product_brand?post=6705"},{"taxonomy":"product_cat","embeddable":true,"href":"https:\/\/wpachem.com\/vi\/wp-json\/wp\/v2\/product_cat?post=6705"},{"taxonomy":"product_tag","embeddable":true,"href":"https:\/\/wpachem.com\/vi\/wp-json\/wp\/v2\/product_tag?post=6705"}],"curies":[{"name":"wp","href":"https:\/\/api.w.org\/{rel}","templated":true}]}}