{"id":6709,"date":"2024-02-26T02:41:04","date_gmt":"2024-02-26T02:41:04","guid":{"rendered":"https:\/\/wpachem.com\/?post_type=product&#038;p=6709"},"modified":"2024-02-26T02:44:01","modified_gmt":"2024-02-26T02:44:01","slug":"zinc-citrate-cas-546-46-3","status":"publish","type":"product","link":"https:\/\/wpachem.com\/vi\/product\/zinc-citrate-cas-546-46-3\/","title":{"rendered":"K\u1ebdm Citrate CAS 546-46-3"},"content":{"rendered":"<h3 class=\"magic-2\" data-spm-anchor-id=\"a2700.details.0.i21.5c9d52f0Rx0oYu\">V\u1ebb b\u1ec1 ngo\u00e0i:<\/h3>\n<p>Ch\u1ea5t r\u1eafn k\u1ebft tinh kh\u00f4ng m\u00e0u<\/p>\n<div class=\"magic-5\">\n<div class=\"magic-6\">\n<div class=\"magic-7\">\n<div><span class=\"magic-4\" style=\"font-family: Verdana\"><b>\u1ee8ng d\u1ee5ng s\u1ea3n ph\u1ea9m:<\/b><\/span><\/div>\n<div>\n<p>Ng\u00e0nh th\u1ef1c ph\u1ea9m v\u00e0 \u0111\u1ed3 u\u1ed1ng: Trizinc citrate ho\u1ea1t \u0111\u1ed9ng nh\u01b0 ch\u1ea5t t\u1ea1o axit v\u00e0 ch\u1ea5t ch\u1ed1ng oxy h\u00f3a trong th\u1ef1c ph\u1ea9m v\u00e0 \u0111\u1ed3 u\u1ed1ng.<br \/>\nNg\u00e0nh c\u00f4ng nghi\u1ec7p m\u1ef9 ph\u1ea9m: C\u00f3 th\u1ec3 d\u00f9ng l\u00e0m ch\u1ea5t ch\u1ed1ng oxy h\u00f3a v\u00e0 \u0111i\u1ec1u ch\u1ec9nh \u0111\u1ed9 pH trong c\u00e1c s\u1ea3n ph\u1ea9m ch\u0103m s\u00f3c da v\u00e0 m\u1ef9 ph\u1ea9m.<br \/>\nNg\u00e0nh c\u00f4ng nghi\u1ec7p d\u01b0\u1ee3c ph\u1ea9m: Trizinc citrate c\u00f3 th\u1ec3 \u0111\u01b0\u1ee3c s\u1eed d\u1ee5ng \u0111\u1ec3 \u0111i\u1ec1u ch\u1ebf m\u1ed9t s\u1ed1 s\u1ea3n ph\u1ea9m d\u01b0\u1ee3c ph\u1ea9m.<\/p>\n<\/div>\n<\/div>\n<\/div>\n<\/div>","protected":false},"excerpt":{"rendered":"<p>T\u00ean s\u1ea3n ph\u1ea9m: K\u1ebdm Citrate<br \/>\nS\u1ed1 CAS: 546-46-3<br \/>\nMF:C6H8O7Zn<br \/>\nNgo\u1ea1i quan: Ch\u1ea5t r\u1eafn k\u1ebft tinh kh\u00f4ng m\u00e0u<\/p>","protected":false},"featured_media":2161,"template":"","meta":{"_acf_changed":false,"_gspb_post_css":""},"product_brand":[],"product_cat":[55,103],"product_tag":[],"class_list":{"0":"post-6709","1":"product","2":"type-product","3":"status-publish","4":"has-post-thumbnail","6":"product_cat-food-additives","7":"product_cat-nutrition-enhancer","9":"first","10":"instock","11":"shipping-taxable","12":"product-type-simple"},"acf":[],"_links":{"self":[{"href":"https:\/\/wpachem.com\/vi\/wp-json\/wp\/v2\/product\/6709","targetHints":{"allow":["GET"]}}],"collection":[{"href":"https:\/\/wpachem.com\/vi\/wp-json\/wp\/v2\/product"}],"about":[{"href":"https:\/\/wpachem.com\/vi\/wp-json\/wp\/v2\/types\/product"}],"version-history":[{"count":0,"href":"https:\/\/wpachem.com\/vi\/wp-json\/wp\/v2\/product\/6709\/revisions"}],"wp:featuredmedia":[{"embeddable":true,"href":"https:\/\/wpachem.com\/vi\/wp-json\/wp\/v2\/media\/2161"}],"wp:attachment":[{"href":"https:\/\/wpachem.com\/vi\/wp-json\/wp\/v2\/media?parent=6709"}],"wp:term":[{"taxonomy":"product_brand","embeddable":true,"href":"https:\/\/wpachem.com\/vi\/wp-json\/wp\/v2\/product_brand?post=6709"},{"taxonomy":"product_cat","embeddable":true,"href":"https:\/\/wpachem.com\/vi\/wp-json\/wp\/v2\/product_cat?post=6709"},{"taxonomy":"product_tag","embeddable":true,"href":"https:\/\/wpachem.com\/vi\/wp-json\/wp\/v2\/product_tag?post=6709"}],"curies":[{"name":"wp","href":"https:\/\/api.w.org\/{rel}","templated":true}]}}