{"id":6716,"date":"2024-02-26T02:59:27","date_gmt":"2024-02-26T02:59:27","guid":{"rendered":"https:\/\/wpachem.com\/?post_type=product&#038;p=6716"},"modified":"2024-02-26T03:01:03","modified_gmt":"2024-02-26T03:01:03","slug":"magnesium-citrate-cas-3344-18-1","status":"publish","type":"product","link":"https:\/\/wpachem.com\/vi\/product\/magnesium-citrate-cas-3344-18-1\/","title":{"rendered":"Magie Citrate CAS 3344-18-1"},"content":{"rendered":"<h3 class=\"magic-2\" data-spm-anchor-id=\"a2700.details.0.i21.5c9d52f0Rx0oYu\">V\u1ebb b\u1ec1 ngo\u00e0i:<\/h3>\n<p>B\u1ed9t tinh th\u1ec3 m\u00e0u tr\u1eafng<\/p>\n<div class=\"magic-5\">\n<div class=\"magic-6\">\n<div class=\"magic-7\">\n<div><span class=\"magic-4\" style=\"font-family: Verdana\"><b>\u1ee8ng d\u1ee5ng s\u1ea3n ph\u1ea9m:<\/b><\/span><\/div>\n<div>\n<p>1. Trong l\u0129nh v\u1ef1c y t\u1ebf: Magie citrate \u0111\u01b0\u1ee3c s\u1eed d\u1ee5ng nh\u01b0 thu\u1ed1c nhu\u1eadn tr\u00e0ng \u0111\u1ec3 \u0111i\u1ec1u tr\u1ecb t\u00e1o b\u00f3n v\u00e0 l\u00e0m gi\u1ea3m kh\u00f3 ch\u1ecbu \u0111\u01b0\u1eddng ti\u00eau h\u00f3a;<br \/>\n2. Trong c\u00f4ng nghi\u1ec7p th\u1ef1c ph\u1ea9m: Magie citrate l\u00e0 ch\u1ea5t t\u1ea1o axit v\u00e0 t\u1ea1o ph\u1ee9c th\u1ef1c ph\u1ea9m, th\u01b0\u1eddng \u0111\u01b0\u1ee3c s\u1eed d\u1ee5ng trong s\u1ea3n xu\u1ea5t \u0111\u1ed3 u\u1ed1ng c\u00f3 axit tr\u00e1i c\u00e2y, c\u00e1c s\u1ea3n ph\u1ea9m t\u1eeb s\u1eefa, v.v.;<br \/>\n3. Trong ng\u00e0nh d\u01b0\u1ee3c ph\u1ea9m: Magie citrate \u0111\u01b0\u1ee3c s\u1eed d\u1ee5ng nh\u01b0 m\u1ed9t ch\u1ea5t b\u1ed5 sung magi\u00ea \u0111\u1ec3 \u0111i\u1ec1u tr\u1ecb t\u00ecnh tr\u1ea1ng thi\u1ebfu magi\u00ea;<br \/>\n4. Trong ng\u00e0nh m\u1ef9 ph\u1ea9m: d\u00f9ng \u0111\u1ec3 \u0111i\u1ec1u ch\u1ec9nh \u0111\u1ed9 pH c\u1ee7a m\u1ef9 ph\u1ea9m v\u00e0 t\u0103ng \u0111\u1ed9 \u1ed5n \u0111\u1ecbnh.<\/p>\n<\/div>\n<\/div>\n<\/div>\n<\/div>","protected":false},"excerpt":{"rendered":"<p>T\u00ean s\u1ea3n ph\u1ea9m: Magie Citrate<br \/>\nS\u1ed1 CAS: 3344-18-1<br \/>\nMF:C12H10Mg3O14<br \/>\nNgo\u1ea1i quan: B\u1ed9t tinh th\u1ec3 m\u00e0u tr\u1eafng<\/p>","protected":false},"featured_media":2161,"template":"","meta":{"_acf_changed":false,"_gspb_post_css":""},"product_brand":[],"product_cat":[55,103],"product_tag":[],"class_list":{"0":"post-6716","1":"product","2":"type-product","3":"status-publish","4":"has-post-thumbnail","6":"product_cat-food-additives","7":"product_cat-nutrition-enhancer","9":"first","10":"instock","11":"shipping-taxable","12":"product-type-simple"},"acf":[],"_links":{"self":[{"href":"https:\/\/wpachem.com\/vi\/wp-json\/wp\/v2\/product\/6716","targetHints":{"allow":["GET"]}}],"collection":[{"href":"https:\/\/wpachem.com\/vi\/wp-json\/wp\/v2\/product"}],"about":[{"href":"https:\/\/wpachem.com\/vi\/wp-json\/wp\/v2\/types\/product"}],"version-history":[{"count":0,"href":"https:\/\/wpachem.com\/vi\/wp-json\/wp\/v2\/product\/6716\/revisions"}],"wp:featuredmedia":[{"embeddable":true,"href":"https:\/\/wpachem.com\/vi\/wp-json\/wp\/v2\/media\/2161"}],"wp:attachment":[{"href":"https:\/\/wpachem.com\/vi\/wp-json\/wp\/v2\/media?parent=6716"}],"wp:term":[{"taxonomy":"product_brand","embeddable":true,"href":"https:\/\/wpachem.com\/vi\/wp-json\/wp\/v2\/product_brand?post=6716"},{"taxonomy":"product_cat","embeddable":true,"href":"https:\/\/wpachem.com\/vi\/wp-json\/wp\/v2\/product_cat?post=6716"},{"taxonomy":"product_tag","embeddable":true,"href":"https:\/\/wpachem.com\/vi\/wp-json\/wp\/v2\/product_tag?post=6716"}],"curies":[{"name":"wp","href":"https:\/\/api.w.org\/{rel}","templated":true}]}}