{"id":6718,"date":"2024-02-26T03:01:24","date_gmt":"2024-02-26T03:01:24","guid":{"rendered":"https:\/\/wpachem.com\/?post_type=product&#038;p=6718"},"modified":"2024-02-26T03:04:01","modified_gmt":"2024-02-26T03:04:01","slug":"magnesium-malate-cas-869-06-7","status":"publish","type":"product","link":"https:\/\/wpachem.com\/vi\/product\/magnesium-malate-cas-869-06-7\/","title":{"rendered":"Magi\u00ea Malate CAS 869-06-7"},"content":{"rendered":"<h3 class=\"magic-2\" data-spm-anchor-id=\"a2700.details.0.i21.5c9d52f0Rx0oYu\">V\u1ebb b\u1ec1 ngo\u00e0i:<\/h3>\n<p>Tinh th\u1ec3 kh\u00f4ng m\u00e0u ho\u1eb7c b\u1ed9t tinh th\u1ec3 m\u00e0u tr\u1eafng<\/p>\n<div class=\"magic-5\">\n<div class=\"magic-6\">\n<div class=\"magic-7\">\n<div><span class=\"magic-4\" style=\"font-family: Verdana\"><b>\u1ee8ng d\u1ee5ng s\u1ea3n ph\u1ea9m:<\/b><\/span><\/div>\n<div>\n<p>Ph\u1ee5 gia th\u1ef1c ph\u1ea9m: Magi\u00ea malate \u0111\u01b0\u1ee3c s\u1eed d\u1ee5ng r\u1ed9ng r\u00e3i nh\u01b0 m\u1ed9t ch\u1ea5t t\u1ea1o b\u1ecdt v\u00e0 ch\u1ea5t t\u1ea1o chua trong ng\u00e0nh c\u00f4ng nghi\u1ec7p th\u1ef1c ph\u1ea9m. N\u00f3 l\u00e0m t\u0103ng \u0111\u1ed9 m\u1ec1m, \u0111\u1ed9 \u1ed5n \u0111\u1ecbnh v\u00e0 \u0111\u1ed9 gi\u00e3n n\u1edf c\u1ee7a b\u1ed9t \u0111\u1ed3ng th\u1eddi l\u00e0m cho b\u1ed9t x\u1ed1p h\u01a1n.<br \/>\nCh\u1ebf ph\u1ea9m d\u01b0\u1ee3c ph\u1ea9m: Magi\u00ea malate c\u0169ng \u0111\u01b0\u1ee3c s\u1eed d\u1ee5ng trong m\u1ed9t s\u1ed1 lo\u1ea1i thu\u1ed1c, ch\u1eb3ng h\u1ea1n nh\u01b0 thu\u1ed1c trung h\u00f2a axit d\u1ea1 d\u00e0y v\u00e0 thu\u1ed1c nhu\u1eadn tr\u00e0ng.<\/p>\n<\/div>\n<\/div>\n<\/div>\n<\/div>","protected":false},"excerpt":{"rendered":"<p>T\u00ean s\u1ea3n ph\u1ea9m: Magi\u00ea Malate<br \/>\nS\u1ed1 CAS: 869-06-7<br \/>\nMF:C4H8MgO5<br \/>\nNgo\u1ea1i quan: Tinh th\u1ec3 kh\u00f4ng m\u00e0u ho\u1eb7c b\u1ed9t tinh th\u1ec3 m\u00e0u tr\u1eafng<\/p>","protected":false},"featured_media":2161,"template":"","meta":{"_acf_changed":false,"_gspb_post_css":""},"product_brand":[],"product_cat":[55,103],"product_tag":[],"class_list":{"0":"post-6718","1":"product","2":"type-product","3":"status-publish","4":"has-post-thumbnail","6":"product_cat-food-additives","7":"product_cat-nutrition-enhancer","9":"first","10":"instock","11":"shipping-taxable","12":"product-type-simple"},"acf":[],"_links":{"self":[{"href":"https:\/\/wpachem.com\/vi\/wp-json\/wp\/v2\/product\/6718","targetHints":{"allow":["GET"]}}],"collection":[{"href":"https:\/\/wpachem.com\/vi\/wp-json\/wp\/v2\/product"}],"about":[{"href":"https:\/\/wpachem.com\/vi\/wp-json\/wp\/v2\/types\/product"}],"version-history":[{"count":0,"href":"https:\/\/wpachem.com\/vi\/wp-json\/wp\/v2\/product\/6718\/revisions"}],"wp:featuredmedia":[{"embeddable":true,"href":"https:\/\/wpachem.com\/vi\/wp-json\/wp\/v2\/media\/2161"}],"wp:attachment":[{"href":"https:\/\/wpachem.com\/vi\/wp-json\/wp\/v2\/media?parent=6718"}],"wp:term":[{"taxonomy":"product_brand","embeddable":true,"href":"https:\/\/wpachem.com\/vi\/wp-json\/wp\/v2\/product_brand?post=6718"},{"taxonomy":"product_cat","embeddable":true,"href":"https:\/\/wpachem.com\/vi\/wp-json\/wp\/v2\/product_cat?post=6718"},{"taxonomy":"product_tag","embeddable":true,"href":"https:\/\/wpachem.com\/vi\/wp-json\/wp\/v2\/product_tag?post=6718"}],"curies":[{"name":"wp","href":"https:\/\/api.w.org\/{rel}","templated":true}]}}