{"id":6720,"date":"2024-02-26T03:04:10","date_gmt":"2024-02-26T03:04:10","guid":{"rendered":"https:\/\/wpachem.com\/?post_type=product&#038;p=6720"},"modified":"2024-02-26T03:06:16","modified_gmt":"2024-02-26T03:06:16","slug":"magnesium-glycinate-cas-14783-68-7","status":"publish","type":"product","link":"https:\/\/wpachem.com\/vi\/product\/magnesium-glycinate-cas-14783-68-7\/","title":{"rendered":"Magi\u00ea Glycinate CAS 14783-68-7"},"content":{"rendered":"<h3 class=\"magic-2\" data-spm-anchor-id=\"a2700.details.0.i21.5c9d52f0Rx0oYu\">V\u1ebb b\u1ec1 ngo\u00e0i:<\/h3>\n<p>B\u1ed9t tinh th\u1ec3 m\u00e0u tr\u1eafng ho\u1eb7c tr\u1eafng nh\u01b0 b\u1ed9t tinh th\u1ec3<\/p>\n<div class=\"magic-5\">\n<div class=\"magic-6\">\n<div class=\"magic-7\">\n<div><span class=\"magic-4\" style=\"font-family: Verdana\"><b>\u1ee8ng d\u1ee5ng s\u1ea3n ph\u1ea9m:<\/b><\/span><\/div>\n<div>\n<p>1. Th\u1ef1c ph\u1ea9m b\u1ed5 sung dinh d\u01b0\u1ee1ng: Magie glycinate c\u00f3 th\u1ec3 \u0111\u01b0\u1ee3c s\u1eed d\u1ee5ng nh\u01b0 m\u1ed9t th\u1ef1c ph\u1ea9m b\u1ed5 sung dinh d\u01b0\u1ee1ng \u0111\u1ec3 b\u1ed5 sung t\u00ecnh tr\u1ea1ng thi\u1ebfu h\u1ee5t magie.<br \/>\n2. Thu\u1ed1c: Magie glycinate c\u0169ng \u0111\u01b0\u1ee3c s\u1eed d\u1ee5ng nh\u01b0 m\u1ed9t ch\u1ea5t ph\u1ee5 gia trong m\u1ed9t s\u1ed1 lo\u1ea1i thu\u1ed1c, ch\u1eb3ng h\u1ea1n nh\u01b0 thu\u1ed1c gi\u1ea3m \u0111au.<br \/>\n3. M\u1ef9 ph\u1ea9m: Magie glycinate c\u0169ng \u0111\u01b0\u1ee3c s\u1eed d\u1ee5ng trong m\u1ed9t s\u1ed1 m\u1ef9 ph\u1ea9m v\u00e0 s\u1ea3n ph\u1ea9m ch\u0103m s\u00f3c c\u00e1 nh\u00e2n.<\/p>\n<\/div>\n<\/div>\n<\/div>\n<\/div>","protected":false},"excerpt":{"rendered":"<p>T\u00ean s\u1ea3n ph\u1ea9m: Magi\u00ea Glycinate<br \/>\nS\u1ed1 CAS: 14783-68-7<br \/>\nMF:C4H8MgN2O4<br \/>\nNgo\u1ea1i quan: B\u1ed9t tinh th\u1ec3 m\u00e0u tr\u1eafng ho\u1eb7c tr\u1eafng nh\u1ea1t<\/p>","protected":false},"featured_media":2161,"template":"","meta":{"_acf_changed":false,"_gspb_post_css":""},"product_brand":[],"product_cat":[55,103],"product_tag":[],"class_list":{"0":"post-6720","1":"product","2":"type-product","3":"status-publish","4":"has-post-thumbnail","6":"product_cat-food-additives","7":"product_cat-nutrition-enhancer","9":"first","10":"instock","11":"shipping-taxable","12":"product-type-simple"},"acf":[],"_links":{"self":[{"href":"https:\/\/wpachem.com\/vi\/wp-json\/wp\/v2\/product\/6720","targetHints":{"allow":["GET"]}}],"collection":[{"href":"https:\/\/wpachem.com\/vi\/wp-json\/wp\/v2\/product"}],"about":[{"href":"https:\/\/wpachem.com\/vi\/wp-json\/wp\/v2\/types\/product"}],"version-history":[{"count":0,"href":"https:\/\/wpachem.com\/vi\/wp-json\/wp\/v2\/product\/6720\/revisions"}],"wp:featuredmedia":[{"embeddable":true,"href":"https:\/\/wpachem.com\/vi\/wp-json\/wp\/v2\/media\/2161"}],"wp:attachment":[{"href":"https:\/\/wpachem.com\/vi\/wp-json\/wp\/v2\/media?parent=6720"}],"wp:term":[{"taxonomy":"product_brand","embeddable":true,"href":"https:\/\/wpachem.com\/vi\/wp-json\/wp\/v2\/product_brand?post=6720"},{"taxonomy":"product_cat","embeddable":true,"href":"https:\/\/wpachem.com\/vi\/wp-json\/wp\/v2\/product_cat?post=6720"},{"taxonomy":"product_tag","embeddable":true,"href":"https:\/\/wpachem.com\/vi\/wp-json\/wp\/v2\/product_tag?post=6720"}],"curies":[{"name":"wp","href":"https:\/\/api.w.org\/{rel}","templated":true}]}}