{"id":6722,"date":"2024-02-26T03:06:29","date_gmt":"2024-02-26T03:06:29","guid":{"rendered":"https:\/\/wpachem.com\/?post_type=product&#038;p=6722"},"modified":"2024-02-26T03:13:36","modified_gmt":"2024-02-26T03:13:36","slug":"copper-gluconate-cas-527-09-3","status":"publish","type":"product","link":"https:\/\/wpachem.com\/vi\/product\/copper-gluconate-cas-527-09-3\/","title":{"rendered":"\u0110\u1ed3ng Gluconate CAS 527-09-3"},"content":{"rendered":"<h3 class=\"magic-2\" data-spm-anchor-id=\"a2700.details.0.i21.5c9d52f0Rx0oYu\">V\u1ebb b\u1ec1 ngo\u00e0i:<\/h3>\n<p>Tinh th\u1ec3 m\u00e0u xanh nh\u1ea1t \u0111\u1ebfn xanh l\u1ee5c ho\u1eb7c b\u1ed9t m\u1ecbn<\/p>\n<div class=\"magic-5\">\n<div class=\"magic-6\">\n<div class=\"magic-7\">\n<div><span class=\"magic-4\" style=\"font-family: Verdana\"><b>\u1ee8ng d\u1ee5ng s\u1ea3n ph\u1ea9m:<\/b><\/span><\/div>\n<div>\n<p>\u0110\u00e2y l\u00e0 m\u1ed9t d\u1ea1ng b\u1ed5 sung \u0111\u1ed3ng th\u01b0\u1eddng \u0111\u01b0\u1ee3c s\u1eed d\u1ee5ng trong m\u1ef9 ph\u1ea9m l\u00e0m \u0111\u1eb9p v\u00e0 c\u00e1c s\u1ea3n ph\u1ea9m ch\u0103m s\u00f3c da.<\/p>\n<p>\u0110\u01b0\u1ee3c s\u1eed d\u1ee5ng l\u00e0m ph\u1ee5 gia th\u1ef1c ph\u1ea9m v\u00e0 nguy\u00ean li\u1ec7u d\u01b0\u1ee3c ph\u1ea9m<\/p>\n<\/div>\n<\/div>\n<\/div>\n<\/div>","protected":false},"excerpt":{"rendered":"<p>T\u00ean s\u1ea3n ph\u1ea9m: \u0110\u1ed3ng Gluconate<br \/>\nS\u1ed1 CAS: 527-09-3<br \/>\nMF:C12H22CuO14<br \/>\nNgo\u1ea1i quan: Tinh th\u1ec3 m\u00e0u xanh nh\u1ea1t \u0111\u1ebfn xanh l\u1ee5c ho\u1eb7c b\u1ed9t m\u1ecbn<\/p>","protected":false},"featured_media":6723,"template":"","meta":{"_acf_changed":false,"_gspb_post_css":""},"product_brand":[],"product_cat":[55,103],"product_tag":[],"class_list":{"0":"post-6722","1":"product","2":"type-product","3":"status-publish","4":"has-post-thumbnail","6":"product_cat-food-additives","7":"product_cat-nutrition-enhancer","9":"first","10":"instock","11":"shipping-taxable","12":"product-type-simple"},"acf":[],"_links":{"self":[{"href":"https:\/\/wpachem.com\/vi\/wp-json\/wp\/v2\/product\/6722","targetHints":{"allow":["GET"]}}],"collection":[{"href":"https:\/\/wpachem.com\/vi\/wp-json\/wp\/v2\/product"}],"about":[{"href":"https:\/\/wpachem.com\/vi\/wp-json\/wp\/v2\/types\/product"}],"version-history":[{"count":0,"href":"https:\/\/wpachem.com\/vi\/wp-json\/wp\/v2\/product\/6722\/revisions"}],"wp:featuredmedia":[{"embeddable":true,"href":"https:\/\/wpachem.com\/vi\/wp-json\/wp\/v2\/media\/6723"}],"wp:attachment":[{"href":"https:\/\/wpachem.com\/vi\/wp-json\/wp\/v2\/media?parent=6722"}],"wp:term":[{"taxonomy":"product_brand","embeddable":true,"href":"https:\/\/wpachem.com\/vi\/wp-json\/wp\/v2\/product_brand?post=6722"},{"taxonomy":"product_cat","embeddable":true,"href":"https:\/\/wpachem.com\/vi\/wp-json\/wp\/v2\/product_cat?post=6722"},{"taxonomy":"product_tag","embeddable":true,"href":"https:\/\/wpachem.com\/vi\/wp-json\/wp\/v2\/product_tag?post=6722"}],"curies":[{"name":"wp","href":"https:\/\/api.w.org\/{rel}","templated":true}]}}