{"id":6727,"date":"2024-02-26T03:25:37","date_gmt":"2024-02-26T03:25:37","guid":{"rendered":"https:\/\/wpachem.com\/?post_type=product&#038;p=6727"},"modified":"2024-02-26T03:29:53","modified_gmt":"2024-02-26T03:29:53","slug":"manganese-gluconate-cas-6485-39-8","status":"publish","type":"product","link":"https:\/\/wpachem.com\/vi\/product\/manganese-gluconate-cas-6485-39-8\/","title":{"rendered":"Mangan Gluconat CAS 6485-39-8"},"content":{"rendered":"<h3 class=\"magic-2\" data-spm-anchor-id=\"a2700.details.0.i21.5c9d52f0Rx0oYu\">V\u1ebb b\u1ec1 ngo\u00e0i:<\/h3>\n<p>B\u1ed9t tinh th\u1ec3 m\u00e0u n\u00e2u \u0111\u1ecf<\/p>\n<div class=\"magic-5\">\n<div class=\"magic-6\">\n<div class=\"magic-7\">\n<div><span class=\"magic-4\" style=\"font-family: Verdana\"><b>\u1ee8ng d\u1ee5ng s\u1ea3n ph\u1ea9m:<\/b><\/span><\/div>\n<div>\n<p>Mangan gluconat \u0111\u01b0\u1ee3c s\u1eed d\u1ee5ng r\u1ed9ng r\u00e3i trong y h\u1ecdc, m\u1ef9 ph\u1ea9m, ph\u1ee5 gia th\u1ef1c ph\u1ea9m v\u00e0 c\u00e1c l\u0129nh v\u1ef1c kh\u00e1c.<\/p>\n<p>N\u00f3 c\u00f3 t\u00e1c d\u1ee5ng b\u1ed5 sung mangan v\u00e0 c\u00f3 th\u1ec3 \u0111\u01b0\u1ee3c s\u1eed d\u1ee5ng \u0111\u1ec3 \u0111i\u1ec1u tr\u1ecb t\u00ecnh tr\u1ea1ng thi\u1ebfu mangan.<\/p>\n<p>N\u00f3 c\u0169ng c\u00f3 t\u00e1c d\u1ee5ng ch\u1ed1ng oxy h\u00f3a v\u00e0 ch\u1ed1ng vi\u00eam v\u00e0 c\u00f3 t\u00e1c d\u1ee5ng nh\u1ea5t \u0111\u1ecbnh trong vi\u1ec7c ng\u0103n ng\u1eeba v\u00e0 c\u1ea3i thi\u1ec7n m\u1ed9t s\u1ed1 b\u1ec7nh.<\/p>\n<p>Trong m\u1ef9 ph\u1ea9m, mangan gluconat c\u00f3 th\u1ec3 \u0111\u01b0\u1ee3c s\u1eed d\u1ee5ng nh\u01b0 m\u1ed9t th\u00e0nh ph\u1ea7n th\u00fac \u0111\u1ea9y qu\u00e1 tr\u00ecnh trao \u0111\u1ed5i ch\u1ea5t c\u1ee7a da v\u00e0 b\u1ea3o v\u1ec7 da kh\u1ecfi t\u00e1c h\u1ea1i c\u1ee7a c\u00e1c g\u1ed1c t\u1ef1 do.<\/p>\n<p>Trong ph\u1ee5 gia th\u1ef1c ph\u1ea9m, n\u00f3 c\u00f3 th\u1ec3 \u0111\u01b0\u1ee3c s\u1eed d\u1ee5ng thay th\u1ebf cho ch\u1ea5t ch\u1ed1ng oxy h\u00f3a, ch\u1ea5t b\u1ea3o qu\u1ea3n v\u00e0 ch\u1ea5t t\u1ea1o m\u00e0u.<\/p>\n<\/div>\n<\/div>\n<\/div>\n<\/div>","protected":false},"excerpt":{"rendered":"<p>T\u00ean s\u1ea3n ph\u1ea9m: Mangan Gluconate<br \/>\nS\u1ed1 CAS: 6485-39-8<br \/>\nMF:C12H20MnO14<br \/>\nNgo\u1ea1i quan: B\u1ed9t tinh th\u1ec3 m\u00e0u n\u00e2u \u0111\u1ecf<\/p>","protected":false},"featured_media":6729,"template":"","meta":{"_acf_changed":false,"_gspb_post_css":""},"product_brand":[],"product_cat":[55,103],"product_tag":[],"class_list":{"0":"post-6727","1":"product","2":"type-product","3":"status-publish","4":"has-post-thumbnail","6":"product_cat-food-additives","7":"product_cat-nutrition-enhancer","9":"first","10":"instock","11":"shipping-taxable","12":"product-type-simple"},"acf":[],"_links":{"self":[{"href":"https:\/\/wpachem.com\/vi\/wp-json\/wp\/v2\/product\/6727","targetHints":{"allow":["GET"]}}],"collection":[{"href":"https:\/\/wpachem.com\/vi\/wp-json\/wp\/v2\/product"}],"about":[{"href":"https:\/\/wpachem.com\/vi\/wp-json\/wp\/v2\/types\/product"}],"version-history":[{"count":0,"href":"https:\/\/wpachem.com\/vi\/wp-json\/wp\/v2\/product\/6727\/revisions"}],"wp:featuredmedia":[{"embeddable":true,"href":"https:\/\/wpachem.com\/vi\/wp-json\/wp\/v2\/media\/6729"}],"wp:attachment":[{"href":"https:\/\/wpachem.com\/vi\/wp-json\/wp\/v2\/media?parent=6727"}],"wp:term":[{"taxonomy":"product_brand","embeddable":true,"href":"https:\/\/wpachem.com\/vi\/wp-json\/wp\/v2\/product_brand?post=6727"},{"taxonomy":"product_cat","embeddable":true,"href":"https:\/\/wpachem.com\/vi\/wp-json\/wp\/v2\/product_cat?post=6727"},{"taxonomy":"product_tag","embeddable":true,"href":"https:\/\/wpachem.com\/vi\/wp-json\/wp\/v2\/product_tag?post=6727"}],"curies":[{"name":"wp","href":"https:\/\/api.w.org\/{rel}","templated":true}]}}