{"id":6730,"date":"2024-02-26T03:30:17","date_gmt":"2024-02-26T03:30:17","guid":{"rendered":"https:\/\/wpachem.com\/?post_type=product&#038;p=6730"},"modified":"2024-02-26T03:31:50","modified_gmt":"2024-02-26T03:31:50","slug":"potassium-gluconate-cas-299-27-4","status":"publish","type":"product","link":"https:\/\/wpachem.com\/vi\/product\/potassium-gluconate-cas-299-27-4\/","title":{"rendered":"Kali Gluconat CAS 299-27-4"},"content":{"rendered":"<h3 class=\"magic-2\" data-spm-anchor-id=\"a2700.details.0.i21.5c9d52f0Rx0oYu\">V\u1ebb b\u1ec1 ngo\u00e0i:<\/h3>\n<p>Tinh th\u1ec3 kh\u00f4ng m\u00e0u ho\u1eb7c ch\u1ea5t r\u1eafn d\u1ea1ng h\u1ea1t m\u00e0u tr\u1eafng<\/p>\n<div class=\"magic-5\">\n<div class=\"magic-6\">\n<div class=\"magic-7\">\n<div><span class=\"magic-4\" style=\"font-family: Verdana\"><b>\u1ee8ng d\u1ee5ng s\u1ea3n ph\u1ea9m:<\/b><\/span><\/div>\n<div>\n<p>1. Kali gluconat \u0111\u01b0\u1ee3c s\u1eed d\u1ee5ng r\u1ed9ng r\u00e3i trong ng\u00e0nh c\u00f4ng nghi\u1ec7p th\u1ef1c ph\u1ea9m nh\u01b0 m\u1ed9t ch\u1ea5t t\u1ea1o axit v\u00e0 b\u1ea3o qu\u1ea3n th\u1ef1c ph\u1ea9m.<br \/>\n2. C\u00f3 th\u1ec3 \u0111i\u1ec1u ch\u1ec9nh \u0111\u1ed9 chua c\u1ee7a th\u1ef1c ph\u1ea9m v\u00e0 \u0111\u1ed3 u\u1ed1ng v\u00e0 t\u0103ng c\u01b0\u1eddng h\u01b0\u01a1ng v\u1ecb c\u1ee7a th\u1ef1c ph\u1ea9m.<br \/>\n3. Kali gluconat c\u0169ng \u0111\u01b0\u1ee3c s\u1eed d\u1ee5ng nh\u01b0 m\u1ed9t ch\u1ea5t b\u1ea3o qu\u1ea3n th\u1ef1c ph\u1ea9m \u0111\u1ec3 ng\u0103n ng\u1eeba s\u1ef1 ph\u00e1t tri\u1ec3n c\u1ee7a vi khu\u1ea9n v\u00e0 s\u1ef1 h\u01b0 h\u1ecfng th\u1ef1c ph\u1ea9m.<br \/>\n4. Ngo\u00e0i ra, kali gluconat c\u00f2n \u0111\u01b0\u1ee3c s\u1eed d\u1ee5ng trong c\u00e1c s\u1ea3n ph\u1ea9m d\u01b0\u1ee3c ph\u1ea9m v\u00e0 m\u1ef9 ph\u1ea9m nh\u01b0 m\u1ed9t ch\u1ea5t t\u1ea1o h\u01b0\u01a1ng v\u1ecb v\u00e0 ch\u1ea5t \u0111\u1ec7m.<\/p>\n<\/div>\n<\/div>\n<\/div>\n<\/div>","protected":false},"excerpt":{"rendered":"<p>T\u00ean s\u1ea3n ph\u1ea9m:Kali Gluconate<br \/>\nS\u1ed1 CAS: 299-27-4<br \/>\nMF:C6H11KO7<br \/>\nNgo\u1ea1i quan: Tinh th\u1ec3 kh\u00f4ng m\u00e0u ho\u1eb7c ch\u1ea5t r\u1eafn d\u1ea1ng h\u1ea1t m\u00e0u tr\u1eafng<\/p>","protected":false},"featured_media":2161,"template":"","meta":{"_acf_changed":false,"_gspb_post_css":""},"product_brand":[],"product_cat":[55,103],"product_tag":[],"class_list":{"0":"post-6730","1":"product","2":"type-product","3":"status-publish","4":"has-post-thumbnail","6":"product_cat-food-additives","7":"product_cat-nutrition-enhancer","9":"first","10":"instock","11":"shipping-taxable","12":"product-type-simple"},"acf":[],"_links":{"self":[{"href":"https:\/\/wpachem.com\/vi\/wp-json\/wp\/v2\/product\/6730","targetHints":{"allow":["GET"]}}],"collection":[{"href":"https:\/\/wpachem.com\/vi\/wp-json\/wp\/v2\/product"}],"about":[{"href":"https:\/\/wpachem.com\/vi\/wp-json\/wp\/v2\/types\/product"}],"version-history":[{"count":0,"href":"https:\/\/wpachem.com\/vi\/wp-json\/wp\/v2\/product\/6730\/revisions"}],"wp:featuredmedia":[{"embeddable":true,"href":"https:\/\/wpachem.com\/vi\/wp-json\/wp\/v2\/media\/2161"}],"wp:attachment":[{"href":"https:\/\/wpachem.com\/vi\/wp-json\/wp\/v2\/media?parent=6730"}],"wp:term":[{"taxonomy":"product_brand","embeddable":true,"href":"https:\/\/wpachem.com\/vi\/wp-json\/wp\/v2\/product_brand?post=6730"},{"taxonomy":"product_cat","embeddable":true,"href":"https:\/\/wpachem.com\/vi\/wp-json\/wp\/v2\/product_cat?post=6730"},{"taxonomy":"product_tag","embeddable":true,"href":"https:\/\/wpachem.com\/vi\/wp-json\/wp\/v2\/product_tag?post=6730"}],"curies":[{"name":"wp","href":"https:\/\/api.w.org\/{rel}","templated":true}]}}