{"id":6734,"date":"2024-02-26T03:34:37","date_gmt":"2024-02-26T03:34:37","guid":{"rendered":"https:\/\/wpachem.com\/?post_type=product&#038;p=6734"},"modified":"2024-02-26T03:36:09","modified_gmt":"2024-02-26T03:36:09","slug":"potassium-chloride-cas-7447-40-7","status":"publish","type":"product","link":"https:\/\/wpachem.com\/vi\/product\/potassium-chloride-cas-7447-40-7\/","title":{"rendered":"Kali Clorua CAS 7447-40-7"},"content":{"rendered":"<h3 class=\"magic-2\" data-spm-anchor-id=\"a2700.details.0.i21.5c9d52f0Rx0oYu\">V\u1ebb b\u1ec1 ngo\u00e0i:<\/h3>\n<p>B\u1ed9t tinh th\u1ec3 m\u00e0u tr\u1eafng<\/p>\n<div class=\"magic-5\">\n<div class=\"magic-6\">\n<div class=\"magic-7\">\n<div><span class=\"magic-4\" style=\"font-family: Verdana\"><b>\u1ee8ng d\u1ee5ng s\u1ea3n ph\u1ea9m:<\/b><\/span><\/div>\n<div>\n<p>Kali clorua \u0111\u01b0\u1ee3c s\u1eed d\u1ee5ng r\u1ed9ng r\u00e3i trong n\u00f4ng nghi\u1ec7p nh\u01b0 m\u1ed9t lo\u1ea1i ph\u00e2n b\u00f3n \u0111\u1ec3 cung c\u1ea5p l\u01b0\u1ee3ng kali c\u1ea7n thi\u1ebft cho c\u00e2y tr\u1ed3ng.<br \/>\nTrong ch\u1ebf bi\u1ebfn th\u1ef1c ph\u1ea9m, kali clorua c\u00f3 th\u1ec3 \u0111\u01b0\u1ee3c s\u1eed d\u1ee5ng nh\u01b0 m\u1ed9t ch\u1ea5t t\u1ea1o h\u01b0\u01a1ng v\u1ecb thay th\u1ebf mu\u1ed1i \u0103n \u0111\u1ec3 gi\u1ea3m l\u01b0\u1ee3ng natri h\u1ea5p th\u1ee5.<br \/>\nTrong l\u0129nh v\u1ef1c d\u01b0\u1ee3c ph\u1ea9m, kali clorua \u0111\u01b0\u1ee3c s\u1eed d\u1ee5ng \u0111\u1ec3 pha ch\u1ebf d\u1ecbch truy\u1ec1n t\u0129nh m\u1ea1ch v\u00e0 dung d\u1ecbch b\u00f9 n\u01b0\u1edbc \u0111i\u1ec7n gi\u1ea3i.<br \/>\nKali clorua c\u0169ng \u0111\u01b0\u1ee3c d\u00f9ng \u0111\u1ec3 \u0111i\u1ec1u ch\u1ebf c\u00e1c h\u1ee3p ch\u1ea5t kh\u00e1c nh\u01b0 \u0111\u1ed3ng clorua, thi\u1ebfc clorua, v.v.<\/p>\n<\/div>\n<\/div>\n<\/div>\n<\/div>","protected":false},"excerpt":{"rendered":"<p>T\u00ean s\u1ea3n ph\u1ea9m: Kali clorua<br \/>\nS\u1ed1 CAS: 7447-40-7<br \/>\nMF:ClK<br \/>\nNgo\u1ea1i quan: B\u1ed9t tinh th\u1ec3 m\u00e0u tr\u1eafng<\/p>","protected":false},"featured_media":2161,"template":"","meta":{"_acf_changed":false,"_gspb_post_css":""},"product_brand":[],"product_cat":[55,103],"product_tag":[],"class_list":{"0":"post-6734","1":"product","2":"type-product","3":"status-publish","4":"has-post-thumbnail","6":"product_cat-food-additives","7":"product_cat-nutrition-enhancer","9":"first","10":"instock","11":"shipping-taxable","12":"product-type-simple"},"acf":[],"_links":{"self":[{"href":"https:\/\/wpachem.com\/vi\/wp-json\/wp\/v2\/product\/6734","targetHints":{"allow":["GET"]}}],"collection":[{"href":"https:\/\/wpachem.com\/vi\/wp-json\/wp\/v2\/product"}],"about":[{"href":"https:\/\/wpachem.com\/vi\/wp-json\/wp\/v2\/types\/product"}],"version-history":[{"count":0,"href":"https:\/\/wpachem.com\/vi\/wp-json\/wp\/v2\/product\/6734\/revisions"}],"wp:featuredmedia":[{"embeddable":true,"href":"https:\/\/wpachem.com\/vi\/wp-json\/wp\/v2\/media\/2161"}],"wp:attachment":[{"href":"https:\/\/wpachem.com\/vi\/wp-json\/wp\/v2\/media?parent=6734"}],"wp:term":[{"taxonomy":"product_brand","embeddable":true,"href":"https:\/\/wpachem.com\/vi\/wp-json\/wp\/v2\/product_brand?post=6734"},{"taxonomy":"product_cat","embeddable":true,"href":"https:\/\/wpachem.com\/vi\/wp-json\/wp\/v2\/product_cat?post=6734"},{"taxonomy":"product_tag","embeddable":true,"href":"https:\/\/wpachem.com\/vi\/wp-json\/wp\/v2\/product_tag?post=6734"}],"curies":[{"name":"wp","href":"https:\/\/api.w.org\/{rel}","templated":true}]}}