{"id":6738,"date":"2024-02-26T03:39:22","date_gmt":"2024-02-26T03:39:22","guid":{"rendered":"https:\/\/wpachem.com\/?post_type=product&#038;p=6738"},"modified":"2024-02-26T03:40:28","modified_gmt":"2024-02-26T03:40:28","slug":"monosodium-fumarate-cas-7704-73-6","status":"publish","type":"product","link":"https:\/\/wpachem.com\/vi\/product\/monosodium-fumarate-cas-7704-73-6\/","title":{"rendered":"Mononatri fumarat CAS 7704-73-6"},"content":{"rendered":"<h3 class=\"magic-2\" data-spm-anchor-id=\"a2700.details.0.i21.5c9d52f0Rx0oYu\">V\u1ebb b\u1ec1 ngo\u00e0i:<\/h3>\n<p>B\u1ed9t tinh th\u1ec3 m\u00e0u tr\u1eafng<\/p>\n<div class=\"magic-5\">\n<div class=\"magic-6\">\n<div class=\"magic-7\">\n<div><span class=\"magic-4\" style=\"font-family: Verdana\"><b>\u1ee8ng d\u1ee5ng s\u1ea3n ph\u1ea9m:<\/b><\/span><\/div>\n<div>\n<p>Mononatri fumarate \u0111\u01b0\u1ee3c s\u1eed d\u1ee5ng nh\u01b0 m\u1ed9t ch\u1ea5t t\u1ea1o chua, ch\u1ea5t \u0111\u1ec7m, ch\u1ea5t t\u1ea1o h\u01b0\u01a1ng v\u1ecb v\u00e0 ph\u1ee5 gia ch\u1ed1ng oxy h\u00f3a. \u0110\u01b0\u1ee3c s\u1eed d\u1ee5ng \u0111\u1ec3 ch\u1ebf bi\u1ebfn r\u01b0\u1ee3u vang, \u0111\u1ed3 u\u1ed1ng gi\u1ea3i kh\u00e1t, s\u1ea3n ph\u1ea9m b\u00e1nh k\u1eb9o, n\u01b0\u1edbc \u00e9p d\u1ea1ng b\u1ed9t, tr\u00e1i c\u00e2y \u0111\u00f3ng h\u1ed9p, \u0111\u1ed3 u\u1ed1ng l\u1ea1nh, m\u1ee9t, th\u1ea1ch, v.v. Ch\u1ea5t t\u1ea1o b\u1ecdt h\u1ed7n h\u1ee3p \u0111\u1ec3 ch\u1ebf bi\u1ebfn b\u00e1nh m\u00ec, b\u00e1nh quy, v.v. Th\u01b0\u1eddng k\u1ebft h\u1ee3p v\u1edbi axit DL-malic, axit citric v\u00e0 c\u00e1c axit h\u1eefu c\u01a1 kh\u00e1c.<\/p>\n<\/div>\n<\/div>\n<\/div>\n<\/div>","protected":false},"excerpt":{"rendered":"<p>T\u00ean s\u1ea3n ph\u1ea9m: Mononatri Fumarate<br \/>\nS\u1ed1 CAS: 7704-73-6<br \/>\nMF:C4H3NaO4<br \/>\nNgo\u1ea1i quan: B\u1ed9t tinh th\u1ec3 m\u00e0u tr\u1eafng<\/p>","protected":false},"featured_media":2161,"template":"","meta":{"_acf_changed":false,"_gspb_post_css":""},"product_brand":[],"product_cat":[55,103],"product_tag":[],"class_list":{"0":"post-6738","1":"product","2":"type-product","3":"status-publish","4":"has-post-thumbnail","6":"product_cat-food-additives","7":"product_cat-nutrition-enhancer","9":"first","10":"instock","11":"shipping-taxable","12":"product-type-simple"},"acf":[],"_links":{"self":[{"href":"https:\/\/wpachem.com\/vi\/wp-json\/wp\/v2\/product\/6738","targetHints":{"allow":["GET"]}}],"collection":[{"href":"https:\/\/wpachem.com\/vi\/wp-json\/wp\/v2\/product"}],"about":[{"href":"https:\/\/wpachem.com\/vi\/wp-json\/wp\/v2\/types\/product"}],"version-history":[{"count":0,"href":"https:\/\/wpachem.com\/vi\/wp-json\/wp\/v2\/product\/6738\/revisions"}],"wp:featuredmedia":[{"embeddable":true,"href":"https:\/\/wpachem.com\/vi\/wp-json\/wp\/v2\/media\/2161"}],"wp:attachment":[{"href":"https:\/\/wpachem.com\/vi\/wp-json\/wp\/v2\/media?parent=6738"}],"wp:term":[{"taxonomy":"product_brand","embeddable":true,"href":"https:\/\/wpachem.com\/vi\/wp-json\/wp\/v2\/product_brand?post=6738"},{"taxonomy":"product_cat","embeddable":true,"href":"https:\/\/wpachem.com\/vi\/wp-json\/wp\/v2\/product_cat?post=6738"},{"taxonomy":"product_tag","embeddable":true,"href":"https:\/\/wpachem.com\/vi\/wp-json\/wp\/v2\/product_tag?post=6738"}],"curies":[{"name":"wp","href":"https:\/\/api.w.org\/{rel}","templated":true}]}}