{"id":6740,"date":"2024-02-26T03:42:46","date_gmt":"2024-02-26T03:42:46","guid":{"rendered":"https:\/\/wpachem.com\/?post_type=product&#038;p=6740"},"modified":"2024-02-26T03:45:02","modified_gmt":"2024-02-26T03:45:02","slug":"sappsodium-acid-pyrophosphate-cas-7758-16-9","status":"publish","type":"product","link":"https:\/\/wpachem.com\/vi\/product\/sappsodium-acid-pyrophosphate-cas-7758-16-9\/","title":{"rendered":"SAPP (Natri Axit Pyrophosphat) CAS 7758-16-9"},"content":{"rendered":"<h3 class=\"magic-2\" data-spm-anchor-id=\"a2700.details.0.i21.5c9d52f0Rx0oYu\">V\u1ebb b\u1ec1 ngo\u00e0i:<\/h3>\n<p>B\u1ed9t tinh th\u1ec3 m\u00e0u tr\u1eafng<\/p>\n<div class=\"magic-5\">\n<div class=\"magic-6\">\n<div class=\"magic-7\">\n<div><span class=\"magic-4\" style=\"font-family: Verdana\"><b>\u1ee8ng d\u1ee5ng s\u1ea3n ph\u1ea9m:<\/b><\/span><\/div>\n<div>\n<p>1. Ph\u1ee5 gia th\u1ef1c ph\u1ea9m: Disodium dihydrogen pyrophosphate c\u00f3 th\u1ec3 \u0111\u01b0\u1ee3c s\u1eed d\u1ee5ng l\u00e0m ph\u1ee5 gia th\u1ef1c ph\u1ea9m \u0111\u1ec3 \u0111i\u1ec1u ch\u1ec9nh \u0111\u1ed9 pH, \u1ed5n \u0111\u1ecbnh gi\u00e1 tr\u1ecb pH v\u00e0 \u0111\u00f3ng vai tr\u00f2 b\u1ea3o qu\u1ea3n \u0111\u1ed9 t\u01b0\u01a1i v\u00e0 b\u1ea3o v\u1ec7 ch\u1ea5t l\u01b0\u1ee3ng th\u1ef1c ph\u1ea9m.<br \/>\n2. X\u1eed l\u00fd b\u1ec1 m\u1eb7t kim lo\u1ea1i: C\u00f3 th\u1ec3 d\u00f9ng l\u00e0m ch\u1ea5t x\u1eed l\u00fd b\u1ec1 m\u1eb7t kim lo\u1ea1i \u0111\u1ec3 lo\u1ea1i b\u1ecf oxit v\u00e0 r\u1ec9 s\u00e9t, do \u0111\u00f3 c\u1ea3i thi\u1ec7n \u0111\u1ed9 b\u00e1m d\u00ednh c\u1ee7a b\u1ec1 m\u1eb7t kim lo\u1ea1i.<br \/>\n3. Ph\u00e2n t\u00edch h\u00f3a h\u1ecdc: Natri dihydro pyrophosphate c\u00f3 th\u1ec3 \u0111\u01b0\u1ee3c s\u1eed d\u1ee5ng l\u00e0m ch\u1ea5t \u0111\u1ec7m v\u00e0 thu\u1ed1c th\u1eed trong ph\u00e2n t\u00edch h\u00f3a h\u1ecdc.<\/p>\n<\/div>\n<\/div>\n<\/div>\n<\/div>","protected":false},"excerpt":{"rendered":"<p>T\u00ean s\u1ea3n ph\u1ea9m: SAPP (Natri axit pyrophosphat)<br \/>\nS\u1ed1 CAS: 7758-16-9<br \/>\nMF:H2Na2O7P2<br \/>\nNgo\u1ea1i quan: B\u1ed9t tinh th\u1ec3 m\u00e0u tr\u1eafng<\/p>","protected":false},"featured_media":2161,"template":"","meta":{"_acf_changed":false,"_gspb_post_css":""},"product_brand":[],"product_cat":[55,121],"product_tag":[],"class_list":{"0":"post-6740","1":"product","2":"type-product","3":"status-publish","4":"has-post-thumbnail","6":"product_cat-food-additives","7":"product_cat-phosphates","9":"first","10":"instock","11":"shipping-taxable","12":"product-type-simple"},"acf":[],"_links":{"self":[{"href":"https:\/\/wpachem.com\/vi\/wp-json\/wp\/v2\/product\/6740","targetHints":{"allow":["GET"]}}],"collection":[{"href":"https:\/\/wpachem.com\/vi\/wp-json\/wp\/v2\/product"}],"about":[{"href":"https:\/\/wpachem.com\/vi\/wp-json\/wp\/v2\/types\/product"}],"version-history":[{"count":0,"href":"https:\/\/wpachem.com\/vi\/wp-json\/wp\/v2\/product\/6740\/revisions"}],"wp:featuredmedia":[{"embeddable":true,"href":"https:\/\/wpachem.com\/vi\/wp-json\/wp\/v2\/media\/2161"}],"wp:attachment":[{"href":"https:\/\/wpachem.com\/vi\/wp-json\/wp\/v2\/media?parent=6740"}],"wp:term":[{"taxonomy":"product_brand","embeddable":true,"href":"https:\/\/wpachem.com\/vi\/wp-json\/wp\/v2\/product_brand?post=6740"},{"taxonomy":"product_cat","embeddable":true,"href":"https:\/\/wpachem.com\/vi\/wp-json\/wp\/v2\/product_cat?post=6740"},{"taxonomy":"product_tag","embeddable":true,"href":"https:\/\/wpachem.com\/vi\/wp-json\/wp\/v2\/product_tag?post=6740"}],"curies":[{"name":"wp","href":"https:\/\/api.w.org\/{rel}","templated":true}]}}