{"id":6742,"date":"2024-02-26T03:45:21","date_gmt":"2024-02-26T03:45:21","guid":{"rendered":"https:\/\/wpachem.com\/?post_type=product&#038;p=6742"},"modified":"2024-02-26T03:47:00","modified_gmt":"2024-02-26T03:47:00","slug":"tspptetrasodium-pyrophosphate-cas-7722-88-5","status":"publish","type":"product","link":"https:\/\/wpachem.com\/vi\/product\/tspptetrasodium-pyrophosphate-cas-7722-88-5\/","title":{"rendered":"TSPP (Tetrasodium pyrophosphate) CAS 7722-88-5"},"content":{"rendered":"<h3 class=\"magic-2\" data-spm-anchor-id=\"a2700.details.0.i21.5c9d52f0Rx0oYu\">V\u1ebb b\u1ec1 ngo\u00e0i:<\/h3>\n<p>B\u1ed9t tinh th\u1ec3 m\u00e0u tr\u1eafng<\/p>\n<div class=\"magic-5\">\n<div class=\"magic-6\">\n<div class=\"magic-7\">\n<div><span class=\"magic-4\" style=\"font-family: Verdana\"><b>\u1ee8ng d\u1ee5ng s\u1ea3n ph\u1ea9m:<\/b><\/span><\/div>\n<div>\n<p>N\u00f3 c\u00f3 ph\u1ea1m vi \u1ee9ng d\u1ee5ng r\u1ed9ng r\u00e3i trong c\u00f4ng nghi\u1ec7p. N\u00f3 c\u00f3 th\u1ec3 \u0111\u01b0\u1ee3c s\u1eed d\u1ee5ng nh\u01b0 ch\u1ea5t \u1ee9c ch\u1ebf \u0103n m\u00f2n, ch\u1ea5t \u1ee9c ch\u1ebf r\u1ec9 s\u00e9t v\u00e0 ch\u1ea5t l\u00e0m tan ch\u1ea3y;<br \/>\nTrong ng\u00e0nh c\u00f4ng nghi\u1ec7p th\u1ef1c ph\u1ea9m, n\u00f3 l\u00e0 th\u00e0nh ph\u1ea7n quan tr\u1ecdng c\u1ee7a ch\u1ea5t nh\u0169 h\u00f3a, ch\u1ea5t t\u1ea1o b\u1ecdt v\u00e0 ch\u1ea5t l\u00e0m \u0111\u1eb7c;<br \/>\nN\u00f3 c\u0169ng c\u00f3 th\u1ec3 \u0111\u01b0\u1ee3c s\u1eed d\u1ee5ng trong c\u00e1c l\u0129nh v\u1ef1c nh\u01b0 x\u1eed l\u00fd n\u01b0\u1edbc, ch\u1ea5t t\u1ea9y r\u1eeda v\u00e0 l\u00e0m s\u1ea1ch kim lo\u1ea1i.<\/p>\n<\/div>\n<\/div>\n<\/div>\n<\/div>","protected":false},"excerpt":{"rendered":"<p>T\u00ean s\u1ea3n ph\u1ea9m: TSPP (Tetrasodium pyrophosphate)<br \/>\nS\u1ed1 CAS: 7722-88-5<br \/>\nMF:Na4O7P2<br \/>\nNgo\u1ea1i quan: B\u1ed9t tinh th\u1ec3 m\u00e0u tr\u1eafng<\/p>","protected":false},"featured_media":2161,"template":"","meta":{"_acf_changed":false,"_gspb_post_css":""},"product_brand":[],"product_cat":[55,121],"product_tag":[],"class_list":{"0":"post-6742","1":"product","2":"type-product","3":"status-publish","4":"has-post-thumbnail","6":"product_cat-food-additives","7":"product_cat-phosphates","9":"first","10":"instock","11":"shipping-taxable","12":"product-type-simple"},"acf":[],"_links":{"self":[{"href":"https:\/\/wpachem.com\/vi\/wp-json\/wp\/v2\/product\/6742","targetHints":{"allow":["GET"]}}],"collection":[{"href":"https:\/\/wpachem.com\/vi\/wp-json\/wp\/v2\/product"}],"about":[{"href":"https:\/\/wpachem.com\/vi\/wp-json\/wp\/v2\/types\/product"}],"version-history":[{"count":0,"href":"https:\/\/wpachem.com\/vi\/wp-json\/wp\/v2\/product\/6742\/revisions"}],"wp:featuredmedia":[{"embeddable":true,"href":"https:\/\/wpachem.com\/vi\/wp-json\/wp\/v2\/media\/2161"}],"wp:attachment":[{"href":"https:\/\/wpachem.com\/vi\/wp-json\/wp\/v2\/media?parent=6742"}],"wp:term":[{"taxonomy":"product_brand","embeddable":true,"href":"https:\/\/wpachem.com\/vi\/wp-json\/wp\/v2\/product_brand?post=6742"},{"taxonomy":"product_cat","embeddable":true,"href":"https:\/\/wpachem.com\/vi\/wp-json\/wp\/v2\/product_cat?post=6742"},{"taxonomy":"product_tag","embeddable":true,"href":"https:\/\/wpachem.com\/vi\/wp-json\/wp\/v2\/product_tag?post=6742"}],"curies":[{"name":"wp","href":"https:\/\/api.w.org\/{rel}","templated":true}]}}