{"id":6785,"date":"2024-02-27T08:34:48","date_gmt":"2024-02-27T08:34:48","guid":{"rendered":"https:\/\/wpachem.com\/?post_type=product&#038;p=6785"},"modified":"2024-02-27T08:34:48","modified_gmt":"2024-02-27T08:34:48","slug":"isopropylxanthic-disulfide-dip-cas-105-65-7","status":"publish","type":"product","link":"https:\/\/wpachem.com\/vi\/product\/isopropylxanthic-disulfide-dip-cas-105-65-7\/","title":{"rendered":"Isopropylxanthic disulfide DIP CAS 105-65-7"},"content":{"rendered":"<article class=\"4ever-article\" data-clipboard-cangjie=\"[&quot;root&quot;,{},[&quot;p&quot;,{&quot;jc&quot;:&quot;left&quot;,&quot;ind&quot;:{&quot;left&quot;:0},&quot;spacing&quot;:{&quot;before&quot;:6.66667,&quot;after&quot;:6.66667,&quot;line&quot;:1},&quot;uuid&quot;:&quot;lswtfsvs3vee7i5x5ul&quot;},[&quot;span&quot;,{&quot;data-type&quot;:&quot;text&quot;},[&quot;span&quot;,{&quot;bold&quot;:true,&quot;sz&quot;:14,&quot;szUnit&quot;:&quot;pt&quot;,&quot;data-type&quot;:&quot;leaf&quot;},&quot;Characteristic&quot;]]],[&quot;p&quot;,{&quot;jc&quot;:&quot;left&quot;,&quot;ind&quot;:{&quot;left&quot;:0},&quot;spacing&quot;:{&quot;before&quot;:6.66667,&quot;after&quot;:6.66667,&quot;line&quot;:1},&quot;uuid&quot;:&quot;lswvus86sh5ignyri&quot;},[&quot;span&quot;,{&quot;data-type&quot;:&quot;text&quot;},[&quot;span&quot;,{&quot;sz&quot;:9,&quot;szUnit&quot;:&quot;pt&quot;,&quot;color&quot;:&quot;rgb(147, 149, 153)&quot;,&quot;data-type&quot;:&quot;leaf&quot;},&quot;The industrial products are light yellow to bluish green crystal particles. The relative density (20\/4\u2103) is 1.28. Melting point \u226552\u2103. Insoluble in water, soluble in ethanol, acetone, benzene, gasoline and other organic solvents.&quot;]]],[&quot;p&quot;,{&quot;jc&quot;:&quot;left&quot;,&quot;ind&quot;:{&quot;left&quot;:0},&quot;spacing&quot;:{&quot;before&quot;:6.66667,&quot;after&quot;:6.66667,&quot;line&quot;:1},&quot;uuid&quot;:&quot;lswtg02ah8hjo3elwjc&quot;},[&quot;span&quot;,{&quot;data-type&quot;:&quot;text&quot;},[&quot;span&quot;,{&quot;bold&quot;:true,&quot;color&quot;:&quot;rgb(0, 0, 0)&quot;,&quot;sz&quot;:14,&quot;szUnit&quot;:&quot;pt&quot;,&quot;data-type&quot;:&quot;leaf&quot;},&quot;Application:&quot;]]],[&quot;p&quot;,{&quot;jc&quot;:&quot;left&quot;,&quot;ind&quot;:{&quot;left&quot;:0},&quot;spacing&quot;:{&quot;after&quot;:5.33333,&quot;line&quot;:1},&quot;uuid&quot;:&quot;lswtfsvtda07m7e1xm&quot;},[&quot;span&quot;,{&quot;data-type&quot;:&quot;text&quot;},[&quot;span&quot;,{&quot;sz&quot;:9,&quot;szUnit&quot;:&quot;pt&quot;,&quot;color&quot;:&quot;rgb(147, 149, 153)&quot;,&quot;data-type&quot;:&quot;leaf&quot;},&quot;Molecular mass regulator for synthetic rubber polymerization, accelerator for rubber processing. Lubricating oil additives, ore flotation agents, fungicides, herbicides and other synthetic intermediates.&quot;]]],[&quot;p&quot;,{&quot;uuid&quot;:&quot;lt4425xhh3tu4g2ubqg&quot;},[&quot;span&quot;,{&quot;data-type&quot;:&quot;text&quot;},[&quot;span&quot;,{&quot;sz&quot;:9,&quot;szUnit&quot;:&quot;pt&quot;,&quot;color&quot;:&quot;rgb(147, 149, 153)&quot;,&quot;data-type&quot;:&quot;leaf&quot;},&quot;Superaccelerator for natural rubber and latex, styrene-butadiene rubber and latex, nitrile butadiene rubber and recycled rubber. It is mainly used in the manufacture of adhesive cloth, medical and surgical rubber products, rubber shoes, waterproof cloth, artesian glue and latex products.&quot;]]]]\" data-identifier-application__slash__x-cangjie-fragment=\"JTdCJTIya2xhc3MlMjIlM0ElMjJkb2N1bWVudCUyMiUyQyUyMmRhdGElMjIlM0ElN0IlN0QlMkMlMjJub2RlcyUyMiUzQSU1QiU3QiUyMmtsYXNzJTIyJTNBJTIyYmxvY2slMjIlMkMlMjJ0eXBlJTIyJTNBJTIycGFyYWdyYXBoJTIyJTJDJTIyZGF0YSUyMiUzQSU3QiUyMmpjJTIyJTNBJTIybGVmdCUyMiUyQyUyMmluZCUyMiUzQSU3QiUyMmxlZnQlMjIlM0EwJTdEJTJDJTIyc3BhY2luZyUyMiUzQSU3QiUyMmJlZm9yZSUyMiUzQTYuNjY2NjclMkMlMjJhZnRlciUyMiUzQTYuNjY2NjclMkMlMjJsaW5lJTIyJTNBMSU3RCUyQyUyMnV1aWQlMjIlM0ElMjJsc3d0ZnN2czN2ZWU3aTV4NXVsJTIyJTdEJTJDJTIybm9kZXMlMjIlM0ElNUIlN0IlMjJrbGFzcyUyMiUzQSUyMnRleHQlMjIlMkMlMjJsZWF2ZXMlMjIlM0ElNUIlN0IlMjJrbGFzcyUyMiUzQSUyMmxlYWYlMjIlMkMlMjJ0ZXh0JTIyJTNBJTIyQ2hhcmFjdGVyaXN0aWMlMjIlMkMlMjJtYXJrcyUyMiUzQSU1QiU3QiUyMmtsYXNzJTIyJTNBJTIybWFyayUyMiUyQyUyMnR5cGUlMjIlM0ElMjJib2xkJTIyJTJDJTIyZGF0YSUyMiUzQSU3QiU3RCU3RCUyQyU3QiUyMmtsYXNzJTIyJTNBJTIybWFyayUyMiUyQyUyMnR5cGUlMjIlM0ElMjJzeiUyMiUyQyUyMmRhdGElMjIlM0ElN0IlMjJ2YWx1ZSUyMiUzQTE0JTJDJTIyc3pVbml0JTIyJTNBJTIycHQlMjIlN0QlN0QlNUQlN0QlNUQlN0QlNUQlN0QlMkMlN0IlMjJrbGFzcyUyMiUzQSUyMmJsb2NrJTIyJTJDJTIydHlwZSUyMiUzQSUyMnBhcmFncmFwaCUyMiUyQyUyMmRhdGElMjIlM0ElN0IlMjJqYyUyMiUzQSUyMmxlZnQlMjIlMkMlMjJpbmQlMjIlM0ElN0IlMjJsZWZ0JTIyJTNBMCU3RCUyQyUyMnNwYWNpbmclMjIlM0ElN0IlMjJiZWZvcmUlMjIlM0E2LjY2NjY3JTJDJTIyYWZ0ZXIlMjIlM0E2LjY2NjY3JTJDJTIybGluZSUyMiUzQTElN0QlMkMlMjJ1dWlkJTIyJTNBJTIybHN3dnVzODZzaDVpZ255cmklMjIlN0QlMkMlMjJub2RlcyUyMiUzQSU1QiU3QiUyMmtsYXNzJTIyJTNBJTIydGV4dCUyMiUyQyUyMmxlYXZlcyUyMiUzQSU1QiU3QiUyMmtsYXNzJTIyJTNBJTIybGVhZiUyMiUyQyUyMnRleHQlMjIlM0ElMjJUaGUlMjBpbmR1c3RyaWFsJTIwcHJvZHVjdHMlMjBhcmUlMjBsaWdodCUyMHllbGxvdyUyMHRvJTIwYmx1aXNoJTIwZ3JlZW4lMjBjcnlzdGFsJTIwcGFydGljbGVzLiUyMFRoZSUyMHJlbGF0aXZlJTIwZGVuc2l0eSUyMCgyMCUyRjQlRTIlODQlODMpJTIwaXMlMjAxLjI4LiUyME1lbHRpbmclMjBwb2ludCUyMCVFMiU4OSVBNTUyJUUyJTg0JTgzLiUyMEluc29sdWJsZSUyMGluJTIwd2F0ZXIlMkMlMjBzb2x1YmxlJTIwaW4lMjBldGhhbm9sJTJDJTIwYWNldG9uZSUyQyUyMGJlbnplbmUlMkMlMjBnYXNvbGluZSUyMGFuZCUyMG90aGVyJTIwb3JnYW5pYyUyMHNvbHZlbnRzLiUyMiUyQyUyMm1hcmtzJTIyJTNBJTVCJTdCJTIya2xhc3MlMjIlM0ElMjJtYXJrJTIyJTJDJTIydHlwZSUyMiUzQSUyMnN6JTIyJTJDJTIyZGF0YSUyMiUzQSU3QiUyMnZhbHVlJTIyJTNBOSUyQyUyMnN6VW5pdCUyMiUzQSUyMnB0JTIyJTdEJTdEJTJDJTdCJTIya2xhc3MlMjIlM0ElMjJtYXJrJTIyJTJDJTIydHlwZSUyMiUzQSUyMmNvbG9yJTIyJTJDJTIyZGF0YSUyMiUzQSU3QiUyMnZhbHVlJTIyJTNBJTIycmdiKDE0NyUyQyUyMDE0OSUyQyUyMDE1MyklMjIlN0QlN0QlNUQlN0QlNUQlN0QlNUQlN0QlMkMlN0IlMjJrbGFzcyUyMiUzQSUyMmJsb2NrJTIyJTJDJTIydHlwZSUyMiUzQSUyMnBhcmFncmFwaCUyMiUyQyUyMmRhdGElMjIlM0ElN0IlMjJqYyUyMiUzQSUyMmxlZnQlMjIlMkMlMjJpbmQlMjIlM0ElN0IlMjJsZWZ0JTIyJTNBMCU3RCUyQyUyMnNwYWNpbmclMjIlM0ElN0IlMjJiZWZvcmUlMjIlM0E2LjY2NjY3JTJDJTIyYWZ0ZXIlMjIlM0E2LjY2NjY3JTJDJTIybGluZSUyMiUzQTElN0QlMkMlMjJ1dWlkJTIyJTNBJTIybHN3dGcwMmFoOGhqbzNlbHdqYyUyMiU3RCUyQyUyMm5vZGVzJTIyJTNBJTVCJTdCJTIya2xhc3MlMjIlM0ElMjJ0ZXh0JTIyJTJDJTIybGVhdmVzJTIyJTNBJTVCJTdCJTIya2xhc3MlMjIlM0ElMjJsZWFmJTIyJTJDJTIydGV4dCUyMiUzQSUyMkFwcGxpY2F0aW9uJTNBJTIyJTJDJTIybWFya3MlMjIlM0ElNUIlN0IlMjJrbGFzcyUyMiUzQSUyMm1hcmslMjIlMkMlMjJ0eXBlJTIyJTNBJTIyYm9sZCUyMiUyQyUyMmRhdGElMjIlM0ElN0IlN0QlN0QlMkMlN0IlMjJrbGFzcyUyMiUzQSUyMm1hcmslMjIlMkMlMjJ0eXBlJTIyJTNBJTIyY29sb3IlMjIlMkMlMjJkYXRhJTIyJTNBJTdCJTIydmFsdWUlMjIlM0ElMjJyZ2IoMCUyQyUyMDAlMkMlMjAwKSUyMiU3RCU3RCUyQyU3QiUyMmtsYXNzJTIyJTNBJTIybWFyayUyMiUyQyUyMnR5cGUlMjIlM0ElMjJzeiUyMiUyQyUyMmRhdGElMjIlM0ElN0IlMjJ2YWx1ZSUyMiUzQTE0JTJDJTIyc3pVbml0JTIyJTNBJTIycHQlMjIlN0QlN0QlNUQlN0QlNUQlN0QlNUQlN0QlMkMlN0IlMjJrbGFzcyUyMiUzQSUyMmJsb2NrJTIyJTJDJTIydHlwZSUyMiUzQSUyMnBhcmFncmFwaCUyMiUyQyUyMmRhdGElMjIlM0ElN0IlMjJqYyUyMiUzQSUyMmxlZnQlMjIlMkMlMjJpbmQlMjIlM0ElN0IlMjJsZWZ0JTIyJTNBMCU3RCUyQyUyMnNwYWNpbmclMjIlM0ElN0IlMjJhZnRlciUyMiUzQTUuMzMzMzMlMkMlMjJsaW5lJTIyJTNBMSU3RCUyQyUyMnV1aWQlMjIlM0ElMjJsc3d0ZnN2dGRhMDdtN2UxeG0lMjIlN0QlMkMlMjJub2RlcyUyMiUzQSU1QiU3QiUyMmtsYXNzJTIyJTNBJTIydGV4dCUyMiUyQyUyMmxlYXZlcyUyMiUzQSU1QiU3QiUyMmtsYXNzJTIyJTNBJTIybGVhZiUyMiUyQyUyMnRleHQlMjIlM0ElMjJNb2xlY3VsYXIlMjBtYXNzJTIwcmVndWxhdG9yJTIwZm9yJTIwc3ludGhldGljJTIwcnViYmVyJTIwcG9seW1lcml6YXRpb24lMkMlMjBhY2NlbGVyYXRvciUyMGZvciUyMHJ1YmJlciUyMHByb2Nlc3NpbmcuJTIwTHVicmljYXRpbmclMjBvaWwlMjBhZGRpdGl2ZXMlMkMlMjBvcmUlMjBmbG90YXRpb24lMjBhZ2VudHMlMkMlMjBmdW5naWNpZGVzJTJDJTIwaGVyYmljaWRlcyUyMGFuZCUyMG90aGVyJTIwc3ludGhldGljJTIwaW50ZXJtZWRpYXRlcy4lMjIlMkMlMjJtYXJrcyUyMiUzQSU1QiU3QiUyMmtsYXNzJTIyJTNBJTIybWFyayUyMiUyQyUyMnR5cGUlMjIlM0ElMjJzeiUyMiUyQyUyMmRhdGElMjIlM0ElN0IlMjJ2YWx1ZSUyMiUzQTklMkMlMjJzelVuaXQlMjIlM0ElMjJwdCUyMiU3RCU3RCUyQyU3QiUyMmtsYXNzJTIyJTNBJTIybWFyayUyMiUyQyUyMnR5cGUlMjIlM0ElMjJjb2xvciUyMiUyQyUyMmRhdGElMjIlM0ElN0IlMjJ2YWx1ZSUyMiUzQSUyMnJnYigxNDclMkMlMjAxNDklMkMlMjAxNTMpJTIyJTdEJTdEJTVEJTdEJTVEJTdEJTVEJTdEJTJDJTdCJTIya2xhc3MlMjIlM0ElMjJibG9jayUyMiUyQyUyMnR5cGUlMjIlM0ElMjJwYXJhZ3JhcGglMjIlMkMlMjJkYXRhJTIyJTNBJTdCJTIydXVpZCUyMiUzQSUyMmx0NDQyNXhoaDN0dTRnMnVicWclMjIlN0QlMkMlMjJub2RlcyUyMiUzQSU1QiU3QiUyMmtsYXNzJTIyJTNBJTIydGV4dCUyMiUyQyUyMmxlYXZlcyUyMiUzQSU1QiU3QiUyMmtsYXNzJTIyJTNBJTIybGVhZiUyMiUyQyUyMnRleHQlMjIlM0ElMjJTdXBlcmFjY2VsZXJhdG9yJTIwZm9yJTIwbmF0dXJhbCUyMHJ1YmJlciUyMGFuZCUyMGxhdGV4JTJDJTIwc3R5cmVuZS1idXRhZGllbmUlMjBydWJiZXIlMjBhbmQlMjBsYXRleCUyQyUyMG5pdHJpbGUlMjBidXRhZGllbmUlMjBydWJiZXIlMjBhbmQlMjByZWN5Y2xlZCUyMHJ1YmJlci4lMjBJdCUyMGlzJTIwbWFpbmx5JTIwdXNlZCUyMGluJTIwdGhlJTIwbWFudWZhY3R1cmUlMjBvZiUyMGFkaGVzaXZlJTIwY2xvdGglMkMlMjBtZWRpY2FsJTIwYW5kJTIwc3VyZ2ljYWwlMjBydWJiZXIlMjBwcm9kdWN0cyUyQyUyMHJ1YmJlciUyMHNob2VzJTJDJTIwd2F0ZXJwcm9vZiUyMGNsb3RoJTJDJTIwYXJ0ZXNpYW4lMjBnbHVlJTIwYW5kJTIwbGF0ZXglMjBwcm9kdWN0cy4lMjIlMkMlMjJtYXJrcyUyMiUzQSU1QiU3QiUyMmtsYXNzJTIyJTNBJTIybWFyayUyMiUyQyUyMnR5cGUlMjIlM0ElMjJzeiUyMiUyQyUyMmRhdGElMjIlM0ElN0IlMjJ2YWx1ZSUyMiUzQTklMkMlMjJzelVuaXQlMjIlM0ElMjJwdCUyMiU3RCU3RCUyQyU3QiUyMmtsYXNzJTIyJTNBJTIybWFyayUyMiUyQyUyMnR5cGUlMjIlM0ElMjJjb2xvciUyMiUyQyUyMmRhdGElMjIlM0ElN0IlMjJ2YWx1ZSUyMiUzQSUyMnJnYigxNDclMkMlMjAxNDklMkMlMjAxNTMpJTIyJTdEJTdEJTVEJTdEJTVEJTdEJTVEJTdEJTVEJTdE\" data-identifier-application__slash__x-doc-key=\"1X3lE6ekRYRgnJbv\"><strong>\u0110\u1eb7c \u0111i\u1ec3m<\/strong><\/p>\n<p><span data-type=\"text\">S\u1ea3n ph\u1ea9m c\u00f4ng nghi\u1ec7p l\u00e0 h\u1ea1t tinh th\u1ec3 m\u00e0u v\u00e0ng nh\u1ea1t \u0111\u1ebfn xanh l\u1ee5c. T\u1ef7 tr\u1ecdng t\u01b0\u01a1ng \u0111\u1ed1i (20\/4\u2103) l\u00e0 1,28. \u0110i\u1ec3m n\u00f3ng ch\u1ea3y \u226552\u2103. Kh\u00f4ng tan trong n\u01b0\u1edbc, tan trong etanol, axeton, benzen, x\u0103ng v\u00e0 c\u00e1c dung m\u00f4i h\u1eefu c\u01a1 kh\u00e1c.<\/span><\/p>\n<p><strong>\u1ee8ng d\u1ee5ng:<\/strong><\/p>\n<p><span data-type=\"text\">Ch\u1ea5t \u0111i\u1ec1u ch\u1ec9nh kh\u1ed1i l\u01b0\u1ee3ng ph\u00e2n t\u1eed cho qu\u00e1 tr\u00ecnh tr\u00f9ng h\u1ee3p cao su t\u1ed5ng h\u1ee3p, ch\u1ea5t x\u00fac ti\u1ebfn cho qu\u00e1 tr\u00ecnh ch\u1ebf bi\u1ebfn cao su. Ph\u1ee5 gia d\u1ea7u b\u00f4i tr\u01a1n, ch\u1ea5t l\u00e0m n\u1ed5i qu\u1eb7ng, thu\u1ed1c di\u1ec7t n\u1ea5m, thu\u1ed1c di\u1ec7t c\u1ecf v\u00e0 c\u00e1c ch\u1ea5t trung gian t\u1ed5ng h\u1ee3p kh\u00e1c.<\/span><\/p>\n<p><span data-type=\"text\">Si\u00eau t\u0103ng t\u1ed1c cho cao su thi\u00ean nhi\u00ean v\u00e0 latex, cao su styrene-butadiene v\u00e0 latex, cao su nitrile butadiene v\u00e0 cao su t\u00e1i ch\u1ebf. N\u00f3 ch\u1ee7 y\u1ebfu \u0111\u01b0\u1ee3c s\u1eed d\u1ee5ng trong s\u1ea3n xu\u1ea5t v\u1ea3i d\u00ednh, s\u1ea3n ph\u1ea9m cao su y t\u1ebf v\u00e0 ph\u1eabu thu\u1eadt, gi\u00e0y cao su, v\u1ea3i ch\u1ed1ng th\u1ea5m n\u01b0\u1edbc, keo artesian v\u00e0 c\u00e1c s\u1ea3n ph\u1ea9m latex.<\/span><\/p>\n<\/article>","protected":false},"excerpt":{"rendered":"<article class=\"4ever-article\" data-clipboard-cangjie=\"[&quot;root&quot;,{},[&quot;p&quot;,{&quot;jc&quot;:&quot;left&quot;,&quot;ind&quot;:{&quot;left&quot;:0},&quot;spacing&quot;:{&quot;before&quot;:6.66667,&quot;after&quot;:6.66667,&quot;line&quot;:1},&quot;uuid&quot;:&quot;lswtfsvvvijk6s1z8p&quot;},[&quot;span&quot;,{&quot;data-type&quot;:&quot;text&quot;},[&quot;span&quot;,{&quot;color&quot;:&quot;rgb(0, 0, 0)&quot;,&quot;sz&quot;:12,&quot;szUnit&quot;:&quot;pt&quot;,&quot;data-type&quot;:&quot;leaf&quot;},&quot;Product name:\u00a0&quot;],[&quot;span&quot;,{&quot;color&quot;:&quot;#000000&quot;,&quot;fonts&quot;:{&quot;ascii&quot;:&quot;\u5b8b\u4f53&quot;,&quot;hAnsi&quot;:&quot;\u5b8b\u4f53&quot;,&quot;cs&quot;:&quot;\u5b8b\u4f53&quot;,&quot;eastAsia&quot;:&quot;\u5b8b\u4f53&quot;},&quot;sz&quot;:11,&quot;szUnit&quot;:&quot;pt&quot;,&quot;data-type&quot;:&quot;leaf&quot;},&quot;Isopropylxanthic disulfide&quot;]]],[&quot;p&quot;,{&quot;jc&quot;:&quot;left&quot;,&quot;ind&quot;:{&quot;left&quot;:0},&quot;spacing&quot;:{&quot;before&quot;:6.66667,&quot;after&quot;:6.66667,&quot;line&quot;:1},&quot;uuid&quot;:&quot;lswtfsvw67msoc684k9&quot;},[&quot;span&quot;,{&quot;data-type&quot;:&quot;text&quot;},[&quot;span&quot;,{&quot;color&quot;:&quot;rgb(0, 0, 0)&quot;,&quot;sz&quot;:12,&quot;szUnit&quot;:&quot;pt&quot;,&quot;data-type&quot;:&quot;leaf&quot;},&quot;CAS\uff1a&quot;],[&quot;span&quot;,{&quot;color&quot;:&quot;#000000&quot;,&quot;fonts&quot;:{&quot;ascii&quot;:&quot;\u5b8b\u4f53&quot;,&quot;hAnsi&quot;:&quot;\u5b8b\u4f53&quot;,&quot;cs&quot;:&quot;\u5b8b\u4f53&quot;,&quot;eastAsia&quot;:&quot;\u5b8b\u4f53&quot;},&quot;sz&quot;:11,&quot;szUnit&quot;:&quot;pt&quot;,&quot;data-type&quot;:&quot;leaf&quot;},&quot;105-65-7&quot;]]],[&quot;p&quot;,{&quot;jc&quot;:&quot;left&quot;,&quot;ind&quot;:{&quot;left&quot;:0},&quot;spacing&quot;:{&quot;before&quot;:6.66667,&quot;after&quot;:6.66667,&quot;line&quot;:1},&quot;uuid&quot;:&quot;lswtfsvwccqptazn6p7&quot;},[&quot;span&quot;,{&quot;data-type&quot;:&quot;text&quot;},[&quot;span&quot;,{&quot;color&quot;:&quot;rgb(0, 0, 0)&quot;,&quot;sz&quot;:12,&quot;szUnit&quot;:&quot;pt&quot;,&quot;data-type&quot;:&quot;leaf&quot;},&quot;EINECS:\u00a0&quot;],[&quot;span&quot;,{&quot;color&quot;:&quot;rgb(42, 43, 46)&quot;,&quot;sz&quot;:9,&quot;szUnit&quot;:&quot;pt&quot;,&quot;data-type&quot;:&quot;leaf&quot;},&quot; &quot;],[&quot;span&quot;,{&quot;color&quot;:&quot;rgb(0, 0, 0)&quot;,&quot;fonts&quot;:{&quot;ascii&quot;:&quot;\u5b8b\u4f53&quot;,&quot;hAnsi&quot;:&quot;\u5b8b\u4f53&quot;,&quot;cs&quot;:&quot;\u5b8b\u4f53&quot;,&quot;eastAsia&quot;:&quot;\u5b8b\u4f53&quot;},&quot;sz&quot;:12,&quot;szUnit&quot;:&quot;pt&quot;,&quot;data-type&quot;:&quot;leaf&quot;},&quot;203-319-5&quot;]]],[&quot;p&quot;,{&quot;jc&quot;:&quot;left&quot;,&quot;ind&quot;:{&quot;left&quot;:0},&quot;spacing&quot;:{&quot;before&quot;:6.66667,&quot;after&quot;:6.66667,&quot;line&quot;:1},&quot;uuid&quot;:&quot;lswvmmugqxelvfo7nls&quot;},[&quot;span&quot;,{&quot;data-type&quot;:&quot;text&quot;},[&quot;span&quot;,{&quot;color&quot;:&quot;rgb(0, 0, 0)&quot;,&quot;sz&quot;:12,&quot;szUnit&quot;:&quot;pt&quot;,&quot;data-type&quot;:&quot;leaf&quot;},&quot;Appearance: light yellow solid&quot;]]]]\" data-identifier-application__slash__x-cangjie-fragment=\"JTdCJTIya2xhc3MlMjIlM0ElMjJkb2N1bWVudCUyMiUyQyUyMmRhdGElMjIlM0ElN0IlN0QlMkMlMjJub2RlcyUyMiUzQSU1QiU3QiUyMmtsYXNzJTIyJTNBJTIyYmxvY2slMjIlMkMlMjJ0eXBlJTIyJTNBJTIycGFyYWdyYXBoJTIyJTJDJTIyZGF0YSUyMiUzQSU3QiUyMmpjJTIyJTNBJTIybGVmdCUyMiUyQyUyMmluZCUyMiUzQSU3QiUyMmxlZnQlMjIlM0EwJTdEJTJDJTIyc3BhY2luZyUyMiUzQSU3QiUyMmJlZm9yZSUyMiUzQTYuNjY2NjclMkMlMjJhZnRlciUyMiUzQTYuNjY2NjclMkMlMjJsaW5lJTIyJTNBMSU3RCUyQyUyMnV1aWQlMjIlM0ElMjJsc3d0ZnN2dnZpams2czF6OHAlMjIlN0QlMkMlMjJub2RlcyUyMiUzQSU1QiU3QiUyMmtsYXNzJTIyJTNBJTIydGV4dCUyMiUyQyUyMmxlYXZlcyUyMiUzQSU1QiU3QiUyMmtsYXNzJTIyJTNBJTIybGVhZiUyMiUyQyUyMnRleHQlMjIlM0ElMjJQcm9kdWN0JTIwbmFtZSUzQSVDMiVBMCUyMiUyQyUyMm1hcmtzJTIyJTNBJTVCJTdCJTIya2xhc3MlMjIlM0ElMjJtYXJrJTIyJTJDJTIydHlwZSUyMiUzQSUyMmNvbG9yJTIyJTJDJTIyZGF0YSUyMiUzQSU3QiUyMnZhbHVlJTIyJTNBJTIycmdiKDAlMkMlMjAwJTJDJTIwMCklMjIlN0QlN0QlMkMlN0IlMjJrbGFzcyUyMiUzQSUyMm1hcmslMjIlMkMlMjJ0eXBlJTIyJTNBJTIyc3olMjIlMkMlMjJkYXRhJTIyJTNBJTdCJTIydmFsdWUlMjIlM0ExMiUyQyUyMnN6VW5pdCUyMiUzQSUyMnB0JTIyJTdEJTdEJTVEJTdEJTJDJTdCJTIya2xhc3MlMjIlM0ElMjJsZWFmJTIyJTJDJTIydGV4dCUyMiUzQSUyMklzb3Byb3B5bHhhbnRoaWMlMjBkaXN1bGZpZGUlMjIlMkMlMjJtYXJrcyUyMiUzQSU1QiU3QiUyMmtsYXNzJTIyJTNBJTIybWFyayUyMiUyQyUyMnR5cGUlMjIlM0ElMjJjb2xvciUyMiUyQyUyMmRhdGElMjIlM0ElN0IlMjJ2YWx1ZSUyMiUzQSUyMiUyMzAwMDAwMCUyMiU3RCU3RCUyQyU3QiUyMmtsYXNzJTIyJTNBJTIybWFyayUyMiUyQyUyMnR5cGUlMjIlM0ElMjJmb250cyUyMiUyQyUyMmRhdGElMjIlM0ElN0IlMjJhc2NpaSUyMiUzQSUyMiVFNSVBRSU4QiVFNCVCRCU5MyUyMiUyQyUyMmhBbnNpJTIyJTNBJTIyJUU1JUFFJThCJUU0JUJEJTkzJTIyJTJDJTIyY3MlMjIlM0ElMjIlRTUlQUUlOEIlRTQlQkQlOTMlMjIlMkMlMjJlYXN0QXNpYSUyMiUzQSUyMiVFNSVBRSU4QiVFNCVCRCU5MyUyMiU3RCU3RCUyQyU3QiUyMmtsYXNzJTIyJTNBJTIybWFyayUyMiUyQyUyMnR5cGUlMjIlM0ElMjJzeiUyMiUyQyUyMmRhdGElMjIlM0ElN0IlMjJ2YWx1ZSUyMiUzQTExJTJDJTIyc3pVbml0JTIyJTNBJTIycHQlMjIlN0QlN0QlNUQlN0QlNUQlN0QlNUQlN0QlMkMlN0IlMjJrbGFzcyUyMiUzQSUyMmJsb2NrJTIyJTJDJTIydHlwZSUyMiUzQSUyMnBhcmFncmFwaCUyMiUyQyUyMmRhdGElMjIlM0ElN0IlMjJqYyUyMiUzQSUyMmxlZnQlMjIlMkMlMjJpbmQlMjIlM0ElN0IlMjJsZWZ0JTIyJTNBMCU3RCUyQyUyMnNwYWNpbmclMjIlM0ElN0IlMjJiZWZvcmUlMjIlM0E2LjY2NjY3JTJDJTIyYWZ0ZXIlMjIlM0E2LjY2NjY3JTJDJTIybGluZSUyMiUzQTElN0QlMkMlMjJ1dWlkJTIyJTNBJTIybHN3dGZzdnc2N21zb2M2ODRrOSUyMiU3RCUyQyUyMm5vZGVzJTIyJTNBJTVCJTdCJTIya2xhc3MlMjIlM0ElMjJ0ZXh0JTIyJTJDJTIybGVhdmVzJTIyJTNBJTVCJTdCJTIya2xhc3MlMjIlM0ElMjJsZWFmJTIyJTJDJTIydGV4dCUyMiUzQSUyMkNBUyVFRiVCQyU5QSUyMiUyQyUyMm1hcmtzJTIyJTNBJTVCJTdCJTIya2xhc3MlMjIlM0ElMjJtYXJrJTIyJTJDJTIydHlwZSUyMiUzQSUyMmNvbG9yJTIyJTJDJTIyZGF0YSUyMiUzQSU3QiUyMnZhbHVlJTIyJTNBJTIycmdiKDAlMkMlMjAwJTJDJTIwMCklMjIlN0QlN0QlMkMlN0IlMjJrbGFzcyUyMiUzQSUyMm1hcmslMjIlMkMlMjJ0eXBlJTIyJTNBJTIyc3olMjIlMkMlMjJkYXRhJTIyJTNBJTdCJTIydmFsdWUlMjIlM0ExMiUyQyUyMnN6VW5pdCUyMiUzQSUyMnB0JTIyJTdEJTdEJTVEJTdEJTJDJTdCJTIya2xhc3MlMjIlM0ElMjJsZWFmJTIyJTJDJTIydGV4dCUyMiUzQSUyMjEwNS02NS03JTIyJTJDJTIybWFya3MlMjIlM0ElNUIlN0IlMjJrbGFzcyUyMiUzQSUyMm1hcmslMjIlMkMlMjJ0eXBlJTIyJTNBJTIyY29sb3IlMjIlMkMlMjJkYXRhJTIyJTNBJTdCJTIydmFsdWUlMjIlM0ElMjIlMjMwMDAwMDAlMjIlN0QlN0QlMkMlN0IlMjJrbGFzcyUyMiUzQSUyMm1hcmslMjIlMkMlMjJ0eXBlJTIyJTNBJTIyZm9udHMlMjIlMkMlMjJkYXRhJTIyJTNBJTdCJTIyYXNjaWklMjIlM0ElMjIlRTUlQUUlOEIlRTQlQkQlOTMlMjIlMkMlMjJoQW5zaSUyMiUzQSUyMiVFNSVBRSU4QiVFNCVCRCU5MyUyMiUyQyUyMmNzJTIyJTNBJTIyJUU1JUFFJThCJUU0JUJEJTkzJTIyJTJDJTIyZWFzdEFzaWElMjIlM0ElMjIlRTUlQUUlOEIlRTQlQkQlOTMlMjIlN0QlN0QlMkMlN0IlMjJrbGFzcyUyMiUzQSUyMm1hcmslMjIlMkMlMjJ0eXBlJTIyJTNBJTIyc3olMjIlMkMlMjJkYXRhJTIyJTNBJTdCJTIydmFsdWUlMjIlM0ExMSUyQyUyMnN6VW5pdCUyMiUzQSUyMnB0JTIyJTdEJTdEJTVEJTdEJTVEJTdEJTVEJTdEJTJDJTdCJTIya2xhc3MlMjIlM0ElMjJibG9jayUyMiUyQyUyMnR5cGUlMjIlM0ElMjJwYXJhZ3JhcGglMjIlMkMlMjJkYXRhJTIyJTNBJTdCJTIyamMlMjIlM0ElMjJsZWZ0JTIyJTJDJTIyaW5kJTIyJTNBJTdCJTIybGVmdCUyMiUzQTAlN0QlMkMlMjJzcGFjaW5nJTIyJTNBJTdCJTIyYmVmb3JlJTIyJTNBNi42NjY2NyUyQyUyMmFmdGVyJTIyJTNBNi42NjY2NyUyQyUyMmxpbmUlMjIlM0ExJTdEJTJDJTIydXVpZCUyMiUzQSUyMmxzd3Rmc3Z3Y2NxcHRhem42cDclMjIlN0QlMkMlMjJub2RlcyUyMiUzQSU1QiU3QiUyMmtsYXNzJTIyJTNBJTIydGV4dCUyMiUyQyUyMmxlYXZlcyUyMiUzQSU1QiU3QiUyMmtsYXNzJTIyJTNBJTIybGVhZiUyMiUyQyUyMnRleHQlMjIlM0ElMjJFSU5FQ1MlM0ElQzIlQTAlMjIlMkMlMjJtYXJrcyUyMiUzQSU1QiU3QiUyMmtsYXNzJTIyJTNBJTIybWFyayUyMiUyQyUyMnR5cGUlMjIlM0ElMjJjb2xvciUyMiUyQyUyMmRhdGElMjIlM0ElN0IlMjJ2YWx1ZSUyMiUzQSUyMnJnYigwJTJDJTIwMCUyQyUyMDApJTIyJTdEJTdEJTJDJTdCJTIya2xhc3MlMjIlM0ElMjJtYXJrJTIyJTJDJTIydHlwZSUyMiUzQSUyMnN6JTIyJTJDJTIyZGF0YSUyMiUzQSU3QiUyMnZhbHVlJTIyJTNBMTIlMkMlMjJzelVuaXQlMjIlM0ElMjJwdCUyMiU3RCU3RCU1RCU3RCUyQyU3QiUyMmtsYXNzJTIyJTNBJTIybGVhZiUyMiUyQyUyMnRleHQlMjIlM0ElMjIlMjAlMjIlMkMlMjJtYXJrcyUyMiUzQSU1QiU3QiUyMmtsYXNzJTIyJTNBJTIybWFyayUyMiUyQyUyMnR5cGUlMjIlM0ElMjJjb2xvciUyMiUyQyUyMmRhdGElMjIlM0ElN0IlMjJ2YWx1ZSUyMiUzQSUyMnJnYig0MiUyQyUyMDQzJTJDJTIwNDYpJTIyJTdEJTdEJTJDJTdCJTIya2xhc3MlMjIlM0ElMjJtYXJrJTIyJTJDJTIydHlwZSUyMiUzQSUyMnN6JTIyJTJDJTIyZGF0YSUyMiUzQSU3QiUyMnZhbHVlJTIyJTNBOSUyQyUyMnN6VW5pdCUyMiUzQSUyMnB0JTIyJTdEJTdEJTVEJTdEJTJDJTdCJTIya2xhc3MlMjIlM0ElMjJsZWFmJTIyJTJDJTIydGV4dCUyMiUzQSUyMjIwMy0zMTktNSUyMiUyQyUyMm1hcmtzJTIyJTNBJTVCJTdCJTIya2xhc3MlMjIlM0ElMjJtYXJrJTIyJTJDJTIydHlwZSUyMiUzQSUyMmNvbG9yJTIyJTJDJTIyZGF0YSUyMiUzQSU3QiUyMnZhbHVlJTIyJTNBJTIycmdiKDAlMkMlMjAwJTJDJTIwMCklMjIlN0QlN0QlMkMlN0IlMjJrbGFzcyUyMiUzQSUyMm1hcmslMjIlMkMlMjJ0eXBlJTIyJTNBJTIyZm9udHMlMjIlMkMlMjJkYXRhJTIyJTNBJTdCJTIyYXNjaWklMjIlM0ElMjIlRTUlQUUlOEIlRTQlQkQlOTMlMjIlMkMlMjJoQW5zaSUyMiUzQSUyMiVFNSVBRSU4QiVFNCVCRCU5MyUyMiUyQyUyMmNzJTIyJTNBJTIyJUU1JUFFJThCJUU0JUJEJTkzJTIyJTJDJTIyZWFzdEFzaWElMjIlM0ElMjIlRTUlQUUlOEIlRTQlQkQlOTMlMjIlN0QlN0QlMkMlN0IlMjJrbGFzcyUyMiUzQSUyMm1hcmslMjIlMkMlMjJ0eXBlJTIyJTNBJTIyc3olMjIlMkMlMjJkYXRhJTIyJTNBJTdCJTIydmFsdWUlMjIlM0ExMiUyQyUyMnN6VW5pdCUyMiUzQSUyMnB0JTIyJTdEJTdEJTVEJTdEJTVEJTdEJTVEJTdEJTJDJTdCJTIya2xhc3MlMjIlM0ElMjJibG9jayUyMiUyQyUyMnR5cGUlMjIlM0ElMjJwYXJhZ3JhcGglMjIlMkMlMjJkYXRhJTIyJTNBJTdCJTIyamMlMjIlM0ElMjJsZWZ0JTIyJTJDJTIyaW5kJTIyJTNBJTdCJTIybGVmdCUyMiUzQTAlN0QlMkMlMjJzcGFjaW5nJTIyJTNBJTdCJTIyYmVmb3JlJTIyJTNBNi42NjY2NyUyQyUyMmFmdGVyJTIyJTNBNi42NjY2NyUyQyUyMmxpbmUlMjIlM0ExJTdEJTJDJTIydXVpZCUyMiUzQSUyMmxzd3ZtbXVncXhlbHZmbzdubHMlMjIlN0QlMkMlMjJub2RlcyUyMiUzQSU1QiU3QiUyMmtsYXNzJTIyJTNBJTIydGV4dCUyMiUyQyUyMmxlYXZlcyUyMiUzQSU1QiU3QiUyMmtsYXNzJTIyJTNBJTIybGVhZiUyMiUyQyUyMnRleHQlMjIlM0ElMjJBcHBlYXJhbmNlJTNBJTIwbGlnaHQlMjB5ZWxsb3clMjBzb2xpZCUyMiUyQyUyMm1hcmtzJTIyJTNBJTVCJTdCJTIya2xhc3MlMjIlM0ElMjJtYXJrJTIyJTJDJTIydHlwZSUyMiUzQSUyMmNvbG9yJTIyJTJDJTIyZGF0YSUyMiUzQSU3QiUyMnZhbHVlJTIyJTNBJTIycmdiKDAlMkMlMjAwJTJDJTIwMCklMjIlN0QlN0QlMkMlN0IlMjJrbGFzcyUyMiUzQSUyMm1hcmslMjIlMkMlMjJ0eXBlJTIyJTNBJTIyc3olMjIlMkMlMjJkYXRhJTIyJTNBJTdCJTIydmFsdWUlMjIlM0ExMiUyQyUyMnN6VW5pdCUyMiUzQSUyMnB0JTIyJTdEJTdEJTVEJTdEJTVEJTdEJTVEJTdEJTVEJTdE\" data-identifier-application__slash__x-doc-key=\"1X3lE6ekRYRgnJbv\"><span data-type=\"text\">T\u00ean s\u1ea3n ph\u1ea9m:\u00a0<\/span><span data-type=\"text\">Isopropylxanthic disulfide<\/span><\/p>\n<p><span data-type=\"text\">CAS:<\/span><span data-type=\"text\">105-65-7<\/span><\/p>\n<p><span data-type=\"text\">EINECS:\u00a0<\/span><span data-type=\"text\">\u00a0<\/span><span data-type=\"text\">203-319-5<\/span><\/p>\n<p><span data-type=\"text\">Ngo\u1ea1i quan: ch\u1ea5t r\u1eafn m\u00e0u v\u00e0ng nh\u1ea1t<\/span><\/p>\n<\/article>","protected":false},"featured_media":6690,"template":"","meta":{"_acf_changed":false,"_gspb_post_css":""},"product_brand":[],"product_cat":[62,72],"product_tag":[],"class_list":{"0":"post-6785","1":"product","2":"type-product","3":"status-publish","4":"has-post-thumbnail","6":"product_cat-rubberplastic-ingredients","7":"product_cat-rubber-accelerator","9":"first","10":"instock","11":"shipping-taxable","12":"product-type-simple"},"acf":[],"_links":{"self":[{"href":"https:\/\/wpachem.com\/vi\/wp-json\/wp\/v2\/product\/6785","targetHints":{"allow":["GET"]}}],"collection":[{"href":"https:\/\/wpachem.com\/vi\/wp-json\/wp\/v2\/product"}],"about":[{"href":"https:\/\/wpachem.com\/vi\/wp-json\/wp\/v2\/types\/product"}],"version-history":[{"count":0,"href":"https:\/\/wpachem.com\/vi\/wp-json\/wp\/v2\/product\/6785\/revisions"}],"wp:featuredmedia":[{"embeddable":true,"href":"https:\/\/wpachem.com\/vi\/wp-json\/wp\/v2\/media\/6690"}],"wp:attachment":[{"href":"https:\/\/wpachem.com\/vi\/wp-json\/wp\/v2\/media?parent=6785"}],"wp:term":[{"taxonomy":"product_brand","embeddable":true,"href":"https:\/\/wpachem.com\/vi\/wp-json\/wp\/v2\/product_brand?post=6785"},{"taxonomy":"product_cat","embeddable":true,"href":"https:\/\/wpachem.com\/vi\/wp-json\/wp\/v2\/product_cat?post=6785"},{"taxonomy":"product_tag","embeddable":true,"href":"https:\/\/wpachem.com\/vi\/wp-json\/wp\/v2\/product_tag?post=6785"}],"curies":[{"name":"wp","href":"https:\/\/api.w.org\/{rel}","templated":true}]}}