{"id":6802,"date":"2024-02-27T09:18:59","date_gmt":"2024-02-27T09:18:59","guid":{"rendered":"https:\/\/wpachem.com\/?post_type=product&#038;p=6802"},"modified":"2024-02-27T09:18:59","modified_gmt":"2024-02-27T09:18:59","slug":"2-mercaptobenzimidazole-mbmbi-cas-583-39-1","status":"publish","type":"product","link":"https:\/\/wpachem.com\/vi\/product\/2-mercaptobenzimidazole-mbmbi-cas-583-39-1\/","title":{"rendered":"2-Mercaptobenzimidazol MB(MBI) CAS 583-39-1"},"content":{"rendered":"<article class=\"4ever-article\" data-clipboard-cangjie=\"[&quot;root&quot;,{},[&quot;p&quot;,{&quot;jc&quot;:&quot;left&quot;,&quot;ind&quot;:{&quot;left&quot;:0},&quot;spacing&quot;:{&quot;before&quot;:6.66667,&quot;after&quot;:6.66667,&quot;line&quot;:1},&quot;uuid&quot;:&quot;lswtfsvs3vee7i5x5ul&quot;},[&quot;span&quot;,{&quot;data-type&quot;:&quot;text&quot;},[&quot;span&quot;,{&quot;bold&quot;:true,&quot;sz&quot;:14,&quot;szUnit&quot;:&quot;pt&quot;,&quot;data-type&quot;:&quot;leaf&quot;},&quot;Characteristic&quot;]]],[&quot;p&quot;,{&quot;uuid&quot;:&quot;lt44eay2gpuw2dwby6e&quot;},[&quot;span&quot;,{&quot;data-type&quot;:&quot;text&quot;},[&quot;span&quot;,{&quot;data-type&quot;:&quot;leaf&quot;},&quot;Antioxidant MBI, 2-mercaptobenzimidazole, is a kind of sulfhydryl substituted nitrogen heterocyclic compound and an important drug intermediate, which is widely used in medicine, pesticide, chemical industry and other fields. Pure product is white or light yellow fine powder crystal, non-toxic, bitter, relative density 1.40-1.44, melting point not less than 285\u2103, soluble in ether, acetone and ethyl acetate, insoluble in petroleum ether, dichloromethane, insoluble in carbon tetrachloride, benzene and water.&quot;]]]]\" data-identifier-application__slash__x-cangjie-fragment=\"JTdCJTIya2xhc3MlMjIlM0ElMjJkb2N1bWVudCUyMiUyQyUyMmRhdGElMjIlM0ElN0IlN0QlMkMlMjJub2RlcyUyMiUzQSU1QiU3QiUyMmtsYXNzJTIyJTNBJTIyYmxvY2slMjIlMkMlMjJ0eXBlJTIyJTNBJTIycGFyYWdyYXBoJTIyJTJDJTIyZGF0YSUyMiUzQSU3QiUyMmpjJTIyJTNBJTIybGVmdCUyMiUyQyUyMmluZCUyMiUzQSU3QiUyMmxlZnQlMjIlM0EwJTdEJTJDJTIyc3BhY2luZyUyMiUzQSU3QiUyMmJlZm9yZSUyMiUzQTYuNjY2NjclMkMlMjJhZnRlciUyMiUzQTYuNjY2NjclMkMlMjJsaW5lJTIyJTNBMSU3RCUyQyUyMnV1aWQlMjIlM0ElMjJsc3d0ZnN2czN2ZWU3aTV4NXVsJTIyJTdEJTJDJTIybm9kZXMlMjIlM0ElNUIlN0IlMjJrbGFzcyUyMiUzQSUyMnRleHQlMjIlMkMlMjJsZWF2ZXMlMjIlM0ElNUIlN0IlMjJrbGFzcyUyMiUzQSUyMmxlYWYlMjIlMkMlMjJ0ZXh0JTIyJTNBJTIyQ2hhcmFjdGVyaXN0aWMlMjIlMkMlMjJtYXJrcyUyMiUzQSU1QiU3QiUyMmtsYXNzJTIyJTNBJTIybWFyayUyMiUyQyUyMnR5cGUlMjIlM0ElMjJib2xkJTIyJTJDJTIyZGF0YSUyMiUzQSU3QiU3RCU3RCUyQyU3QiUyMmtsYXNzJTIyJTNBJTIybWFyayUyMiUyQyUyMnR5cGUlMjIlM0ElMjJzeiUyMiUyQyUyMmRhdGElMjIlM0ElN0IlMjJzelVuaXQlMjIlM0ElMjJwdCUyMiUyQyUyMnZhbHVlJTIyJTNBMTQlN0QlN0QlNUQlN0QlNUQlN0QlNUQlN0QlMkMlN0IlMjJrbGFzcyUyMiUzQSUyMmJsb2NrJTIyJTJDJTIydHlwZSUyMiUzQSUyMnBhcmFncmFwaCUyMiUyQyUyMmRhdGElMjIlM0ElN0IlMjJ1dWlkJTIyJTNBJTIybHQ0NGVheTJncHV3MmR3Ynk2ZSUyMiU3RCUyQyUyMm5vZGVzJTIyJTNBJTVCJTdCJTIya2xhc3MlMjIlM0ElMjJ0ZXh0JTIyJTJDJTIybGVhdmVzJTIyJTNBJTVCJTdCJTIya2xhc3MlMjIlM0ElMjJsZWFmJTIyJTJDJTIydGV4dCUyMiUzQSUyMkFudGlveGlkYW50JTIwTUJJJTJDJTIwMi1tZXJjYXB0b2JlbnppbWlkYXpvbGUlMkMlMjBpcyUyMGElMjBraW5kJTIwb2YlMjBzdWxmaHlkcnlsJTIwc3Vic3RpdHV0ZWQlMjBuaXRyb2dlbiUyMGhldGVyb2N5Y2xpYyUyMGNvbXBvdW5kJTIwYW5kJTIwYW4lMjBpbXBvcnRhbnQlMjBkcnVnJTIwaW50ZXJtZWRpYXRlJTJDJTIwd2hpY2glMjBpcyUyMHdpZGVseSUyMHVzZWQlMjBpbiUyMG1lZGljaW5lJTJDJTIwcGVzdGljaWRlJTJDJTIwY2hlbWljYWwlMjBpbmR1c3RyeSUyMGFuZCUyMG90aGVyJTIwZmllbGRzLiUyMFB1cmUlMjBwcm9kdWN0JTIwaXMlMjB3aGl0ZSUyMG9yJTIwbGlnaHQlMjB5ZWxsb3clMjBmaW5lJTIwcG93ZGVyJTIwY3J5c3RhbCUyQyUyMG5vbi10b3hpYyUyQyUyMGJpdHRlciUyQyUyMHJlbGF0aXZlJTIwZGVuc2l0eSUyMDEuNDAtMS40NCUyQyUyMG1lbHRpbmclMjBwb2ludCUyMG5vdCUyMGxlc3MlMjB0aGFuJTIwMjg1JUUyJTg0JTgzJTJDJTIwc29sdWJsZSUyMGluJTIwZXRoZXIlMkMlMjBhY2V0b25lJTIwYW5kJTIwZXRoeWwlMjBhY2V0YXRlJTJDJTIwaW5zb2x1YmxlJTIwaW4lMjBwZXRyb2xldW0lMjBldGhlciUyQyUyMGRpY2hsb3JvbWV0aGFuZSUyQyUyMGluc29sdWJsZSUyMGluJTIwY2FyYm9uJTIwdGV0cmFjaGxvcmlkZSUyQyUyMGJlbnplbmUlMjBhbmQlMjB3YXRlci4lMjIlMkMlMjJtYXJrcyUyMiUzQSU1QiU1RCU3RCU1RCU3RCU1RCU3RCU1RCU3RA==\" data-identifier-application__slash__x-doc-key=\"1X3lE6ekRYRgnJbv\"><strong>\u0110\u1eb7c \u0111i\u1ec3m<\/strong><\/p>\n<p><span data-type=\"text\">Ch\u1ea5t ch\u1ed1ng oxy h\u00f3a MBI, 2-mercaptobenzimidazole, l\u00e0 m\u1ed9t lo\u1ea1i h\u1ee3p ch\u1ea5t d\u1ecb v\u00f2ng nit\u01a1 thay th\u1ebf sulfhydryl v\u00e0 l\u00e0 ch\u1ea5t trung gian d\u01b0\u1ee3c ph\u1ea9m quan tr\u1ecdng, \u0111\u01b0\u1ee3c s\u1eed d\u1ee5ng r\u1ed9ng r\u00e3i trong y h\u1ecdc, thu\u1ed1c tr\u1eeb s\u00e2u, c\u00f4ng nghi\u1ec7p h\u00f3a ch\u1ea5t v\u00e0 c\u00e1c l\u0129nh v\u1ef1c kh\u00e1c. S\u1ea3n ph\u1ea9m tinh khi\u1ebft l\u00e0 tinh th\u1ec3 b\u1ed9t m\u1ecbn m\u00e0u tr\u1eafng ho\u1eb7c v\u00e0ng nh\u1ea1t, kh\u00f4ng \u0111\u1ed9c, \u0111\u1eafng, t\u1ef7 tr\u1ecdng t\u01b0\u01a1ng \u0111\u1ed1i 1,40-1,44, \u0111i\u1ec3m n\u00f3ng ch\u1ea3y kh\u00f4ng d\u01b0\u1edbi 285\u2103, h\u00f2a tan trong ete, acetone v\u00e0 etyl axetat, kh\u00f4ng h\u00f2a tan trong ete d\u1ea7u m\u1ecf, dichloromethane, kh\u00f4ng h\u00f2a tan trong cacbon tetraclorua, benzen v\u00e0 n\u01b0\u1edbc.<\/span><\/p>\n<article class=\"4ever-article\" data-clipboard-cangjie=\"[&quot;root&quot;,{},[&quot;p&quot;,{&quot;jc&quot;:&quot;left&quot;,&quot;ind&quot;:{&quot;left&quot;:0},&quot;spacing&quot;:{&quot;before&quot;:6.66667,&quot;after&quot;:6.66667,&quot;line&quot;:1},&quot;uuid&quot;:&quot;lswtg02ah8hjo3elwjc&quot;},[&quot;span&quot;,{&quot;data-type&quot;:&quot;text&quot;},[&quot;span&quot;,{&quot;bold&quot;:true,&quot;color&quot;:&quot;rgb(0, 0, 0)&quot;,&quot;sz&quot;:14,&quot;szUnit&quot;:&quot;pt&quot;,&quot;data-type&quot;:&quot;leaf&quot;},&quot;Application:&quot;]]],[&quot;p&quot;,{&quot;jc&quot;:&quot;left&quot;,&quot;ind&quot;:{&quot;left&quot;:0},&quot;spacing&quot;:{&quot;before&quot;:6.66667,&quot;after&quot;:6.66667,&quot;line&quot;:1},&quot;uuid&quot;:&quot;lt454ozhg74t5dsvw1i&quot;},[&quot;span&quot;,{&quot;data-type&quot;:&quot;text&quot;},[&quot;span&quot;,{&quot;data-type&quot;:&quot;leaf&quot;},&quot;2-hydrophobic benzimidazole as rubber antioxidant, used in natural rubber, synthetic rubber, rubber&quot;]]],[&quot;p&quot;,{&quot;uuid&quot;:&quot;lt45m0mnswdme61swlo&quot;},[&quot;span&quot;,{&quot;data-type&quot;:&quot;text&quot;},[&quot;span&quot;,{&quot;data-type&quot;:&quot;leaf&quot;},&quot;In milk, it has moderate effects on oxygen, climate aging and static aging, and at the same time&quot;]]],[&quot;p&quot;,{&quot;uuid&quot;:&quot;lt45m0mnx2v2n4cp4gh&quot;},[&quot;span&quot;,{&quot;data-type&quot;:&quot;text&quot;},[&quot;span&quot;,{&quot;data-type&quot;:&quot;leaf&quot;},&quot;It can prevent the adverse effects caused by over-vulcanization when the product is vulcanized; At the same time, 2-hydrophobic benzimidazole is also an important pharmaceutical intermediate.&quot;]]]]\" data-identifier-application__slash__x-cangjie-fragment=\"JTdCJTIya2xhc3MlMjIlM0ElMjJkb2N1bWVudCUyMiUyQyUyMmRhdGElMjIlM0ElN0IlN0QlMkMlMjJub2RlcyUyMiUzQSU1QiU3QiUyMmtsYXNzJTIyJTNBJTIyYmxvY2slMjIlMkMlMjJ0eXBlJTIyJTNBJTIycGFyYWdyYXBoJTIyJTJDJTIyZGF0YSUyMiUzQSU3QiUyMmpjJTIyJTNBJTIybGVmdCUyMiUyQyUyMmluZCUyMiUzQSU3QiUyMmxlZnQlMjIlM0EwJTdEJTJDJTIyc3BhY2luZyUyMiUzQSU3QiUyMmJlZm9yZSUyMiUzQTYuNjY2NjclMkMlMjJhZnRlciUyMiUzQTYuNjY2NjclMkMlMjJsaW5lJTIyJTNBMSU3RCUyQyUyMnV1aWQlMjIlM0ElMjJsc3d0ZzAyYWg4aGpvM2Vsd2pjJTIyJTdEJTJDJTIybm9kZXMlMjIlM0ElNUIlN0IlMjJrbGFzcyUyMiUzQSUyMnRleHQlMjIlMkMlMjJsZWF2ZXMlMjIlM0ElNUIlN0IlMjJrbGFzcyUyMiUzQSUyMmxlYWYlMjIlMkMlMjJ0ZXh0JTIyJTNBJTIyQXBwbGljYXRpb24lM0ElMjIlMkMlMjJtYXJrcyUyMiUzQSU1QiU3QiUyMmtsYXNzJTIyJTNBJTIybWFyayUyMiUyQyUyMnR5cGUlMjIlM0ElMjJib2xkJTIyJTJDJTIyZGF0YSUyMiUzQSU3QiU3RCU3RCUyQyU3QiUyMmtsYXNzJTIyJTNBJTIybWFyayUyMiUyQyUyMnR5cGUlMjIlM0ElMjJjb2xvciUyMiUyQyUyMmRhdGElMjIlM0ElN0IlMjJ2YWx1ZSUyMiUzQSUyMnJnYigwJTJDJTIwMCUyQyUyMDApJTIyJTdEJTdEJTJDJTdCJTIya2xhc3MlMjIlM0ElMjJtYXJrJTIyJTJDJTIydHlwZSUyMiUzQSUyMnN6JTIyJTJDJTIyZGF0YSUyMiUzQSU3QiUyMnZhbHVlJTIyJTNBMTQlMkMlMjJzelVuaXQlMjIlM0ElMjJwdCUyMiU3RCU3RCU1RCU3RCU1RCU3RCU1RCU3RCUyQyU3QiUyMmtsYXNzJTIyJTNBJTIyYmxvY2slMjIlMkMlMjJ0eXBlJTIyJTNBJTIycGFyYWdyYXBoJTIyJTJDJTIyZGF0YSUyMiUzQSU3QiUyMmpjJTIyJTNBJTIybGVmdCUyMiUyQyUyMmluZCUyMiUzQSU3QiUyMmxlZnQlMjIlM0EwJTdEJTJDJTIyc3BhY2luZyUyMiUzQSU3QiUyMmJlZm9yZSUyMiUzQTYuNjY2NjclMkMlMjJhZnRlciUyMiUzQTYuNjY2NjclMkMlMjJsaW5lJTIyJTNBMSU3RCUyQyUyMnV1aWQlMjIlM0ElMjJsdDQ1NG96aGc3NHQ1ZHN2dzFpJTIyJTdEJTJDJTIybm9kZXMlMjIlM0ElNUIlN0IlMjJrbGFzcyUyMiUzQSUyMnRleHQlMjIlMkMlMjJsZWF2ZXMlMjIlM0ElNUIlN0IlMjJrbGFzcyUyMiUzQSUyMmxlYWYlMjIlMkMlMjJ0ZXh0JTIyJTNBJTIyMi1oeWRyb3Bob2JpYyUyMGJlbnppbWlkYXpvbGUlMjBhcyUyMHJ1YmJlciUyMGFudGlveGlkYW50JTJDJTIwdXNlZCUyMGluJTIwbmF0dXJhbCUyMHJ1YmJlciUyQyUyMHN5bnRoZXRpYyUyMHJ1YmJlciUyQyUyMHJ1YmJlciUyMiUyQyUyMm1hcmtzJTIyJTNBJTVCJTVEJTdEJTVEJTdEJTVEJTdEJTJDJTdCJTIya2xhc3MlMjIlM0ElMjJibG9jayUyMiUyQyUyMnR5cGUlMjIlM0ElMjJwYXJhZ3JhcGglMjIlMkMlMjJkYXRhJTIyJTNBJTdCJTIydXVpZCUyMiUzQSUyMmx0NDVtMG1uc3dkbWU2MXN3bG8lMjIlN0QlMkMlMjJub2RlcyUyMiUzQSU1QiU3QiUyMmtsYXNzJTIyJTNBJTIydGV4dCUyMiUyQyUyMmxlYXZlcyUyMiUzQSU1QiU3QiUyMmtsYXNzJTIyJTNBJTIybGVhZiUyMiUyQyUyMnRleHQlMjIlM0ElMjJJbiUyMG1pbGslMkMlMjBpdCUyMGhhcyUyMG1vZGVyYXRlJTIwZWZmZWN0cyUyMG9uJTIwb3h5Z2VuJTJDJTIwY2xpbWF0ZSUyMGFnaW5nJTIwYW5kJTIwc3RhdGljJTIwYWdpbmclMkMlMjBhbmQlMjBhdCUyMHRoZSUyMHNhbWUlMjB0aW1lJTIyJTJDJTIybWFya3MlMjIlM0ElNUIlNUQlN0QlNUQlN0QlNUQlN0QlMkMlN0IlMjJrbGFzcyUyMiUzQSUyMmJsb2NrJTIyJTJDJTIydHlwZSUyMiUzQSUyMnBhcmFncmFwaCUyMiUyQyUyMmRhdGElMjIlM0ElN0IlMjJ1dWlkJTIyJTNBJTIybHQ0NW0wbW54MnYybjRjcDRnaCUyMiU3RCUyQyUyMm5vZGVzJTIyJTNBJTVCJTdCJTIya2xhc3MlMjIlM0ElMjJ0ZXh0JTIyJTJDJTIybGVhdmVzJTIyJTNBJTVCJTdCJTIya2xhc3MlMjIlM0ElMjJsZWFmJTIyJTJDJTIydGV4dCUyMiUzQSUyMkl0JTIwY2FuJTIwcHJldmVudCUyMHRoZSUyMGFkdmVyc2UlMjBlZmZlY3RzJTIwY2F1c2VkJTIwYnklMjBvdmVyLXZ1bGNhbml6YXRpb24lMjB3aGVuJTIwdGhlJTIwcHJvZHVjdCUyMGlzJTIwdnVsY2FuaXplZCUzQiUyMEF0JTIwdGhlJTIwc2FtZSUyMHRpbWUlMkMlMjAyLWh5ZHJvcGhvYmljJTIwYmVuemltaWRhem9sZSUyMGlzJTIwYWxzbyUyMGFuJTIwaW1wb3J0YW50JTIwcGhhcm1hY2V1dGljYWwlMjBpbnRlcm1lZGlhdGUuJTIyJTJDJTIybWFya3MlMjIlM0ElNUIlNUQlN0QlNUQlN0QlNUQlN0QlNUQlN0Q=\" data-identifier-application__slash__x-doc-key=\"1X3lE6ekRYRgnJbv\"><strong>\u1ee8ng d\u1ee5ng:<\/strong><\/p>\n<p><span data-type=\"text\">2-benzimidazole k\u1ef5 n\u01b0\u1edbc l\u00e0m ch\u1ea5t ch\u1ed1ng oxy h\u00f3a cao su, \u0111\u01b0\u1ee3c s\u1eed d\u1ee5ng trong cao su thi\u00ean nhi\u00ean, cao su t\u1ed5ng h\u1ee3p, cao su<\/span><\/p>\n<p><span data-type=\"text\">Trong s\u1eefa, n\u00f3 c\u00f3 t\u00e1c d\u1ee5ng v\u1eeba ph\u1ea3i \u0111\u1ed1i v\u1edbi oxy, l\u00e3o h\u00f3a kh\u00ed h\u1eadu v\u00e0 l\u00e3o h\u00f3a t\u0129nh, \u0111\u1ed3ng th\u1eddi<\/span><\/p>\n<p><span data-type=\"text\">C\u00f3 th\u1ec3 ng\u0103n ng\u1eeba c\u00e1c t\u00e1c d\u1ee5ng ph\u1ee5 do l\u01b0u h\u00f3a qu\u00e1 m\u1ee9c khi s\u1ea3n ph\u1ea9m \u0111\u01b0\u1ee3c l\u01b0u h\u00f3a; \u0110\u1ed3ng th\u1eddi, 2-benzimidazole k\u1ef5 n\u01b0\u1edbc c\u0169ng l\u00e0 m\u1ed9t ch\u1ea5t trung gian d\u01b0\u1ee3c ph\u1ea9m quan tr\u1ecdng.<\/span><\/p>\n<\/article>\n<\/article>","protected":false},"excerpt":{"rendered":"<article class=\"4ever-article\" data-clipboard-cangjie=\"[&quot;root&quot;,{},[&quot;p&quot;,{&quot;jc&quot;:&quot;left&quot;,&quot;ind&quot;:{&quot;left&quot;:0},&quot;spacing&quot;:{&quot;before&quot;:6.66667,&quot;after&quot;:6.66667,&quot;line&quot;:1},&quot;uuid&quot;:&quot;lswtfsvvvijk6s1z8p&quot;},[&quot;span&quot;,{&quot;data-type&quot;:&quot;text&quot;},[&quot;span&quot;,{&quot;color&quot;:&quot;rgb(0, 0, 0)&quot;,&quot;sz&quot;:12,&quot;szUnit&quot;:&quot;pt&quot;,&quot;data-type&quot;:&quot;leaf&quot;},&quot;Product name:&quot;],[&quot;span&quot;,{&quot;sz&quot;:11,&quot;szUnit&quot;:&quot;pt&quot;,&quot;fonts&quot;:{&quot;ascii&quot;:&quot;\u5b8b\u4f53&quot;,&quot;hAnsi&quot;:&quot;\u5b8b\u4f53&quot;,&quot;cs&quot;:&quot;\u5b8b\u4f53&quot;,&quot;eastAsia&quot;:&quot;\u5b8b\u4f53&quot;},&quot;color&quot;:&quot;#000000&quot;,&quot;data-type&quot;:&quot;leaf&quot;},&quot; 2-Mercaptobenzimidazole&quot;]]],[&quot;p&quot;,{&quot;jc&quot;:&quot;left&quot;,&quot;ind&quot;:{&quot;left&quot;:0},&quot;spacing&quot;:{&quot;before&quot;:6.66667,&quot;after&quot;:6.66667,&quot;line&quot;:1},&quot;uuid&quot;:&quot;lswtfsvw67msoc684k9&quot;},[&quot;span&quot;,{&quot;data-type&quot;:&quot;text&quot;},[&quot;span&quot;,{&quot;color&quot;:&quot;rgb(0, 0, 0)&quot;,&quot;sz&quot;:12,&quot;szUnit&quot;:&quot;pt&quot;,&quot;data-type&quot;:&quot;leaf&quot;},&quot;CAS\uff1a&quot;],[&quot;span&quot;,{&quot;sz&quot;:11,&quot;szUnit&quot;:&quot;pt&quot;,&quot;fonts&quot;:{&quot;ascii&quot;:&quot;\u5b8b\u4f53&quot;,&quot;hAnsi&quot;:&quot;\u5b8b\u4f53&quot;,&quot;cs&quot;:&quot;\u5b8b\u4f53&quot;,&quot;eastAsia&quot;:&quot;\u5b8b\u4f53&quot;},&quot;color&quot;:&quot;#000000&quot;,&quot;data-type&quot;:&quot;leaf&quot;},&quot;583-39-1&quot;]]],[&quot;p&quot;,{&quot;jc&quot;:&quot;left&quot;,&quot;ind&quot;:{&quot;left&quot;:0},&quot;spacing&quot;:{&quot;before&quot;:6.66667,&quot;after&quot;:6.66667,&quot;line&quot;:1},&quot;uuid&quot;:&quot;lswtfsvwccqptazn6p7&quot;},[&quot;span&quot;,{&quot;data-type&quot;:&quot;text&quot;},[&quot;span&quot;,{&quot;color&quot;:&quot;rgb(0, 0, 0)&quot;,&quot;sz&quot;:12,&quot;szUnit&quot;:&quot;pt&quot;,&quot;data-type&quot;:&quot;leaf&quot;},&quot;EINECS:\u00a0&quot;],[&quot;span&quot;,{&quot;color&quot;:&quot;rgb(42, 43, 46)&quot;,&quot;sz&quot;:9,&quot;szUnit&quot;:&quot;pt&quot;,&quot;data-type&quot;:&quot;leaf&quot;},&quot; &quot;],[&quot;span&quot;,{&quot;fonts&quot;:{&quot;ascii&quot;:&quot;\u5b8b\u4f53&quot;,&quot;hAnsi&quot;:&quot;\u5b8b\u4f53&quot;,&quot;cs&quot;:&quot;\u5b8b\u4f53&quot;,&quot;eastAsia&quot;:&quot;\u5b8b\u4f53&quot;},&quot;sz&quot;:12,&quot;szUnit&quot;:&quot;pt&quot;,&quot;color&quot;:&quot;rgb(0, 0, 0)&quot;,&quot;data-type&quot;:&quot;leaf&quot;},&quot;209-502-6&quot;]]],[&quot;p&quot;,{&quot;jc&quot;:&quot;left&quot;,&quot;ind&quot;:{&quot;left&quot;:0},&quot;spacing&quot;:{&quot;before&quot;:6.66667,&quot;after&quot;:6.66667,&quot;line&quot;:1},&quot;uuid&quot;:&quot;lswvmmugqxelvfo7nls&quot;},[&quot;span&quot;,{&quot;data-type&quot;:&quot;text&quot;},[&quot;span&quot;,{&quot;color&quot;:&quot;rgb(0, 0, 0)&quot;,&quot;sz&quot;:12,&quot;szUnit&quot;:&quot;pt&quot;,&quot;data-type&quot;:&quot;leaf&quot;},&quot;Appearance: White to beige powder&quot;]]]]\" data-identifier-application__slash__x-cangjie-fragment=\"JTdCJTIya2xhc3MlMjIlM0ElMjJkb2N1bWVudCUyMiUyQyUyMmRhdGElMjIlM0ElN0IlN0QlMkMlMjJub2RlcyUyMiUzQSU1QiU3QiUyMmtsYXNzJTIyJTNBJTIyYmxvY2slMjIlMkMlMjJ0eXBlJTIyJTNBJTIycGFyYWdyYXBoJTIyJTJDJTIyZGF0YSUyMiUzQSU3QiUyMmpjJTIyJTNBJTIybGVmdCUyMiUyQyUyMmluZCUyMiUzQSU3QiUyMmxlZnQlMjIlM0EwJTdEJTJDJTIyc3BhY2luZyUyMiUzQSU3QiUyMmJlZm9yZSUyMiUzQTYuNjY2NjclMkMlMjJhZnRlciUyMiUzQTYuNjY2NjclMkMlMjJsaW5lJTIyJTNBMSU3RCUyQyUyMnV1aWQlMjIlM0ElMjJsc3d0ZnN2dnZpams2czF6OHAlMjIlN0QlMkMlMjJub2RlcyUyMiUzQSU1QiU3QiUyMmtsYXNzJTIyJTNBJTIydGV4dCUyMiUyQyUyMmxlYXZlcyUyMiUzQSU1QiU3QiUyMmtsYXNzJTIyJTNBJTIybGVhZiUyMiUyQyUyMnRleHQlMjIlM0ElMjJQcm9kdWN0JTIwbmFtZSUzQSUyMiUyQyUyMm1hcmtzJTIyJTNBJTVCJTdCJTIya2xhc3MlMjIlM0ElMjJtYXJrJTIyJTJDJTIydHlwZSUyMiUzQSUyMmNvbG9yJTIyJTJDJTIyZGF0YSUyMiUzQSU3QiUyMnZhbHVlJTIyJTNBJTIycmdiKDAlMkMlMjAwJTJDJTIwMCklMjIlN0QlN0QlMkMlN0IlMjJrbGFzcyUyMiUzQSUyMm1hcmslMjIlMkMlMjJ0eXBlJTIyJTNBJTIyc3olMjIlMkMlMjJkYXRhJTIyJTNBJTdCJTIydmFsdWUlMjIlM0ExMiUyQyUyMnN6VW5pdCUyMiUzQSUyMnB0JTIyJTdEJTdEJTVEJTdEJTJDJTdCJTIya2xhc3MlMjIlM0ElMjJsZWFmJTIyJTJDJTIydGV4dCUyMiUzQSUyMiUyMDItTWVyY2FwdG9iZW56aW1pZGF6b2xlJTIyJTJDJTIybWFya3MlMjIlM0ElNUIlN0IlMjJrbGFzcyUyMiUzQSUyMm1hcmslMjIlMkMlMjJ0eXBlJTIyJTNBJTIyc3olMjIlMkMlMjJkYXRhJTIyJTNBJTdCJTIydmFsdWUlMjIlM0ExMSUyQyUyMnNjYWxlJTIyJTNBMSUyQyUyMnN6VW5pdCUyMiUzQSUyMnB0JTIyJTdEJTdEJTJDJTdCJTIya2xhc3MlMjIlM0ElMjJtYXJrJTIyJTJDJTIydHlwZSUyMiUzQSUyMmZvbnRzJTIyJTJDJTIyZGF0YSUyMiUzQSU3QiUyMmFzY2lpJTIyJTNBJTIyJUU1JUFFJThCJUU0JUJEJTkzJTIyJTJDJTIyaEFuc2klMjIlM0ElMjIlRTUlQUUlOEIlRTQlQkQlOTMlMjIlMkMlMjJjcyUyMiUzQSUyMiVFNSVBRSU4QiVFNCVCRCU5MyUyMiUyQyUyMmVhc3RBc2lhJTIyJTNBJTIyJUU1JUFFJThCJUU0JUJEJTkzJTIyJTdEJTdEJTJDJTdCJTIya2xhc3MlMjIlM0ElMjJtYXJrJTIyJTJDJTIydHlwZSUyMiUzQSUyMmNvbG9yJTIyJTJDJTIyZGF0YSUyMiUzQSU3QiUyMnZhbHVlJTIyJTNBJTIyJTIzMDAwMDAwJTIyJTdEJTdEJTVEJTdEJTVEJTdEJTVEJTdEJTJDJTdCJTIya2xhc3MlMjIlM0ElMjJibG9jayUyMiUyQyUyMnR5cGUlMjIlM0ElMjJwYXJhZ3JhcGglMjIlMkMlMjJkYXRhJTIyJTNBJTdCJTIyamMlMjIlM0ElMjJsZWZ0JTIyJTJDJTIyaW5kJTIyJTNBJTdCJTIybGVmdCUyMiUzQTAlN0QlMkMlMjJzcGFjaW5nJTIyJTNBJTdCJTIyYmVmb3JlJTIyJTNBNi42NjY2NyUyQyUyMmFmdGVyJTIyJTNBNi42NjY2NyUyQyUyMmxpbmUlMjIlM0ExJTdEJTJDJTIydXVpZCUyMiUzQSUyMmxzd3Rmc3Z3Njdtc29jNjg0azklMjIlN0QlMkMlMjJub2RlcyUyMiUzQSU1QiU3QiUyMmtsYXNzJTIyJTNBJTIydGV4dCUyMiUyQyUyMmxlYXZlcyUyMiUzQSU1QiU3QiUyMmtsYXNzJTIyJTNBJTIybGVhZiUyMiUyQyUyMnRleHQlMjIlM0ElMjJDQVMlRUYlQkMlOUElMjIlMkMlMjJtYXJrcyUyMiUzQSU1QiU3QiUyMmtsYXNzJTIyJTNBJTIybWFyayUyMiUyQyUyMnR5cGUlMjIlM0ElMjJjb2xvciUyMiUyQyUyMmRhdGElMjIlM0ElN0IlMjJ2YWx1ZSUyMiUzQSUyMnJnYigwJTJDJTIwMCUyQyUyMDApJTIyJTdEJTdEJTJDJTdCJTIya2xhc3MlMjIlM0ElMjJtYXJrJTIyJTJDJTIydHlwZSUyMiUzQSUyMnN6JTIyJTJDJTIyZGF0YSUyMiUzQSU3QiUyMnZhbHVlJTIyJTNBMTIlMkMlMjJzelVuaXQlMjIlM0ElMjJwdCUyMiU3RCU3RCU1RCU3RCUyQyU3QiUyMmtsYXNzJTIyJTNBJTIybGVhZiUyMiUyQyUyMnRleHQlMjIlM0ElMjI1ODMtMzktMSUyMiUyQyUyMm1hcmtzJTIyJTNBJTVCJTdCJTIya2xhc3MlMjIlM0ElMjJtYXJrJTIyJTJDJTIydHlwZSUyMiUzQSUyMnN6JTIyJTJDJTIyZGF0YSUyMiUzQSU3QiUyMnZhbHVlJTIyJTNBMTElMkMlMjJzY2FsZSUyMiUzQTElMkMlMjJzelVuaXQlMjIlM0ElMjJwdCUyMiU3RCU3RCUyQyU3QiUyMmtsYXNzJTIyJTNBJTIybWFyayUyMiUyQyUyMnR5cGUlMjIlM0ElMjJmb250cyUyMiUyQyUyMmRhdGElMjIlM0ElN0IlMjJhc2NpaSUyMiUzQSUyMiVFNSVBRSU4QiVFNCVCRCU5MyUyMiUyQyUyMmhBbnNpJTIyJTNBJTIyJUU1JUFFJThCJUU0JUJEJTkzJTIyJTJDJTIyY3MlMjIlM0ElMjIlRTUlQUUlOEIlRTQlQkQlOTMlMjIlMkMlMjJlYXN0QXNpYSUyMiUzQSUyMiVFNSVBRSU4QiVFNCVCRCU5MyUyMiU3RCU3RCUyQyU3QiUyMmtsYXNzJTIyJTNBJTIybWFyayUyMiUyQyUyMnR5cGUlMjIlM0ElMjJjb2xvciUyMiUyQyUyMmRhdGElMjIlM0ElN0IlMjJ2YWx1ZSUyMiUzQSUyMiUyMzAwMDAwMCUyMiU3RCU3RCU1RCU3RCU1RCU3RCU1RCU3RCUyQyU3QiUyMmtsYXNzJTIyJTNBJTIyYmxvY2slMjIlMkMlMjJ0eXBlJTIyJTNBJTIycGFyYWdyYXBoJTIyJTJDJTIyZGF0YSUyMiUzQSU3QiUyMmpjJTIyJTNBJTIybGVmdCUyMiUyQyUyMmluZCUyMiUzQSU3QiUyMmxlZnQlMjIlM0EwJTdEJTJDJTIyc3BhY2luZyUyMiUzQSU3QiUyMmJlZm9yZSUyMiUzQTYuNjY2NjclMkMlMjJhZnRlciUyMiUzQTYuNjY2NjclMkMlMjJsaW5lJTIyJTNBMSU3RCUyQyUyMnV1aWQlMjIlM0ElMjJsc3d0ZnN2d2NjcXB0YXpuNnA3JTIyJTdEJTJDJTIybm9kZXMlMjIlM0ElNUIlN0IlMjJrbGFzcyUyMiUzQSUyMnRleHQlMjIlMkMlMjJsZWF2ZXMlMjIlM0ElNUIlN0IlMjJrbGFzcyUyMiUzQSUyMmxlYWYlMjIlMkMlMjJ0ZXh0JTIyJTNBJTIyRUlORUNTJTNBJUMyJUEwJTIyJTJDJTIybWFya3MlMjIlM0ElNUIlN0IlMjJrbGFzcyUyMiUzQSUyMm1hcmslMjIlMkMlMjJ0eXBlJTIyJTNBJTIyY29sb3IlMjIlMkMlMjJkYXRhJTIyJTNBJTdCJTIydmFsdWUlMjIlM0ElMjJyZ2IoMCUyQyUyMDAlMkMlMjAwKSUyMiU3RCU3RCUyQyU3QiUyMmtsYXNzJTIyJTNBJTIybWFyayUyMiUyQyUyMnR5cGUlMjIlM0ElMjJzeiUyMiUyQyUyMmRhdGElMjIlM0ElN0IlMjJ2YWx1ZSUyMiUzQTEyJTJDJTIyc3pVbml0JTIyJTNBJTIycHQlMjIlN0QlN0QlNUQlN0QlMkMlN0IlMjJrbGFzcyUyMiUzQSUyMmxlYWYlMjIlMkMlMjJ0ZXh0JTIyJTNBJTIyJTIwJTIyJTJDJTIybWFya3MlMjIlM0ElNUIlN0IlMjJrbGFzcyUyMiUzQSUyMm1hcmslMjIlMkMlMjJ0eXBlJTIyJTNBJTIyY29sb3IlMjIlMkMlMjJkYXRhJTIyJTNBJTdCJTIydmFsdWUlMjIlM0ElMjJyZ2IoNDIlMkMlMjA0MyUyQyUyMDQ2KSUyMiU3RCU3RCUyQyU3QiUyMmtsYXNzJTIyJTNBJTIybWFyayUyMiUyQyUyMnR5cGUlMjIlM0ElMjJzeiUyMiUyQyUyMmRhdGElMjIlM0ElN0IlMjJ2YWx1ZSUyMiUzQTklMkMlMjJzelVuaXQlMjIlM0ElMjJwdCUyMiU3RCU3RCU1RCU3RCUyQyU3QiUyMmtsYXNzJTIyJTNBJTIybGVhZiUyMiUyQyUyMnRleHQlMjIlM0ElMjIyMDktNTAyLTYlMjIlMkMlMjJtYXJrcyUyMiUzQSU1QiU3QiUyMmtsYXNzJTIyJTNBJTIybWFyayUyMiUyQyUyMnR5cGUlMjIlM0ElMjJmb250cyUyMiUyQyUyMmRhdGElMjIlM0ElN0IlMjJhc2NpaSUyMiUzQSUyMiVFNSVBRSU4QiVFNCVCRCU5MyUyMiUyQyUyMmhBbnNpJTIyJTNBJTIyJUU1JUFFJThCJUU0JUJEJTkzJTIyJTJDJTIyY3MlMjIlM0ElMjIlRTUlQUUlOEIlRTQlQkQlOTMlMjIlMkMlMjJlYXN0QXNpYSUyMiUzQSUyMiVFNSVBRSU4QiVFNCVCRCU5MyUyMiU3RCU3RCUyQyU3QiUyMmtsYXNzJTIyJTNBJTIybWFyayUyMiUyQyUyMnR5cGUlMjIlM0ElMjJzeiUyMiUyQyUyMmRhdGElMjIlM0ElN0IlMjJ2YWx1ZSUyMiUzQTEyJTJDJTIyc3pVbml0JTIyJTNBJTIycHQlMjIlN0QlN0QlMkMlN0IlMjJrbGFzcyUyMiUzQSUyMm1hcmslMjIlMkMlMjJ0eXBlJTIyJTNBJTIyY29sb3IlMjIlMkMlMjJkYXRhJTIyJTNBJTdCJTIydmFsdWUlMjIlM0ElMjJyZ2IoMCUyQyUyMDAlMkMlMjAwKSUyMiU3RCU3RCU1RCU3RCU1RCU3RCU1RCU3RCUyQyU3QiUyMmtsYXNzJTIyJTNBJTIyYmxvY2slMjIlMkMlMjJ0eXBlJTIyJTNBJTIycGFyYWdyYXBoJTIyJTJDJTIyZGF0YSUyMiUzQSU3QiUyMmpjJTIyJTNBJTIybGVmdCUyMiUyQyUyMmluZCUyMiUzQSU3QiUyMmxlZnQlMjIlM0EwJTdEJTJDJTIyc3BhY2luZyUyMiUzQSU3QiUyMmJlZm9yZSUyMiUzQTYuNjY2NjclMkMlMjJhZnRlciUyMiUzQTYuNjY2NjclMkMlMjJsaW5lJTIyJTNBMSU3RCUyQyUyMnV1aWQlMjIlM0ElMjJsc3d2bW11Z3F4ZWx2Zm83bmxzJTIyJTdEJTJDJTIybm9kZXMlMjIlM0ElNUIlN0IlMjJrbGFzcyUyMiUzQSUyMnRleHQlMjIlMkMlMjJsZWF2ZXMlMjIlM0ElNUIlN0IlMjJrbGFzcyUyMiUzQSUyMmxlYWYlMjIlMkMlMjJ0ZXh0JTIyJTNBJTIyQXBwZWFyYW5jZSUzQSUyMFdoaXRlJTIwdG8lMjBiZWlnZSUyMHBvd2RlciUyMiUyQyUyMm1hcmtzJTIyJTNBJTVCJTdCJTIya2xhc3MlMjIlM0ElMjJtYXJrJTIyJTJDJTIydHlwZSUyMiUzQSUyMmNvbG9yJTIyJTJDJTIyZGF0YSUyMiUzQSU3QiUyMnZhbHVlJTIyJTNBJTIycmdiKDAlMkMlMjAwJTJDJTIwMCklMjIlN0QlN0QlMkMlN0IlMjJrbGFzcyUyMiUzQSUyMm1hcmslMjIlMkMlMjJ0eXBlJTIyJTNBJTIyc3olMjIlMkMlMjJkYXRhJTIyJTNBJTdCJTIydmFsdWUlMjIlM0ExMiUyQyUyMnN6VW5pdCUyMiUzQSUyMnB0JTIyJTdEJTdEJTVEJTdEJTVEJTdEJTVEJTdEJTVEJTdE\" data-identifier-application__slash__x-doc-key=\"1X3lE6ekRYRgnJbv\"><span data-type=\"text\">T\u00ean s\u1ea3n ph\u1ea9m:<\/span><span data-type=\"text\">\u00a02-Mercaptobenzimidazol<\/span><\/p>\n<p><span data-type=\"text\">CAS:<\/span><span data-type=\"text\">583-39-1<\/span><\/p>\n<p><span data-type=\"text\">EINECS:\u00a0<\/span><span data-type=\"text\">\u00a0<\/span><span data-type=\"text\">209-502-6<\/span><\/p>\n<p><span data-type=\"text\">Ngo\u1ea1i quan: B\u1ed9t m\u00e0u tr\u1eafng \u0111\u1ebfn m\u00e0u be<\/span><\/p>\n<\/article>","protected":false},"featured_media":4823,"template":"","meta":{"_acf_changed":false,"_gspb_post_css":""},"product_brand":[],"product_cat":[62,73],"product_tag":[],"class_list":{"0":"post-6802","1":"product","2":"type-product","3":"status-publish","4":"has-post-thumbnail","6":"product_cat-rubberplastic-ingredients","7":"product_cat-rubber-antioxidant","9":"first","10":"instock","11":"shipping-taxable","12":"product-type-simple"},"acf":[],"_links":{"self":[{"href":"https:\/\/wpachem.com\/vi\/wp-json\/wp\/v2\/product\/6802","targetHints":{"allow":["GET"]}}],"collection":[{"href":"https:\/\/wpachem.com\/vi\/wp-json\/wp\/v2\/product"}],"about":[{"href":"https:\/\/wpachem.com\/vi\/wp-json\/wp\/v2\/types\/product"}],"version-history":[{"count":0,"href":"https:\/\/wpachem.com\/vi\/wp-json\/wp\/v2\/product\/6802\/revisions"}],"wp:featuredmedia":[{"embeddable":true,"href":"https:\/\/wpachem.com\/vi\/wp-json\/wp\/v2\/media\/4823"}],"wp:attachment":[{"href":"https:\/\/wpachem.com\/vi\/wp-json\/wp\/v2\/media?parent=6802"}],"wp:term":[{"taxonomy":"product_brand","embeddable":true,"href":"https:\/\/wpachem.com\/vi\/wp-json\/wp\/v2\/product_brand?post=6802"},{"taxonomy":"product_cat","embeddable":true,"href":"https:\/\/wpachem.com\/vi\/wp-json\/wp\/v2\/product_cat?post=6802"},{"taxonomy":"product_tag","embeddable":true,"href":"https:\/\/wpachem.com\/vi\/wp-json\/wp\/v2\/product_tag?post=6802"}],"curies":[{"name":"wp","href":"https:\/\/api.w.org\/{rel}","templated":true}]}}