{"id":6863,"date":"2024-03-05T09:41:46","date_gmt":"2024-03-05T09:41:46","guid":{"rendered":"https:\/\/wpachem.com\/?post_type=product&#038;p=6863"},"modified":"2024-03-05T09:42:11","modified_gmt":"2024-03-05T09:42:11","slug":"gmoist-sea-gel-h","status":"publish","type":"product","link":"https:\/\/wpachem.com\/vi\/product\/gmoist-sea-gel-h\/","title":{"rendered":"Gmoist Sea-Gel-H"},"content":{"rendered":"<article class=\"4ever-article\" data-clipboard-cangjie=\"[&quot;root&quot;,{},[&quot;p&quot;,{&quot;ind&quot;:{&quot;left&quot;:0},&quot;jc&quot;:&quot;left&quot;,&quot;spacing&quot;:{&quot;after&quot;:6.66667,&quot;before&quot;:6.66667,&quot;line&quot;:1},&quot;uuid&quot;:&quot;lswtfsvs3vee7i5x5ul&quot;},[&quot;span&quot;,{&quot;data-type&quot;:&quot;text&quot;},[&quot;span&quot;,{&quot;bold&quot;:true,&quot;sz&quot;:14,&quot;szUnit&quot;:&quot;pt&quot;,&quot;data-type&quot;:&quot;leaf&quot;},&quot;Characteristic&quot;]]],[&quot;p&quot;,{&quot;jc&quot;:&quot;left&quot;,&quot;ind&quot;:{&quot;left&quot;:0},&quot;spacing&quot;:{&quot;before&quot;:6.66667,&quot;after&quot;:6.66667,&quot;line&quot;:1},&quot;uuid&quot;:&quot;lt59rt2iazbpf00cafh&quot;},[&quot;span&quot;,{&quot;data-type&quot;:&quot;text&quot;},[&quot;span&quot;,{&quot;sz&quot;:10,&quot;szUnit&quot;:&quot;pt&quot;,&quot;fonts&quot;:{&quot;ascii&quot;:&quot;\u65b9\u6b63\u5c0f\u6807\u5b8b\u7b80\u4f53&quot;,&quot;hAnsi&quot;:&quot;\u65b9\u6b63\u5c0f\u6807\u5b8b\u7b80\u4f53&quot;,&quot;cs&quot;:&quot;\u65b9\u6b63\u5c0f\u6807\u5b8b\u7b80\u4f53&quot;,&quot;eastAsia&quot;:&quot;\u65b9\u6b63\u5c0f\u6807\u5b8b\u7b80\u4f53&quot;},&quot;color&quot;:&quot;#000000&quot;,&quot;data-type&quot;:&quot;leaf&quot;},&quot;A moisturizer derived from the ocean to repair the skin barrier function&quot;]]],[&quot;p&quot;,{&quot;uuid&quot;:&quot;lt59fh5xi3i5suystu&quot;},[&quot;span&quot;,{&quot;data-type&quot;:&quot;text&quot;},[&quot;span&quot;,{&quot;data-type&quot;:&quot;leaf&quot;},&quot;&quot;]],[&quot;br&quot;,{&quot;type&quot;:&quot;textWrapping&quot;,&quot;data&quot;:{},&quot;uuid&quot;:&quot;lt591eio1xshk86yjiy&quot;},[&quot;span&quot;,{&quot;data-type&quot;:&quot;text&quot;},[&quot;span&quot;,{&quot;data-type&quot;:&quot;leaf&quot;},&quot;&quot;]]],[&quot;span&quot;,{&quot;data-type&quot;:&quot;text&quot;},[&quot;span&quot;,{&quot;bold&quot;:true,&quot;color&quot;:&quot;rgb(68, 68, 68)&quot;,&quot;sz&quot;:10.5,&quot;szUnit&quot;:&quot;pt&quot;,&quot;data-type&quot;:&quot;leaf&quot;},&quot;Application&quot;]]],[&quot;p&quot;,{&quot;uuid&quot;:&quot;lt59lfahbwhgbw71dh&quot;},[&quot;span&quot;,{&quot;data-type&quot;:&quot;text&quot;},[&quot;span&quot;,{&quot;data-type&quot;:&quot;leaf&quot;},&quot;Gmoist\u00ae Sea-Gel-H is a novel moisturizing agent derived from marine plant Fucus Algae. It exhibits effects of regulating the formation of cornified envelope, repairing the skin barrier to resist cell drying and bringing a smooth and clean touch-feeling.&quot;]]]]\" data-identifier-application__slash__x-cangjie-fragment=\"JTdCJTIya2xhc3MlMjIlM0ElMjJkb2N1bWVudCUyMiUyQyUyMmRhdGElMjIlM0ElN0IlN0QlMkMlMjJub2RlcyUyMiUzQSU1QiU3QiUyMmtsYXNzJTIyJTNBJTIyYmxvY2slMjIlMkMlMjJ0eXBlJTIyJTNBJTIycGFyYWdyYXBoJTIyJTJDJTIyZGF0YSUyMiUzQSU3QiUyMmluZCUyMiUzQSU3QiUyMmxlZnQlMjIlM0EwJTdEJTJDJTIyamMlMjIlM0ElMjJsZWZ0JTIyJTJDJTIyc3BhY2luZyUyMiUzQSU3QiUyMmFmdGVyJTIyJTNBNi42NjY2NyUyQyUyMmJlZm9yZSUyMiUzQTYuNjY2NjclMkMlMjJsaW5lJTIyJTNBMSU3RCUyQyUyMnV1aWQlMjIlM0ElMjJsc3d0ZnN2czN2ZWU3aTV4NXVsJTIyJTdEJTJDJTIybm9kZXMlMjIlM0ElNUIlN0IlMjJrbGFzcyUyMiUzQSUyMnRleHQlMjIlMkMlMjJsZWF2ZXMlMjIlM0ElNUIlN0IlMjJrbGFzcyUyMiUzQSUyMmxlYWYlMjIlMkMlMjJ0ZXh0JTIyJTNBJTIyQ2hhcmFjdGVyaXN0aWMlMjIlMkMlMjJtYXJrcyUyMiUzQSU1QiU3QiUyMmtsYXNzJTIyJTNBJTIybWFyayUyMiUyQyUyMnR5cGUlMjIlM0ElMjJib2xkJTIyJTJDJTIyZGF0YSUyMiUzQSU3QiU3RCU3RCUyQyU3QiUyMmtsYXNzJTIyJTNBJTIybWFyayUyMiUyQyUyMnR5cGUlMjIlM0ElMjJzeiUyMiUyQyUyMmRhdGElMjIlM0ElN0IlMjJ2YWx1ZSUyMiUzQTE0JTJDJTIyc3pVbml0JTIyJTNBJTIycHQlMjIlN0QlN0QlNUQlN0QlNUQlN0QlNUQlN0QlMkMlN0IlMjJrbGFzcyUyMiUzQSUyMmJsb2NrJTIyJTJDJTIydHlwZSUyMiUzQSUyMnBhcmFncmFwaCUyMiUyQyUyMmRhdGElMjIlM0ElN0IlMjJqYyUyMiUzQSUyMmxlZnQlMjIlMkMlMjJpbmQlMjIlM0ElN0IlMjJsZWZ0JTIyJTNBMCU3RCUyQyUyMnNwYWNpbmclMjIlM0ElN0IlMjJiZWZvcmUlMjIlM0E2LjY2NjY3JTJDJTIyYWZ0ZXIlMjIlM0E2LjY2NjY3JTJDJTIybGluZSUyMiUzQTElN0QlMkMlMjJ1dWlkJTIyJTNBJTIybHQ1OXJ0MmlhemJwZjAwY2FmaCUyMiU3RCUyQyUyMm5vZGVzJTIyJTNBJTVCJTdCJTIya2xhc3MlMjIlM0ElMjJ0ZXh0JTIyJTJDJTIybGVhdmVzJTIyJTNBJTVCJTdCJTIya2xhc3MlMjIlM0ElMjJsZWFmJTIyJTJDJTIydGV4dCUyMiUzQSUyMkElMjBtb2lzdHVyaXplciUyMGRlcml2ZWQlMjBmcm9tJTIwdGhlJTIwb2NlYW4lMjB0byUyMHJlcGFpciUyMHRoZSUyMHNraW4lMjBiYXJyaWVyJTIwZnVuY3Rpb24lMjIlMkMlMjJtYXJrcyUyMiUzQSU1QiU3QiUyMmtsYXNzJTIyJTNBJTIybWFyayUyMiUyQyUyMnR5cGUlMjIlM0ElMjJzeiUyMiUyQyUyMmRhdGElMjIlM0ElN0IlMjJ2YWx1ZSUyMiUzQTEwJTJDJTIyc2NhbGUlMjIlM0ExJTJDJTIyc3pVbml0JTIyJTNBJTIycHQlMjIlN0QlN0QlMkMlN0IlMjJrbGFzcyUyMiUzQSUyMm1hcmslMjIlMkMlMjJ0eXBlJTIyJTNBJTIyZm9udHMlMjIlMkMlMjJkYXRhJTIyJTNBJTdCJTIyYXNjaWklMjIlM0ElMjIlRTYlOTYlQjklRTYlQUQlQTMlRTUlQjAlOEYlRTYlQTAlODclRTUlQUUlOEIlRTclQUUlODAlRTQlQkQlOTMlMjIlMkMlMjJoQW5zaSUyMiUzQSUyMiVFNiU5NiVCOSVFNiVBRCVBMyVFNSVCMCU4RiVFNiVBMCU4NyVFNSVBRSU4QiVFNyVBRSU4MCVFNCVCRCU5MyUyMiUyQyUyMmNzJTIyJTNBJTIyJUU2JTk2JUI5JUU2JUFEJUEzJUU1JUIwJThGJUU2JUEwJTg3JUU1JUFFJThCJUU3JUFFJTgwJUU0JUJEJTkzJTIyJTJDJTIyZWFzdEFzaWElMjIlM0ElMjIlRTYlOTYlQjklRTYlQUQlQTMlRTUlQjAlOEYlRTYlQTAlODclRTUlQUUlOEIlRTclQUUlODAlRTQlQkQlOTMlMjIlN0QlN0QlMkMlN0IlMjJrbGFzcyUyMiUzQSUyMm1hcmslMjIlMkMlMjJ0eXBlJTIyJTNBJTIyY29sb3IlMjIlMkMlMjJkYXRhJTIyJTNBJTdCJTIydmFsdWUlMjIlM0ElMjIlMjMwMDAwMDAlMjIlN0QlN0QlNUQlN0QlNUQlN0QlNUQlN0QlMkMlN0IlMjJrbGFzcyUyMiUzQSUyMmJsb2NrJTIyJTJDJTIydHlwZSUyMiUzQSUyMnBhcmFncmFwaCUyMiUyQyUyMmRhdGElMjIlM0ElN0IlMjJ1dWlkJTIyJTNBJTIybHQ1OWZoNXhpM2k1c3V5c3R1JTIyJTdEJTJDJTIybm9kZXMlMjIlM0ElNUIlN0IlMjJrbGFzcyUyMiUzQSUyMnRleHQlMjIlMkMlMjJsZWF2ZXMlMjIlM0ElNUIlN0IlMjJrbGFzcyUyMiUzQSUyMmxlYWYlMjIlMkMlMjJ0ZXh0JTIyJTNBJTIyJTIyJTJDJTIybWFya3MlMjIlM0ElNUIlNUQlN0QlNUQlN0QlMkMlN0IlMjJrbGFzcyUyMiUzQSUyMmlubGluZSUyMiUyQyUyMnR5cGUlMjIlM0ElMjJiciUyMiUyQyUyMmRhdGElMjIlM0ElN0IlMjJ0eXBlJTIyJTNBJTIydGV4dFdyYXBwaW5nJTIyJTJDJTIyZGF0YSUyMiUzQSU3QiU3RCUyQyUyMnV1aWQlMjIlM0ElMjJsdDU5MWVpbzF4c2hrODZ5aml5JTIyJTdEJTJDJTIybm9kZXMlMjIlM0ElNUIlN0IlMjJrbGFzcyUyMiUzQSUyMnRleHQlMjIlMkMlMjJsZWF2ZXMlMjIlM0ElNUIlN0IlMjJrbGFzcyUyMiUzQSUyMmxlYWYlMjIlMkMlMjJ0ZXh0JTIyJTNBJTIyJTIyJTJDJTIybWFya3MlMjIlM0ElNUIlNUQlN0QlNUQlN0QlNUQlN0QlMkMlN0IlMjJrbGFzcyUyMiUzQSUyMnRleHQlMjIlMkMlMjJsZWF2ZXMlMjIlM0ElNUIlN0IlMjJrbGFzcyUyMiUzQSUyMmxlYWYlMjIlMkMlMjJ0ZXh0JTIyJTNBJTIyQXBwbGljYXRpb24lMjIlMkMlMjJtYXJrcyUyMiUzQSU1QiU3QiUyMmtsYXNzJTIyJTNBJTIybWFyayUyMiUyQyUyMnR5cGUlMjIlM0ElMjJib2xkJTIyJTJDJTIyZGF0YSUyMiUzQSU3QiU3RCU3RCUyQyU3QiUyMmtsYXNzJTIyJTNBJTIybWFyayUyMiUyQyUyMnR5cGUlMjIlM0ElMjJjb2xvciUyMiUyQyUyMmRhdGElMjIlM0ElN0IlMjJ2YWx1ZSUyMiUzQSUyMnJnYig2OCUyQyUyMDY4JTJDJTIwNjgpJTIyJTdEJTdEJTJDJTdCJTIya2xhc3MlMjIlM0ElMjJtYXJrJTIyJTJDJTIydHlwZSUyMiUzQSUyMnN6JTIyJTJDJTIyZGF0YSUyMiUzQSU3QiUyMnZhbHVlJTIyJTNBMTAuNSUyQyUyMnN6VW5pdCUyMiUzQSUyMnB0JTIyJTdEJTdEJTVEJTdEJTVEJTdEJTVEJTdEJTJDJTdCJTIya2xhc3MlMjIlM0ElMjJibG9jayUyMiUyQyUyMnR5cGUlMjIlM0ElMjJwYXJhZ3JhcGglMjIlMkMlMjJkYXRhJTIyJTNBJTdCJTIydXVpZCUyMiUzQSUyMmx0NTlsZmFoYndoZ2J3NzFkaCUyMiU3RCUyQyUyMm5vZGVzJTIyJTNBJTVCJTdCJTIya2xhc3MlMjIlM0ElMjJ0ZXh0JTIyJTJDJTIybGVhdmVzJTIyJTNBJTVCJTdCJTIya2xhc3MlMjIlM0ElMjJsZWFmJTIyJTJDJTIydGV4dCUyMiUzQSUyMkdtb2lzdCVDMiVBRSUyMFNlYS1HZWwtSCUyMGlzJTIwYSUyMG5vdmVsJTIwbW9pc3R1cml6aW5nJTIwYWdlbnQlMjBkZXJpdmVkJTIwZnJvbSUyMG1hcmluZSUyMHBsYW50JTIwRnVjdXMlMjBBbGdhZS4lMjBJdCUyMGV4aGliaXRzJTIwZWZmZWN0cyUyMG9mJTIwcmVndWxhdGluZyUyMHRoZSUyMGZvcm1hdGlvbiUyMG9mJTIwY29ybmlmaWVkJTIwZW52ZWxvcGUlMkMlMjByZXBhaXJpbmclMjB0aGUlMjBza2luJTIwYmFycmllciUyMHRvJTIwcmVzaXN0JTIwY2VsbCUyMGRyeWluZyUyMGFuZCUyMGJyaW5naW5nJTIwYSUyMHNtb290aCUyMGFuZCUyMGNsZWFuJTIwdG91Y2gtZmVlbGluZy4lMjIlMkMlMjJtYXJrcyUyMiUzQSU1QiU3QiUyMmtsYXNzJTIyJTNBJTIybWFyayUyMiUyQyUyMnR5cGUlMjIlM0ElMjJoaWdobGlnaHQlMjIlMkMlMjJkYXRhJTIyJTNBJTdCJTdEJTdEJTVEJTdEJTVEJTdEJTVEJTdEJTVEJTdE\" data-identifier-application__slash__x-doc-key=\"1X3lE6ekRYRgnJbv\"><strong>\u0110\u1eb7c \u0111i\u1ec3m<\/strong><span data-type=\"text\">M\u1ed9t lo\u1ea1i kem d\u01b0\u1ee1ng \u1ea9m c\u00f3 ngu\u1ed3n g\u1ed1c t\u1eeb \u0111\u1ea1i d\u01b0\u01a1ng gi\u00fap ph\u1ee5c h\u1ed3i ch\u1ee9c n\u0103ng h\u00e0ng r\u00e0o b\u1ea3o v\u1ec7 da<\/span><\/p>\n<p><br data-path=\"2,1\" \/><strong>\u1ee8ng d\u1ee5ng<\/strong><\/p>\n<p><span data-type=\"text\">\u0110\u00e2y l\u00e0 m\u1ed9t ch\u1ea5t d\u01b0\u1ee1ng \u1ea9m m\u1edbi c\u00f3 ngu\u1ed3n g\u1ed1c t\u1eeb th\u1ef1c v\u1eadt bi\u1ec3n Fucus Algae. N\u00f3 th\u1ec3 hi\u1ec7n t\u00e1c d\u1ee5ng \u0111i\u1ec1u ch\u1ec9nh s\u1ef1 h\u00ecnh th\u00e0nh l\u1edbp m\u00e0ng s\u1eebng, ph\u1ee5c h\u1ed3i h\u00e0ng r\u00e0o b\u1ea3o v\u1ec7 da ch\u1ed1ng l\u1ea1i t\u00ecnh tr\u1ea1ng kh\u00f4 t\u1ebf b\u00e0o v\u00e0 mang l\u1ea1i c\u1ea3m gi\u00e1c m\u1ecbn m\u00e0ng v\u00e0 s\u1ea1ch s\u1ebd khi ch\u1ea1m v\u00e0o.<\/span><\/p>\n<\/article>","protected":false},"excerpt":{"rendered":"<div><span data-type=\"text\">T\u00ean s\u1ea3n ph\u1ea9m:<\/span><span data-type=\"text\">\u00a0<\/span><span data-type=\"text\">Gmoist Sea-Gel-H<\/span><\/div>\n<div><\/div>\n<div>D\u1ea1ng v\u1eadt l\u00fd: Ch\u1ea5t l\u1ecfng<\/div>\n<div class=\"content-section_container__Isx4Z content-section_containerGrid__RQdMs\">\n<article class=\"4ever-article\" data-clipboard-cangjie=\"[&quot;root&quot;,{},[&quot;p&quot;,{&quot;jc&quot;:&quot;left&quot;,&quot;ind&quot;:{&quot;left&quot;:0},&quot;spacing&quot;:{&quot;before&quot;:6.66667,&quot;after&quot;:6.66667,&quot;line&quot;:1},&quot;uuid&quot;:&quot;lswtfsvvvijk6s1z8p&quot;},[&quot;span&quot;,{&quot;data-type&quot;:&quot;text&quot;},[&quot;span&quot;,{&quot;color&quot;:&quot;rgb(0, 0, 0)&quot;,&quot;sz&quot;:12,&quot;szUnit&quot;:&quot;pt&quot;,&quot;data-type&quot;:&quot;leaf&quot;},&quot;Product name:&quot;],[&quot;span&quot;,{&quot;color&quot;:&quot;#000000&quot;,&quot;fonts&quot;:{&quot;ascii&quot;:&quot;\u5b8b\u4f53&quot;,&quot;hAnsi&quot;:&quot;\u5b8b\u4f53&quot;,&quot;cs&quot;:&quot;\u5b8b\u4f53&quot;,&quot;eastAsia&quot;:&quot;\u5b8b\u4f53&quot;},&quot;sz&quot;:11,&quot;szUnit&quot;:&quot;pt&quot;,&quot;data-type&quot;:&quot;leaf&quot;},&quot; &quot;],[&quot;span&quot;,{&quot;data-type&quot;:&quot;leaf&quot;},&quot;Gmoist Sea-Gel-H&quot;]]]]\" data-identifier-application__slash__x-cangjie-fragment=\"JTdCJTIya2xhc3MlMjIlM0ElMjJkb2N1bWVudCUyMiUyQyUyMmRhdGElMjIlM0ElN0IlN0QlMkMlMjJub2RlcyUyMiUzQSU1QiU3QiUyMmtsYXNzJTIyJTNBJTIyYmxvY2slMjIlMkMlMjJ0eXBlJTIyJTNBJTIycGFyYWdyYXBoJTIyJTJDJTIyZGF0YSUyMiUzQSU3QiUyMmpjJTIyJTNBJTIybGVmdCUyMiUyQyUyMmluZCUyMiUzQSU3QiUyMmxlZnQlMjIlM0EwJTdEJTJDJTIyc3BhY2luZyUyMiUzQSU3QiUyMmJlZm9yZSUyMiUzQTYuNjY2NjclMkMlMjJhZnRlciUyMiUzQTYuNjY2NjclMkMlMjJsaW5lJTIyJTNBMSU3RCUyQyUyMnV1aWQlMjIlM0ElMjJsc3d0ZnN2dnZpams2czF6OHAlMjIlN0QlMkMlMjJub2RlcyUyMiUzQSU1QiU3QiUyMmtsYXNzJTIyJTNBJTIydGV4dCUyMiUyQyUyMmxlYXZlcyUyMiUzQSU1QiU3QiUyMmtsYXNzJTIyJTNBJTIybGVhZiUyMiUyQyUyMnRleHQlMjIlM0ElMjJQcm9kdWN0JTIwbmFtZSUzQSUyMiUyQyUyMm1hcmtzJTIyJTNBJTVCJTdCJTIya2xhc3MlMjIlM0ElMjJtYXJrJTIyJTJDJTIydHlwZSUyMiUzQSUyMmNvbG9yJTIyJTJDJTIyZGF0YSUyMiUzQSU3QiUyMnZhbHVlJTIyJTNBJTIycmdiKDAlMkMlMjAwJTJDJTIwMCklMjIlN0QlN0QlMkMlN0IlMjJrbGFzcyUyMiUzQSUyMm1hcmslMjIlMkMlMjJ0eXBlJTIyJTNBJTIyc3olMjIlMkMlMjJkYXRhJTIyJTNBJTdCJTIydmFsdWUlMjIlM0ExMiUyQyUyMnN6VW5pdCUyMiUzQSUyMnB0JTIyJTdEJTdEJTVEJTdEJTJDJTdCJTIya2xhc3MlMjIlM0ElMjJsZWFmJTIyJTJDJTIydGV4dCUyMiUzQSUyMiUyMCUyMiUyQyUyMm1hcmtzJTIyJTNBJTVCJTdCJTIya2xhc3MlMjIlM0ElMjJtYXJrJTIyJTJDJTIydHlwZSUyMiUzQSUyMmNvbG9yJTIyJTJDJTIyZGF0YSUyMiUzQSU3QiUyMnZhbHVlJTIyJTNBJTIyJTIzMDAwMDAwJTIyJTdEJTdEJTJDJTdCJTIya2xhc3MlMjIlM0ElMjJtYXJrJTIyJTJDJTIydHlwZSUyMiUzQSUyMmZvbnRzJTIyJTJDJTIyZGF0YSUyMiUzQSU3QiUyMmFzY2lpJTIyJTNBJTIyJUU1JUFFJThCJUU0JUJEJTkzJTIyJTJDJTIyaEFuc2klMjIlM0ElMjIlRTUlQUUlOEIlRTQlQkQlOTMlMjIlMkMlMjJjcyUyMiUzQSUyMiVFNSVBRSU4QiVFNCVCRCU5MyUyMiUyQyUyMmVhc3RBc2lhJTIyJTNBJTIyJUU1JUFFJThCJUU0JUJEJTkzJTIyJTdEJTdEJTJDJTdCJTIya2xhc3MlMjIlM0ElMjJtYXJrJTIyJTJDJTIydHlwZSUyMiUzQSUyMnN6JTIyJTJDJTIyZGF0YSUyMiUzQSU3QiUyMnZhbHVlJTIyJTNBMTElMkMlMjJzelVuaXQlMjIlM0ElMjJwdCUyMiU3RCU3RCU1RCU3RCUyQyU3QiUyMmtsYXNzJTIyJTNBJTIybGVhZiUyMiUyQyUyMnRleHQlMjIlM0ElMjJHbW9pc3QlMjBTZWEtR2VsLUglMjIlMkMlMjJtYXJrcyUyMiUzQSU1QiU1RCU3RCU1RCU3RCU1RCU3RCU1RCU3RA==\" data-identifier-application__slash__x-doc-key=\"1X3lE6ekRYRgnJbv\">M\u00f9i: M\u00f9i \u0111\u1eb7c tr\u01b0ng nh\u1eb9<\/p>\n<p>Ngo\u1ea1i quan: Ch\u1ea5t l\u1ecfng m\u00e0u v\u00e0ng nh\u1ea1t \u0111\u1ebfn v\u00e0ng<\/p>\n<\/article>\n<\/div>","protected":false},"featured_media":5867,"template":"","meta":{"_acf_changed":false,"_gspb_post_css":""},"product_brand":[],"product_cat":[60,132],"product_tag":[],"class_list":{"0":"post-6863","1":"product","2":"type-product","3":"status-publish","4":"has-post-thumbnail","6":"product_cat-cosmetic-ingredients","7":"product_cat-moisturizing","9":"first","10":"instock","11":"shipping-taxable","12":"product-type-simple"},"acf":[],"_links":{"self":[{"href":"https:\/\/wpachem.com\/vi\/wp-json\/wp\/v2\/product\/6863","targetHints":{"allow":["GET"]}}],"collection":[{"href":"https:\/\/wpachem.com\/vi\/wp-json\/wp\/v2\/product"}],"about":[{"href":"https:\/\/wpachem.com\/vi\/wp-json\/wp\/v2\/types\/product"}],"version-history":[{"count":0,"href":"https:\/\/wpachem.com\/vi\/wp-json\/wp\/v2\/product\/6863\/revisions"}],"wp:featuredmedia":[{"embeddable":true,"href":"https:\/\/wpachem.com\/vi\/wp-json\/wp\/v2\/media\/5867"}],"wp:attachment":[{"href":"https:\/\/wpachem.com\/vi\/wp-json\/wp\/v2\/media?parent=6863"}],"wp:term":[{"taxonomy":"product_brand","embeddable":true,"href":"https:\/\/wpachem.com\/vi\/wp-json\/wp\/v2\/product_brand?post=6863"},{"taxonomy":"product_cat","embeddable":true,"href":"https:\/\/wpachem.com\/vi\/wp-json\/wp\/v2\/product_cat?post=6863"},{"taxonomy":"product_tag","embeddable":true,"href":"https:\/\/wpachem.com\/vi\/wp-json\/wp\/v2\/product_tag?post=6863"}],"curies":[{"name":"wp","href":"https:\/\/api.w.org\/{rel}","templated":true}]}}