{"id":7483,"date":"2023-12-27T06:22:34","date_gmt":"2023-12-27T06:22:34","guid":{"rendered":"https:\/\/wpapigments.com\/?post_type=product&amp;p=5538"},"modified":"2023-12-27T06:22:34","modified_gmt":"2023-12-27T06:22:34","slug":"pigment-yellow-1-p-y-1-cas-no-2512-29-0","status":"publish","type":"product","link":"https:\/\/wpachem.com\/vi\/product\/pigment-yellow-1-p-y-1-cas-no-2512-29-0\/","title":{"rendered":"S\u1eafc t\u1ed1 v\u00e0ng 1\/ PY 1 S\u1ed1 CAS 2512-29-0"},"content":{"rendered":"<p><strong>Thu\u1ed9c t\u00ednh c\u1ee7a con ng\u01b0\u1eddi:<\/strong> B\u00e1n trong su\u1ed1t<\/p>\n<p><strong>\u1ee8ng d\u1ee5ng:<\/strong><\/p>\n<p>M\u00e0u v\u00e0ng 1 ch\u1ee7 y\u1ebfu \u0111\u01b0\u1ee3c s\u1eed d\u1ee5ng \u0111\u1ec3 t\u1ea1o m\u00e0u cho l\u1edbp ph\u1ee7 m\u1ef1c in ti\u00ean ti\u1ebfn kh\u00f4ng phai m\u00e0u, m\u1ef1c in s\u1eaft, s\u1ea3n ph\u1ea9m nh\u1ef1a, cao su v\u00e0 \u0111\u1ed3 d\u00f9ng v\u0103n h\u00f3a gi\u00e1o d\u1ee5c, \u0111\u1ed3ng th\u1eddi c\u0169ng c\u00f3 th\u1ec3 \u0111\u01b0\u1ee3c s\u1eed d\u1ee5ng \u0111\u1ec3 in m\u00e0u v\u00e0 t\u1ea1o m\u00e0u cho b\u1ed9t viscose.<\/p>\n<p>1) S\u1eed d\u1ee5ng s\u01a1n: S\u01a1n c\u00f4ng nghi\u1ec7p, S\u01a1n t\u0129nh \u0111i\u1ec7n, S\u01a1n trang tr\u00ed, In v\u1ea3i, S\u01a1n g\u1ed1c n\u01b0\u1edbc<\/p>\n<p>2) M\u1ef1c s\u1eed d\u1ee5ng: M\u1ef1c g\u1ed1c n\u01b0\u1edbc, m\u1ef1c g\u1ed1c dung m\u00f4i.<\/p>","protected":false},"excerpt":{"rendered":"<p><strong>T\u00ean s\u1ea3n ph\u1ea9m:<\/strong> S\u1eafc t\u1ed1 v\u00e0ng 1<\/p>\n<p><strong>Ch\u1ec9 s\u1ed1 m\u00e0u:<\/strong> CIPY1<\/p>\n<p><strong>V\u1ebb b\u1ec1 ngo\u00e0i:<\/strong> B\u1ed9t m\u00e0u v\u00e0ng<\/p>\n<p><strong>S\u1ed1 CAS:<\/strong> 2512-29-0<\/p>\n<p><strong>M\u1ee5c l\u1ee5c:<\/strong> C17H16N4O4<\/p>\n<p><strong>T\u00ean kh\u00e1c: <\/strong>Nhanh V\u00e0ng G<\/p>","protected":false},"featured_media":0,"template":"","meta":{"_acf_changed":false,"_gspb_post_css":""},"product_brand":[],"product_cat":[162,163],"product_tag":[],"class_list":{"0":"post-7483","1":"product","2":"type-product","3":"status-publish","5":"product_cat-for-inks","6":"product_cat-for-paints-and-coatings","8":"first","9":"instock","10":"shipping-taxable","11":"product-type-simple"},"acf":[],"_links":{"self":[{"href":"https:\/\/wpachem.com\/vi\/wp-json\/wp\/v2\/product\/7483","targetHints":{"allow":["GET"]}}],"collection":[{"href":"https:\/\/wpachem.com\/vi\/wp-json\/wp\/v2\/product"}],"about":[{"href":"https:\/\/wpachem.com\/vi\/wp-json\/wp\/v2\/types\/product"}],"version-history":[{"count":0,"href":"https:\/\/wpachem.com\/vi\/wp-json\/wp\/v2\/product\/7483\/revisions"}],"wp:attachment":[{"href":"https:\/\/wpachem.com\/vi\/wp-json\/wp\/v2\/media?parent=7483"}],"wp:term":[{"taxonomy":"product_brand","embeddable":true,"href":"https:\/\/wpachem.com\/vi\/wp-json\/wp\/v2\/product_brand?post=7483"},{"taxonomy":"product_cat","embeddable":true,"href":"https:\/\/wpachem.com\/vi\/wp-json\/wp\/v2\/product_cat?post=7483"},{"taxonomy":"product_tag","embeddable":true,"href":"https:\/\/wpachem.com\/vi\/wp-json\/wp\/v2\/product_tag?post=7483"}],"curies":[{"name":"wp","href":"https:\/\/api.w.org\/{rel}","templated":true}]}}