{"id":7484,"date":"2023-12-27T06:45:26","date_gmt":"2023-12-27T06:45:26","guid":{"rendered":"https:\/\/wpapigments.com\/?post_type=product&amp;p=5543"},"modified":"2023-12-27T06:45:26","modified_gmt":"2023-12-27T06:45:26","slug":"pigment-red-2-pigment-naphthol-red-f2r-p-r-2-cas-no-6041-94-7","status":"publish","type":"product","link":"https:\/\/wpachem.com\/vi\/product\/pigment-red-2-pigment-naphthol-red-f2r-p-r-2-cas-no-6041-94-7\/","title":{"rendered":"S\u1eafc t\u1ed1 \u0111\u1ecf 2\/S\u1eafc t\u1ed1 \u0111\u1ecf Naphthol F2R\/PR2 CAS s\u1ed1 6041-94-7"},"content":{"rendered":"<p><b>T\u00ean s\u1ea3n ph\u1ea9m:<\/b><\/p>\n<p>Naphthol Red F2R, c\u00f2n \u0111\u01b0\u1ee3c g\u1ecdi l\u00e0 thu\u1ed1c nhu\u1ed9m acrylic \u0111\u1ecf v\u0129nh c\u1eedu FRR, Niger Permanent Red F2R, l\u00e0 thu\u1ed1c nhu\u1ed9m t\u1ed5ng h\u1ee3p h\u1eefu c\u01a1 \u0111\u01b0\u1ee3c s\u1eed d\u1ee5ng ph\u1ed5 bi\u1ebfn.<\/p>\n<p><b>T\u00ednh c\u00e1ch:<\/b><br \/>\n\u2013 Ngo\u1ea1i quan: Naphthol Red F2R t\u1ed3n t\u1ea1i d\u01b0\u1edbi d\u1ea1ng b\u1ed9t ho\u1eb7c tinh th\u1ec3 m\u00e0u \u0111\u1ecf.<br \/>\n\u2013 \u0110\u1ed9 h\u00f2a tan: FNaphthol Red F2R h\u00f2a tan trong c\u00e1c dung m\u00f4i h\u1eefu c\u01a1 nh\u01b0 r\u01b0\u1ee3u, xeton v\u00e0 este, nh\u01b0ng kh\u00f4ng tan trong n\u01b0\u1edbc.<br \/>\n\u2013 \u0110\u1ed9 \u1ed5n \u0111\u1ecbnh: Thu\u1ed1c nhu\u1ed9m t\u01b0\u01a1ng \u0111\u1ed1i \u1ed5n \u0111\u1ecbnh v\u1edbi \u00e1nh s\u00e1ng v\u00e0 nhi\u1ec7t v\u00e0 c\u00f3 \u0111\u1ed9 b\u1ec1n.<\/p>\n<p><b>T\u00ednh ch\u1ea5t v\u1eadt l\u00fd v\u00e0 h\u00f3a h\u1ecdc:<\/b><\/p>\n<table width=\"753\">\n<tbody>\n<tr>\n<td colspan=\"2\" rowspan=\"2\" width=\"334\">\u7269\u5316\u6570\u636e<br \/>\nD\u1eef li\u1ec7u v\u1eadt l\u00fd<\/td>\n<td width=\"239\">M\u1eadt \u0111\u1ed9 g\/CM3<\/td>\n<td width=\"180\">1.40-1.60<\/td>\n<\/tr>\n<tr>\n<td width=\"239\">\u5438\u6cb9\u91cf D\u1ea7u ph\u00e1 thai ml\/100g<\/td>\n<td width=\"180\">30-60<\/td>\n<\/tr>\n<tr>\n<td colspan=\"2\" rowspan=\"7\" width=\"334\">\u7262\u5ea6\u6027\u80fd<br \/>\nT\u00ednh ch\u1ea5t b\u1ec1n m\u00e0u<\/td>\n<td width=\"239\">\u8010\u5149\u6027 \u0110\u1ed9 b\u1ec1n \u00e1nh s\u00e1ng<\/td>\n<td width=\"180\">4<\/td>\n<\/tr>\n<tr>\n<td width=\"239\">\u8010\u70ed\u6027 Kh\u1ea3 n\u0103ng ch\u1ecbu nhi\u1ec7t<\/td>\n<td width=\"180\">140<\/td>\n<\/tr>\n<tr>\n<td width=\"239\">Kh\u1ea3 n\u0103ng ch\u1ed1ng n\u01b0\u1edbc<\/td>\n<td width=\"180\">5<\/td>\n<\/tr>\n<tr>\n<td width=\"239\">\u8010\u6cb9\u6027 Kh\u00e1ng d\u1ea7u<\/td>\n<td width=\"180\">2<\/td>\n<\/tr>\n<tr>\n<td width=\"239\">\u8010\u9178\u6027 Kh\u00e1ng axit<\/td>\n<td width=\"180\">5<\/td>\n<\/tr>\n<tr>\n<td width=\"239\">Kh\u1ea3 n\u0103ng kh\u00e1ng ki\u1ec1m<\/td>\n<td width=\"180\">4<\/td>\n<\/tr>\n<tr>\n<td width=\"239\">\u8010\u9187\u6027 Kh\u00e1ng r\u01b0\u1ee3u<\/td>\n<td width=\"180\">4<\/td>\n<\/tr>\n<\/tbody>\n<\/table>\n<p>&nbsp;<\/p>\n<p><strong>\u1ee8ng d\u1ee5ng:<\/strong><\/p>\n<p>\u2013 Naphthol Red F2R c\u00f3 th\u1ec3 d\u00f9ng l\u00e0m thu\u1ed1c nhu\u1ed9m v\u00e0 \u0111\u01b0\u1ee3c s\u1eed d\u1ee5ng r\u1ed9ng r\u00e3i trong d\u1ec7t may, nh\u1ef1a, m\u1ef1c in v\u00e0 s\u01a1n ph\u1ee7. N\u00f3 cung c\u1ea5p m\u00e0u \u0111\u1ecf l\u00e2u d\u00e0i.<br \/>\n\u2013 Trong nhu\u1ed9m s\u1ee3i, th\u01b0\u1eddng d\u00f9ng \u0111\u1ec3 nhu\u1ed9m c\u00e1c lo\u1ea1i s\u1ee3i t\u1ef1 nhi\u00ean nh\u01b0 cotton, lanh, t\u01a1 t\u1eb1m c\u0169ng nh\u01b0 c\u00e1c lo\u1ea1i s\u1ee3i t\u1ed5ng h\u1ee3p nh\u01b0 polyester, acrylic,\u2026<\/p>\n<p>1) S\u1eed d\u1ee5ng s\u01a1n: L\u1edbp ph\u1ee7 trang tr\u00ed, In v\u1ea3i, S\u01a1n g\u1ed1c n\u01b0\u1edbc<\/p>\n<p>2) M\u1ef1c s\u1eed d\u1ee5ng: M\u1ef1c in Offset, M\u1ef1c g\u1ed1c n\u01b0\u1edbc<\/p>","protected":false},"excerpt":{"rendered":"<p><strong>T\u00ean s\u1ea3n ph\u1ea9m:<\/strong> Naphthol \u0110\u1ecf F2R<\/p>\n<p><strong>Ch\u1ec9 s\u1ed1 m\u00e0u:<\/strong> PR2<\/p>\n<p><strong>V\u1ebb b\u1ec1 ngo\u00e0i:<\/strong> B\u1ed9t \u0111\u1ecf<\/p>\n<p><strong>S\u1ed1 CAS:<\/strong> 6041-94-7<\/p>\n<p><strong>T\u00ean kh\u00e1c:\u00a0<\/strong>Thu\u1ed1c nhu\u1ed9m acrylic \u0111\u1ecf v\u0129nh c\u1eedu FRR, Niger \u0111\u1ecf v\u0129nh c\u1eedu F2R, l\u00e0 thu\u1ed1c nhu\u1ed9m t\u1ed5ng h\u1ee3p h\u1eefu c\u01a1 \u0111\u01b0\u1ee3c s\u1eed d\u1ee5ng ph\u1ed5 bi\u1ebfn.<\/p>","protected":false},"featured_media":7616,"template":"","meta":{"_acf_changed":false,"_gspb_post_css":""},"product_brand":[],"product_cat":[162,163],"product_tag":[],"class_list":{"0":"post-7484","1":"product","2":"type-product","3":"status-publish","4":"has-post-thumbnail","6":"product_cat-for-inks","7":"product_cat-for-paints-and-coatings","9":"first","10":"instock","11":"shipping-taxable","12":"product-type-simple"},"acf":[],"_links":{"self":[{"href":"https:\/\/wpachem.com\/vi\/wp-json\/wp\/v2\/product\/7484","targetHints":{"allow":["GET"]}}],"collection":[{"href":"https:\/\/wpachem.com\/vi\/wp-json\/wp\/v2\/product"}],"about":[{"href":"https:\/\/wpachem.com\/vi\/wp-json\/wp\/v2\/types\/product"}],"version-history":[{"count":0,"href":"https:\/\/wpachem.com\/vi\/wp-json\/wp\/v2\/product\/7484\/revisions"}],"wp:featuredmedia":[{"embeddable":true,"href":"https:\/\/wpachem.com\/vi\/wp-json\/wp\/v2\/media\/7616"}],"wp:attachment":[{"href":"https:\/\/wpachem.com\/vi\/wp-json\/wp\/v2\/media?parent=7484"}],"wp:term":[{"taxonomy":"product_brand","embeddable":true,"href":"https:\/\/wpachem.com\/vi\/wp-json\/wp\/v2\/product_brand?post=7484"},{"taxonomy":"product_cat","embeddable":true,"href":"https:\/\/wpachem.com\/vi\/wp-json\/wp\/v2\/product_cat?post=7484"},{"taxonomy":"product_tag","embeddable":true,"href":"https:\/\/wpachem.com\/vi\/wp-json\/wp\/v2\/product_tag?post=7484"}],"curies":[{"name":"wp","href":"https:\/\/api.w.org\/{rel}","templated":true}]}}