{"id":7485,"date":"2023-12-28T09:37:01","date_gmt":"2023-12-28T09:37:01","guid":{"rendered":"https:\/\/wpapigments.com\/?post_type=product&amp;p=5548"},"modified":"2023-12-28T09:37:01","modified_gmt":"2023-12-28T09:37:01","slug":"pigment-red-481-pigment-fast-red-bbn-p-r-481-cas-no-7585-41-3","status":"publish","type":"product","link":"https:\/\/wpachem.com\/vi\/product\/pigment-red-481-pigment-fast-red-bbn-p-r-481-cas-no-7585-41-3\/","title":{"rendered":"S\u1eafc t\u1ed1 \u0111\u1ecf 48:1\/S\u1eafc t\u1ed1 \u0111\u1ecf nhanh BBN\/PR48:1 S\u1ed1 CAS 7585-41-3"},"content":{"rendered":"<p><b>T\u00ean s\u1ea3n ph\u1ea9m:<\/b><\/p>\n<p>\u0110\u1ecf nhanh nh\u1eb9 2B<br \/>\nBBN \u0111\u1ecf t\u01b0\u01a1i s\u00e1ng nhanh<br \/>\nBBN \u0111\u1ecf ch\u1ecbu \u0111\u01b0\u1ee3c n\u1eafng<br \/>\nM\u00e0u \u0111\u1ecf t\u01b0\u01a1i s\u00e1ng b\u1ec1n m\u00e0u BBN-P<br \/>\n3133 \u0111\u1ecf v\u0129nh c\u1eedu 2BN<br \/>\n3118 BBN \u0111\u1ecf Sunfast<\/p>\n<p><b>T\u00ednh c\u00e1ch:<\/b><br \/>\nS\u1ea3n ph\u1ea9m n\u00e0y l\u00e0 b\u1ed9t m\u00e0u \u0111\u1ecf v\u00e0ng c\u00f3 kh\u1ea3 n\u0103ng nhu\u1ed9m m\u00e0u m\u1ea1nh. Kh\u00f4ng tan trong n\u01b0\u1edbc v\u00e0 etanol. Khi h\u00f2a tan trong axit sunfuric \u0111\u1eadm \u0111\u1eb7c v\u00e0 axit nitric \u0111\u1eadm \u0111\u1eb7c, l\u1ea7n l\u01b0\u1ee3t chuy\u1ec3n sang m\u00e0u \u0111\u1ecf t\u00edm v\u00e0 \u0111\u1ecf n\u00e2u. Ch\u1ecbu \u00e1nh s\u00e1ng v\u00e0 ch\u1ecbu nhi\u1ec7t t\u1ed1t.<\/p>\n<p><b>T\u00ednh ch\u1ea5t v\u1eadt l\u00fd v\u00e0 h\u00f3a h\u1ecdc:<\/b><\/p>\n<table width=\"753\">\n<tbody>\n<tr>\n<td colspan=\"2\" rowspan=\"2\" width=\"334\">\u7269\u5316\u6570\u636e<br \/>\nD\u1eef li\u1ec7u v\u1eadt l\u00fd<\/td>\n<td width=\"239\">M\u1eadt \u0111\u1ed9 g\/CM3<\/td>\n<td width=\"180\">2.00-2.20<\/td>\n<\/tr>\n<tr>\n<td width=\"239\">\u5438\u6cb9\u91cf D\u1ea7u ph\u00e1 thai ml\/100g<\/td>\n<td width=\"180\">25-60<\/td>\n<\/tr>\n<tr>\n<td colspan=\"2\" rowspan=\"7\" width=\"334\">\u7262\u5ea6\u6027\u80fd<br \/>\nT\u00ednh ch\u1ea5t b\u1ec1n m\u00e0u<\/td>\n<td width=\"239\">\u8010\u5149\u6027 \u0110\u1ed9 b\u1ec1n \u00e1nh s\u00e1ng<\/td>\n<td width=\"180\">4<\/td>\n<\/tr>\n<tr>\n<td width=\"239\">\u8010\u70ed\u6027 Kh\u1ea3 n\u0103ng ch\u1ecbu nhi\u1ec7t<\/td>\n<td width=\"180\">180<\/td>\n<\/tr>\n<tr>\n<td width=\"239\">Kh\u1ea3 n\u0103ng ch\u1ed1ng n\u01b0\u1edbc<\/td>\n<td width=\"180\">5<\/td>\n<\/tr>\n<tr>\n<td width=\"239\">\u8010\u6cb9\u6027 Kh\u00e1ng d\u1ea7u<\/td>\n<td width=\"180\">5<\/td>\n<\/tr>\n<tr>\n<td width=\"239\">\u8010\u9178\u6027 Kh\u00e1ng axit<\/td>\n<td width=\"180\">4<\/td>\n<\/tr>\n<tr>\n<td width=\"239\">Kh\u1ea3 n\u0103ng kh\u00e1ng ki\u1ec1m<\/td>\n<td width=\"180\">4<\/td>\n<\/tr>\n<tr>\n<td width=\"239\">\u8010\u9187\u6027 Kh\u00e1ng r\u01b0\u1ee3u<\/td>\n<td width=\"180\">3<\/td>\n<\/tr>\n<\/tbody>\n<\/table>\n<p>&nbsp;<\/p>\n<p><strong>\u1ee8ng d\u1ee5ng:<\/strong><\/p>\n<p>B\u1ed9t m\u00e0u \u0111\u1ecf 48:1 l\u00e0 lo\u1ea1i b\u1ed9t m\u00e0u th\u01b0\u1eddng \u0111\u01b0\u1ee3c s\u1eed d\u1ee5ng r\u1ed9ng r\u00e3i trong s\u01a1n, m\u1ef1c in, nh\u1ef1a, cao su, d\u1ec7t may v\u00e0 c\u00e1c l\u0129nh v\u1ef1c kh\u00e1c.<\/p>\n<p>1) S\u1eed d\u1ee5ng s\u01a1n: S\u01a1n c\u00f4ng nghi\u1ec7p, S\u01a1n b\u1ed9t, S\u01a1n g\u1ed1c n\u01b0\u1edbc<\/p>\n<p>2) S\u1eed d\u1ee5ng nh\u1ef1a: PVC, PP, PE, PS, ABS, EVA, Cao su<\/p>","protected":false},"excerpt":{"rendered":"<p><strong>T\u00ean s\u1ea3n ph\u1ea9m:<\/strong> BBN \u0110\u1ecf Nhanh<\/p>\n<p><strong>Ch\u1ec9 s\u1ed1 m\u00e0u:<\/strong> PR48:1<\/p>\n<p><strong>V\u1ebb b\u1ec1 ngo\u00e0i:<\/strong> B\u1ed9t \u0111\u1ecf<\/p>\n<p><strong>S\u1ed1 CAS:<\/strong> 7585-41-3<\/p>\n<p><strong>T\u00ean kh\u00e1c:\u00a0<\/strong>\u0110\u1ecf b\u1ec1n m\u00e0u 2B\/\u0110\u1ecf b\u1ec1n m\u00e0u BBN\/\u0110\u1ecf b\u1ec1n m\u00e0u BBN<\/p>","protected":false},"featured_media":7616,"template":"","meta":{"_acf_changed":false,"_gspb_post_css":""},"product_brand":[],"product_cat":[161,163],"product_tag":[],"class_list":{"0":"post-7485","1":"product","2":"type-product","3":"status-publish","4":"has-post-thumbnail","6":"product_cat-for-plastics","7":"product_cat-for-paints-and-coatings","9":"first","10":"instock","11":"shipping-taxable","12":"product-type-simple"},"acf":[],"_links":{"self":[{"href":"https:\/\/wpachem.com\/vi\/wp-json\/wp\/v2\/product\/7485","targetHints":{"allow":["GET"]}}],"collection":[{"href":"https:\/\/wpachem.com\/vi\/wp-json\/wp\/v2\/product"}],"about":[{"href":"https:\/\/wpachem.com\/vi\/wp-json\/wp\/v2\/types\/product"}],"version-history":[{"count":0,"href":"https:\/\/wpachem.com\/vi\/wp-json\/wp\/v2\/product\/7485\/revisions"}],"wp:featuredmedia":[{"embeddable":true,"href":"https:\/\/wpachem.com\/vi\/wp-json\/wp\/v2\/media\/7616"}],"wp:attachment":[{"href":"https:\/\/wpachem.com\/vi\/wp-json\/wp\/v2\/media?parent=7485"}],"wp:term":[{"taxonomy":"product_brand","embeddable":true,"href":"https:\/\/wpachem.com\/vi\/wp-json\/wp\/v2\/product_brand?post=7485"},{"taxonomy":"product_cat","embeddable":true,"href":"https:\/\/wpachem.com\/vi\/wp-json\/wp\/v2\/product_cat?post=7485"},{"taxonomy":"product_tag","embeddable":true,"href":"https:\/\/wpachem.com\/vi\/wp-json\/wp\/v2\/product_tag?post=7485"}],"curies":[{"name":"wp","href":"https:\/\/api.w.org\/{rel}","templated":true}]}}