{"id":7486,"date":"2023-12-29T06:42:20","date_gmt":"2023-12-29T06:42:20","guid":{"rendered":"https:\/\/wpapigments.com\/?post_type=product&amp;p=5551"},"modified":"2023-12-29T06:42:20","modified_gmt":"2023-12-29T06:42:20","slug":"pigment-red-482-pigment-fast-red-bbc-p-r-481-cas-no-7023-61-2","status":"publish","type":"product","link":"https:\/\/wpachem.com\/vi\/product\/pigment-red-482-pigment-fast-red-bbc-p-r-481-cas-no-7023-61-2\/","title":{"rendered":"S\u1eafc t\u1ed1 \u0111\u1ecf 48:2\/S\u1eafc t\u1ed1 \u0111\u1ecf nhanh \/PR48:2 CAS s\u1ed1 7023-61-2"},"content":{"rendered":"<p><b>T\u00ean s\u1ea3n ph\u1ea9m:<\/b><\/p>\n<p>Nhanh \u0110\u1ecf F5R<\/p>\n<p>PR48:2 CA \u0110\u1ece 2B YS<\/p>\n<p>PR48:2 \u0110\u1ece 2B BS<\/p>\n<p>PR48:2 YS \u0110\u1ece V\u0128NH VI\u1ec4N 2B<\/p>\n<p><b>T\u00ednh c\u00e1ch:<\/b><br \/>\nB\u1ed9t m\u00e0u \u0111\u1ecf t\u00edm c\u00f3 \u0111\u1ed9 t\u1ea1o m\u00e0u m\u1ea1nh. Khi ti\u1ebfp x\u00fac v\u1edbi axit sunfuric \u0111\u1eadm \u0111\u1eb7c c\u00f3 m\u00e0u \u0111\u1ecf t\u00edm, sau khi pha lo\u00e3ng s\u1ebd t\u1ea1o th\u00e0nh k\u1ebft t\u1ee7a m\u00e0u \u0111\u1ecf xanh. Khi ti\u1ebfp x\u00fac v\u1edbi axit nitric \u0111\u1eadm \u0111\u1eb7c c\u00f3 m\u00e0u \u0111\u1ecf n\u00e2u, khi ti\u1ebfp x\u00fac v\u1edbi natri hi\u0111roxit c\u00f3 m\u00e0u \u0111\u1ecf. Ch\u1ecbu \u00e1nh s\u00e1ng v\u00e0 ch\u1ecbu nhi\u1ec7t t\u1ed1t. Ch\u1ecbu axit v\u00e0 ki\u1ec1m k\u00e9m.<\/p>\n<p><b>T\u00ednh ch\u1ea5t v\u1eadt l\u00fd v\u00e0 h\u00f3a h\u1ecdc:<\/b><\/p>\n<table width=\"753\">\n<tbody>\n<tr>\n<td colspan=\"2\" rowspan=\"2\" width=\"334\">\u7269\u5316\u6570\u636e<br \/>\nD\u1eef li\u1ec7u v\u1eadt l\u00fd<\/td>\n<td width=\"239\">M\u1eadt \u0111\u1ed9 g\/CM3<\/td>\n<td width=\"180\">1.50-1.70<\/td>\n<\/tr>\n<tr>\n<td width=\"239\">\u5438\u6cb9\u91cf D\u1ea7u ph\u00e1 thai ml\/100g<\/td>\n<td width=\"180\">30-70<\/td>\n<\/tr>\n<tr>\n<td colspan=\"2\" rowspan=\"7\" width=\"334\">\u7262\u5ea6\u6027\u80fd<br \/>\nT\u00ednh ch\u1ea5t b\u1ec1n m\u00e0u<\/td>\n<td width=\"239\">\u8010\u5149\u6027 \u0110\u1ed9 b\u1ec1n \u00e1nh s\u00e1ng<\/td>\n<td width=\"180\">4<\/td>\n<\/tr>\n<tr>\n<td width=\"239\">\u8010\u70ed\u6027 Kh\u1ea3 n\u0103ng ch\u1ecbu nhi\u1ec7t<\/td>\n<td width=\"180\">180<\/td>\n<\/tr>\n<tr>\n<td width=\"239\">Kh\u1ea3 n\u0103ng ch\u1ed1ng n\u01b0\u1edbc<\/td>\n<td width=\"180\">5<\/td>\n<\/tr>\n<tr>\n<td width=\"239\">\u8010\u6cb9\u6027 Kh\u00e1ng d\u1ea7u<\/td>\n<td width=\"180\">5<\/td>\n<\/tr>\n<tr>\n<td width=\"239\">\u8010\u9178\u6027 Kh\u00e1ng axit<\/td>\n<td width=\"180\">3<\/td>\n<\/tr>\n<tr>\n<td width=\"239\">Kh\u1ea3 n\u0103ng kh\u00e1ng ki\u1ec1m<\/td>\n<td width=\"180\">3<\/td>\n<\/tr>\n<tr>\n<td width=\"239\">\u8010\u9187\u6027 Kh\u00e1ng r\u01b0\u1ee3u<\/td>\n<td width=\"180\">4<\/td>\n<\/tr>\n<\/tbody>\n<\/table>\n<p>&nbsp;<\/p>\n<p><strong>\u1ee8ng d\u1ee5ng:<\/strong><\/p>\n<p>B\u1ed9t m\u00e0u \u0111\u1ecf 48:1 l\u00e0 lo\u1ea1i b\u1ed9t m\u00e0u th\u01b0\u1eddng \u0111\u01b0\u1ee3c s\u1eed d\u1ee5ng r\u1ed9ng r\u00e3i trong s\u01a1n, m\u1ef1c in, nh\u1ef1a, cao su, d\u1ec7t may v\u00e0 c\u00e1c l\u0129nh v\u1ef1c kh\u00e1c.<\/p>\n<p>1) S\u1eed d\u1ee5ng s\u01a1n: S\u01a1n c\u00f4ng nghi\u1ec7p, S\u01a1n t\u0129nh \u0111i\u1ec7n, S\u01a1n trang tr\u00ed, In d\u1ec7t, S\u01a1n g\u1ed1c n\u01b0\u1edbc<\/p>\n<p>2) S\u1eed d\u1ee5ng nh\u1ef1a: PVC, PP, PE, PS, ABS, EVA, Cao su<\/p>\n<p>3) M\u1ef1c s\u1eed d\u1ee5ng: M\u1ef1c in Offset, M\u1ef1c g\u1ed1c n\u01b0\u1edbc, M\u1ef1c g\u1ed1c dung m\u00f4i<\/p>","protected":false},"excerpt":{"rendered":"<p><strong>T\u00ean s\u1ea3n ph\u1ea9m:<\/strong> BBC \u0110\u1ecf Nhanh<\/p>\n<p><strong>Ch\u1ec9 s\u1ed1 m\u00e0u:<\/strong> PR48:2<\/p>\n<p><strong>V\u1ebb b\u1ec1 ngo\u00e0i:<\/strong> B\u1ed9t \u0111\u1ecf<\/p>\n<p><strong>S\u1ed1 CAS:<\/strong> 7023-61-2<\/p>\n<p><strong>T\u00ean kh\u00e1c:<\/strong>\u0110\u1ecf nhanh F5R\/PR48:2 CA \u0110\u1ece 2B YS\/PR48:2 \u0110\u1ece 2B BS\/PR48:2 YS \u0110\u1ece V\u0128NH VI\u1ec4N 2B<\/p>","protected":false},"featured_media":7616,"template":"","meta":{"_acf_changed":false,"_gspb_post_css":""},"product_brand":[],"product_cat":[161,162,163],"product_tag":[],"class_list":{"0":"post-7486","1":"product","2":"type-product","3":"status-publish","4":"has-post-thumbnail","6":"product_cat-for-plastics","7":"product_cat-for-inks","8":"product_cat-for-paints-and-coatings","10":"first","11":"instock","12":"shipping-taxable","13":"product-type-simple"},"acf":[],"_links":{"self":[{"href":"https:\/\/wpachem.com\/vi\/wp-json\/wp\/v2\/product\/7486","targetHints":{"allow":["GET"]}}],"collection":[{"href":"https:\/\/wpachem.com\/vi\/wp-json\/wp\/v2\/product"}],"about":[{"href":"https:\/\/wpachem.com\/vi\/wp-json\/wp\/v2\/types\/product"}],"version-history":[{"count":0,"href":"https:\/\/wpachem.com\/vi\/wp-json\/wp\/v2\/product\/7486\/revisions"}],"wp:featuredmedia":[{"embeddable":true,"href":"https:\/\/wpachem.com\/vi\/wp-json\/wp\/v2\/media\/7616"}],"wp:attachment":[{"href":"https:\/\/wpachem.com\/vi\/wp-json\/wp\/v2\/media?parent=7486"}],"wp:term":[{"taxonomy":"product_brand","embeddable":true,"href":"https:\/\/wpachem.com\/vi\/wp-json\/wp\/v2\/product_brand?post=7486"},{"taxonomy":"product_cat","embeddable":true,"href":"https:\/\/wpachem.com\/vi\/wp-json\/wp\/v2\/product_cat?post=7486"},{"taxonomy":"product_tag","embeddable":true,"href":"https:\/\/wpachem.com\/vi\/wp-json\/wp\/v2\/product_tag?post=7486"}],"curies":[{"name":"wp","href":"https:\/\/api.w.org\/{rel}","templated":true}]}}