{"id":7487,"date":"2024-01-02T09:40:33","date_gmt":"2024-01-02T09:40:33","guid":{"rendered":"https:\/\/wpapigments.com\/?post_type=product&amp;p=5559"},"modified":"2024-01-02T09:40:33","modified_gmt":"2024-01-02T09:40:33","slug":"pigment-red-483-pigment-fast-red-2bsp-p-r-483-cas-no-15782-05-5","status":"publish","type":"product","link":"https:\/\/wpachem.com\/vi\/product\/pigment-red-483-pigment-fast-red-2bsp-p-r-483-cas-no-15782-05-5\/","title":{"rendered":"S\u1eafc t\u1ed1 \u0111\u1ecf 48:3\/S\u1eafc t\u1ed1 \u0111\u1ecf nhanh 2BSP\/PR48:3 S\u1ed1 CAS 15782-05-5"},"content":{"rendered":"<p><b>T\u00ean s\u1ea3n ph\u1ea9m:<\/b><\/p>\n<p>\u0110\u1ecf 2BS;CI 15865:3<\/p>\n<p>CIPIGMENTRED48:3<\/p>\n<p>s\u1eafc t\u1ed1 \u0111\u1ecf 48:3<\/p>\n<p>3124 BBS \u0110\u1ecf Nhanh<\/p>\n<p>Thu\u1ed1c nhu\u1ed9m t\u00f3c Pigment Red Tonner 2B<\/p>\n<p>PR48:3 \u0110\u1ece 2B STRONTIUM<\/p>\n<p><b>T\u00ednh c\u00e1ch:<\/b><br \/>\nPigment Red 48:3 (CAS 15782-05-5) l\u00e0 thu\u1ed1c nhu\u1ed9m organometallic \u0111a n\u0103ng \u0111\u01b0\u1ee3c s\u1eed d\u1ee5ng trong nh\u1ef1a v\u00e0 bao b\u00ec th\u1ef1c ph\u1ea9m. Polyetylen \u0111\u01b0\u1ee3c x\u1eed l\u00fd b\u1eb1ng Pigment Red 48:3 cho th\u1ea5y hi\u1ec7u qu\u1ea3 li\u00ean k\u1ebft ngang do \u00e1nh s\u00e1ng g\u00e2y ra gi\u1ea3m.<\/p>\n<p><b>T\u00ednh ch\u1ea5t v\u1eadt l\u00fd v\u00e0 h\u00f3a h\u1ecdc:<\/b><\/p>\n<table width=\"753\">\n<tbody>\n<tr>\n<td colspan=\"2\" rowspan=\"2\" width=\"334\">\u7269\u5316\u6570\u636e<br \/>\nD\u1eef li\u1ec7u v\u1eadt l\u00fd<\/td>\n<td width=\"239\">M\u1eadt \u0111\u1ed9 g\/CM3<\/td>\n<td width=\"180\">1.60-1.90<\/td>\n<\/tr>\n<tr>\n<td width=\"239\">\u5438\u6cb9\u91cf D\u1ea7u ph\u00e1 thai ml\/100g<\/td>\n<td width=\"180\">40-70<\/td>\n<\/tr>\n<tr>\n<td colspan=\"2\" rowspan=\"7\" width=\"334\">\u7262\u5ea6\u6027\u80fd<br \/>\nT\u00ednh ch\u1ea5t b\u1ec1n m\u00e0u<\/td>\n<td width=\"239\">\u8010\u5149\u6027 \u0110\u1ed9 b\u1ec1n \u00e1nh s\u00e1ng<\/td>\n<td width=\"180\">5<\/td>\n<\/tr>\n<tr>\n<td width=\"239\">\u8010\u70ed\u6027 Kh\u1ea3 n\u0103ng ch\u1ecbu nhi\u1ec7t<\/td>\n<td width=\"180\">200<\/td>\n<\/tr>\n<tr>\n<td width=\"239\">Kh\u1ea3 n\u0103ng ch\u1ed1ng n\u01b0\u1edbc<\/td>\n<td width=\"180\">5<\/td>\n<\/tr>\n<tr>\n<td width=\"239\">\u8010\u6cb9\u6027 Kh\u00e1ng d\u1ea7u<\/td>\n<td width=\"180\">5<\/td>\n<\/tr>\n<tr>\n<td width=\"239\">\u8010\u9178\u6027 Kh\u00e1ng axit<\/td>\n<td width=\"180\">3<\/td>\n<\/tr>\n<tr>\n<td width=\"239\">Kh\u1ea3 n\u0103ng kh\u00e1ng ki\u1ec1m<\/td>\n<td width=\"180\">3<\/td>\n<\/tr>\n<tr>\n<td width=\"239\">\u8010\u9187\u6027 Kh\u00e1ng r\u01b0\u1ee3u<\/td>\n<td width=\"180\">4<\/td>\n<\/tr>\n<\/tbody>\n<\/table>\n<p>&nbsp;<\/p>\n<p><strong>\u1ee8ng d\u1ee5ng:<\/strong><\/p>\n<p>B\u1ed9t m\u00e0u \u0111\u1ecf 48:1 l\u00e0 lo\u1ea1i b\u1ed9t m\u00e0u th\u01b0\u1eddng \u0111\u01b0\u1ee3c s\u1eed d\u1ee5ng r\u1ed9ng r\u00e3i trong s\u01a1n, m\u1ef1c in, nh\u1ef1a, cao su, d\u1ec7t may v\u00e0 c\u00e1c l\u0129nh v\u1ef1c kh\u00e1c.<\/p>\n<p>1) S\u1eed d\u1ee5ng s\u01a1n: S\u01a1n t\u0129nh \u0111i\u1ec7n, S\u01a1n trang tr\u00ed, In v\u1ea3i<\/p>\n<p>2) S\u1eed d\u1ee5ng nh\u1ef1a: PVC, PP, PE, PS, ABS, EVA, Cao su<\/p>\n<p>3) M\u1ef1c s\u1eed d\u1ee5ng: M\u1ef1c in Offset, M\u1ef1c g\u1ed1c n\u01b0\u1edbc, M\u1ef1c g\u1ed1c dung m\u00f4i<\/p>","protected":false},"excerpt":{"rendered":"<p><strong>T\u00ean s\u1ea3n ph\u1ea9m:<\/strong> \u0110\u1ecf nhanh 2BSP<\/p>\n<p><strong>Ch\u1ec9 s\u1ed1 m\u00e0u:<\/strong> PR48:3<\/p>\n<p><strong>V\u1ebb b\u1ec1 ngo\u00e0i:<\/strong> B\u1ed9t \u0111\u1ecf<\/p>\n<p><strong>S\u1ed1 CAS:<\/strong> 15782-05-5<\/p>\n<p><strong>T\u00ean kh\u00e1c:<\/strong>\u0110\u1ecf 2BS;CI 15865:3\/CIPIGMENTRED48:3\/s\u1eafc t\u1ed1 \u0111\u1ecf 48:3\/3124 \u0110\u1ecf nhanh BBS\/S\u1eafc t\u1ed1 \u0111\u1ecf Tonner 2B\/PR48:3 \u0110\u1ece 2B STRONTIUM<\/p>","protected":false},"featured_media":7616,"template":"","meta":{"_acf_changed":false,"_gspb_post_css":""},"product_brand":[],"product_cat":[161,162,163],"product_tag":[],"class_list":{"0":"post-7487","1":"product","2":"type-product","3":"status-publish","4":"has-post-thumbnail","6":"product_cat-for-plastics","7":"product_cat-for-inks","8":"product_cat-for-paints-and-coatings","10":"first","11":"instock","12":"shipping-taxable","13":"product-type-simple"},"acf":[],"_links":{"self":[{"href":"https:\/\/wpachem.com\/vi\/wp-json\/wp\/v2\/product\/7487","targetHints":{"allow":["GET"]}}],"collection":[{"href":"https:\/\/wpachem.com\/vi\/wp-json\/wp\/v2\/product"}],"about":[{"href":"https:\/\/wpachem.com\/vi\/wp-json\/wp\/v2\/types\/product"}],"version-history":[{"count":0,"href":"https:\/\/wpachem.com\/vi\/wp-json\/wp\/v2\/product\/7487\/revisions"}],"wp:featuredmedia":[{"embeddable":true,"href":"https:\/\/wpachem.com\/vi\/wp-json\/wp\/v2\/media\/7616"}],"wp:attachment":[{"href":"https:\/\/wpachem.com\/vi\/wp-json\/wp\/v2\/media?parent=7487"}],"wp:term":[{"taxonomy":"product_brand","embeddable":true,"href":"https:\/\/wpachem.com\/vi\/wp-json\/wp\/v2\/product_brand?post=7487"},{"taxonomy":"product_cat","embeddable":true,"href":"https:\/\/wpachem.com\/vi\/wp-json\/wp\/v2\/product_cat?post=7487"},{"taxonomy":"product_tag","embeddable":true,"href":"https:\/\/wpachem.com\/vi\/wp-json\/wp\/v2\/product_tag?post=7487"}],"curies":[{"name":"wp","href":"https:\/\/api.w.org\/{rel}","templated":true}]}}