{"id":7489,"date":"2024-01-03T08:46:38","date_gmt":"2024-01-03T08:46:38","guid":{"rendered":"https:\/\/wpapigments.com\/?post_type=product&amp;p=5564"},"modified":"2024-01-03T08:46:38","modified_gmt":"2024-01-03T08:46:38","slug":"pigment-yellow-3-p-y-3-cas-no-6486-23-3","status":"publish","type":"product","link":"https:\/\/wpachem.com\/vi\/product\/pigment-yellow-3-p-y-3-cas-no-6486-23-3\/","title":{"rendered":"S\u1eafc t\u1ed1 v\u00e0ng 3\/ PY 3 S\u1ed1 CAS 6486-23-3"},"content":{"rendered":"<p><strong>\u0110\u1eb7c \u0111i\u1ec3m<\/strong><\/p>\n<p><strong><b>Thu\u1ed9c t\u00ednh c\u1ee7a con ng\u01b0\u1eddi<\/b><\/strong>: Trong su\u1ed1t, \u0110\u1ed9 b\u1ec1n cao<\/p>\n<p><strong><b>\u1ee8ng d\u1ee5ng:<\/b><\/strong><\/p>\n<p>B\u1ed9t m\u00e0u v\u00e0ng 3 \u0111\u01b0\u1ee3c s\u1eed d\u1ee5ng cho s\u01a1n t\u1ef1 kh\u00f4 trong kh\u00f4ng kh\u00ed, s\u01a1n latex, b\u1ed9t in s\u01a1n v\u00e0 m\u1ef1c bao b\u00ec, x\u00e0 ph\u00f2ng, ph\u1ea9m m\u00e0u v\u0103n ph\u00f2ng ph\u1ea9m, nh\u01b0ng kh\u00f4ng th\u00edch h\u1ee3p \u0111\u1ec3 t\u1ea1o m\u00e0u nh\u1ef1a, ch\u1ee7 y\u1ebfu \u0111\u01b0\u1ee3c s\u1eed d\u1ee5ng cho s\u01a1n, m\u1ef1c in, in s\u01a1n, \u0111\u1ed3 d\u00f9ng v\u0103n h\u00f3a v\u00e0 gi\u00e1o d\u1ee5c v\u00e0 t\u1ea1o m\u00e0u cho s\u1ea3n ph\u1ea9m nh\u1ef1a.<\/p>\n<p>1) <strong><b>S\u01a1n S\u1eed d\u1ee5ng<\/b><\/strong>: S\u01a1n c\u00f4ng nghi\u1ec7p, S\u01a1n t\u0129nh \u0111i\u1ec7n, S\u01a1n trang tr\u00ed, In v\u1ea3i, S\u01a1n g\u1ed1c n\u01b0\u1edbc<\/p>\n<p>2) <strong><b>S\u1eed d\u1ee5ng m\u1ef1c<\/b><\/strong>: M\u1ef1c in Offset, M\u1ef1c g\u1ed1c n\u01b0\u1edbc, M\u1ef1c g\u1ed1c dung m\u00f4i.<\/p>","protected":false},"excerpt":{"rendered":"<p><strong>T\u00ean s\u1ea3n ph\u1ea9m:<\/strong>\u00a0V\u00e0ng Nhanh 10G<\/p>\n<p><strong>Ch\u1ec9 s\u1ed1 m\u00e0u:<\/strong>\u00a0PH\u1ea6N 3<\/p>\n<p><strong>V\u1ebb b\u1ec1 ngo\u00e0i:<\/strong>\u00a0B\u1ed9t m\u00e0u v\u00e0ng<\/p>\n<p><strong>S\u1ed1 CAS:<\/strong>\u00a06486-23-3<\/p>\n<p><strong>T\u00ean kh\u00e1c:\u00a0<\/strong>Hansagelb10G\/s\u1eafc t\u1ed1 v\u00e0ng 3<\/p>","protected":false},"featured_media":7620,"template":"","meta":{"_acf_changed":false,"_gspb_post_css":""},"product_brand":[],"product_cat":[162,163,70],"product_tag":[],"class_list":{"0":"post-7489","1":"product","2":"type-product","3":"status-publish","4":"has-post-thumbnail","6":"product_cat-for-inks","7":"product_cat-for-paints-and-coatings","8":"product_cat-organic-pigment","10":"first","11":"instock","12":"shipping-taxable","13":"product-type-simple"},"acf":[],"_links":{"self":[{"href":"https:\/\/wpachem.com\/vi\/wp-json\/wp\/v2\/product\/7489","targetHints":{"allow":["GET"]}}],"collection":[{"href":"https:\/\/wpachem.com\/vi\/wp-json\/wp\/v2\/product"}],"about":[{"href":"https:\/\/wpachem.com\/vi\/wp-json\/wp\/v2\/types\/product"}],"version-history":[{"count":0,"href":"https:\/\/wpachem.com\/vi\/wp-json\/wp\/v2\/product\/7489\/revisions"}],"wp:featuredmedia":[{"embeddable":true,"href":"https:\/\/wpachem.com\/vi\/wp-json\/wp\/v2\/media\/7620"}],"wp:attachment":[{"href":"https:\/\/wpachem.com\/vi\/wp-json\/wp\/v2\/media?parent=7489"}],"wp:term":[{"taxonomy":"product_brand","embeddable":true,"href":"https:\/\/wpachem.com\/vi\/wp-json\/wp\/v2\/product_brand?post=7489"},{"taxonomy":"product_cat","embeddable":true,"href":"https:\/\/wpachem.com\/vi\/wp-json\/wp\/v2\/product_cat?post=7489"},{"taxonomy":"product_tag","embeddable":true,"href":"https:\/\/wpachem.com\/vi\/wp-json\/wp\/v2\/product_tag?post=7489"}],"curies":[{"name":"wp","href":"https:\/\/api.w.org\/{rel}","templated":true}]}}