{"id":7490,"date":"2024-01-03T08:55:43","date_gmt":"2024-01-03T08:55:43","guid":{"rendered":"https:\/\/wpapigments.com\/?post_type=product&amp;p=5567"},"modified":"2024-01-03T08:55:43","modified_gmt":"2024-01-03T08:55:43","slug":"pigment-yellow-12-p-y-12-cas-no-6358-85-6","status":"publish","type":"product","link":"https:\/\/wpachem.com\/vi\/product\/pigment-yellow-12-p-y-12-cas-no-6358-85-6\/","title":{"rendered":"S\u1eafc t\u1ed1 v\u00e0ng 12 (BenzidineYellow G)\/PY12 S\u1ed1 CAS 6358-85-6"},"content":{"rendered":"<p><strong>\u0110\u1eb7c \u0111i\u1ec3m<\/strong><\/p>\n<p><strong><b>Thu\u1ed9c t\u00ednh c\u1ee7a con ng\u01b0\u1eddi<\/b><\/strong>: M\u00e0u xanh l\u00e1 c\u00e2y, Trong m\u1edd, \u0110\u1ed9 ph\u00e2n t\u00e1n t\u1ed1t,<\/p>\n<p><strong><b>\u1ee8ng d\u1ee5ng:<\/b><\/strong><\/p>\n<p>B\u1ed9t m\u00e0u v\u00e0ng 12 \u0111\u01b0\u1ee3c s\u1eed d\u1ee5ng cho m\u1ef1c, s\u01a1n, cao su, nh\u1ef1a, b\u1ed9t in s\u01a1n, t\u00f4 m\u00e0u cho \u0111\u1ed3 d\u00f9ng v\u0103n h\u00f3a v\u00e0 gi\u00e1o d\u1ee5c.<\/p>\n<p>1) <strong><b>S\u1eed d\u1ee5ng m\u1ef1c<\/b><\/strong>: M\u1ef1c in Offset, M\u1ef1c g\u1ed1c n\u01b0\u1edbc, M\u1ef1c g\u1ed1c dung m\u00f4i.<\/p>\n<p>2) P<strong><b>ch\u1ea5t \u0111\u00e0n h\u1ed3i <\/b><\/strong><strong><b>S\u1eed d\u1ee5ng<\/b><\/strong>: PVC, PP, PE, PS, ABS, EVA, Cao su.<\/p>","protected":false},"excerpt":{"rendered":"<p><strong>T\u00ean s\u1ea3n ph\u1ea9m:<\/strong>\u00a0BenzidineV\u00e0ng G<\/p>\n<p><strong>Ch\u1ec9 s\u1ed1 m\u00e0u:<\/strong>\u00a0N\u0103m 12<\/p>\n<p><strong>V\u1ebb b\u1ec1 ngo\u00e0i:<\/strong>\u00a0B\u1ed9t m\u00e0u v\u00e0ng<\/p>\n<p><strong>S\u1ed1 CAS:<\/strong><strong>\u00a0<\/strong>6358-85-6<\/p>","protected":false},"featured_media":0,"template":"","meta":{"_acf_changed":false,"_gspb_post_css":""},"product_brand":[],"product_cat":[161,162],"product_tag":[],"class_list":{"0":"post-7490","1":"product","2":"type-product","3":"status-publish","5":"product_cat-for-plastics","6":"product_cat-for-inks","8":"first","9":"instock","10":"shipping-taxable","11":"product-type-simple"},"acf":[],"_links":{"self":[{"href":"https:\/\/wpachem.com\/vi\/wp-json\/wp\/v2\/product\/7490","targetHints":{"allow":["GET"]}}],"collection":[{"href":"https:\/\/wpachem.com\/vi\/wp-json\/wp\/v2\/product"}],"about":[{"href":"https:\/\/wpachem.com\/vi\/wp-json\/wp\/v2\/types\/product"}],"version-history":[{"count":0,"href":"https:\/\/wpachem.com\/vi\/wp-json\/wp\/v2\/product\/7490\/revisions"}],"wp:attachment":[{"href":"https:\/\/wpachem.com\/vi\/wp-json\/wp\/v2\/media?parent=7490"}],"wp:term":[{"taxonomy":"product_brand","embeddable":true,"href":"https:\/\/wpachem.com\/vi\/wp-json\/wp\/v2\/product_brand?post=7490"},{"taxonomy":"product_cat","embeddable":true,"href":"https:\/\/wpachem.com\/vi\/wp-json\/wp\/v2\/product_cat?post=7490"},{"taxonomy":"product_tag","embeddable":true,"href":"https:\/\/wpachem.com\/vi\/wp-json\/wp\/v2\/product_tag?post=7490"}],"curies":[{"name":"wp","href":"https:\/\/api.w.org\/{rel}","templated":true}]}}