{"id":7492,"date":"2024-01-03T09:13:09","date_gmt":"2024-01-03T09:13:09","guid":{"rendered":"https:\/\/wpapigments.com\/?post_type=product&amp;p=5575"},"modified":"2024-01-03T09:13:09","modified_gmt":"2024-01-03T09:13:09","slug":"pigment-491-pigment-lithol-scarlet-red-r-p-r-491-cas-no-1103-38-4","status":"publish","type":"product","link":"https:\/\/wpachem.com\/vi\/product\/pigment-491-pigment-lithol-scarlet-red-r-p-r-491-cas-no-1103-38-4\/","title":{"rendered":"S\u1eafc t\u1ed1 49:1\/S\u1eafc t\u1ed1 Lithol Scarlet Red R\/PR49:1 S\u1ed1 CAS 1103-38-4"},"content":{"rendered":"<p><b>T\u00ean s\u1ea3n ph\u1ea9m:<\/b><\/p>\n<p>\u0110\u1ecf Lithol Scarlet R\/PR49:1<\/p>\n<p><b>T\u00ednh c\u00e1ch:<\/b><br \/>\nPigment Red 49:1 l\u00e0 b\u1ed9t m\u00e0u \u0111\u1ecf c\u00f3 kh\u1ea3 n\u0103ng nhu\u1ed9m m\u00e0u m\u1ea1nh nh\u01b0ng kh\u1ea3 n\u0103ng che ph\u1ee7 k\u00e9m. \u00cdt tan trong n\u01b0\u1edbc n\u00f3ng, etanol, axeton v\u00e0 dung d\u1ecbch natri hydroxit. Khi tan trong axit sunfuric, n\u00f3 chuy\u1ec3n sang m\u00e0u t\u00edm tuy\u1ebfn t\u00ednh. Khi pha lo\u00e3ng, n\u00f3 chuy\u1ec3n sang m\u00e0u t\u00edm \u0111\u1ecf v\u00e0 sau \u0111\u00f3 tr\u1edf th\u00e0nh ch\u1ea5t k\u1ebft t\u1ee7a m\u00e0u n\u00e2u \u0111\u1ecf. Khi ti\u1ebfp x\u00fac v\u1edbi axit nitric, n\u00f3 tr\u1edf th\u00e0nh dung d\u1ecbch m\u00e0u n\u00e2u \u0111\u1ecf. C\u00e1c t\u00ednh ch\u1ea5t kh\u00e1c \u1edf m\u1ee9c trung b\u00ecnh.<\/p>\n<p><b>T\u00ednh ch\u1ea5t v\u1eadt l\u00fd v\u00e0 h\u00f3a h\u1ecdc:<\/b><\/p>\n<table width=\"753\">\n<tbody>\n<tr>\n<td colspan=\"2\" rowspan=\"2\" width=\"334\">\u7269\u5316\u6570\u636e<br \/>\nD\u1eef li\u1ec7u v\u1eadt l\u00fd<\/td>\n<td width=\"239\">M\u1eadt \u0111\u1ed9 g\/CM3<\/td>\n<td width=\"180\">1.60-1.80<\/td>\n<\/tr>\n<tr>\n<td width=\"239\">\u5438\u6cb9\u91cf D\u1ea7u ph\u00e1 thai ml\/100g<\/td>\n<td width=\"180\">30-70<\/td>\n<\/tr>\n<tr>\n<td colspan=\"2\" rowspan=\"7\" width=\"334\">\u7262\u5ea6\u6027\u80fd<br \/>\nT\u00ednh ch\u1ea5t b\u1ec1n m\u00e0u<\/td>\n<td width=\"239\">\u8010\u5149\u6027 \u0110\u1ed9 b\u1ec1n \u00e1nh s\u00e1ng<\/td>\n<td width=\"180\">3<\/td>\n<\/tr>\n<tr>\n<td width=\"239\">\u8010\u70ed\u6027 Kh\u1ea3 n\u0103ng ch\u1ecbu nhi\u1ec7t<\/td>\n<td width=\"180\">160<\/td>\n<\/tr>\n<tr>\n<td width=\"239\">Kh\u1ea3 n\u0103ng ch\u1ed1ng n\u01b0\u1edbc<\/td>\n<td width=\"180\">5<\/td>\n<\/tr>\n<tr>\n<td width=\"239\">\u8010\u6cb9\u6027 Kh\u00e1ng d\u1ea7u<\/td>\n<td width=\"180\">5<\/td>\n<\/tr>\n<tr>\n<td width=\"239\">\u8010\u9178\u6027 Kh\u00e1ng axit<\/td>\n<td width=\"180\">3<\/td>\n<\/tr>\n<tr>\n<td width=\"239\">Kh\u1ea3 n\u0103ng kh\u00e1ng ki\u1ec1m<\/td>\n<td width=\"180\">3<\/td>\n<\/tr>\n<tr>\n<td width=\"239\">\u8010\u9187\u6027 Kh\u00e1ng r\u01b0\u1ee3u<\/td>\n<td width=\"180\">4<\/td>\n<\/tr>\n<\/tbody>\n<\/table>\n<p>&nbsp;<\/p>\n<p><strong>\u1ee8ng d\u1ee5ng:<\/strong><\/p>\n<p>Pigment Red 49:1 ch\u1ee7 y\u1ebfu d\u00f9ng \u0111\u1ec3 pha m\u00e0u m\u1ef1c in, \u0111\u1eb7c bi\u1ec7t l\u00e0 m\u1ef1c in l\u00f5m. D\u1ea1ng b\u00e0o ch\u1ebf nh\u1ef1a h\u00f3a c\u00f3 th\u1ec3 l\u00e0m gi\u1ea3m hi\u1ec7n t\u01b0\u1ee3ng \u00e1nh \u0111\u1ed3ng; d\u1ea1ng b\u00e0o ch\u1ebf \u0111\u1eb7c bi\u1ec7t th\u00edch h\u1ee3p cho m\u1ef1c in g\u1ed1c n\u01b0\u1edbc.<\/p>\n<p>1) S\u1eed d\u1ee5ng s\u01a1n: S\u01a1n t\u0129nh \u0111i\u1ec7n, S\u01a1n trang tr\u00ed, In v\u1ea3i, S\u01a1n g\u1ed1c n\u01b0\u1edbc<\/p>\n<p>2) M\u1ef1c s\u1eed d\u1ee5ng: M\u1ef1c in offset, m\u1ef1c g\u1ed1c n\u01b0\u1edbc, m\u1ef1c UV, m\u1ef1c g\u1ed1c dung m\u00f4i<\/p>","protected":false},"excerpt":{"rendered":"<p><strong>T\u00ean s\u1ea3n ph\u1ea9m:<\/strong> Lithol \u0110\u1ecf T\u01b0\u01a1i R<\/p>\n<p><strong>Ch\u1ec9 s\u1ed1 m\u00e0u:<\/strong> PR49:1<\/p>\n<p><strong>V\u1ebb b\u1ec1 ngo\u00e0i:<\/strong> B\u1ed9t \u0111\u1ecf<\/p>\n<p><strong>S\u1ed1 CAS:<\/strong> 1103-38-4<\/p>\n<p><strong>T\u00ean kh\u00e1c:<\/strong><\/p>\n<p>M\u00c0U \u0110\u1ece49:1;<\/p>\n<p>2-(2-Hydroxy-1-naphthylazo)-1-naphthalenesulfonicacidbariummu\u1ed1i(2:1);<\/p>\n<p>th\u1ea1ch anh t\u00edm;<\/p>\n<p>Bariumbis[2-[(2-hydroxynaphthyl)azo]S\u00e1ch h\u00f3a h\u1ecdcnaphthalenesulphonate];<\/p>\n<p>Baribis[2-(2-hydroxy-1-naphthylazo)-1-naphthalenesulfonat];<\/p>\n<p>D&amp;CRedS\u1ed1 12;<\/p>\n<p>S\u1eafc t\u1ed1 \u0111\u1ecf49(Ba);<\/p>\n<p>PR49:1BARIUMLITHOL<\/p>","protected":false},"featured_media":7616,"template":"","meta":{"_acf_changed":false,"_gspb_post_css":""},"product_brand":[],"product_cat":[162,163],"product_tag":[],"class_list":{"0":"post-7492","1":"product","2":"type-product","3":"status-publish","4":"has-post-thumbnail","6":"product_cat-for-inks","7":"product_cat-for-paints-and-coatings","9":"first","10":"instock","11":"shipping-taxable","12":"product-type-simple"},"acf":[],"_links":{"self":[{"href":"https:\/\/wpachem.com\/vi\/wp-json\/wp\/v2\/product\/7492","targetHints":{"allow":["GET"]}}],"collection":[{"href":"https:\/\/wpachem.com\/vi\/wp-json\/wp\/v2\/product"}],"about":[{"href":"https:\/\/wpachem.com\/vi\/wp-json\/wp\/v2\/types\/product"}],"version-history":[{"count":0,"href":"https:\/\/wpachem.com\/vi\/wp-json\/wp\/v2\/product\/7492\/revisions"}],"wp:featuredmedia":[{"embeddable":true,"href":"https:\/\/wpachem.com\/vi\/wp-json\/wp\/v2\/media\/7616"}],"wp:attachment":[{"href":"https:\/\/wpachem.com\/vi\/wp-json\/wp\/v2\/media?parent=7492"}],"wp:term":[{"taxonomy":"product_brand","embeddable":true,"href":"https:\/\/wpachem.com\/vi\/wp-json\/wp\/v2\/product_brand?post=7492"},{"taxonomy":"product_cat","embeddable":true,"href":"https:\/\/wpachem.com\/vi\/wp-json\/wp\/v2\/product_cat?post=7492"},{"taxonomy":"product_tag","embeddable":true,"href":"https:\/\/wpachem.com\/vi\/wp-json\/wp\/v2\/product_tag?post=7492"}],"curies":[{"name":"wp","href":"https:\/\/api.w.org\/{rel}","templated":true}]}}