{"id":7495,"date":"2024-01-03T09:26:38","date_gmt":"2024-01-03T09:26:38","guid":{"rendered":"https:\/\/wpapigments.com\/?post_type=product&amp;p=5581"},"modified":"2024-01-03T09:26:38","modified_gmt":"2024-01-03T09:26:38","slug":"pigment-531-pigment-lake-red-c-p-r-531-cas-no-5160-02-1","status":"publish","type":"product","link":"https:\/\/wpachem.com\/vi\/product\/pigment-531-pigment-lake-red-c-p-r-531-cas-no-5160-02-1\/","title":{"rendered":"S\u1eafc t\u1ed1 53:1\/Pigment Lake Red C\/PR53:1 S\u1ed1 CAS 5160-02-1"},"content":{"rendered":"<p><b>T\u00ean s\u1ea3n ph\u1ea9m:<\/b><\/p>\n<p>H\u1ed3 Pigment \u0110\u1ecf C\/PR53:1<\/p>\n<p><b>T\u00ednh c\u00e1ch:<\/b><br \/>\nS\u1ea3n ph\u1ea9m n\u00e0y l\u00e0 b\u1ed9t m\u00e0u v\u00e0ng \u0111\u1ecf, m\u00e0u s\u1eafc t\u01b0\u01a1i s\u00e1ng, \u00e1nh v\u00e0ng m\u1ea1nh. \u00c1nh v\u00e0ng b\u1ec1n v\u00e0 m\u1ea1nh, m\u1ef1c c\u00f3 \u0111\u1ed9 l\u01b0u \u0111\u1ed9ng t\u1ed1t. Ch\u1ecbu \u00e1nh s\u00e1ng v\u00e0 nhi\u1ec7t t\u1ed1t. Kh\u00f4ng tan trong acetone, tan \u00edt trong n\u01b0\u1edbc ethanol, khi ti\u1ebfp x\u00fac v\u1edbi axit sunfuric \u0111\u1eadm \u0111\u1eb7c v\u00e0 natri hydroxit \u0111\u1eadm \u0111\u1eb7c th\u00ec \u0111\u1ed5i m\u00e0u.<\/p>\n<p><b>T\u00ednh ch\u1ea5t v\u1eadt l\u00fd v\u00e0 h\u00f3a h\u1ecdc:<\/b><\/p>\n<table width=\"753\">\n<tbody>\n<tr>\n<td colspan=\"2\" rowspan=\"2\" width=\"334\">\u7269\u5316\u6570\u636e<br \/>\nD\u1eef li\u1ec7u v\u1eadt l\u00fd<\/td>\n<td width=\"239\">M\u1eadt \u0111\u1ed9 g\/CM3<\/td>\n<td width=\"180\">1.70-1.90<\/td>\n<\/tr>\n<tr>\n<td width=\"239\">\u5438\u6cb9\u91cf D\u1ea7u ph\u00e1 thai ml\/100g<\/td>\n<td width=\"180\">40-60<\/td>\n<\/tr>\n<tr>\n<td colspan=\"2\" rowspan=\"7\" width=\"334\">\u7262\u5ea6\u6027\u80fd<br \/>\nT\u00ednh ch\u1ea5t b\u1ec1n m\u00e0u<\/td>\n<td width=\"239\">\u8010\u5149\u6027 \u0110\u1ed9 b\u1ec1n \u00e1nh s\u00e1ng<\/td>\n<td width=\"180\">3<\/td>\n<\/tr>\n<tr>\n<td width=\"239\">\u8010\u70ed\u6027 Kh\u1ea3 n\u0103ng ch\u1ecbu nhi\u1ec7t<\/td>\n<td width=\"180\">160<\/td>\n<\/tr>\n<tr>\n<td width=\"239\">Kh\u1ea3 n\u0103ng ch\u1ed1ng n\u01b0\u1edbc<\/td>\n<td width=\"180\">5<\/td>\n<\/tr>\n<tr>\n<td width=\"239\">\u8010\u6cb9\u6027 Kh\u00e1ng d\u1ea7u<\/td>\n<td width=\"180\">5<\/td>\n<\/tr>\n<tr>\n<td width=\"239\">\u8010\u9178\u6027 Kh\u00e1ng axit<\/td>\n<td width=\"180\">3<\/td>\n<\/tr>\n<tr>\n<td width=\"239\">Kh\u1ea3 n\u0103ng kh\u00e1ng ki\u1ec1m<\/td>\n<td width=\"180\">3<\/td>\n<\/tr>\n<tr>\n<td width=\"239\">\u8010\u9187\u6027 Kh\u00e1ng r\u01b0\u1ee3u<\/td>\n<td width=\"180\">4<\/td>\n<\/tr>\n<\/tbody>\n<\/table>\n<p>&nbsp;<\/p>\n<p><strong>\u1ee8ng d\u1ee5ng:<\/strong><\/p>\n<p>Pigment Red 53:1 ch\u1ee7 y\u1ebfu \u0111\u01b0\u1ee3c s\u1eed d\u1ee5ng \u0111\u1ec3 nhu\u1ed9m m\u1ef1c, s\u1ea3n ph\u1ea9m cao su v\u00e0 ru\u1ed9t xe \u0111\u1ea1p. N\u00f3 c\u0169ng \u0111\u01b0\u1ee3c s\u1eed d\u1ee5ng \u0111\u1ec3 nhu\u1ed9m c\u00e1c v\u1eadt d\u1ee5ng v\u0103n h\u00f3a, gi\u00e1o d\u1ee5c v\u00e0 nh\u1ef1a. C\u1ea5u tr\u00fac c\u1ee7a Rubber Red LC gi\u1ed1ng nh\u01b0 Golden Red C, nh\u01b0ng quy tr\u00ecnh t\u1ed5ng h\u1ee3p c\u1ee7a n\u00f3 l\u00e0 tr\u1ef1c ti\u1ebfp chu\u1ea9n b\u1ecb h\u1ed3 mu\u1ed1i bari sau khi gh\u00e9p n\u1ed1i. S\u1ea3n ph\u1ea9m c\u00f3 m\u00e0u v\u00e0ng s\u00e1ng \u0111\u1ecf nh\u1ea1t, c\u00f3 k\u1ebft c\u1ea5u m\u1ec1m m\u1ea1i, kh\u1ea3 n\u0103ng nhu\u1ed9m m\u00e0u m\u1ea1nh, kh\u1ea3 n\u0103ng ch\u1ecbu nhi\u1ec7t t\u1ed1t, kh\u00f4ng \u0111\u1ed5i m\u00e0u v\u00e0 kh\u00f4ng di chuy\u1ec3n. N\u00f3 ch\u1ee7 y\u1ebfu \u0111\u01b0\u1ee3c s\u1eed d\u1ee5ng \u0111\u1ec3 nhu\u1ed9m cao su, c\u00e1p v\u00e0 c\u00e1c s\u1ea3n ph\u1ea9m nh\u1ef1a.<\/p>\n<p>1) S\u1eed d\u1ee5ng s\u01a1n: S\u01a1n c\u00f4ng nghi\u1ec7p, S\u01a1n t\u0129nh \u0111i\u1ec7n, S\u01a1n trang tr\u00ed, In v\u1ea3i, S\u01a1n g\u1ed1c n\u01b0\u1edbc<\/p>\n<p>2) S\u1eed d\u1ee5ng nh\u1ef1a: PVC, PP, PE, PS, ABS<\/p>\n<p>3) M\u1ef1c s\u1eed d\u1ee5ng: M\u1ef1c in Offset, M\u1ef1c g\u1ed1c n\u01b0\u1edbc, M\u1ef1c g\u1ed1c dung m\u00f4i<\/p>","protected":false},"excerpt":{"rendered":"<p><strong>T\u00ean s\u1ea3n ph\u1ea9m:<\/strong> H\u1ed3 \u0110\u1ecf C<\/p>\n<p><strong>Ch\u1ec9 s\u1ed1 m\u00e0u:<\/strong> PR53:1<\/p>\n<p><strong>V\u1ebb b\u1ec1 ngo\u00e0i:<\/strong> B\u1ed9t \u0111\u1ecf<\/p>\n<p><strong>S\u1ed1 CAS:<\/strong> 5160-02-1<\/p>\n<p><strong>T\u00ean kh\u00e1c:<\/strong><\/p>\n<p>CI 15585:1;<\/p>\n<p>\u0111\u1ecfzhb;<\/p>\n<p>C\u00f2n \u0111\u01b0\u1ee3c g\u1ecdi l\u00e0 KA204;1860\u0111\u1ecf;<\/p>\n<p>d&amp;cred9;<\/p>\n<p>\u0111\u1ecf1860;<\/p>\n<p>\u0110\u1ecf 53:1;<\/p>\n<p>&nbsp;<\/p>\n<p>&nbsp;<\/p>\n<p>&nbsp;<\/p>\n<p>&nbsp;<\/p>","protected":false},"featured_media":7616,"template":"","meta":{"_acf_changed":false,"_gspb_post_css":""},"product_brand":[],"product_cat":[161,162,163],"product_tag":[],"class_list":{"0":"post-7495","1":"product","2":"type-product","3":"status-publish","4":"has-post-thumbnail","6":"product_cat-for-plastics","7":"product_cat-for-inks","8":"product_cat-for-paints-and-coatings","10":"first","11":"instock","12":"shipping-taxable","13":"product-type-simple"},"acf":[],"_links":{"self":[{"href":"https:\/\/wpachem.com\/vi\/wp-json\/wp\/v2\/product\/7495","targetHints":{"allow":["GET"]}}],"collection":[{"href":"https:\/\/wpachem.com\/vi\/wp-json\/wp\/v2\/product"}],"about":[{"href":"https:\/\/wpachem.com\/vi\/wp-json\/wp\/v2\/types\/product"}],"version-history":[{"count":0,"href":"https:\/\/wpachem.com\/vi\/wp-json\/wp\/v2\/product\/7495\/revisions"}],"wp:featuredmedia":[{"embeddable":true,"href":"https:\/\/wpachem.com\/vi\/wp-json\/wp\/v2\/media\/7616"}],"wp:attachment":[{"href":"https:\/\/wpachem.com\/vi\/wp-json\/wp\/v2\/media?parent=7495"}],"wp:term":[{"taxonomy":"product_brand","embeddable":true,"href":"https:\/\/wpachem.com\/vi\/wp-json\/wp\/v2\/product_brand?post=7495"},{"taxonomy":"product_cat","embeddable":true,"href":"https:\/\/wpachem.com\/vi\/wp-json\/wp\/v2\/product_cat?post=7495"},{"taxonomy":"product_tag","embeddable":true,"href":"https:\/\/wpachem.com\/vi\/wp-json\/wp\/v2\/product_tag?post=7495"}],"curies":[{"name":"wp","href":"https:\/\/api.w.org\/{rel}","templated":true}]}}