{"id":7506,"date":"2024-01-05T05:17:16","date_gmt":"2024-01-05T05:17:16","guid":{"rendered":"https:\/\/wpapigments.com\/?post_type=product&amp;p=5628"},"modified":"2024-01-05T05:17:16","modified_gmt":"2024-01-05T05:17:16","slug":"pigment-yellow-65-permanent-yellow-rn-p-y-14-cas-no-6528-34-3","status":"publish","type":"product","link":"https:\/\/wpachem.com\/vi\/product\/pigment-yellow-65-permanent-yellow-rn-p-y-14-cas-no-6528-34-3\/","title":{"rendered":"S\u1eafc t\u1ed1 v\u00e0ng 65 (V\u00e0ng v\u0129nh vi\u1ec5n RN)\/PY65 CAS s\u1ed1 6528-34-3"},"content":{"rendered":"<p><strong>\u0110\u1eb7c \u0111i\u1ec3m<\/strong><\/p>\n<p><strong><b>Thu\u1ed9c t\u00ednh c\u1ee7a con ng\u01b0\u1eddi<\/b><\/strong>: M\u00e0u \u0111\u1ecf, \u0110\u1ed9 b\u1ec1n cao<\/p>\n<p><strong><b>\u1ee8ng d\u1ee5ng:<\/b><\/strong><\/p>\n<ul>\n<li><b><\/b><strong><b>S\u01a1n s\u1eed d\u1ee5ng: <\/b><\/strong>S\u01a1n c\u00f4ng nghi\u1ec7p, s\u01a1n g\u1ed1c n\u01b0\u1edbc.<\/li>\n<li><b><\/b><strong><b>M\u1ef1c s\u1eed d\u1ee5ng:\u00a0<\/b><\/strong>M\u1ef1c g\u1ed1c n\u01b0\u1edbc, m\u1ef1c g\u1ed1c dung m\u00f4i.<\/li>\n<\/ul>","protected":false},"excerpt":{"rendered":"<p><strong>T\u00ean s\u1ea3n ph\u1ea9m:<\/strong><strong>\u00a0<\/strong>RN V\u00e0ng v\u0129nh vi\u1ec5n<\/p>\n<p><strong>Ch\u1ec9 s\u1ed1 m\u00e0u:<\/strong>\u00a0S\u1ed1 65<\/p>\n<p><strong>V\u1ebb b\u1ec1 ngo\u00e0i:<\/strong>\u00a0B\u1ed9t m\u00e0u v\u00e0ng<\/p>\n<p><strong>S\u1ed1 CAS:<\/strong><strong>\u00a0<\/strong>6528-34-3<\/p>\n<p><strong>T\u00ean kh\u00e1c:<\/strong>S\u1eafc t\u1ed1 v\u00e0ng 65\/V\u00e0ng v\u0129nh c\u1eedu Rn<\/p>","protected":false},"featured_media":7617,"template":"","meta":{"_acf_changed":false,"_gspb_post_css":""},"product_brand":[],"product_cat":[162,163],"product_tag":[],"class_list":{"0":"post-7506","1":"product","2":"type-product","3":"status-publish","4":"has-post-thumbnail","6":"product_cat-for-inks","7":"product_cat-for-paints-and-coatings","9":"first","10":"instock","11":"shipping-taxable","12":"product-type-simple"},"acf":[],"_links":{"self":[{"href":"https:\/\/wpachem.com\/vi\/wp-json\/wp\/v2\/product\/7506","targetHints":{"allow":["GET"]}}],"collection":[{"href":"https:\/\/wpachem.com\/vi\/wp-json\/wp\/v2\/product"}],"about":[{"href":"https:\/\/wpachem.com\/vi\/wp-json\/wp\/v2\/types\/product"}],"version-history":[{"count":0,"href":"https:\/\/wpachem.com\/vi\/wp-json\/wp\/v2\/product\/7506\/revisions"}],"wp:featuredmedia":[{"embeddable":true,"href":"https:\/\/wpachem.com\/vi\/wp-json\/wp\/v2\/media\/7617"}],"wp:attachment":[{"href":"https:\/\/wpachem.com\/vi\/wp-json\/wp\/v2\/media?parent=7506"}],"wp:term":[{"taxonomy":"product_brand","embeddable":true,"href":"https:\/\/wpachem.com\/vi\/wp-json\/wp\/v2\/product_brand?post=7506"},{"taxonomy":"product_cat","embeddable":true,"href":"https:\/\/wpachem.com\/vi\/wp-json\/wp\/v2\/product_cat?post=7506"},{"taxonomy":"product_tag","embeddable":true,"href":"https:\/\/wpachem.com\/vi\/wp-json\/wp\/v2\/product_tag?post=7506"}],"curies":[{"name":"wp","href":"https:\/\/api.w.org\/{rel}","templated":true}]}}