{"id":7507,"date":"2024-01-05T05:24:15","date_gmt":"2024-01-05T05:24:15","guid":{"rendered":"https:\/\/wpapigments.com\/?post_type=product&amp;p=5632"},"modified":"2024-01-05T05:24:15","modified_gmt":"2024-01-05T05:24:15","slug":"pigment-yellow-62-pigment-yellow-srp-p-y-62-cas-no-6528-34-3","status":"publish","type":"product","link":"https:\/\/wpachem.com\/vi\/product\/pigment-yellow-62-pigment-yellow-srp-p-y-62-cas-no-6528-34-3\/","title":{"rendered":"S\u1eafc t\u1ed1 v\u00e0ng 62 (S\u1eafc t\u1ed1 v\u00e0ng SRP)\/PY62 CAS s\u1ed1 6528-34-3"},"content":{"rendered":"<p><strong>\u0110\u1eb7c \u0111i\u1ec3m<\/strong><\/p>\n<p><strong><b>Thu\u1ed9c t\u00ednh c\u1ee7a con ng\u01b0\u1eddi<\/b><\/strong>: D\u1ec5 d\u00e0ng ph\u00e2n t\u00e1n, \u0111\u1eb7c bi\u1ec7t cho nh\u1ef1a<\/p>\n<p><strong><b>\u1ee8ng d\u1ee5ng:<\/b><\/strong><\/p>\n<p><strong><b>\u00a0S\u1eed d\u1ee5ng nh\u1ef1a: <\/b><\/strong>PVC, PP, PE, PS, ABS, EVA, Cao su.<\/p>","protected":false},"excerpt":{"rendered":"<p><strong>T\u00ean s\u1ea3n ph\u1ea9m:<\/strong><strong>\u00a0<\/strong>SRP V\u00e0ng v\u0129nh c\u1eedu<\/p>\n<p><strong>Ch\u1ec9 s\u1ed1 m\u00e0u:<\/strong>\u00a0S\u1ed1 62<\/p>\n<p><strong>V\u1ebb b\u1ec1 ngo\u00e0i:<\/strong>\u00a0B\u1ed9t m\u00e0u v\u00e0ng<\/p>\n<p><strong>S\u1ed1 CAS:<\/strong><strong>\u00a0<\/strong>6528-34-3<\/p>\n<p><strong>T\u00ean kh\u00e1c:<\/strong>S\u1eafc t\u1ed1 v\u00e0ng 62\/V\u00e0ng nhanh FW<\/p>","protected":false},"featured_media":7620,"template":"","meta":{"_acf_changed":false,"_gspb_post_css":""},"product_brand":[],"product_cat":[161],"product_tag":[],"class_list":{"0":"post-7507","1":"product","2":"type-product","3":"status-publish","4":"has-post-thumbnail","6":"product_cat-for-plastics","8":"first","9":"instock","10":"shipping-taxable","11":"product-type-simple"},"acf":[],"_links":{"self":[{"href":"https:\/\/wpachem.com\/vi\/wp-json\/wp\/v2\/product\/7507","targetHints":{"allow":["GET"]}}],"collection":[{"href":"https:\/\/wpachem.com\/vi\/wp-json\/wp\/v2\/product"}],"about":[{"href":"https:\/\/wpachem.com\/vi\/wp-json\/wp\/v2\/types\/product"}],"version-history":[{"count":0,"href":"https:\/\/wpachem.com\/vi\/wp-json\/wp\/v2\/product\/7507\/revisions"}],"wp:featuredmedia":[{"embeddable":true,"href":"https:\/\/wpachem.com\/vi\/wp-json\/wp\/v2\/media\/7620"}],"wp:attachment":[{"href":"https:\/\/wpachem.com\/vi\/wp-json\/wp\/v2\/media?parent=7507"}],"wp:term":[{"taxonomy":"product_brand","embeddable":true,"href":"https:\/\/wpachem.com\/vi\/wp-json\/wp\/v2\/product_brand?post=7507"},{"taxonomy":"product_cat","embeddable":true,"href":"https:\/\/wpachem.com\/vi\/wp-json\/wp\/v2\/product_cat?post=7507"},{"taxonomy":"product_tag","embeddable":true,"href":"https:\/\/wpachem.com\/vi\/wp-json\/wp\/v2\/product_tag?post=7507"}],"curies":[{"name":"wp","href":"https:\/\/api.w.org\/{rel}","templated":true}]}}