{"id":7519,"date":"2024-01-05T08:05:33","date_gmt":"2024-01-05T08:05:33","guid":{"rendered":"https:\/\/wpapigments.com\/?post_type=product&amp;p=5705"},"modified":"2024-01-05T08:05:33","modified_gmt":"2024-01-05T08:05:33","slug":"pigment-yellow-150-fast-yellow-gp-p-y-150-cas-no-68511-62-6","status":"publish","type":"product","link":"https:\/\/wpachem.com\/vi\/product\/pigment-yellow-150-fast-yellow-gp-p-y-150-cas-no-68511-62-6\/","title":{"rendered":"S\u1eafc t\u1ed1 v\u00e0ng 150 (Fast Yellow GP)\/PY150 S\u1ed1 CAS 68511-62-6"},"content":{"rendered":"<p><strong>\u0110\u1eb7c \u0111i\u1ec3m<\/strong><\/p>\n<p><strong><b>Thu\u1ed9c t\u00ednh c\u1ee7a con ng\u01b0\u1eddi<\/b><\/strong>: M\u00e0u xanh l\u00e1 c\u00e2y, \u0110\u1ed9 trong su\u1ed1t cao, \u0110\u1ed9 b\u00f3ng cao<\/p>\n<p><strong><b>\u1ee8ng d\u1ee5ng:<\/b><\/strong><\/p>\n<ul>\n<li>Nh\u1ef1a s\u1eed d\u1ee5ng: PVC, PP, PE, PS, ABS, Cao su.<\/li>\n<\/ul>","protected":false},"excerpt":{"rendered":"<p><strong><b>T\u00ean s\u1ea3n ph\u1ea9m<\/b><\/strong><strong><b>:<\/b><\/strong>GP V\u00e0ng Nhanh<\/p>\n<p><strong>Ch\u1ec9 s\u1ed1 m\u00e0u:<\/strong>\u00a0PY 150<\/p>\n<p><strong>V\u1ebb b\u1ec1 ngo\u00e0i:<\/strong>\u00a0B\u1ed9t m\u00e0u v\u00e0ng<\/p>\n<p><strong>S\u1ed1 CAS:<\/strong>68511-62-6<\/p>\n<p><strong>T\u00ean kh\u00e1c:<\/strong>S\u1eafc t\u1ed1 v\u00e0ng 150<\/p>","protected":false},"featured_media":7623,"template":"","meta":{"_acf_changed":false,"_gspb_post_css":""},"product_brand":[],"product_cat":[161],"product_tag":[],"class_list":{"0":"post-7519","1":"product","2":"type-product","3":"status-publish","4":"has-post-thumbnail","6":"product_cat-for-plastics","8":"first","9":"instock","10":"shipping-taxable","11":"product-type-simple"},"acf":[],"_links":{"self":[{"href":"https:\/\/wpachem.com\/vi\/wp-json\/wp\/v2\/product\/7519","targetHints":{"allow":["GET"]}}],"collection":[{"href":"https:\/\/wpachem.com\/vi\/wp-json\/wp\/v2\/product"}],"about":[{"href":"https:\/\/wpachem.com\/vi\/wp-json\/wp\/v2\/types\/product"}],"version-history":[{"count":0,"href":"https:\/\/wpachem.com\/vi\/wp-json\/wp\/v2\/product\/7519\/revisions"}],"wp:featuredmedia":[{"embeddable":true,"href":"https:\/\/wpachem.com\/vi\/wp-json\/wp\/v2\/media\/7623"}],"wp:attachment":[{"href":"https:\/\/wpachem.com\/vi\/wp-json\/wp\/v2\/media?parent=7519"}],"wp:term":[{"taxonomy":"product_brand","embeddable":true,"href":"https:\/\/wpachem.com\/vi\/wp-json\/wp\/v2\/product_brand?post=7519"},{"taxonomy":"product_cat","embeddable":true,"href":"https:\/\/wpachem.com\/vi\/wp-json\/wp\/v2\/product_cat?post=7519"},{"taxonomy":"product_tag","embeddable":true,"href":"https:\/\/wpachem.com\/vi\/wp-json\/wp\/v2\/product_tag?post=7519"}],"curies":[{"name":"wp","href":"https:\/\/api.w.org\/{rel}","templated":true}]}}