{"id":7520,"date":"2024-01-05T08:11:34","date_gmt":"2024-01-05T08:11:34","guid":{"rendered":"https:\/\/wpapigments.com\/?post_type=product&amp;p=5708"},"modified":"2024-01-05T08:11:34","modified_gmt":"2024-01-05T08:11:34","slug":"pigment-yellow-151-benzimidazolone-yellow-h4g-p-y-151-cas-no-31837-42-0","status":"publish","type":"product","link":"https:\/\/wpachem.com\/vi\/product\/pigment-yellow-151-benzimidazolone-yellow-h4g-p-y-151-cas-no-31837-42-0\/","title":{"rendered":"S\u1eafc t\u1ed1 v\u00e0ng 151 (Benzimidazolone v\u00e0ng H4G)\/PY151 CAS s\u1ed1 31837-42-0"},"content":{"rendered":"<p><strong>\u0110\u1eb7c \u0111i\u1ec3m<\/strong><\/p>\n<p><strong><b>Thu\u1ed9c t\u00ednh c\u1ee7a con ng\u01b0\u1eddi<\/b><\/strong>: M\u00e0u xanh l\u00e1 c\u00e2y, \u0110\u1ee5c, \u0111\u1ed9 b\u1ec1n m\u00e0u t\u1ed1t<\/p>\n<p><strong><b>\u1ee8ng d\u1ee5ng:<\/b><\/strong><\/p>\n<ol>\n<li>S\u1eed d\u1ee5ng s\u01a1n: S\u01a1n c\u00f4ng nghi\u1ec7p, S\u01a1n t\u0129nh \u0111i\u1ec7n, S\u01a1n \u00f4 t\u00f4, In d\u1ec7t, S\u01a1n g\u1ed1c n\u01b0\u1edbc.<\/li>\n<li>M\u1ef1c s\u1eed d\u1ee5ng: M\u1ef1c in offset, m\u1ef1c g\u1ed1c n\u01b0\u1edbc, m\u1ef1c UV, m\u1ef1c g\u1ed1c dung m\u00f4i.<\/li>\n<li>Nh\u1ef1a s\u1eed d\u1ee5ng: PVC, PP, PE, PS, ABS, Cao su.<\/li>\n<\/ol>","protected":false},"excerpt":{"rendered":"<p><strong><b>T\u00ean s\u1ea3n ph\u1ea9m<\/b><\/strong><strong><b>:<\/b><\/strong>Benzimidazolone V\u00e0ng H4G<\/p>\n<p><strong>Ch\u1ec9 s\u1ed1 m\u00e0u:<\/strong>\u00a0PY 151<\/p>\n<p><strong>V\u1ebb b\u1ec1 ngo\u00e0i:<\/strong>\u00a0B\u1ed9t m\u00e0u v\u00e0ng<\/p>\n<p><strong>S\u1ed1 CAS<\/strong><strong>: <\/strong>31837-42-0<\/p>\n<p><strong>T\u00ean kh\u00e1c:<\/strong>S\u1eafc t\u1ed1 v\u00e0ng 151<\/p>","protected":false},"featured_media":7620,"template":"","meta":{"_acf_changed":false,"_gspb_post_css":""},"product_brand":[],"product_cat":[161,162,163],"product_tag":[],"class_list":{"0":"post-7520","1":"product","2":"type-product","3":"status-publish","4":"has-post-thumbnail","6":"product_cat-for-plastics","7":"product_cat-for-inks","8":"product_cat-for-paints-and-coatings","10":"first","11":"instock","12":"shipping-taxable","13":"product-type-simple"},"acf":[],"_links":{"self":[{"href":"https:\/\/wpachem.com\/vi\/wp-json\/wp\/v2\/product\/7520","targetHints":{"allow":["GET"]}}],"collection":[{"href":"https:\/\/wpachem.com\/vi\/wp-json\/wp\/v2\/product"}],"about":[{"href":"https:\/\/wpachem.com\/vi\/wp-json\/wp\/v2\/types\/product"}],"version-history":[{"count":0,"href":"https:\/\/wpachem.com\/vi\/wp-json\/wp\/v2\/product\/7520\/revisions"}],"wp:featuredmedia":[{"embeddable":true,"href":"https:\/\/wpachem.com\/vi\/wp-json\/wp\/v2\/media\/7620"}],"wp:attachment":[{"href":"https:\/\/wpachem.com\/vi\/wp-json\/wp\/v2\/media?parent=7520"}],"wp:term":[{"taxonomy":"product_brand","embeddable":true,"href":"https:\/\/wpachem.com\/vi\/wp-json\/wp\/v2\/product_brand?post=7520"},{"taxonomy":"product_cat","embeddable":true,"href":"https:\/\/wpachem.com\/vi\/wp-json\/wp\/v2\/product_cat?post=7520"},{"taxonomy":"product_tag","embeddable":true,"href":"https:\/\/wpachem.com\/vi\/wp-json\/wp\/v2\/product_tag?post=7520"}],"curies":[{"name":"wp","href":"https:\/\/api.w.org\/{rel}","templated":true}]}}