{"id":7523,"date":"2024-01-05T08:24:36","date_gmt":"2024-01-05T08:24:36","guid":{"rendered":"https:\/\/wpapigments.com\/?post_type=product&amp;p=5720"},"modified":"2024-01-05T08:24:36","modified_gmt":"2024-01-05T08:24:36","slug":"pigment-yellow-174-benzidine-yellow-lbs-p-y-174-cas-no-78952-72-4","status":"publish","type":"product","link":"https:\/\/wpachem.com\/vi\/product\/pigment-yellow-174-benzidine-yellow-lbs-p-y-174-cas-no-78952-72-4\/","title":{"rendered":"S\u1eafc t\u1ed1 v\u00e0ng 174 (Benzidine v\u00e0ng LBS)\/PY174 CAS s\u1ed1 78952-72-4"},"content":{"rendered":"<p><strong>\u0110\u1eb7c \u0111i\u1ec3m<\/strong><\/p>\n<p><strong><b>Thu\u1ed9c t\u00ednh c\u1ee7a con ng\u01b0\u1eddi<\/b><\/strong>: M\u00e0u xanh l\u00e1 c\u00e2y Trong su\u1ed1t, \u0110\u1ed9 ch\u1ea3y t\u1ed1t. \u0110\u1ed9 b\u00f3ng cao<\/p>\n<p><strong><b>\u1ee8ng d\u1ee5ng:<\/b><\/strong><\/p>\n<ul>\n<li>M\u1ef1c s\u1eed d\u1ee5ng: M\u1ef1c in offset, m\u1ef1c g\u1ed1c dung m\u00f4i.<\/li>\n<\/ul>","protected":false},"excerpt":{"rendered":"<p><strong><b>T\u00ean s\u1ea3n ph\u1ea9m<\/b><\/strong><strong><b>:<\/b><\/strong>Benzidine V\u00e0ng LBS<\/p>\n<p><strong>Ch\u1ec9 s\u1ed1 m\u00e0u:<\/strong>\u00a0S\u1ed1 174<\/p>\n<p><strong>V\u1ebb b\u1ec1 ngo\u00e0i:<\/strong>\u00a0B\u1ed9t m\u00e0u v\u00e0ng<\/p>\n<p><strong>S\u1ed1 CAS<\/strong><strong>:<\/strong>\u00a078952-72-4<\/p>\n<p><strong>T\u00ean kh\u00e1c:<\/strong>S\u1eafc t\u1ed1 v\u00e0ng 174<\/p>","protected":false},"featured_media":7620,"template":"","meta":{"_acf_changed":false,"_gspb_post_css":""},"product_brand":[],"product_cat":[162],"product_tag":[],"class_list":{"0":"post-7523","1":"product","2":"type-product","3":"status-publish","4":"has-post-thumbnail","6":"product_cat-for-inks","8":"first","9":"instock","10":"shipping-taxable","11":"product-type-simple"},"acf":[],"_links":{"self":[{"href":"https:\/\/wpachem.com\/vi\/wp-json\/wp\/v2\/product\/7523","targetHints":{"allow":["GET"]}}],"collection":[{"href":"https:\/\/wpachem.com\/vi\/wp-json\/wp\/v2\/product"}],"about":[{"href":"https:\/\/wpachem.com\/vi\/wp-json\/wp\/v2\/types\/product"}],"version-history":[{"count":0,"href":"https:\/\/wpachem.com\/vi\/wp-json\/wp\/v2\/product\/7523\/revisions"}],"wp:featuredmedia":[{"embeddable":true,"href":"https:\/\/wpachem.com\/vi\/wp-json\/wp\/v2\/media\/7620"}],"wp:attachment":[{"href":"https:\/\/wpachem.com\/vi\/wp-json\/wp\/v2\/media?parent=7523"}],"wp:term":[{"taxonomy":"product_brand","embeddable":true,"href":"https:\/\/wpachem.com\/vi\/wp-json\/wp\/v2\/product_brand?post=7523"},{"taxonomy":"product_cat","embeddable":true,"href":"https:\/\/wpachem.com\/vi\/wp-json\/wp\/v2\/product_cat?post=7523"},{"taxonomy":"product_tag","embeddable":true,"href":"https:\/\/wpachem.com\/vi\/wp-json\/wp\/v2\/product_tag?post=7523"}],"curies":[{"name":"wp","href":"https:\/\/api.w.org\/{rel}","templated":true}]}}