{"id":7528,"date":"2024-01-05T09:31:24","date_gmt":"2024-01-05T09:31:24","guid":{"rendered":"https:\/\/wpapigments.com\/?post_type=product&amp;p=5734"},"modified":"2024-01-05T09:31:24","modified_gmt":"2024-01-05T09:31:24","slug":"pigment-red-266-pigment-naphthol-red-f7rk-p-r-266-cas-no-36968-27-1","status":"publish","type":"product","link":"https:\/\/wpachem.com\/vi\/product\/pigment-red-266-pigment-naphthol-red-f7rk-p-r-266-cas-no-36968-27-1\/","title":{"rendered":"S\u1eafc t\u1ed1 \u0111\u1ecf 266\/S\u1eafc t\u1ed1 \u0111\u1ecf Naphthol F7RK\/PR266 S\u1ed1 CAS 36968-27-1"},"content":{"rendered":"<p><b>T\u00ean s\u1ea3n ph\u1ea9m:<\/b><\/p>\n<p>S\u1eafc t\u1ed1 \u0111\u1ecf 266<\/p>\n<p><b>T\u00ednh c\u00e1ch:<\/b><br \/>\nPigment Red 266 l\u00e0 b\u1ed9t m\u00e0u \u0111\u1ecf cam \u0111\u1ebfn \u0111\u1ecf.<\/p>\n<p><b>T\u00ednh ch\u1ea5t v\u1eadt l\u00fd v\u00e0 h\u00f3a h\u1ecdc:<\/b><\/p>\n<table width=\"753\">\n<tbody>\n<tr>\n<td colspan=\"2\" rowspan=\"2\" width=\"334\">\u7269\u5316\u6570\u636e<br \/>\nD\u1eef li\u1ec7u v\u1eadt l\u00fd<\/td>\n<td width=\"239\">M\u1eadt \u0111\u1ed9 g\/CM3<\/td>\n<td width=\"180\">1.35-1.50<\/td>\n<\/tr>\n<tr>\n<td width=\"239\">\u5438\u6cb9\u91cf D\u1ea7u ph\u00e1 thai ml\/100g<\/td>\n<td width=\"180\">70-90<\/td>\n<\/tr>\n<tr>\n<td colspan=\"2\" rowspan=\"7\" width=\"334\">\u7262\u5ea6\u6027\u80fd<br \/>\nT\u00ednh ch\u1ea5t b\u1ec1n m\u00e0u<\/td>\n<td width=\"239\">\u8010\u5149\u6027 \u0110\u1ed9 b\u1ec1n \u00e1nh s\u00e1ng<\/td>\n<td width=\"180\">7<\/td>\n<\/tr>\n<tr>\n<td width=\"239\">\u8010\u70ed\u6027 Kh\u1ea3 n\u0103ng ch\u1ecbu nhi\u1ec7t<\/td>\n<td width=\"180\">200<\/td>\n<\/tr>\n<tr>\n<td width=\"239\">Kh\u1ea3 n\u0103ng ch\u1ed1ng n\u01b0\u1edbc<\/td>\n<td width=\"180\">5<\/td>\n<\/tr>\n<tr>\n<td width=\"239\">\u8010\u6cb9\u6027 Kh\u00e1ng d\u1ea7u<\/td>\n<td width=\"180\">5<\/td>\n<\/tr>\n<tr>\n<td width=\"239\">\u8010\u9178\u6027 Kh\u00e1ng axit<\/td>\n<td width=\"180\">5<\/td>\n<\/tr>\n<tr>\n<td width=\"239\">Kh\u1ea3 n\u0103ng kh\u00e1ng ki\u1ec1m<\/td>\n<td width=\"180\">5<\/td>\n<\/tr>\n<tr>\n<td width=\"239\">\u8010\u9187\u6027 Kh\u00e1ng r\u01b0\u1ee3u<\/td>\n<td width=\"180\">5<\/td>\n<\/tr>\n<\/tbody>\n<\/table>\n<p>&nbsp;<\/p>\n<p><strong>\u1ee8ng d\u1ee5ng:<\/strong><\/p>\n<p>N\u00f3 ch\u1ee7 y\u1ebfu \u0111\u01b0\u1ee3c s\u1eed d\u1ee5ng cho m\u1ef1c<\/p>\n<p>1) M\u1ef1c s\u1eed d\u1ee5ng: M\u1ef1c g\u1ed1c n\u01b0\u1edbc, Trang tr\u00ed kim lo\u1ea1i<\/p>","protected":false},"excerpt":{"rendered":"<p><strong>T\u00ean s\u1ea3n ph\u1ea9m:<\/strong> S\u1eafc t\u1ed1 \u0111\u1ecf 266<\/p>\n<p><strong>Ch\u1ec9 s\u1ed1 m\u00e0u:<\/strong> PR266<\/p>\n<p><strong>V\u1ebb b\u1ec1 ngo\u00e0i:<\/strong> B\u1ed9t \u0111\u1ecf<\/p>\n<p><strong>S\u1ed1 CAS:<\/strong>36968-27-1<\/p>\n<p><strong>T\u00ean kh\u00e1c:<\/strong><\/p>\n<p>S\u1eafc t\u1ed1 \u0111\u1ecf 266<br \/>\nNaphthol Azo \u0110\u1ecf<br \/>\nCIPigment \u0111\u1ecf 215<br \/>\nPR266 NAPHTHOL \u0110\u1ece 2R<br \/>\n\u0110\u1ecf v\u0129nh c\u1eedu P-F7RK<\/p>\n<dl><\/dl>\n<p>&nbsp;<\/p>\n<p>&nbsp;<\/p>\n<p>&nbsp;<\/p>\n<p>&nbsp;<\/p>","protected":false},"featured_media":7625,"template":"","meta":{"_acf_changed":false,"_gspb_post_css":""},"product_brand":[],"product_cat":[162],"product_tag":[],"class_list":{"0":"post-7528","1":"product","2":"type-product","3":"status-publish","4":"has-post-thumbnail","6":"product_cat-for-inks","8":"first","9":"instock","10":"shipping-taxable","11":"product-type-simple"},"acf":[],"_links":{"self":[{"href":"https:\/\/wpachem.com\/vi\/wp-json\/wp\/v2\/product\/7528","targetHints":{"allow":["GET"]}}],"collection":[{"href":"https:\/\/wpachem.com\/vi\/wp-json\/wp\/v2\/product"}],"about":[{"href":"https:\/\/wpachem.com\/vi\/wp-json\/wp\/v2\/types\/product"}],"version-history":[{"count":0,"href":"https:\/\/wpachem.com\/vi\/wp-json\/wp\/v2\/product\/7528\/revisions"}],"wp:featuredmedia":[{"embeddable":true,"href":"https:\/\/wpachem.com\/vi\/wp-json\/wp\/v2\/media\/7625"}],"wp:attachment":[{"href":"https:\/\/wpachem.com\/vi\/wp-json\/wp\/v2\/media?parent=7528"}],"wp:term":[{"taxonomy":"product_brand","embeddable":true,"href":"https:\/\/wpachem.com\/vi\/wp-json\/wp\/v2\/product_brand?post=7528"},{"taxonomy":"product_cat","embeddable":true,"href":"https:\/\/wpachem.com\/vi\/wp-json\/wp\/v2\/product_cat?post=7528"},{"taxonomy":"product_tag","embeddable":true,"href":"https:\/\/wpachem.com\/vi\/wp-json\/wp\/v2\/product_tag?post=7528"}],"curies":[{"name":"wp","href":"https:\/\/api.w.org\/{rel}","templated":true}]}}