{"id":7532,"date":"2024-01-08T09:12:01","date_gmt":"2024-01-08T09:12:01","guid":{"rendered":"https:\/\/wpapigments.com\/?post_type=product&amp;p=5747"},"modified":"2024-01-08T09:12:01","modified_gmt":"2024-01-08T09:12:01","slug":"pigment-orange-13-permanent-orange-g-p-o-13-cas-no-3520-72-7","status":"publish","type":"product","link":"https:\/\/wpachem.com\/vi\/product\/pigment-orange-13-permanent-orange-g-p-o-13-cas-no-3520-72-7\/","title":{"rendered":"S\u1eafc t\u1ed1 m\u00e0u cam 13 (M\u00e0u cam v\u0129nh c\u1eedu G)\/PO13 CAS s\u1ed1 3520-72-7"},"content":{"rendered":"<p><strong><b>Thu\u1ed9c t\u00ednh c\u1ee7a con ng\u01b0\u1eddi<\/b><\/strong>: Trong su\u1ed1t m\u1ed9t ph\u1ea7n, \u0110\u1ed9 b\u00f3ng cao, Lo\u1ea1i ph\u1ed5 th\u00f4ng<\/p>\n<p><strong><b>\u1ee8ng d\u1ee5ng:<\/b><\/strong><\/p>\n<ol>\n<li>S\u1eed d\u1ee5ng s\u01a1n: S\u01a1n c\u00f4ng nghi\u1ec7p, S\u01a1n t\u0129nh \u0111i\u1ec7n, S\u01a1n trang tr\u00ed, In d\u1ec7t, S\u01a1n g\u1ed1c n\u01b0\u1edbc.<\/li>\n<li>M\u1ef1c s\u1eed d\u1ee5ng: M\u1ef1c in offset, m\u1ef1c g\u1ed1c n\u01b0\u1edbc, m\u1ef1c g\u1ed1c dung m\u00f4i.<\/li>\n<\/ol>","protected":false},"excerpt":{"rendered":"<p><strong><b>T\u00ean s\u1ea3n ph\u1ea9m<\/b><\/strong><strong><b>: <\/b><\/strong>Cam v\u0129nh c\u1eedu G<\/p>\n<p><strong>Ch\u1ec9 s\u1ed1 m\u00e0u:<\/strong>\u00a0PO13<\/p>\n<p><strong>V\u1ebb b\u1ec1 ngo\u00e0i:<\/strong>\u00a0b\u1ed9t cam<\/p>\n<p><strong>S\u1ed1 CAS<\/strong><strong>:<\/strong>3520-72-7<\/p>\n<p><strong>T\u00ean kh\u00e1c:<\/strong>calcotoneoranger; fastonaorangeg<\/p>","protected":false},"featured_media":7617,"template":"","meta":{"_acf_changed":false,"_gspb_post_css":""},"product_brand":[],"product_cat":[162,163,70],"product_tag":[],"class_list":{"0":"post-7532","1":"product","2":"type-product","3":"status-publish","4":"has-post-thumbnail","6":"product_cat-for-inks","7":"product_cat-for-paints-and-coatings","8":"product_cat-organic-pigment","10":"first","11":"instock","12":"shipping-taxable","13":"product-type-simple"},"acf":[],"_links":{"self":[{"href":"https:\/\/wpachem.com\/vi\/wp-json\/wp\/v2\/product\/7532","targetHints":{"allow":["GET"]}}],"collection":[{"href":"https:\/\/wpachem.com\/vi\/wp-json\/wp\/v2\/product"}],"about":[{"href":"https:\/\/wpachem.com\/vi\/wp-json\/wp\/v2\/types\/product"}],"version-history":[{"count":0,"href":"https:\/\/wpachem.com\/vi\/wp-json\/wp\/v2\/product\/7532\/revisions"}],"wp:featuredmedia":[{"embeddable":true,"href":"https:\/\/wpachem.com\/vi\/wp-json\/wp\/v2\/media\/7617"}],"wp:attachment":[{"href":"https:\/\/wpachem.com\/vi\/wp-json\/wp\/v2\/media?parent=7532"}],"wp:term":[{"taxonomy":"product_brand","embeddable":true,"href":"https:\/\/wpachem.com\/vi\/wp-json\/wp\/v2\/product_brand?post=7532"},{"taxonomy":"product_cat","embeddable":true,"href":"https:\/\/wpachem.com\/vi\/wp-json\/wp\/v2\/product_cat?post=7532"},{"taxonomy":"product_tag","embeddable":true,"href":"https:\/\/wpachem.com\/vi\/wp-json\/wp\/v2\/product_tag?post=7532"}],"curies":[{"name":"wp","href":"https:\/\/api.w.org\/{rel}","templated":true}]}}