{"id":7552,"date":"2024-01-09T08:39:56","date_gmt":"2024-01-09T08:39:56","guid":{"rendered":"https:\/\/wpapigments.com\/?post_type=product&amp;p=5839"},"modified":"2024-01-09T08:39:56","modified_gmt":"2024-01-09T08:39:56","slug":"pigment-green-7-phthalo-green-g-vo-700-in-p-g-7-cas-no-1328-53-6","status":"publish","type":"product","link":"https:\/\/wpachem.com\/vi\/product\/pigment-green-7-phthalo-green-g-vo-700-in-p-g-7-cas-no-1328-53-6\/","title":{"rendered":"S\u1eafc t\u1ed1 xanh 7 (Phthalo Green G (VO-700 IN))\/PG7 CAS s\u1ed1 1328-53-6"},"content":{"rendered":"<p><strong>\u0110\u1eb7c \u0111i\u1ec3m<\/strong><\/p>\n<p><strong><b>Thu\u1ed9c t\u00ednh c\u1ee7a con ng\u01b0\u1eddi<\/b><\/strong>:M\u00e0u v\u00e0ng,\u0110\u1ed9 b\u1ec1n cao,\u0110\u1ed9 b\u00f3ng cao,Lo\u1ea1i ph\u1ed5 th\u00f4ng<\/p>\n<p><strong><b>\u1ee8ng d\u1ee5ng:<\/b><\/strong><\/p>\n<ul>\n<li>M\u1ef1c s\u1eed d\u1ee5ng: M\u1ef1c in offset, M\u1ef1c g\u1ed1c n\u01b0\u1edbc, M\u1ef1c Anh, M\u1ef1c Metal Deco, M\u1ef1c g\u1ed1c dung m\u00f4i.<\/li>\n<\/ul>","protected":false},"excerpt":{"rendered":"<p><strong>M\u00f4 t\u1ea3 ng\u1eafn g\u1ecdn<\/strong><\/p>\n<p><strong><b>T\u00ean s\u1ea3n ph\u1ea9m<\/b><\/strong><strong><b>:<\/b><\/strong>Phthalo Green G (VO-700 IN)<\/p>\n<p><strong>Ch\u1ec9 s\u1ed1 m\u00e0u:<\/strong>\u00a0PY7<\/p>\n<p><strong>V\u1ebb b\u1ec1 ngo\u00e0i:<\/strong>\u00a0b\u1ed9t m\u00e0u xanh l\u00e1 c\u00e2y<\/p>\n<p><strong>S\u1ed1 CAS<\/strong><strong>:<\/strong>1328-53-6<\/p>\n<p><strong>T\u00ean kh\u00e1c:<\/strong><strong>\u00a0<\/strong>s\u1eafc t\u1ed1 xanh 7<\/p>","protected":false},"featured_media":7633,"template":"","meta":{"_acf_changed":false,"_gspb_post_css":""},"product_brand":[],"product_cat":[70,162],"product_tag":[],"class_list":{"0":"post-7552","1":"product","2":"type-product","3":"status-publish","4":"has-post-thumbnail","6":"product_cat-organic-pigment","7":"product_cat-for-inks","9":"first","10":"instock","11":"shipping-taxable","12":"product-type-simple"},"acf":[],"_links":{"self":[{"href":"https:\/\/wpachem.com\/vi\/wp-json\/wp\/v2\/product\/7552","targetHints":{"allow":["GET"]}}],"collection":[{"href":"https:\/\/wpachem.com\/vi\/wp-json\/wp\/v2\/product"}],"about":[{"href":"https:\/\/wpachem.com\/vi\/wp-json\/wp\/v2\/types\/product"}],"version-history":[{"count":0,"href":"https:\/\/wpachem.com\/vi\/wp-json\/wp\/v2\/product\/7552\/revisions"}],"wp:featuredmedia":[{"embeddable":true,"href":"https:\/\/wpachem.com\/vi\/wp-json\/wp\/v2\/media\/7633"}],"wp:attachment":[{"href":"https:\/\/wpachem.com\/vi\/wp-json\/wp\/v2\/media?parent=7552"}],"wp:term":[{"taxonomy":"product_brand","embeddable":true,"href":"https:\/\/wpachem.com\/vi\/wp-json\/wp\/v2\/product_brand?post=7552"},{"taxonomy":"product_cat","embeddable":true,"href":"https:\/\/wpachem.com\/vi\/wp-json\/wp\/v2\/product_cat?post=7552"},{"taxonomy":"product_tag","embeddable":true,"href":"https:\/\/wpachem.com\/vi\/wp-json\/wp\/v2\/product_tag?post=7552"}],"curies":[{"name":"wp","href":"https:\/\/api.w.org\/{rel}","templated":true}]}}