{"id":7555,"date":"2024-01-11T08:45:40","date_gmt":"2024-01-11T08:45:40","guid":{"rendered":"https:\/\/wpapigments.com\/?post_type=product&amp;p=5850"},"modified":"2024-01-11T08:45:40","modified_gmt":"2024-01-11T08:45:40","slug":"pigment-black-28-copper-chrome-black-p-bk-28","status":"publish","type":"product","link":"https:\/\/wpachem.com\/vi\/product\/pigment-black-28-copper-chrome-black-p-bk-28\/","title":{"rendered":"S\u1eafc t\u1ed1 \u0111en 28 \u0110\u1ed3ng Chrome \u0110en P.Bk.28"},"content":{"rendered":"<p><strong>\u0110\u1eb7c tr\u01b0ng:\u00a0<\/strong><\/p>\n<ul>\n<li>\u00a0M\u1eadt \u0111\u1ed9 (g\/CM3): 5,4-8,4<\/li>\n<li>\u00a0\u0110\u1ed9 h\u00fat d\u1ea7u ml\/100g: 25-30<\/li>\n<li>\u00a0Kh\u1ea3 n\u0103ng ch\u1ecbu nhi\u1ec7t: 750<\/li>\n<li>\u00a0\u0110\u1ed9 b\u1ec1n \u00e1nh s\u00e1ng: 8<\/li>\n<li>\u00a0\u0110\u1ed9 kh\u00e1ng axit: 5<\/li>\n<li>\u00a0\u0110\u1ed9 ki\u1ec1m: 5<\/li>\n<\/ul>\n<p><strong>\u1ee8ng d\u1ee5ng:\u00a0<\/strong><\/p>\n<p>B\u1ed9t m\u00e0u \u0111en 28 \u0110\u1ed3ng Crom \u0110en c\u00f3 m\u00e3 CI: P.Bk.28 c\u00f3 th\u1ec3 s\u1eed d\u1ee5ng trong s\u01a1n c\u00f4ng nghi\u1ec7p, s\u01a1n \u00f4 t\u00f4, s\u01a1n x\u00e2y d\u1ef1ng\/c\u00f4ng nghi\u1ec7p, PVC v\u00e0 c\u00e1c lo\u1ea1i nh\u1ef1a kh\u00e1c.<\/p>","protected":false},"excerpt":{"rendered":"<p>T\u00ean s\u1ea3n ph\u1ea9m: Pigment Black 28<\/p>\n<p>T\u00ean kh\u00e1c: \u0110\u1ed3ng Chrome \u0110en<\/p>\n<p>Ngo\u1ea1i h\u00ecnh: B\u1ed9t \u0111en<\/p>\n<p>&nbsp;<\/p>","protected":false},"featured_media":7639,"template":"","meta":{"_acf_changed":false,"_gspb_post_css":""},"product_brand":[],"product_cat":[54],"product_tag":[],"class_list":{"0":"post-7555","1":"product","2":"type-product","3":"status-publish","4":"has-post-thumbnail","6":"product_cat-inorganic-pigments","8":"first","9":"instock","10":"shipping-taxable","11":"product-type-simple"},"acf":[],"_links":{"self":[{"href":"https:\/\/wpachem.com\/vi\/wp-json\/wp\/v2\/product\/7555","targetHints":{"allow":["GET"]}}],"collection":[{"href":"https:\/\/wpachem.com\/vi\/wp-json\/wp\/v2\/product"}],"about":[{"href":"https:\/\/wpachem.com\/vi\/wp-json\/wp\/v2\/types\/product"}],"version-history":[{"count":0,"href":"https:\/\/wpachem.com\/vi\/wp-json\/wp\/v2\/product\/7555\/revisions"}],"wp:featuredmedia":[{"embeddable":true,"href":"https:\/\/wpachem.com\/vi\/wp-json\/wp\/v2\/media\/7639"}],"wp:attachment":[{"href":"https:\/\/wpachem.com\/vi\/wp-json\/wp\/v2\/media?parent=7555"}],"wp:term":[{"taxonomy":"product_brand","embeddable":true,"href":"https:\/\/wpachem.com\/vi\/wp-json\/wp\/v2\/product_brand?post=7555"},{"taxonomy":"product_cat","embeddable":true,"href":"https:\/\/wpachem.com\/vi\/wp-json\/wp\/v2\/product_cat?post=7555"},{"taxonomy":"product_tag","embeddable":true,"href":"https:\/\/wpachem.com\/vi\/wp-json\/wp\/v2\/product_tag?post=7555"}],"curies":[{"name":"wp","href":"https:\/\/api.w.org\/{rel}","templated":true}]}}