{"id":7558,"date":"2024-01-11T09:00:39","date_gmt":"2024-01-11T09:00:39","guid":{"rendered":"https:\/\/wpapigments.com\/?post_type=product&#038;p=5857"},"modified":"2024-06-12T05:31:31","modified_gmt":"2024-06-12T05:31:31","slug":"titanium-dioxide-wr-775-sulfate-process-pvc-profile-using","status":"publish","type":"product","link":"https:\/\/wpachem.com\/vi\/product\/titanium-dioxide-wr-775-sulfate-process-pvc-profile-using\/","title":{"rendered":"Titanium Dioxide WR 775 Sulfate Quy tr\u00ecnh s\u1eed d\u1ee5ng PVC Profile"},"content":{"rendered":"<p><strong>\u0110\u1eb7c tr\u01b0ng:<\/strong><\/p>\n<p>S\u1ea3n ph\u1ea9m \u0111\u01b0\u1ee3c nghi\u1ec1n \u01b0\u1edbt b\u1eb1ng m\u00e1y nghi\u1ec1n nh\u1eadp kh\u1ea9u, ph\u00e2n b\u1ed1 k\u00edch th\u01b0\u1edbc h\u1ea1t t\u1ed1t, b\u1ec1 m\u1eb7t s\u1ea3n ph\u1ea9m \u0111\u01b0\u1ee3c ph\u1ee7 d\u00e0y \u0111\u1eb7c h\u1ee3p ch\u1ea5t v\u00f4 c\u01a1 oxit silic v\u00e0 nh\u00f4m, x\u1eed l\u00fd h\u1eefu c\u01a1.<\/p>\n<p><strong>Ti\u00eau chu\u1ea9n ch\u1ea5t l\u01b0\u1ee3ng<\/strong><strong>\uff1a<\/strong>Q\/320116 NJTB 003-2018<\/p>\n<p>&nbsp;<\/p>\n<p><strong>\u0110\u1eb7c \u0111i\u1ec3m k\u1ef9 thu\u1eadt:<\/strong><\/p>\n<table>\n<tbody>\n<tr>\n<td width=\"398\"><strong>M\u1eb7t h\u00e0ng<\/strong><\/p>\n<p>&nbsp;<\/td>\n<td width=\"202\"><strong>\u0110\u1eb7c \u0111i\u1ec3m k\u1ef9 thu\u1eadt<\/strong><\/p>\n<p>&nbsp;<\/td>\n<td width=\"251\"><strong>Ph\u00e2n t\u00edch \u0111i\u1ec3n h\u00ecnh<\/strong><\/p>\n<p>&nbsp;<\/td>\n<\/tr>\n<tr>\n<td width=\"398\">H\u00e0m l\u01b0\u1ee3ng TiO2 (wt%) t\u1ed1i thi\u1ec3u.<\/td>\n<td width=\"202\">92.0<\/td>\n<td width=\"251\">94.4<\/td>\n<\/tr>\n<tr>\n<td width=\"398\">V\u1eadt ch\u1ea5t d\u1ec5 bay h\u01a1i \u1edf 105\u2103 (wt%) t\u1ed1i \u0111a.<\/td>\n<td width=\"202\">0.5<\/td>\n<td width=\"251\">0.3<\/td>\n<\/tr>\n<tr>\n<td width=\"398\">Ch\u1ea5t h\u00f2a tan trong n\u01b0\u1edbc (wt%) t\u1ed1i \u0111a.<\/td>\n<td width=\"202\">0.3<\/td>\n<td width=\"251\">0.2<\/td>\n<\/tr>\n<tr>\n<td width=\"398\">L\u01b0\u1ee3ng c\u1eb7n c\u00f2n l\u1ea1i tr\u00ean s\u00e0ng (45\u03bcm) (wt%) t\u1ed1i \u0111a.<\/td>\n<td width=\"202\">0.05<\/td>\n<td width=\"251\">0.05<\/td>\n<\/tr>\n<tr>\n<td width=\"398\">pH c\u1ee7a dung d\u1ecbch n\u01b0\u1edbc<\/td>\n<td width=\"202\">6.5-8.5<\/td>\n<td width=\"251\">7.6<\/td>\n<\/tr>\n<tr>\n<td width=\"398\">M\u00e0u s\u1eafc (L*) t\u1ed1i thi\u1ec3u<\/td>\n<td width=\"202\">94.5<\/td>\n<td width=\"251\">95.5<\/td>\n<\/tr>\n<tr>\n<td width=\"398\">C\u00f4ng su\u1ea5t t\u00e1n x\u1ea1 (%) t\u1ed1i thi\u1ec3u.<\/td>\n<td width=\"202\">100<\/td>\n<td width=\"251\">114<\/td>\n<\/tr>\n<tr>\n<td width=\"398\">H\u00e0m l\u01b0\u1ee3ng Rutile(%) t\u1ed1i thi\u1ec3u.<\/td>\n<td width=\"202\">98<\/td>\n<td width=\"251\">99<\/td>\n<\/tr>\n<tr>\n<td width=\"398\">\u0110i\u1ec7n tr\u1edf su\u1ea5t c\u1ee7a d\u1ecbch chi\u1ebft n\u01b0\u1edbc (\u03a9\u00b7m) min.<\/td>\n<td width=\"202\">70<\/td>\n<td width=\"251\">100<\/td>\n<\/tr>\n<tr>\n<td width=\"398\">\u0110\u1ed9 h\u1ea5p th\u1ee5 d\u1ea7u (g\/100g) t\u1ed1i \u0111a.<\/td>\n<td width=\"202\">21<\/td>\n<td width=\"251\">20<\/td>\n<\/tr>\n<\/tbody>\n<\/table>\n<p>&nbsp;<\/p>\n<p><strong>\u1ee8ng d\u1ee5ng:\u00a0<\/strong><\/p>\n<p>\u0110\u01b0\u1ee3c s\u1eed d\u1ee5ng cho \u0111\u01b0\u1eddng \u1ed1ng v\u00e0 thanh PVC.<\/p>\n<p>&nbsp;<\/p>\n<p><strong>B\u01b0u ki\u1ec7n:<\/strong> Bao 25kg, 500kg, 1000kg<\/p>","protected":false},"excerpt":{"rendered":"<p>T\u00ean s\u1ea3n ph\u1ea9m: Titanium Dioxide WR 775 Sulfate Process PVC Profile s\u1eed d\u1ee5ng<b><\/b><\/p>\n<p>S\u1ed1 CAS: 1317-80-2<\/p>\n<p>MF: Tio2<\/p>\n<p>S\u1ed1 EINECS: 215-282-2<\/p>\n<p>Ngo\u1ea1i quan: B\u1ed9t m\u00e0u tr\u1eafng<\/p>","protected":false},"featured_media":2103,"template":"","meta":{"_acf_changed":false,"_gspb_post_css":""},"product_brand":[],"product_cat":[67,164,54,66],"product_tag":[],"class_list":{"0":"post-7558","1":"product","2":"type-product","3":"status-publish","4":"has-post-thumbnail","6":"product_cat-sulfate-process","7":"product_cat-sulfate-process-titanium-dioxide","8":"product_cat-inorganic-pigments","9":"product_cat-titanium-dioxide","11":"first","12":"instock","13":"shipping-taxable","14":"product-type-simple"},"acf":[],"_links":{"self":[{"href":"https:\/\/wpachem.com\/vi\/wp-json\/wp\/v2\/product\/7558","targetHints":{"allow":["GET"]}}],"collection":[{"href":"https:\/\/wpachem.com\/vi\/wp-json\/wp\/v2\/product"}],"about":[{"href":"https:\/\/wpachem.com\/vi\/wp-json\/wp\/v2\/types\/product"}],"version-history":[{"count":0,"href":"https:\/\/wpachem.com\/vi\/wp-json\/wp\/v2\/product\/7558\/revisions"}],"wp:featuredmedia":[{"embeddable":true,"href":"https:\/\/wpachem.com\/vi\/wp-json\/wp\/v2\/media\/2103"}],"wp:attachment":[{"href":"https:\/\/wpachem.com\/vi\/wp-json\/wp\/v2\/media?parent=7558"}],"wp:term":[{"taxonomy":"product_brand","embeddable":true,"href":"https:\/\/wpachem.com\/vi\/wp-json\/wp\/v2\/product_brand?post=7558"},{"taxonomy":"product_cat","embeddable":true,"href":"https:\/\/wpachem.com\/vi\/wp-json\/wp\/v2\/product_cat?post=7558"},{"taxonomy":"product_tag","embeddable":true,"href":"https:\/\/wpachem.com\/vi\/wp-json\/wp\/v2\/product_tag?post=7558"}],"curies":[{"name":"wp","href":"https:\/\/api.w.org\/{rel}","templated":true}]}}