{"id":7560,"date":"2024-01-11T09:22:41","date_gmt":"2024-01-11T09:22:41","guid":{"rendered":"https:\/\/wpapigments.com\/?post_type=product&#038;p=5865"},"modified":"2024-06-12T05:28:17","modified_gmt":"2024-06-12T05:28:17","slug":"titanium-dioxide-wcr-568-chloride-process-masterbatch-using","status":"publish","type":"product","link":"https:\/\/wpachem.com\/vi\/product\/titanium-dioxide-wcr-568-chloride-process-masterbatch-using\/","title":{"rendered":"Titanium Dioxide WCR 568 Chloride Process Masterbatch s\u1eed d\u1ee5ng"},"content":{"rendered":"<p><strong>\u0110\u1eb7c tr\u01b0ng:<\/strong><\/p>\n<p>WCR-568 l\u00e0 b\u1ed9t m\u00e0u titanium dioxide rutil \u0111\u01b0\u1ee3c s\u1ea3n xu\u1ea5t b\u1eb1ng quy tr\u00ecnh clorua ti\u00ean ti\u1ebfn v\u00e0 \u0111\u01b0\u1ee3c x\u1eed l\u00fd b\u1eb1ng c\u00e1c quy tr\u00ecnh v\u00f4 c\u01a1 v\u00e0 h\u1eefu c\u01a1 \u0111\u1eb7c bi\u1ec7t. S\u1ea3n ph\u1ea9m \u0111\u1ea1t \u0111\u01b0\u1ee3c \u0111\u1ed9 che ph\u1ee7 cao, kh\u1ea3 n\u0103ng ph\u00e2n t\u00e1n t\u1ed1t, \u0111\u1ed9 l\u01b0u \u0111\u1ed9ng b\u1ed9t kh\u00f4 tuy\u1ec7t v\u1eddi v\u00e0 hi\u1ec7u su\u1ea5t x\u1eed l\u00fd tuy\u1ec7t v\u1eddi b\u1eb1ng c\u00f4ng ngh\u1ec7 x\u1eed l\u00fd b\u1ec1 m\u1eb7t \u0111\u1eb7c bi\u1ec7t. \u0110\u00e2y l\u00e0 lo\u1ea1i titanium dioxide lo\u1ea1i masterbatch polyolefin \u0111\u1ed9c \u0111\u00e1o.<\/p>\n<p>&nbsp;<\/p>\n<p><strong>\u0110\u1eb7c \u0111i\u1ec3m k\u1ef9 thu\u1eadt:<\/strong><\/p>\n<table>\n<tbody>\n<tr>\n<td width=\"426\">X\u1eed l\u00fd b\u1ec1 m\u1eb7t<\/td>\n<td width=\"426\">Al v\u00e0 ch\u1ea5t h\u1eefu c\u01a1<\/td>\n<\/tr>\n<tr>\n<td width=\"426\">Ti\u00eau chu\u1ea9n ph\u00e2n lo\u1ea1i<\/td>\n<td width=\"426\">1S0591:R2:ASTM D-476-84:\u2161(\u2163)<\/td>\n<\/tr>\n<tr>\n<td width=\"426\">T\u00ednh n\u0103ng<\/td>\n<td width=\"426\">T\u00e0i s\u1ea3n<\/td>\n<\/tr>\n<tr>\n<td width=\"426\">Ph\u1ea7n tr\u0103m kh\u1ed1i l\u01b0\u1ee3ng c\u1ee7a Tio2<\/td>\n<td width=\"426\">\u226596,0<\/td>\n<\/tr>\n<tr>\n<td width=\"426\">T\u1ef7 l\u1ec7 chuy\u1ec3n \u0111\u1ed5i Rutile<\/td>\n<td width=\"426\">\u226599,0<\/td>\n<\/tr>\n<tr>\n<td width=\"426\">\u0110\u1ed9 nh\u1eb9 c\u1ee7a pha d\u1ea7u (L*)<\/td>\n<td width=\"426\">\u226597,0<\/td>\n<\/tr>\n<tr>\n<td width=\"426\">b*<\/td>\n<td width=\"426\">\u22642.0<\/td>\n<\/tr>\n<tr>\n<td width=\"426\">(\u0110\u1ed9 b\u1ec1n m\u00e0u) TCS<\/td>\n<td width=\"426\">\u22651900<\/td>\n<\/tr>\n<tr>\n<td width=\"426\">Th\u1ea5m d\u1ea7u \/g\/100g<\/td>\n<td width=\"426\">\u226416.0<\/td>\n<\/tr>\n<tr>\n<td width=\"426\">gi\u00e1 tr\u1ecb pH<\/td>\n<td width=\"426\">6.5-8.5<\/td>\n<\/tr>\n<tr>\n<td width=\"426\">Ph\u1ea7n tr\u0103m kh\u1ed1i l\u01b0\u1ee3ng ch\u1ea5t d\u1ec5 bay h\u01a1i \u1edf 105\u2103<\/td>\n<td width=\"426\">\u22640,3<\/td>\n<\/tr>\n<tr>\n<td width=\"426\">N\u01b0\u1edbc chi\u1ebft xu\u1ea5t \u0111i\u1ec7n tr\u1edf su\u1ea5t ch\u1ea5t l\u1ecfng\/\u03a9.m<\/td>\n<td width=\"426\">\u2265100<\/td>\n<\/tr>\n<tr>\n<td width=\"426\">M\u00e0u (SCX)<\/td>\n<td width=\"426\">4.0-5.5<\/td>\n<\/tr>\n<tr>\n<td width=\"426\">\u0110\u1ed9 tr\u1eafng th\u1ecb gi\u00e1c<\/td>\n<td width=\"426\">Kh\u00f4ng \u00edt h\u01a1n<\/td>\n<\/tr>\n<tr>\n<td width=\"426\">CIE<\/td>\n<td width=\"426\">\u226590.0<\/td>\n<\/tr>\n<tr>\n<td width=\"426\">Ph\u1ea7n tr\u0103m kh\u1ed1i l\u01b0\u1ee3ng c\u1ee7a s\u00e0ng l\u1ecdc (600 l\u01b0\u1edbi)<\/td>\n<td width=\"426\">\u2264 0,002<\/td>\n<\/tr>\n<\/tbody>\n<\/table>\n<p>&nbsp;<\/p>\n<p><strong><b>T\u00ednh n\u0103ng s\u1ea3n ph\u1ea9m<\/b><\/strong><strong><b>v\u00e0<\/b><\/strong><\/p>\n<ul>\n<li>\u00a0t\u00f4ng m\u00e0u xanh nh\u1ea1t<\/li>\n<li>\u00a0Kh\u1ea3 n\u0103ng che ph\u1ee7 v\u00e0 \u0111\u1ed9 b\u1ec1n m\u00e0u m\u1ea1nh m\u1ebd<\/li>\n<li>\u00a0D\u1ec5 d\u00e0ng ph\u00e2n t\u00e1n gi\u1eefa c\u00e1c polymeride<\/li>\n<li>\u00a0Hi\u1ec7u su\u1ea5t x\u1eed l\u00fd tuy\u1ec7t v\u1eddi<\/li>\n<\/ul>\n<p>&nbsp;<\/p>\n<p><strong><b>\u1ee8ng d\u1ee5ng ch\u00ednh<\/b><\/strong><\/p>\n<ul>\n<li>Nh\u1ef1a k\u1ef9 thu\u1eadt nh\u01b0 PE, PP, ABS<\/li>\n<li>PS v\u00e0 copolymer c\u1ee7a n\u00f3, b\u0103ng gh\u1ebf nh\u1ef1a<\/li>\n<\/ul>\n<p>&nbsp;<\/p>\n<p><strong>B\u01b0u ki\u1ec7n:<\/strong> Bao 25kg, 500kg, 1000kg<\/p>","protected":false},"excerpt":{"rendered":"<p>T\u00ean s\u1ea3n ph\u1ea9m: Titanium Dioxide WCR 568 Chloride Process Masterbatch s\u1eed d\u1ee5ng<\/p>\n<p>S\u1ed1 CAS: 1317-80-2<\/p>\n<p>MF: Tio2<\/p>\n<p>S\u1ed1 EINECS: 215-282-2<\/p>\n<p>Ngo\u1ea1i quan: B\u1ed9t m\u00e0u tr\u1eafng<\/p>","protected":false},"featured_media":2103,"template":"","meta":{"_acf_changed":false,"_gspb_post_css":""},"product_brand":[],"product_cat":[68,165,54,66],"product_tag":[],"class_list":{"0":"post-7560","1":"product","2":"type-product","3":"status-publish","4":"has-post-thumbnail","6":"product_cat-chloride-process","7":"product_cat-chloride-process-titanium-dioxide","8":"product_cat-inorganic-pigments","9":"product_cat-titanium-dioxide","11":"first","12":"instock","13":"shipping-taxable","14":"product-type-simple"},"acf":[],"_links":{"self":[{"href":"https:\/\/wpachem.com\/vi\/wp-json\/wp\/v2\/product\/7560","targetHints":{"allow":["GET"]}}],"collection":[{"href":"https:\/\/wpachem.com\/vi\/wp-json\/wp\/v2\/product"}],"about":[{"href":"https:\/\/wpachem.com\/vi\/wp-json\/wp\/v2\/types\/product"}],"version-history":[{"count":0,"href":"https:\/\/wpachem.com\/vi\/wp-json\/wp\/v2\/product\/7560\/revisions"}],"wp:featuredmedia":[{"embeddable":true,"href":"https:\/\/wpachem.com\/vi\/wp-json\/wp\/v2\/media\/2103"}],"wp:attachment":[{"href":"https:\/\/wpachem.com\/vi\/wp-json\/wp\/v2\/media?parent=7560"}],"wp:term":[{"taxonomy":"product_brand","embeddable":true,"href":"https:\/\/wpachem.com\/vi\/wp-json\/wp\/v2\/product_brand?post=7560"},{"taxonomy":"product_cat","embeddable":true,"href":"https:\/\/wpachem.com\/vi\/wp-json\/wp\/v2\/product_cat?post=7560"},{"taxonomy":"product_tag","embeddable":true,"href":"https:\/\/wpachem.com\/vi\/wp-json\/wp\/v2\/product_tag?post=7560"}],"curies":[{"name":"wp","href":"https:\/\/api.w.org\/{rel}","templated":true}]}}