{"id":7561,"date":"2024-01-11T09:25:32","date_gmt":"2024-01-11T09:25:32","guid":{"rendered":"https:\/\/wpapigments.com\/?post_type=product&#038;p=5867"},"modified":"2024-06-12T05:28:16","modified_gmt":"2024-06-12T05:28:16","slug":"titanium-dioxide-wcr-588-chloride-process-coating-using","status":"publish","type":"product","link":"https:\/\/wpachem.com\/vi\/product\/titanium-dioxide-wcr-588-chloride-process-coating-using\/","title":{"rendered":"Quy tr\u00ecnh ph\u1ee7 l\u1edbp ph\u1ee7 clorua Titanium Dioxide WCR 588 s\u1eed d\u1ee5ng"},"content":{"rendered":"<p><strong>\u0110\u1eb7c tr\u01b0ng:<\/strong><\/p>\n<p>WCR-588 l\u00e0 b\u1ed9t m\u00e0u dioxide \u0111a n\u0103ng \u0111\u01b0\u1ee3c s\u1ea3n xu\u1ea5t theo quy tr\u00ecnh clorua v\u00e0 \u0111\u01b0\u1ee3c x\u1eed l\u00fd b\u1eb1ng ph\u01b0\u01a1ng ph\u00e1p x\u1eed l\u00fd b\u1ec1 m\u1eb7t \u0111\u1eb7c bi\u1ec7t. S\u1ea3n ph\u1ea9m n\u00e0y c\u00f3 ph\u00e2n b\u1ed1 k\u00edch th\u01b0\u1edbc h\u1ea1t t\u1ed1i \u01b0u. S\u1ea3n ph\u1ea9m \u0111\u01b0\u1ee3c thi\u1ebft k\u1ebf \u0111\u1ec3 mang l\u1ea1i hi\u1ec7u su\u1ea5t cao tr\u00ean nhi\u1ec1u \u1ee9ng d\u1ee5ng, bao g\u1ed3m l\u1edbp ph\u1ee7, m\u1ef1c, gi\u1ea5y v\u00e0 nh\u1ef1a. WCR-588 c\u00f3 th\u1ec3 \u0111\u1ed3ng th\u1eddi \u0111\u00e1p \u1ee9ng nhu c\u1ea7u c\u1ee7a kh\u00e1ch h\u00e0ng \u0111\u1ec3 s\u1eed d\u1ee5ng titanium dioxide \u0111a d\u1ea1ng, gi\u00fap gi\u1ea3m hi\u1ec7u qu\u1ea3 chi ph\u00ed t\u1ed3n kho cho kh\u00e1ch h\u00e0ng.<\/p>\n<p>&nbsp;<\/p>\n<p><strong>\u0110\u1eb7c \u0111i\u1ec3m k\u1ef9 thu\u1eadt:<\/strong><\/p>\n<table>\n<tbody>\n<tr>\n<td width=\"426\">X\u1eed l\u00fd b\u1ec1 m\u1eb7t<\/td>\n<td width=\"426\">Al v\u00e0 ch\u1ea5t h\u1eefu c\u01a1<\/td>\n<\/tr>\n<tr>\n<td width=\"426\">Ti\u00eau chu\u1ea9n ph\u00e2n lo\u1ea1i<\/td>\n<td width=\"426\">1S0591:R2:ASTM D-476-84:\u2161(V)\u3011<\/td>\n<\/tr>\n<tr>\n<td width=\"426\">T\u00ednh n\u0103ng<\/td>\n<td width=\"426\">M\u1ee5c l\u1ee5c<\/td>\n<\/tr>\n<tr>\n<td width=\"426\">Ph\u1ea7n tr\u0103m kh\u1ed1i l\u01b0\u1ee3ng c\u1ee7a Tio2<\/td>\n<td width=\"426\">94.0<\/td>\n<\/tr>\n<tr>\n<td width=\"426\">T\u1ef7 l\u1ec7 chuy\u1ec3n \u0111\u1ed5i Rutile<\/td>\n<td width=\"426\">\u226599,0<\/td>\n<\/tr>\n<tr>\n<td width=\"426\">\u0110\u1ed9 nh\u1eb9 c\u1ee7a pha d\u1ea7u<\/td>\n<td width=\"426\">\u226597,0<\/td>\n<\/tr>\n<tr>\n<td width=\"426\">b*<\/td>\n<td width=\"426\">\u22642.0<\/td>\n<\/tr>\n<tr>\n<td width=\"426\">(\u0110\u1ed9 b\u1ec1n m\u00e0u)TCS<\/td>\n<td width=\"426\">\u22651900<\/td>\n<\/tr>\n<tr>\n<td width=\"426\">Th\u1ea5m d\u1ea7u \/g\/100g<\/td>\n<td width=\"426\">\u226418.0<\/td>\n<\/tr>\n<tr>\n<td width=\"426\">gi\u00e1 tr\u1ecb pH<\/td>\n<td width=\"426\">6.0-8.5<\/td>\n<\/tr>\n<tr>\n<td width=\"426\">Ph\u1ea7n tr\u0103m kh\u1ed1i l\u01b0\u1ee3ng ch\u1ea5t d\u1ec5 bay h\u01a1i \u1edf 105\u2103<\/td>\n<td width=\"426\">\u22640,5<\/td>\n<\/tr>\n<tr>\n<td width=\"426\">N\u01b0\u1edbc chi\u1ebft xu\u1ea5t \u0111i\u1ec7n tr\u1edf su\u1ea5t ch\u1ea5t l\u1ecfng\/\u03a9.m<\/td>\n<td width=\"426\">\u2265100<\/td>\n<\/tr>\n<tr>\n<td width=\"426\">Ph\u00e2n t\u00e1n d\u1ea7u<\/td>\n<td width=\"426\">\u22656.0<\/td>\n<\/tr>\n<tr>\n<td width=\"426\">M\u00e0u (SCX)<\/td>\n<td width=\"426\">3.5-5.0<\/td>\n<\/tr>\n<tr>\n<td width=\"426\">\u0110\u1ed9 tr\u1eafng th\u1ecb gi\u00e1c<\/td>\n<td width=\"426\">Kh\u00f4ng \u00edt h\u01a1n<\/td>\n<\/tr>\n<tr>\n<td width=\"426\">CIE<\/td>\n<td width=\"426\">\u2265 90,0<\/td>\n<\/tr>\n<tr>\n<td width=\"426\">Ph\u1ea7n tr\u0103m kh\u1ed1i l\u01b0\u1ee3ng c\u1ee7a s\u00e0ng l\u1ecdc (45 um)<\/td>\n<td width=\"426\">\u2264 0,05<\/td>\n<\/tr>\n<tr>\n<td width=\"426\">S\u1ef1 s\u1ea1ch s\u1ebd<\/td>\n<td width=\"426\">\u2265 \u0110i\u1ec3m B<\/td>\n<\/tr>\n<\/tbody>\n<\/table>\n<p>&nbsp;<\/p>\n<p><strong><b>T\u00ednh n\u0103ng s\u1ea3n ph\u1ea9m<\/b><\/strong><strong><b>v\u00e0<\/b><\/strong><\/p>\n<ul>\n<li>\u00a0t\u00f4ng m\u00e0u xanh nh\u1ea1t<\/li>\n<li>\u00a0\u0110\u1ed9 s\u00e1ng cao<\/li>\n<li>\u0110\u1ed9 b\u1ec1n cao<\/li>\n<li>\u00a0\u0110a ch\u1ee9c n\u0103ng<\/li>\n<\/ul>\n<p><strong><b>\u1ee8ng d\u1ee5ng ch\u00ednh<\/b><\/strong><\/p>\n<ul>\n<li>\u00a0S\u01a1n b\u00f3ng trong nh\u00e0 v\u00e0 ngo\u00e0i tr\u1eddi, s\u01a1n ph\u1ee7 ki\u1ebfn tr\u00fac b\u00e1n b\u00f3ng; S\u01a1n ho\u00e0n thi\u1ec7n OEM \u00f4 t\u00f4, s\u01a1n ph\u1ee7 cu\u1ed9n; S\u01a1n ch\u1ed1ng \u0103n m\u00f2n c\u00f4ng nghi\u1ec7p, s\u01a1n ph\u1ee7 trang tr\u00ed v\u00e0 s\u01a1n ph\u1ee7 b\u1ed9t;<\/li>\n<li>\u00a0In typo, in offset, in l\u00f5m v\u00e0 c\u00e1c \u1ee9ng d\u1ee5ng m\u1ef1c in kh\u00e1c;<\/li>\n<li>\u00a0Nh\u1ef1a k\u1ef9 thu\u1eadt, ch\u1ea5t t\u1ea1o m\u00e0u, h\u1ed3 s\u01a1 v\u00e0 c\u00e1c \u1ee9ng d\u1ee5ng nh\u1ef1a kh\u00e1c<\/li>\n<\/ul>\n<p>&nbsp;<\/p>\n<p><strong>B\u01b0u ki\u1ec7n:<\/strong> Bao 25kg, 500kg, 1000kg<\/p>","protected":false},"excerpt":{"rendered":"<p>T\u00ean s\u1ea3n ph\u1ea9m: L\u1edbp ph\u1ee7 quy tr\u00ecnh clorua Titanium Dioxide WCR 588 s\u1eed d\u1ee5ng<\/p>\n<p>S\u1ed1 CAS: 1317-80-2<\/p>\n<p>MF: Tio2<\/p>\n<p>S\u1ed1 EINECS: 215-282-2<\/p>\n<p>Ngo\u1ea1i quan: B\u1ed9t m\u00e0u tr\u1eafng<\/p>","protected":false},"featured_media":2103,"template":"","meta":{"_acf_changed":false,"_gspb_post_css":""},"product_brand":[],"product_cat":[68,165,54,66],"product_tag":[],"class_list":{"0":"post-7561","1":"product","2":"type-product","3":"status-publish","4":"has-post-thumbnail","6":"product_cat-chloride-process","7":"product_cat-chloride-process-titanium-dioxide","8":"product_cat-inorganic-pigments","9":"product_cat-titanium-dioxide","11":"first","12":"instock","13":"shipping-taxable","14":"product-type-simple"},"acf":[],"_links":{"self":[{"href":"https:\/\/wpachem.com\/vi\/wp-json\/wp\/v2\/product\/7561","targetHints":{"allow":["GET"]}}],"collection":[{"href":"https:\/\/wpachem.com\/vi\/wp-json\/wp\/v2\/product"}],"about":[{"href":"https:\/\/wpachem.com\/vi\/wp-json\/wp\/v2\/types\/product"}],"version-history":[{"count":0,"href":"https:\/\/wpachem.com\/vi\/wp-json\/wp\/v2\/product\/7561\/revisions"}],"wp:featuredmedia":[{"embeddable":true,"href":"https:\/\/wpachem.com\/vi\/wp-json\/wp\/v2\/media\/2103"}],"wp:attachment":[{"href":"https:\/\/wpachem.com\/vi\/wp-json\/wp\/v2\/media?parent=7561"}],"wp:term":[{"taxonomy":"product_brand","embeddable":true,"href":"https:\/\/wpachem.com\/vi\/wp-json\/wp\/v2\/product_brand?post=7561"},{"taxonomy":"product_cat","embeddable":true,"href":"https:\/\/wpachem.com\/vi\/wp-json\/wp\/v2\/product_cat?post=7561"},{"taxonomy":"product_tag","embeddable":true,"href":"https:\/\/wpachem.com\/vi\/wp-json\/wp\/v2\/product_tag?post=7561"}],"curies":[{"name":"wp","href":"https:\/\/api.w.org\/{rel}","templated":true}]}}