{"id":7606,"date":"2024-01-12T06:42:46","date_gmt":"2024-01-12T06:42:46","guid":{"rendered":"https:\/\/wpapigments.com\/?post_type=product&amp;p=6066"},"modified":"2024-01-12T06:42:46","modified_gmt":"2024-01-12T06:42:46","slug":"pigment-brown-24-chrome-antimony-titanium-buff-1024a-p-br-24-cas-no-68186-90-3","status":"publish","type":"product","link":"https:\/\/wpachem.com\/vi\/product\/pigment-brown-24-chrome-antimony-titanium-buff-1024a-p-br-24-cas-no-68186-90-3\/","title":{"rendered":"S\u1eafc t\u1ed1 n\u00e2u 24 (Chrome Antimony Titanium Buff 1024A)\/P.Br.24 CAS s\u1ed1 68186-90-3"},"content":{"rendered":"<p><strong><b>M\u1eb9<\/b><\/strong><strong><b>T\u00f4i<\/b><\/strong><strong><b>n Thu\u1ed9c t\u00ednh<\/b><\/strong>: b\u1ed9t m\u00e0u n\u00e2u<\/p>\n<p><strong><b>\u1ee8ng d\u1ee5ng:<\/b><\/strong><\/p>\n<ul>\n<li>S\u1eed d\u1ee5ng s\u01a1n: S\u01a1n c\u00f4ng nghi\u1ec7p, S\u01a1n \u00f4 t\u00f4, S\u01a1n ph\u1ee7\/v\u1eadt li\u1ec7u x\u00e2y d\u1ef1ng<\/li>\n<li>Nh\u1ef1a s\u1eed d\u1ee5ng: PVC, nh\u1ef1a kh\u00e1c<\/li>\n<\/ul>","protected":false},"excerpt":{"rendered":"<p><strong><b>T\u00ean s\u1ea3n ph\u1ea9m<\/b><\/strong><strong><b>:<\/b><\/strong><strong>\u00a0<\/strong>\u0110\u00e1nh b\u00f3ng Chrome Antimon Titanium 1024A<\/p>\n<p><strong>Ch\u1ec9 s\u1ed1 m\u00e0u:<\/strong>\u00a0P.Br.24<\/p>\n<p><strong>V\u1ebb b\u1ec1 ngo\u00e0i:<\/strong>\u00a0b\u1ed9t m\u00e0u n\u00e2u<\/p>\n<p><strong>S\u1ed1 CAS<\/strong><strong>: <\/strong>68186-90-3<\/p>","protected":false},"featured_media":7668,"template":"","meta":{"_acf_changed":false,"_gspb_post_css":""},"product_brand":[],"product_cat":[54],"product_tag":[],"class_list":{"0":"post-7606","1":"product","2":"type-product","3":"status-publish","4":"has-post-thumbnail","6":"product_cat-inorganic-pigments","8":"first","9":"instock","10":"shipping-taxable","11":"product-type-simple"},"acf":[],"_links":{"self":[{"href":"https:\/\/wpachem.com\/vi\/wp-json\/wp\/v2\/product\/7606","targetHints":{"allow":["GET"]}}],"collection":[{"href":"https:\/\/wpachem.com\/vi\/wp-json\/wp\/v2\/product"}],"about":[{"href":"https:\/\/wpachem.com\/vi\/wp-json\/wp\/v2\/types\/product"}],"version-history":[{"count":0,"href":"https:\/\/wpachem.com\/vi\/wp-json\/wp\/v2\/product\/7606\/revisions"}],"wp:featuredmedia":[{"embeddable":true,"href":"https:\/\/wpachem.com\/vi\/wp-json\/wp\/v2\/media\/7668"}],"wp:attachment":[{"href":"https:\/\/wpachem.com\/vi\/wp-json\/wp\/v2\/media?parent=7606"}],"wp:term":[{"taxonomy":"product_brand","embeddable":true,"href":"https:\/\/wpachem.com\/vi\/wp-json\/wp\/v2\/product_brand?post=7606"},{"taxonomy":"product_cat","embeddable":true,"href":"https:\/\/wpachem.com\/vi\/wp-json\/wp\/v2\/product_cat?post=7606"},{"taxonomy":"product_tag","embeddable":true,"href":"https:\/\/wpachem.com\/vi\/wp-json\/wp\/v2\/product_tag?post=7606"}],"curies":[{"name":"wp","href":"https:\/\/api.w.org\/{rel}","templated":true}]}}