{"id":7826,"date":"2024-04-26T06:11:22","date_gmt":"2024-04-26T06:11:22","guid":{"rendered":"https:\/\/wpachem.com\/?post_type=product&#038;p=7826"},"modified":"2024-04-26T06:30:53","modified_gmt":"2024-04-26T06:30:53","slug":"styrene-13-butadiene-polymer-sbs-cas9003-55-8","status":"publish","type":"product","link":"https:\/\/wpachem.com\/vi\/product\/styrene-13-butadiene-polymer-sbs-cas9003-55-8\/","title":{"rendered":"Styrene, polyme 1,3-butadiene SBS CAS9003-55-8"},"content":{"rendered":"<table id=\"mbox\" class=\"mbox\">\n<tbody>\n<tr>\n<td align=\"right\" width=\"90px\"><span style=\"color: #cccccc;\">MF\uff1a<\/span><\/td>\n<td>C36H42X2<\/td>\n<\/tr>\n<tr>\n<td align=\"right\" width=\"90px\"><span style=\"color: #cccccc;\">C\u00f4ng su\u1ea5t:<\/span><\/td>\n<td>474.72<\/td>\n<\/tr>\n<tr>\n<td align=\"right\" width=\"90px\"><span style=\"color: #cccccc;\">CAS:<\/span><\/td>\n<td>9003-55-8<\/td>\n<\/tr>\n<\/tbody>\n<\/table>\n<table class=\"table table-bordered\">\n<tbody>\n<tr>\n<td>T\u00ednh ch\u1ea5t v\u1eadt l\u00fd v\u00e0 h\u00f3a h\u1ecdc<\/td>\n<td>T\u00ednh ch\u1ea5t h\u00f3a h\u1ecdc bao g\u1ed3m m\u1ee7 cao su l\u1ecfng (nh\u01b0 lo\u1ea1i SBR2000 c\u1ee7a M\u1ef9) v\u00e0 cao su r\u1eafn (nh\u01b0 lo\u1ea1i SBRl028 c\u1ee7a M\u1ef9). M\u00f9i styren, kh\u00f4ng tan ho\u00e0n to\u00e0n trong x\u0103ng, benzen v\u00e0 clorofom. T\u1ef7 tr\u1ecdng t\u01b0\u01a1ng \u0111\u1ed1i l\u00e0 0,9 ~ 0,95 v\u00e0 nhi\u1ec7t \u0111\u1ed9 chuy\u1ec3n th\u1ee7y tinh l\u00e0 -60 \u2103 ~ -75 \u2103. Gi\u00e1 tr\u1ecb pH c\u1ee7a m\u1ee7 cao su 50\/50 l\u00e0 10,0 ~ 11,5 v\u00e0 h\u00e0m l\u01b0\u1ee3ng r\u1eafn l\u00e0 41% ~ 63%. Gi\u00e1 tr\u1ecb pH c\u1ee7a m\u1ee7 cao su 75\/25 l\u00e0 9,5 ~ 11,0 v\u00e0 h\u00e0m l\u01b0\u1ee3ng r\u1eafn l\u00e0 26% ~ 42%.<\/td>\n<\/tr>\n<\/tbody>\n<\/table>\n<p><img fetchpriority=\"high\" decoding=\"async\" class=\"alignnone size-full wp-image-7833\" src=\"https:\/\/wpachem.com\/wp-content\/uploads\/2024\/04\/SBS.jpg\" alt=\"\" width=\"1044\" height=\"552\" srcset=\"https:\/\/wpachem.com\/wp-content\/uploads\/2024\/04\/SBS.jpg 1044w, https:\/\/wpachem.com\/wp-content\/uploads\/2024\/04\/SBS-300x159.jpg 300w, https:\/\/wpachem.com\/wp-content\/uploads\/2024\/04\/SBS-1024x541.jpg 1024w, https:\/\/wpachem.com\/wp-content\/uploads\/2024\/04\/SBS-768x406.jpg 768w, https:\/\/wpachem.com\/wp-content\/uploads\/2024\/04\/SBS-18x10.jpg 18w, https:\/\/wpachem.com\/wp-content\/uploads\/2024\/04\/SBS-600x317.jpg 600w\" sizes=\"(max-width: 1044px) 100vw, 1044px\" \/><\/p>\n<p>&nbsp;<\/p>\n<table class=\"table table-bordered\">\n<tbody>\n<tr>\n<td>T\u1eeb \u0111\u1ed3ng ngh\u0129a<\/td>\n<td>h\u1ed7n h\u1ee3p SBS<br \/>\nLatex butadien-styren<br \/>\nNh\u1ef1a butadien-styren<br \/>\nM\u1ee7 cao su styren-butadien<br \/>\nCao su Styrene Butadiene<br \/>\n\u0110\u1ed3ng tr\u00f9ng h\u1ee3p styren-butadien<br \/>\nCao su styren-butadien 1500<br \/>\nCao su styren-butadien 1712<br \/>\nCao su styren-butadien 1502<br \/>\nM\u1ee7 cao su styren-butadien<br \/>\nStyren, polyme 1,3-butadien<br \/>\nCao su styren-butadien (1503)<br \/>\nCao su styrene-butadiene, d\u1ea7u k\u00e9o d\u00e0i<br \/>\nH\u1ea1t h\u1ed7n h\u1ee3p \u0111\u00e0n h\u1ed3i nhi\u1ec7t d\u1ebbo SBS<br \/>\nBenzen, ethenyl-, polyme v\u1edbi 1,3-butadien<\/td>\n<\/tr>\n<\/tbody>\n<\/table>","protected":false},"excerpt":{"rendered":"<h4>Styren, polyme 1,3-butadien<\/h4>\n<h4>S\u1ed1 hi\u1ec7u: 9003-55-8<\/h4>\n<h4>C\u00f4ng th\u1ee9c ph\u00e2n t\u1eed: C12H14<\/h4>","protected":false},"featured_media":7831,"template":"","meta":{"_acf_changed":false,"_gspb_post_css":""},"product_brand":[],"product_cat":[62],"product_tag":[],"class_list":{"0":"post-7826","1":"product","2":"type-product","3":"status-publish","4":"has-post-thumbnail","6":"product_cat-rubberplastic-ingredients","8":"first","9":"instock","10":"shipping-taxable","11":"product-type-simple"},"acf":[],"_links":{"self":[{"href":"https:\/\/wpachem.com\/vi\/wp-json\/wp\/v2\/product\/7826","targetHints":{"allow":["GET"]}}],"collection":[{"href":"https:\/\/wpachem.com\/vi\/wp-json\/wp\/v2\/product"}],"about":[{"href":"https:\/\/wpachem.com\/vi\/wp-json\/wp\/v2\/types\/product"}],"version-history":[{"count":0,"href":"https:\/\/wpachem.com\/vi\/wp-json\/wp\/v2\/product\/7826\/revisions"}],"wp:featuredmedia":[{"embeddable":true,"href":"https:\/\/wpachem.com\/vi\/wp-json\/wp\/v2\/media\/7831"}],"wp:attachment":[{"href":"https:\/\/wpachem.com\/vi\/wp-json\/wp\/v2\/media?parent=7826"}],"wp:term":[{"taxonomy":"product_brand","embeddable":true,"href":"https:\/\/wpachem.com\/vi\/wp-json\/wp\/v2\/product_brand?post=7826"},{"taxonomy":"product_cat","embeddable":true,"href":"https:\/\/wpachem.com\/vi\/wp-json\/wp\/v2\/product_cat?post=7826"},{"taxonomy":"product_tag","embeddable":true,"href":"https:\/\/wpachem.com\/vi\/wp-json\/wp\/v2\/product_tag?post=7826"}],"curies":[{"name":"wp","href":"https:\/\/api.w.org\/{rel}","templated":true}]}}