{"id":7835,"date":"2024-04-26T06:59:48","date_gmt":"2024-04-26T06:59:48","guid":{"rendered":"https:\/\/wpachem.com\/?post_type=product&#038;p=7835"},"modified":"2024-04-26T08:03:38","modified_gmt":"2024-04-26T08:03:38","slug":"s-adenosyl-l-methionine-disulfate-tosylate-sam-1801e-cas-29908-03-0","status":"publish","type":"product","link":"https:\/\/wpachem.com\/vi\/product\/s-adenosyl-l-methionine-disulfate-tosylate-sam-1801e-cas-29908-03-0\/","title":{"rendered":"S-Adenosyl-L-Methionine Disulfate Tosylate SAM-1801E SAM-1802E SAM-1901H CAS 29908-03-0"},"content":{"rendered":"<p>SAM-1801E<br \/>\nT\u00ednh n\u0103ng: Copolymer kh\u1ed1i xuy\u00ean t\u00e2m Hi\u1ec7u su\u1ea5t nhi\u1ec7t \u0111\u1ed9 th\u1ea5p tuy\u1ec7t v\u1eddi<br \/>\n\u1ee8ng d\u1ee5ng: C\u1ea3i t\u1ea1o nh\u1ef1a \u0111\u01b0\u1eddng C\u1ea3i t\u1ea1o m\u00e0ng ch\u1ed1ng th\u1ea5m<\/p>\n<table class=\"table table-bordered\">\n<tbody>\n<tr>\n<td>T\u1eeb \u0111\u1ed3ng ngh\u0129a<\/td>\n<\/tr>\n<\/tbody>\n<\/table>\n<p>SAM-E ADEMETIONINE adenosylmethionine methioninyladenylate S-Adenosyl-L-methionine p-Toluenesulfonate mu\u1ed1i S-ADENOSYL-L-METHIONINE S-(5-Adenosyl)-L-methionine S-(5\u2032-Adenosyl)-L-methionine ADEMETHIOINEDISULFATETOSYLATE S-Adenosyl-L-Methionine Disulfate Tosylate 5-Deoxyadenosine-5-L-methionine disulfate ditosylate adenosine,5\u2032-((l-3-amino-3-carboxypropyl)methylsulfonio)-5\u2032-deoxy-,hydroxit, (3-amino-3-carboxypropyl){[5-(6-amino-9H-purin-9-yl)-3,4-dihydroxytetrahydrofuran-2-yl]methyl}methylsulfonium (t\u00ean kh\u00f4ng \u0111\u01b0\u1ee3c \u01b0a th\u00edch) 2-amino-4-[{[(2S,3S,4R,5R)-5-(6-amino-9H-purin-9-yl)-3,4-dihydroxytetrahydrofuran-2-yl]methyl}(methyl)sulfonio]butanoate (t\u00ean kh\u00f4ng \u0111\u01b0\u1ee3c \u01b0a th\u00edch) (3-amino-3-carboxypropyl){[(2S,3S,4R,5R)-5-(6-amino-9H-purin-9-yl)-3,4-dihydroxytetrahydrofuran-2-yl]methyl}methylsulfonium (t\u00ean kh\u00f4ng \u0111\u01b0\u1ee3c \u01b0a th\u00edch) (2S)-2-amino-4-[{[(2S,3S,4R,5R)-5-(6-amino-9H-purin-9-yl)-3,4-dihydroxytetrahydrofuran-2-yl]methyl}(methyl)sulfonio]butanoate (t\u00ean kh\u00f4ng \u0111\u01b0\u1ee3c \u01b0a th\u00edch) [(3S)-3-amino-3-carboxypropyl]{[(2S,3S,4R,5R)-5-(6-amino-9H-purin-9-yl)-3,4-dihydroxytetrahydrofuran-2-yl]methyl}methylsulfonium (t\u00ean kh\u00f4ng \u0111\u01b0\u1ee3c \u01b0a th\u00edch)<\/p>","protected":false},"excerpt":{"rendered":"<table id=\"mbox\" class=\"mbox\">\n<tbody>\n<tr>\n<td align=\"right\" width=\"90px\"><span style=\"color: #cccccc;\">MF\uff1a<\/span><\/td>\n<td>C15H22N6O5S<\/td>\n<\/tr>\n<tr>\n<td align=\"right\" width=\"90px\"><span style=\"color: #cccccc;\">C\u00f4ng su\u1ea5t:<\/span><\/td>\n<td>398.44<\/td>\n<\/tr>\n<tr>\n<td align=\"right\" width=\"90px\"><span style=\"color: #cccccc;\">CAS:<\/span><\/td>\n<td>29908-03-0<\/td>\n<\/tr>\n<\/tbody>\n<\/table>","protected":false},"featured_media":7836,"template":"","meta":{"_acf_changed":false,"_gspb_post_css":""},"product_brand":[],"product_cat":[62],"product_tag":[],"class_list":{"0":"post-7835","1":"product","2":"type-product","3":"status-publish","4":"has-post-thumbnail","6":"product_cat-rubberplastic-ingredients","8":"first","9":"instock","10":"shipping-taxable","11":"product-type-simple"},"acf":[],"_links":{"self":[{"href":"https:\/\/wpachem.com\/vi\/wp-json\/wp\/v2\/product\/7835","targetHints":{"allow":["GET"]}}],"collection":[{"href":"https:\/\/wpachem.com\/vi\/wp-json\/wp\/v2\/product"}],"about":[{"href":"https:\/\/wpachem.com\/vi\/wp-json\/wp\/v2\/types\/product"}],"version-history":[{"count":0,"href":"https:\/\/wpachem.com\/vi\/wp-json\/wp\/v2\/product\/7835\/revisions"}],"wp:featuredmedia":[{"embeddable":true,"href":"https:\/\/wpachem.com\/vi\/wp-json\/wp\/v2\/media\/7836"}],"wp:attachment":[{"href":"https:\/\/wpachem.com\/vi\/wp-json\/wp\/v2\/media?parent=7835"}],"wp:term":[{"taxonomy":"product_brand","embeddable":true,"href":"https:\/\/wpachem.com\/vi\/wp-json\/wp\/v2\/product_brand?post=7835"},{"taxonomy":"product_cat","embeddable":true,"href":"https:\/\/wpachem.com\/vi\/wp-json\/wp\/v2\/product_cat?post=7835"},{"taxonomy":"product_tag","embeddable":true,"href":"https:\/\/wpachem.com\/vi\/wp-json\/wp\/v2\/product_tag?post=7835"}],"curies":[{"name":"wp","href":"https:\/\/api.w.org\/{rel}","templated":true}]}}