{"id":7842,"date":"2024-04-26T08:23:22","date_gmt":"2024-04-26T08:23:22","guid":{"rendered":"https:\/\/wpachem.com\/?post_type=product&#038;p=7842"},"modified":"2024-04-26T08:23:23","modified_gmt":"2024-04-26T08:23:23","slug":"tetraphenylethylene-tpe-cas-632-51-9","status":"publish","type":"product","link":"https:\/\/wpachem.com\/vi\/product\/tetraphenylethylene-tpe-cas-632-51-9\/","title":{"rendered":"Tetraphenylethylene TPE CAS 632-51-9"},"content":{"rendered":"<table class=\"table\">\n<tbody>\n<tr>\n<td>\u1ee8ng d\u1ee5ng<\/td>\n<td>trong qu\u00e1 tr\u00ecnh t\u1ed5ng h\u1ee3p gel imine c\u1ed9ng h\u00f3a tr\u1ecb \u0111\u1ed9ng nh\u01b0 m\u1ed9t c\u1ea3m bi\u1ebfn ph\u00e1t quang, 1,1,2, 2-tetra-styrene \u0111\u00e3 \u0111\u01b0\u1ee3c s\u1eed d\u1ee5ng l\u00e0m thu\u1ed1c th\u1eed. C\u00e1c nghi\u00ean c\u1ee9u \u0111\u00e3 ch\u1ec9 ra r\u1eb1ng 1,1,2, 2-tetrastyrene (TPE) c\u00f3 th\u1ec3 \u0111\u01b0\u1ee3c l\u1eafp r\u00e1p th\u00e0nh c\u00e1c h\u1ea1t nano t\u1ef1 ph\u00e1t quang, l\u00e0 m\u1ed9t ph\u1ea7n c\u1ee7a h\u1ec7 th\u1ed1ng ph\u00e2n ph\u1ed1i thu\u1ed1c, h\u1ec7 th\u1ed1ng n\u00e0y cho th\u1ea5y s\u1ef1 ph\u00e1t x\u1ea1 do k\u1ebft t\u1ee5 v\u00e0 c\u00f3 th\u1ec3 d\u1ec5 d\u00e0ng theo d\u00f5i trong t\u1ebf b\u00e0o.<\/td>\n<\/tr>\n<tr>\n<td>\u1ee8ng d\u1ee5ng<\/td>\n<td>tetraphenylethylene l\u00e0 m\u1ed9t h\u1ee3p ch\u1ea5t c\u00f3 th\u1ec3 \u0111\u01b0\u1ee3c s\u1eed d\u1ee5ng trong x\u00e2y d\u1ef1ng c\u0169ng nh\u01b0 trong s\u1ea3n xu\u1ea5t thi\u1ebft b\u1ecb y t\u1ebf, bao b\u00ec v\u00e0 thi\u1ebft b\u1ecb \u0111i\u1ec7n.<\/p>\n<table class=\"table table-bordered\">\n<tbody>\n<tr>\n<td>T\u1eeb \u0111\u1ed3ng ngh\u0129a<\/td>\n<td>TPE<br \/>\nTetraphenylethlen<br \/>\nTetraphenylethylen<br \/>\nTETRAPHENYLETHYLEN<br \/>\nTetraphenylethylene<br \/>\n1,1,2,2-Tetraphenyleten<br \/>\n1,1,2,2-Tetraphenylethylene<br \/>\n1,1,2,2-TETRAPHENYLETHYLEN<br \/>\nalpha,beta-Diphenylstilbene<br \/>\n(1,2,2-Triphenylvinyl)benzen<br \/>\n1,1\u2032,1\u201d,1\u201d&#039;-ethene-1,1,2,2-tetraryltetrabenzen<br \/>\n1,1\u2032,1\u201d,1\u201d&#039;-(1,2-ethenediylidene)tetrakis-benzen<\/td>\n<\/tr>\n<tr>\n<td>CAS<\/td>\n<td>632-51-9<\/td>\n<\/tr>\n<tr>\n<td>EINECS<\/td>\n<td>211-179-1<\/td>\n<\/tr>\n<tr>\n<td>InChI<\/td>\n<td>InChI=1\/C26H20\/c1-5-13-21(14-6-1)25(22-15-7-2-8-16-22)26(23-17-9-3-10-18-23)24-19-11-4-12-20-24\/h1-20H<\/td>\n<\/tr>\n<tr>\n<td>InChIKey<\/td>\n<td>JLZUZNKTTIRERF-UHFFFAOYSA-N<\/td>\n<\/tr>\n<\/tbody>\n<\/table>\n<\/td>\n<\/tr>\n<\/tbody>\n<\/table>","protected":false},"excerpt":{"rendered":"<h4>S\u1ed1 hi\u1ec7u: 632-51-9<\/h4>\n<h4>C\u00f4ng th\u1ee9c ph\u00e2n t\u1eed: C26H20<\/h4>","protected":false},"featured_media":7843,"template":"","meta":{"_acf_changed":false,"_gspb_post_css":""},"product_brand":[],"product_cat":[62],"product_tag":[],"class_list":{"0":"post-7842","1":"product","2":"type-product","3":"status-publish","4":"has-post-thumbnail","6":"product_cat-rubberplastic-ingredients","8":"first","9":"instock","10":"shipping-taxable","11":"product-type-simple"},"acf":[],"_links":{"self":[{"href":"https:\/\/wpachem.com\/vi\/wp-json\/wp\/v2\/product\/7842","targetHints":{"allow":["GET"]}}],"collection":[{"href":"https:\/\/wpachem.com\/vi\/wp-json\/wp\/v2\/product"}],"about":[{"href":"https:\/\/wpachem.com\/vi\/wp-json\/wp\/v2\/types\/product"}],"version-history":[{"count":0,"href":"https:\/\/wpachem.com\/vi\/wp-json\/wp\/v2\/product\/7842\/revisions"}],"wp:featuredmedia":[{"embeddable":true,"href":"https:\/\/wpachem.com\/vi\/wp-json\/wp\/v2\/media\/7843"}],"wp:attachment":[{"href":"https:\/\/wpachem.com\/vi\/wp-json\/wp\/v2\/media?parent=7842"}],"wp:term":[{"taxonomy":"product_brand","embeddable":true,"href":"https:\/\/wpachem.com\/vi\/wp-json\/wp\/v2\/product_brand?post=7842"},{"taxonomy":"product_cat","embeddable":true,"href":"https:\/\/wpachem.com\/vi\/wp-json\/wp\/v2\/product_cat?post=7842"},{"taxonomy":"product_tag","embeddable":true,"href":"https:\/\/wpachem.com\/vi\/wp-json\/wp\/v2\/product_tag?post=7842"}],"curies":[{"name":"wp","href":"https:\/\/api.w.org\/{rel}","templated":true}]}}