{"id":7846,"date":"2024-04-26T08:45:39","date_gmt":"2024-04-26T08:45:39","guid":{"rendered":"https:\/\/wpachem.com\/?post_type=product&#038;p=7846"},"modified":"2024-04-26T08:45:40","modified_gmt":"2024-04-26T08:45:40","slug":"sis-a-synthetic-polymer-material-composed-of-styrene-isoprene-and-styrene-monomers-alternately-arranged-in-a-block-structure","status":"publish","type":"product","link":"https:\/\/wpachem.com\/vi\/product\/sis-a-synthetic-polymer-material-composed-of-styrene-isoprene-and-styrene-monomers-alternately-arranged-in-a-block-structure\/","title":{"rendered":"SIS l\u00e0 v\u1eadt li\u1ec7u polyme t\u1ed5ng h\u1ee3p bao g\u1ed3m c\u00e1c monome styren, isopren v\u00e0 styren \u0111\u01b0\u1ee3c s\u1eafp x\u1ebfp xen k\u1ebd theo c\u1ea5u tr\u00fac kh\u1ed1i."},"content":{"rendered":"<p>T\u1eeb \u0111\u1ed3ng ngh\u0129a<\/p>\n<p>SIS TCP228 RANTES t\u1eeb chu\u1ed9t Cytokine nh\u1ecf c\u00f3 th\u1ec3 g\u00e2y c\u1ea3m \u1ee9ng A5 Protein \u0111\u1eb7c hi\u1ec7u t\u1ebf b\u00e0o T P228 Protein RANTES \u0111\u1eb7c hi\u1ec7u t\u1ebf b\u00e0o T Cao su styrene-isoprene-styrene<\/p>\n<h3 class=\"info\">SIS \u2013\u00a0<strong>T\u00ednh ch\u1ea5t l\u00fd h\u00f3a<\/strong><\/h3>\n<div class=\"portlet-body\">\n<table class=\"table table-bordered\">\n<tbody>\n<tr>\n<td>\u0110i\u1ec1u ki\u1ec7n l\u01b0u tr\u1eef<\/td>\n<td>-20\u00b0C<\/td>\n<\/tr>\n<tr>\n<td>S\u1eed d\u1ee5ng<\/td>\n<td>C\u00f4ng d\u1ee5ng c\u1ee7a keo d\u00e1n ti\u1ebft ki\u1ec7m n\u0103ng l\u01b0\u1ee3ng v\u00e0 kh\u00f4ng g\u00e2y \u00f4 nhi\u1ec5m, ti\u00eau th\u1ee5 n\u0103ng l\u01b0\u1ee3ng th\u1ea5p, keo d\u00e1n nh\u1ea1y \u00e1p su\u1ea5t tan trong nhi\u1ec7t, c\u0169ng \u0111\u01b0\u1ee3c s\u1eed d\u1ee5ng r\u1ed9ng r\u00e3i trong y t\u1ebf, \u0111i\u1ec7n, bao b\u00ec, m\u00e0ng composite v\u00e0 c\u00e1c ng\u00e0nh c\u00f4ng nghi\u1ec7p kh\u00e1c<\/td>\n<\/tr>\n<\/tbody>\n<\/table>\n<\/div>\n<p>&nbsp;<\/p>","protected":false},"excerpt":{"rendered":"<div class=\"portlet-body\">\n<table class=\"table table-bordered\">\n<tbody>\n<tr>\n<td><\/td>\n<\/tr>\n<\/tbody>\n<\/table>\n<\/div>\n<h3>SIS \u2013\u00a0<strong>Gi\u1edbi thi\u1ec7u<\/strong><\/h3>\n<div>SIS(SIS) l\u00e0 v\u1eadt li\u1ec7u polyme t\u1ed5ng h\u1ee3p bao g\u1ed3m c\u00e1c monome styrene, isoprene v\u00e0 styrene \u0111\u01b0\u1ee3c s\u1eafp x\u1ebfp xen k\u1ebd trong c\u1ea5u tr\u00fac kh\u1ed1i. Sau \u0111\u00e2y l\u00e0 m\u1ed9t s\u1ed1 th\u00f4ng tin v\u1ec1 b\u1ea3n ch\u1ea5t, c\u00e1ch s\u1eed d\u1ee5ng, ph\u01b0\u01a1ng ph\u00e1p v\u00e0 t\u00ednh an to\u00e0n c\u1ee7a SIS:<\/p>\n<p>Thi\u00ean nhi\u00ean:<br \/>\n1. \u0110\u1ed9 \u0111\u00e0n h\u1ed3i: SIS c\u00f3 \u0111\u1ed9 \u0111\u00e0n h\u1ed3i v\u00e0 kh\u1ea3 n\u0103ng ph\u1ee5c h\u1ed3i t\u1ed1t, c\u00f3 th\u1ec3 ph\u1ee5c h\u1ed3i h\u00ecnh d\u1ea1ng ban \u0111\u1ea7u sau khi b\u1ecb k\u00e9o c\u0103ng.<br \/>\n2. \u0110\u1ed9 nh\u1edbt: SIS c\u00f3 \u0111\u1ed9 nh\u1edbt cao v\u00e0 c\u00f3 kh\u1ea3 n\u0103ng b\u00e1m d\u00ednh t\u1ed1t.<br \/>\n3. Kh\u1ea3 n\u0103ng ch\u1ecbu l\u1ea1nh: SIS v\u1eabn c\u00f3 th\u1ec3 duy tr\u00ec \u0111\u1ed9 \u0111\u00e0n h\u1ed3i v\u00e0 \u0111\u1ed9 nh\u1edbt t\u1ed1t \u1edf nhi\u1ec7t \u0111\u1ed9 th\u1ea5p.<br \/>\n4. Kh\u1ea3 n\u0103ng kh\u00e1ng h\u00f3a ch\u1ea5t: SIS c\u00f3 kh\u1ea3 n\u0103ng kh\u00e1ng t\u1ed1t m\u1ed9t s\u1ed1 dung m\u00f4i v\u00e0 h\u00f3a ch\u1ea5t th\u00f4ng th\u01b0\u1eddng.<\/p>\n<p>S\u1eed d\u1ee5ng:<br \/>\n1. Ch\u1ea5t k\u1ebft d\u00ednh: SIS \u0111\u01b0\u1ee3c s\u1eed d\u1ee5ng r\u1ed9ng r\u00e3i trong l\u0129nh v\u1ef1c ch\u1ea5t k\u1ebft d\u00ednh \u0111\u1ec3 d\u00e1n gi\u1ea5y, nh\u1ef1a, g\u1ed7 v\u00e0 c\u00e1c v\u1eadt li\u1ec7u kh\u00e1c.<br \/>\n2. V\u1eadt li\u1ec7u m\u00e0ng ni\u00eam phong: SIS c\u00f3 th\u1ec3 \u0111\u01b0\u1ee3c s\u1eed d\u1ee5ng l\u00e0m v\u1eadt li\u1ec7u m\u00e0ng ni\u00eam phong nhi\u1ec7t d\u1ebbo, ch\u1eb3ng h\u1ea1n nh\u01b0 m\u00e0ng ni\u00eam phong cho v\u1eadt li\u1ec7u d\u1eabn \u0111i\u1ec7n.<br \/>\n3. V\u1eadt li\u1ec7u c\u00f3 \u0111\u1ed9 \u0111\u00e0n h\u1ed3i cao: SIS th\u01b0\u1eddng \u0111\u01b0\u1ee3c s\u1eed d\u1ee5ng \u0111\u1ec3 ch\u1ebf t\u1ea1o c\u00e1c v\u1eadt li\u1ec7u \u0111\u00e0n h\u1ed3i v\u00e0 m\u1ec1m nh\u01b0 cao su \u00e2m b\u1ea3n, l\u00f2 xo, gio\u0103ng, v.v.<\/p>\n<p>Ph\u01b0\u01a1ng ph\u00e1p:<br \/>\nQu\u00e1 tr\u00ecnh chu\u1ea9n b\u1ecb SIS th\u01b0\u1eddng \u0111\u01b0\u1ee3c ho\u00e0n th\u00e0nh b\u1eb1ng qu\u00e1 tr\u00ecnh tr\u00f9ng h\u1ee3p. Styrene v\u00e0 isoprene \u0111\u01b0\u1ee3c th\u00eam v\u00e0o b\u00ecnh ph\u1ea3n \u1ee9ng th\u00edch h\u1ee3p theo t\u1ef7 l\u1ec7 nh\u1ea5t \u0111\u1ecbnh, v\u00e0 ch\u1ea5t kh\u1edfi t\u1ea1o tr\u00f9ng h\u1ee3p v\u00e0 c\u00e1c ch\u1ea5t ph\u1ee5 gia kh\u00e1c \u0111\u01b0\u1ee3c th\u00eam v\u00e0o, ph\u1ea3n \u1ee9ng tr\u00f9ng h\u1ee3p \u0111\u01b0\u1ee3c th\u1ef1c hi\u1ec7n trong c\u00e1c \u0111i\u1ec1u ki\u1ec7n ph\u1ea3n \u1ee9ng th\u00edch h\u1ee3p (v\u00ed d\u1ee5: nhi\u1ec7t \u0111\u1ed9, th\u1eddi gian, v.v.) \u0111\u1ec3 thu \u0111\u01b0\u1ee3c SIS.<\/p>\n<p>Th\u00f4ng tin an to\u00e0n:<br \/>\n1. SIS th\u01b0\u1eddng \u1ed5n \u0111\u1ecbnh v\u00e0 an to\u00e0n, nh\u01b0ng c\u1ea7n l\u01b0u \u00fd tr\u00e1nh t\u1ea1o ra ch\u1ea5t d\u1ec5 ch\u00e1y ho\u1eb7c ch\u1ea5t c\u00f3 h\u1ea1i trong qu\u00e1 tr\u00ecnh chu\u1ea9n b\u1ecb v\u00e0 s\u1eed d\u1ee5ng.<br \/>\n2. Khi s\u1eed d\u1ee5ng SIS, n\u00ean \u0111eo g\u0103ng tay v\u00e0 k\u00ednh b\u1ea3o h\u1ed9 th\u00edch h\u1ee3p \u0111\u1ec3 tr\u00e1nh ti\u1ebfp x\u00fac v\u1edbi da v\u00e0 m\u1eaft.<br \/>\n3. Trong tr\u01b0\u1eddng h\u1ee3p v\u00f4 t\u00ecnh h\u00edt ph\u1ea3i ho\u1eb7c nu\u1ed1t ph\u1ea3i SIS, c\u1ea7n ph\u1ea3i \u0111\u01b0a \u0111\u1ebfn n\u01a1i th\u00f4ng tho\u00e1ng c\u00e0ng s\u1edbm c\u00e0ng t\u1ed1t v\u00e0 t\u00ecm ki\u1ebfm s\u1ef1 \u0111i\u1ec1u tr\u1ecb y t\u1ebf.<br \/>\n4. Khi l\u01b0u tr\u1eef v\u00e0 x\u1eed l\u00fd SIS, vui l\u00f2ng tu\u00e2n th\u1ee7 quy t\u1eafc th\u1ef1c h\u00e0nh an to\u00e0n v\u00e0 c\u00e1c quy \u0111\u1ecbnh v\u1ec1 m\u00f4i tr\u01b0\u1eddng c\u00f3 li\u00ean quan.<\/p><\/div>","protected":false},"featured_media":7847,"template":"","meta":{"_acf_changed":false,"_gspb_post_css":""},"product_brand":[],"product_cat":[62],"product_tag":[168],"class_list":{"0":"post-7846","1":"product","2":"type-product","3":"status-publish","4":"has-post-thumbnail","6":"product_cat-rubberplastic-ingredients","7":"product_tag-sealing-film-material","9":"first","10":"instock","11":"shipping-taxable","12":"product-type-simple"},"acf":[],"_links":{"self":[{"href":"https:\/\/wpachem.com\/vi\/wp-json\/wp\/v2\/product\/7846","targetHints":{"allow":["GET"]}}],"collection":[{"href":"https:\/\/wpachem.com\/vi\/wp-json\/wp\/v2\/product"}],"about":[{"href":"https:\/\/wpachem.com\/vi\/wp-json\/wp\/v2\/types\/product"}],"version-history":[{"count":0,"href":"https:\/\/wpachem.com\/vi\/wp-json\/wp\/v2\/product\/7846\/revisions"}],"wp:featuredmedia":[{"embeddable":true,"href":"https:\/\/wpachem.com\/vi\/wp-json\/wp\/v2\/media\/7847"}],"wp:attachment":[{"href":"https:\/\/wpachem.com\/vi\/wp-json\/wp\/v2\/media?parent=7846"}],"wp:term":[{"taxonomy":"product_brand","embeddable":true,"href":"https:\/\/wpachem.com\/vi\/wp-json\/wp\/v2\/product_brand?post=7846"},{"taxonomy":"product_cat","embeddable":true,"href":"https:\/\/wpachem.com\/vi\/wp-json\/wp\/v2\/product_cat?post=7846"},{"taxonomy":"product_tag","embeddable":true,"href":"https:\/\/wpachem.com\/vi\/wp-json\/wp\/v2\/product_tag?post=7846"}],"curies":[{"name":"wp","href":"https:\/\/api.w.org\/{rel}","templated":true}]}}